{"id":235770,"date":"2025-09-11T21:39:31","date_gmt":"2025-09-12T00:39:31","guid":{"rendered":"https:\/\/render.tips\/uncategorized\/sensibilisation-a-la-cybersecurite"},"modified":"2025-09-11T22:43:35","modified_gmt":"2025-09-12T01:43:35","slug":"sensibilisation-a-la-cybersecurite","status":"publish","type":"product","link":"https:\/\/render.tips\/fr\/zones\/information-technology-fr\/sensibilisation-a-la-cybersecurite","title":{"rendered":"Cours Sensibilisation \u00e0 la Cybers\u00e9curit\u00e9"},"content":{"rendered":"<p>Renforcez vos comp\u00e9tences en s\u00e9curit\u00e9 de l&rsquo;information et cybers\u00e9curit\u00e9 avec ce cours, couvrant tout, des fondamentaux et de la gestion des risques \u00e0 la r\u00e9ponse aux incidents et la protection des r\u00e9seaux. Apprenez \u00e0 prot\u00e9ger les donn\u00e9es et les syst\u00e8mes, \u00e0 identifier les vuln\u00e9rabilit\u00e9s et \u00e0 r\u00e9pondre aux menaces num\u00e9riques. Id\u00e9al pour les professionnels de l&rsquo;informatique, les gestionnaires et les d\u00e9butants cherchant une carri\u00e8re prometteuse et l&rsquo;expertise pour prot\u00e9ger le monde num\u00e9rique. Devenez le sp\u00e9cialiste dont le march\u00e9 a besoin.<\/p>\n","protected":false},"excerpt":{"rendered":"<p><span style=\"color: #ff6600\">L&rsquo;avenir est num\u00e9rique. Votre s\u00e9curit\u00e9 l&rsquo;est aussi. Investissez dans la cybers\u00e9curit\u00e9 !<\/span><\/p>\n","protected":false},"featured_media":235758,"comment_status":"open","ping_status":"closed","template":"","meta":[],"product_cat":[1136],"product_tag":[1151,1149,1065,1053,1052,1054,1055,1066,1148,1084,1153],"acf":[],"yoast_head":"<!-- This site is optimized with the Yoast SEO plugin v15.9 - https:\/\/yoast.com\/wordpress\/plugins\/seo\/ -->\n<title>Cours Sensibilisation \u00e0 la Cybers\u00e9curit\u00e9 | Online Courses from Basic to Advanced | RenderTips<\/title>\n<meta name=\"description\" content=\"L&#039;avenir est num\u00e9rique. Votre s\u00e9curit\u00e9 l&#039;est aussi. Investissez dans la cybers\u00e9curit\u00e9 !\" \/>\n<meta name=\"robots\" content=\"index, follow, max-snippet:-1, max-image-preview:large, max-video-preview:-1\" \/>\n<link rel=\"canonical\" href=\"https:\/\/render.tips\/fr\/areas\/information-technology\/sensibilisation-a-la-cybersecurite\" \/>\n<meta property=\"og:locale\" content=\"fr_FR\" \/>\n<meta property=\"og:type\" content=\"article\" \/>\n<meta property=\"og:title\" content=\"Cours Sensibilisation \u00e0 la Cybers\u00e9curit\u00e9 | Online Courses from Basic to Advanced | RenderTips\" \/>\n<meta property=\"og:description\" content=\"L&#039;avenir est num\u00e9rique. Votre s\u00e9curit\u00e9 l&#039;est aussi. Investissez dans la cybers\u00e9curit\u00e9 !\" \/>\n<meta property=\"og:url\" content=\"https:\/\/render.tips\/fr\/areas\/information-technology\/sensibilisation-a-la-cybersecurite\" \/>\n<meta property=\"og:site_name\" content=\"Online Courses from Basic to Advanced | RenderTips\" \/>\n<meta property=\"article:publisher\" content=\"https:\/\/www.facebook.com\/rendertipscourses\/\" \/>\n<meta property=\"article:modified_time\" content=\"2025-09-12T01:43:35+00:00\" \/>\n<meta property=\"og:image\" content=\"https:\/\/static.render.tips\/wp-content\/uploads\/2025\/09\/CYBERSEC-FR_facebook.png\" \/>\n<meta name=\"twitter:card\" content=\"summary_large_image\" \/>\n<meta name=\"twitter:image\" content=\"https:\/\/static.render.tips\/wp-content\/uploads\/2025\/09\/CYBERSEC-FR_facebook.png\" \/>\n<meta name=\"twitter:site\" content=\"@rendertips\" \/>\n<script type=\"application\/ld+json\" class=\"yoast-schema-graph\">{\"@context\":\"https:\/\/schema.org\",\"@graph\":[{\"@type\":\"Organization\",\"@id\":\"https:\/\/render.tips\/#organization\",\"name\":\"Render Tips\",\"url\":\"https:\/\/render.tips\/\",\"sameAs\":[\"https:\/\/www.facebook.com\/rendertipscourses\/\",\"https:\/\/www.instagram.com\/rendertips\/\",\"https:\/\/www.youtube.com\/channel\/UCx_9bcvh0_AQFGXxJ0StKSQ\",\"https:\/\/twitter.com\/rendertips\"],\"logo\":{\"@type\":\"ImageObject\",\"@id\":\"https:\/\/render.tips\/#logo\",\"inLanguage\":\"fr-FR\",\"url\":\"https:\/\/static.render.tips\/wp-content\/uploads\/2019\/08\/logo_1024.png\",\"width\":1024,\"height\":1024,\"caption\":\"Render Tips\"},\"image\":{\"@id\":\"https:\/\/render.tips\/#logo\"}},{\"@type\":\"WebSite\",\"@id\":\"https:\/\/render.tips\/#website\",\"url\":\"https:\/\/render.tips\/\",\"name\":\"Online Courses from Basic to Advanced | RenderTips\",\"description\":\"Technology Online Courses - Solidworks, Autocad, Inventor, 3ds Max and More\",\"publisher\":{\"@id\":\"https:\/\/render.tips\/#organization\"},\"potentialAction\":[{\"@type\":\"SearchAction\",\"target\":\"https:\/\/render.tips\/?s={search_term_string}\",\"query-input\":\"required name=search_term_string\"}],\"inLanguage\":\"fr-FR\"},{\"@type\":\"ImageObject\",\"@id\":\"https:\/\/render.tips\/fr\/areas\/information-technology\/sensibilisation-a-la-cybersecurite#primaryimage\",\"inLanguage\":\"fr-FR\",\"url\":\"https:\/\/static.render.tips\/wp-content\/uploads\/2025\/09\/Curso-sensibilisation-a-la-cybersecurite-CYBERSEC-FR_destaque-20250911213834.jpg\",\"width\":229,\"height\":162},{\"@type\":\"WebPage\",\"@id\":\"https:\/\/render.tips\/fr\/areas\/information-technology\/sensibilisation-a-la-cybersecurite#webpage\",\"url\":\"https:\/\/render.tips\/fr\/areas\/information-technology\/sensibilisation-a-la-cybersecurite\",\"name\":\"Cours Sensibilisation \\u00e0 la Cybers\\u00e9curit\\u00e9 | Online Courses from Basic to Advanced | RenderTips\",\"isPartOf\":{\"@id\":\"https:\/\/render.tips\/#website\"},\"primaryImageOfPage\":{\"@id\":\"https:\/\/render.tips\/fr\/areas\/information-technology\/sensibilisation-a-la-cybersecurite#primaryimage\"},\"datePublished\":\"2025-09-12T00:39:31+00:00\",\"dateModified\":\"2025-09-12T01:43:35+00:00\",\"description\":\"L'avenir est num\\u00e9rique. Votre s\\u00e9curit\\u00e9 l'est aussi. Investissez dans la cybers\\u00e9curit\\u00e9 !\",\"breadcrumb\":{\"@id\":\"https:\/\/render.tips\/fr\/areas\/information-technology\/sensibilisation-a-la-cybersecurite#breadcrumb\"},\"inLanguage\":\"fr-FR\",\"potentialAction\":[{\"@type\":\"ReadAction\",\"target\":[\"https:\/\/render.tips\/fr\/areas\/information-technology\/sensibilisation-a-la-cybersecurite\"]}]},{\"@type\":\"BreadcrumbList\",\"@id\":\"https:\/\/render.tips\/fr\/areas\/information-technology\/sensibilisation-a-la-cybersecurite#breadcrumb\",\"itemListElement\":[{\"@type\":\"ListItem\",\"position\":1,\"item\":{\"@type\":\"WebPage\",\"@id\":\"https:\/\/render.tips\/fr\",\"url\":\"https:\/\/render.tips\/fr\",\"name\":\"Home\"}},{\"@type\":\"ListItem\",\"position\":2,\"item\":{\"@type\":\"WebPage\",\"@id\":\"https:\/\/render.tips\/fr\/shop\",\"url\":\"https:\/\/render.tips\/fr\/shop\",\"name\":\"Shop\"}},{\"@type\":\"ListItem\",\"position\":3,\"item\":{\"@type\":\"WebPage\",\"@id\":\"https:\/\/render.tips\/fr\/areas\/information-technology\/sensibilisation-a-la-cybersecurite\",\"url\":\"https:\/\/render.tips\/fr\/areas\/information-technology\/sensibilisation-a-la-cybersecurite\",\"name\":\"Cours Sensibilisation \\u00e0 la Cybers\\u00e9curit\\u00e9\"}}]}]}<\/script>\n<!-- \/ Yoast SEO plugin. -->","_links":{"self":[{"href":"https:\/\/render.tips\/fr\/wp-json\/wp\/v2\/product\/235770"}],"collection":[{"href":"https:\/\/render.tips\/fr\/wp-json\/wp\/v2\/product"}],"about":[{"href":"https:\/\/render.tips\/fr\/wp-json\/wp\/v2\/types\/product"}],"replies":[{"embeddable":true,"href":"https:\/\/render.tips\/fr\/wp-json\/wp\/v2\/comments?post=235770"}],"wp:featuredmedia":[{"embeddable":true,"href":"https:\/\/render.tips\/fr\/wp-json\/wp\/v2\/media\/235758"}],"wp:attachment":[{"href":"https:\/\/render.tips\/fr\/wp-json\/wp\/v2\/media?parent=235770"}],"wp:term":[{"taxonomy":"product_cat","embeddable":true,"href":"https:\/\/render.tips\/fr\/wp-json\/wp\/v2\/product_cat?post=235770"},{"taxonomy":"product_tag","embeddable":true,"href":"https:\/\/render.tips\/fr\/wp-json\/wp\/v2\/product_tag?post=235770"}],"curies":[{"name":"wp","href":"https:\/\/api.w.org\/{rel}","templated":true}]}}