{"id":235753,"date":"2025-09-11T21:22:13","date_gmt":"2025-09-12T00:22:13","guid":{"rendered":"https:\/\/render.tips\/uncategorized\/prevention-du-harcelement-et-de-la-violence-au-travail"},"modified":"2025-09-11T22:43:26","modified_gmt":"2025-09-12T01:43:26","slug":"prevention-du-harcelement-et-de-la-violence-au-travail","status":"publish","type":"product","link":"https:\/\/render.tips\/fr\/zones\/ressources-humaines\/prevention-du-harcelement-et-de-la-violence-au-travail","title":{"rendered":"Cours Pr\u00e9vention du Harc\u00e8lement et de la Violence au Travail"},"content":{"rendered":"<p>Ce cours en ligne complet couvre des sujets essentiels li\u00e9s au harc\u00e8lement et \u00e0 la violence au travail, fournissant aux apprenants les connaissances et les outils pour reconna\u00eetre, pr\u00e9venir et aborder les comportements inacceptables. Les participants exploreront les politiques, les m\u00e9canismes de signalement et les strat\u00e9gies pour favoriser une culture de travail s\u00fbre et inclusive.<\/p>\n","protected":false},"excerpt":{"rendered":"<p><span style=\"color: #ff6600\">Construisez une culture de respect. Votre r\u00f4le est crucial pour pr\u00e9venir le harc\u00e8lement !<\/span><\/p>\n","protected":false},"featured_media":235740,"comment_status":"open","ping_status":"closed","template":"","meta":[],"product_cat":[1057,1079,1124,1090,1112],"product_tag":[1151,1149,1065,1053,1052,1054,1055,1066,1148,1084,1152,1133],"acf":[],"yoast_head":"<!-- This site is optimized with the Yoast SEO plugin v15.9 - https:\/\/yoast.com\/wordpress\/plugins\/seo\/ -->\n<title>Cours Pr\u00e9vention du Harc\u00e8lement et de la Violence au Travail | Online Courses from Basic to Advanced | RenderTips<\/title>\n<meta name=\"description\" content=\"Construisez une culture de respect. Votre r\u00f4le est crucial pour pr\u00e9venir le harc\u00e8lement !\" \/>\n<meta name=\"robots\" content=\"index, follow, max-snippet:-1, max-image-preview:large, max-video-preview:-1\" \/>\n<link rel=\"canonical\" href=\"https:\/\/render.tips\/fr\/areas\/professional-development\/prevention-du-harcelement-et-de-la-violence-au-travail\" \/>\n<meta property=\"og:locale\" content=\"fr_FR\" \/>\n<meta property=\"og:type\" content=\"article\" \/>\n<meta property=\"og:title\" content=\"Cours Pr\u00e9vention du Harc\u00e8lement et de la Violence au Travail | Online Courses from Basic to Advanced | RenderTips\" \/>\n<meta property=\"og:description\" content=\"Construisez une culture de respect. Votre r\u00f4le est crucial pour pr\u00e9venir le harc\u00e8lement !\" \/>\n<meta property=\"og:url\" content=\"https:\/\/render.tips\/fr\/areas\/professional-development\/prevention-du-harcelement-et-de-la-violence-au-travail\" \/>\n<meta property=\"og:site_name\" content=\"Online Courses from Basic to Advanced | RenderTips\" \/>\n<meta property=\"article:publisher\" content=\"https:\/\/www.facebook.com\/rendertipscourses\/\" \/>\n<meta property=\"article:modified_time\" content=\"2025-09-12T01:43:26+00:00\" \/>\n<meta property=\"og:image\" content=\"https:\/\/static.render.tips\/wp-content\/uploads\/2025\/09\/PREV-HARCE-VIOL-FR_facebook.png\" \/>\n<meta name=\"twitter:card\" content=\"summary_large_image\" \/>\n<meta name=\"twitter:image\" content=\"https:\/\/static.render.tips\/wp-content\/uploads\/2025\/09\/PREV-HARCE-VIOL-FR_facebook.png\" \/>\n<meta name=\"twitter:site\" content=\"@rendertips\" \/>\n<script type=\"application\/ld+json\" class=\"yoast-schema-graph\">{\"@context\":\"https:\/\/schema.org\",\"@graph\":[{\"@type\":\"Organization\",\"@id\":\"https:\/\/render.tips\/#organization\",\"name\":\"Render Tips\",\"url\":\"https:\/\/render.tips\/\",\"sameAs\":[\"https:\/\/www.facebook.com\/rendertipscourses\/\",\"https:\/\/www.instagram.com\/rendertips\/\",\"https:\/\/www.youtube.com\/channel\/UCx_9bcvh0_AQFGXxJ0StKSQ\",\"https:\/\/twitter.com\/rendertips\"],\"logo\":{\"@type\":\"ImageObject\",\"@id\":\"https:\/\/render.tips\/#logo\",\"inLanguage\":\"fr-FR\",\"url\":\"https:\/\/static.render.tips\/wp-content\/uploads\/2019\/08\/logo_1024.png\",\"width\":1024,\"height\":1024,\"caption\":\"Render Tips\"},\"image\":{\"@id\":\"https:\/\/render.tips\/#logo\"}},{\"@type\":\"WebSite\",\"@id\":\"https:\/\/render.tips\/#website\",\"url\":\"https:\/\/render.tips\/\",\"name\":\"Online Courses from Basic to Advanced | RenderTips\",\"description\":\"Technology Online Courses - Solidworks, Autocad, Inventor, 3ds Max and More\",\"publisher\":{\"@id\":\"https:\/\/render.tips\/#organization\"},\"potentialAction\":[{\"@type\":\"SearchAction\",\"target\":\"https:\/\/render.tips\/?s={search_term_string}\",\"query-input\":\"required name=search_term_string\"}],\"inLanguage\":\"fr-FR\"},{\"@type\":\"ImageObject\",\"@id\":\"https:\/\/render.tips\/fr\/areas\/professional-development\/prevention-du-harcelement-et-de-la-violence-au-travail#primaryimage\",\"inLanguage\":\"fr-FR\",\"url\":\"https:\/\/static.render.tips\/wp-content\/uploads\/2025\/09\/Curso-prevention-du-harcelement-et-de-la-violence-au-travail-PREV-HARCE-VIOL-FR_destaque-20250911212120.jpg\",\"width\":229,\"height\":162},{\"@type\":\"WebPage\",\"@id\":\"https:\/\/render.tips\/fr\/areas\/professional-development\/prevention-du-harcelement-et-de-la-violence-au-travail#webpage\",\"url\":\"https:\/\/render.tips\/fr\/areas\/professional-development\/prevention-du-harcelement-et-de-la-violence-au-travail\",\"name\":\"Cours Pr\\u00e9vention du Harc\\u00e8lement et de la Violence au Travail | Online Courses from Basic to Advanced | RenderTips\",\"isPartOf\":{\"@id\":\"https:\/\/render.tips\/#website\"},\"primaryImageOfPage\":{\"@id\":\"https:\/\/render.tips\/fr\/areas\/professional-development\/prevention-du-harcelement-et-de-la-violence-au-travail#primaryimage\"},\"datePublished\":\"2025-09-12T00:22:13+00:00\",\"dateModified\":\"2025-09-12T01:43:26+00:00\",\"description\":\"Construisez une culture de respect. Votre r\\u00f4le est crucial pour pr\\u00e9venir le harc\\u00e8lement !\",\"breadcrumb\":{\"@id\":\"https:\/\/render.tips\/fr\/areas\/professional-development\/prevention-du-harcelement-et-de-la-violence-au-travail#breadcrumb\"},\"inLanguage\":\"fr-FR\",\"potentialAction\":[{\"@type\":\"ReadAction\",\"target\":[\"https:\/\/render.tips\/fr\/areas\/professional-development\/prevention-du-harcelement-et-de-la-violence-au-travail\"]}]},{\"@type\":\"BreadcrumbList\",\"@id\":\"https:\/\/render.tips\/fr\/areas\/professional-development\/prevention-du-harcelement-et-de-la-violence-au-travail#breadcrumb\",\"itemListElement\":[{\"@type\":\"ListItem\",\"position\":1,\"item\":{\"@type\":\"WebPage\",\"@id\":\"https:\/\/render.tips\/fr\",\"url\":\"https:\/\/render.tips\/fr\",\"name\":\"Home\"}},{\"@type\":\"ListItem\",\"position\":2,\"item\":{\"@type\":\"WebPage\",\"@id\":\"https:\/\/render.tips\/fr\/shop\",\"url\":\"https:\/\/render.tips\/fr\/shop\",\"name\":\"Shop\"}},{\"@type\":\"ListItem\",\"position\":3,\"item\":{\"@type\":\"WebPage\",\"@id\":\"https:\/\/render.tips\/fr\/areas\/professional-development\/prevention-du-harcelement-et-de-la-violence-au-travail\",\"url\":\"https:\/\/render.tips\/fr\/areas\/professional-development\/prevention-du-harcelement-et-de-la-violence-au-travail\",\"name\":\"Cours Pr\\u00e9vention du Harc\\u00e8lement et de la Violence au Travail\"}}]}]}<\/script>\n<!-- \/ Yoast SEO plugin. -->","_links":{"self":[{"href":"https:\/\/render.tips\/fr\/wp-json\/wp\/v2\/product\/235753"}],"collection":[{"href":"https:\/\/render.tips\/fr\/wp-json\/wp\/v2\/product"}],"about":[{"href":"https:\/\/render.tips\/fr\/wp-json\/wp\/v2\/types\/product"}],"replies":[{"embeddable":true,"href":"https:\/\/render.tips\/fr\/wp-json\/wp\/v2\/comments?post=235753"}],"wp:featuredmedia":[{"embeddable":true,"href":"https:\/\/render.tips\/fr\/wp-json\/wp\/v2\/media\/235740"}],"wp:attachment":[{"href":"https:\/\/render.tips\/fr\/wp-json\/wp\/v2\/media?parent=235753"}],"wp:term":[{"taxonomy":"product_cat","embeddable":true,"href":"https:\/\/render.tips\/fr\/wp-json\/wp\/v2\/product_cat?post=235753"},{"taxonomy":"product_tag","embeddable":true,"href":"https:\/\/render.tips\/fr\/wp-json\/wp\/v2\/product_tag?post=235753"}],"curies":[{"name":"wp","href":"https:\/\/api.w.org\/{rel}","templated":true}]}}