{"id":235735,"date":"2025-09-11T20:49:19","date_gmt":"2025-09-11T23:49:19","guid":{"rendered":"https:\/\/render.tips\/uncategorized\/excellence-du-service-a-la-clientele"},"modified":"2025-09-11T22:42:44","modified_gmt":"2025-09-12T01:42:44","slug":"excellence-du-service-a-la-clientele","status":"publish","type":"product","link":"https:\/\/render.tips\/fr\/zones\/customer-service-fr\/excellence-du-service-a-la-clientele","title":{"rendered":"Cours Excellence du Service \u00e0 la Client\u00e8le"},"content":{"rendered":"<p>Ce cours est con\u00e7u pour doter les apprenants des comp\u00e9tences essentielles en mati\u00e8re de service client n\u00e9cessaires au succ\u00e8s dans le march\u00e9 concurrentiel d&rsquo;aujourd&rsquo;hui. \u00c0 travers une s\u00e9rie de modules engageants, les participants exploreront les principes fondamentaux d&rsquo;un excellent service, d\u00e9couvriront le pouvoir de l&#8217;empathie dans les interactions avec les clients et acquerront des strat\u00e9gies efficaces de r\u00e9solution de probl\u00e8mes. \u00c0 la fin du cours, les apprenants seront en mesure d&rsquo;appliquer ces principes pour am\u00e9liorer les relations avec les clients et favoriser la fid\u00e9lit\u00e9 \u00e0 la marque.<\/p>\n","protected":false},"excerpt":{"rendered":"<p><span style=\"color: #ff6600\">L&rsquo;excellence du service commence avec vous. Transformez votre service et fid\u00e9lisez vos clients !<\/span><\/p>\n","protected":false},"featured_media":235722,"comment_status":"open","ping_status":"closed","template":"","meta":[],"product_cat":[1057,1115,1079,1124,1090,1121,1112],"product_tag":[1151,1149,1065,1053,1052,1054,1055,1066,1148,1084,1118,1117],"acf":[],"yoast_head":"<!-- This site is optimized with the Yoast SEO plugin v15.9 - https:\/\/yoast.com\/wordpress\/plugins\/seo\/ -->\n<title>Cours Excellence du Service \u00e0 la Client\u00e8le | Online Courses from Basic to Advanced | RenderTips<\/title>\n<meta name=\"description\" content=\"L&#039;excellence du service commence avec vous. Transformez votre service et fid\u00e9lisez vos clients !\" \/>\n<meta name=\"robots\" content=\"index, follow, max-snippet:-1, max-image-preview:large, max-video-preview:-1\" \/>\n<link rel=\"canonical\" href=\"https:\/\/render.tips\/fr\/areas\/customer-service\/excellence-du-service-a-la-clientele\" \/>\n<meta property=\"og:locale\" content=\"fr_FR\" \/>\n<meta property=\"og:type\" content=\"article\" \/>\n<meta property=\"og:title\" content=\"Cours Excellence du Service \u00e0 la Client\u00e8le | Online Courses from Basic to Advanced | RenderTips\" \/>\n<meta property=\"og:description\" content=\"L&#039;excellence du service commence avec vous. Transformez votre service et fid\u00e9lisez vos clients !\" \/>\n<meta property=\"og:url\" content=\"https:\/\/render.tips\/fr\/areas\/customer-service\/excellence-du-service-a-la-clientele\" \/>\n<meta property=\"og:site_name\" content=\"Online Courses from Basic to Advanced | RenderTips\" \/>\n<meta property=\"article:publisher\" content=\"https:\/\/www.facebook.com\/rendertipscourses\/\" \/>\n<meta property=\"article:modified_time\" content=\"2025-09-12T01:42:44+00:00\" \/>\n<meta property=\"og:image\" content=\"https:\/\/static.render.tips\/wp-content\/uploads\/2025\/09\/EXC-SERV-CLI-FR_facebook.png\" \/>\n<meta name=\"twitter:card\" content=\"summary_large_image\" \/>\n<meta name=\"twitter:image\" content=\"https:\/\/static.render.tips\/wp-content\/uploads\/2025\/09\/EXC-SERV-CLI-FR_facebook.png\" \/>\n<meta name=\"twitter:site\" content=\"@rendertips\" \/>\n<script type=\"application\/ld+json\" class=\"yoast-schema-graph\">{\"@context\":\"https:\/\/schema.org\",\"@graph\":[{\"@type\":\"Organization\",\"@id\":\"https:\/\/render.tips\/#organization\",\"name\":\"Render Tips\",\"url\":\"https:\/\/render.tips\/\",\"sameAs\":[\"https:\/\/www.facebook.com\/rendertipscourses\/\",\"https:\/\/www.instagram.com\/rendertips\/\",\"https:\/\/www.youtube.com\/channel\/UCx_9bcvh0_AQFGXxJ0StKSQ\",\"https:\/\/twitter.com\/rendertips\"],\"logo\":{\"@type\":\"ImageObject\",\"@id\":\"https:\/\/render.tips\/#logo\",\"inLanguage\":\"fr-FR\",\"url\":\"https:\/\/static.render.tips\/wp-content\/uploads\/2019\/08\/logo_1024.png\",\"width\":1024,\"height\":1024,\"caption\":\"Render Tips\"},\"image\":{\"@id\":\"https:\/\/render.tips\/#logo\"}},{\"@type\":\"WebSite\",\"@id\":\"https:\/\/render.tips\/#website\",\"url\":\"https:\/\/render.tips\/\",\"name\":\"Online Courses from Basic to Advanced | RenderTips\",\"description\":\"Technology Online Courses - Solidworks, Autocad, Inventor, 3ds Max and More\",\"publisher\":{\"@id\":\"https:\/\/render.tips\/#organization\"},\"potentialAction\":[{\"@type\":\"SearchAction\",\"target\":\"https:\/\/render.tips\/?s={search_term_string}\",\"query-input\":\"required name=search_term_string\"}],\"inLanguage\":\"fr-FR\"},{\"@type\":\"ImageObject\",\"@id\":\"https:\/\/render.tips\/fr\/areas\/customer-service\/excellence-du-service-a-la-clientele#primaryimage\",\"inLanguage\":\"fr-FR\",\"url\":\"https:\/\/static.render.tips\/wp-content\/uploads\/2025\/09\/Curso-excellence-du-service-a-la-clientele-EXC-SERV-CLI-FR_destaque-20250911204744.jpg\",\"width\":229,\"height\":162},{\"@type\":\"WebPage\",\"@id\":\"https:\/\/render.tips\/fr\/areas\/customer-service\/excellence-du-service-a-la-clientele#webpage\",\"url\":\"https:\/\/render.tips\/fr\/areas\/customer-service\/excellence-du-service-a-la-clientele\",\"name\":\"Cours Excellence du Service \\u00e0 la Client\\u00e8le | Online Courses from Basic to Advanced | RenderTips\",\"isPartOf\":{\"@id\":\"https:\/\/render.tips\/#website\"},\"primaryImageOfPage\":{\"@id\":\"https:\/\/render.tips\/fr\/areas\/customer-service\/excellence-du-service-a-la-clientele#primaryimage\"},\"datePublished\":\"2025-09-11T23:49:19+00:00\",\"dateModified\":\"2025-09-12T01:42:44+00:00\",\"description\":\"L'excellence du service commence avec vous. Transformez votre service et fid\\u00e9lisez vos clients !\",\"breadcrumb\":{\"@id\":\"https:\/\/render.tips\/fr\/areas\/customer-service\/excellence-du-service-a-la-clientele#breadcrumb\"},\"inLanguage\":\"fr-FR\",\"potentialAction\":[{\"@type\":\"ReadAction\",\"target\":[\"https:\/\/render.tips\/fr\/areas\/customer-service\/excellence-du-service-a-la-clientele\"]}]},{\"@type\":\"BreadcrumbList\",\"@id\":\"https:\/\/render.tips\/fr\/areas\/customer-service\/excellence-du-service-a-la-clientele#breadcrumb\",\"itemListElement\":[{\"@type\":\"ListItem\",\"position\":1,\"item\":{\"@type\":\"WebPage\",\"@id\":\"https:\/\/render.tips\/fr\",\"url\":\"https:\/\/render.tips\/fr\",\"name\":\"Home\"}},{\"@type\":\"ListItem\",\"position\":2,\"item\":{\"@type\":\"WebPage\",\"@id\":\"https:\/\/render.tips\/fr\/shop\",\"url\":\"https:\/\/render.tips\/fr\/shop\",\"name\":\"Shop\"}},{\"@type\":\"ListItem\",\"position\":3,\"item\":{\"@type\":\"WebPage\",\"@id\":\"https:\/\/render.tips\/fr\/areas\/customer-service\/excellence-du-service-a-la-clientele\",\"url\":\"https:\/\/render.tips\/fr\/areas\/customer-service\/excellence-du-service-a-la-clientele\",\"name\":\"Cours Excellence du Service \\u00e0 la Client\\u00e8le\"}}]}]}<\/script>\n<!-- \/ Yoast SEO plugin. -->","_links":{"self":[{"href":"https:\/\/render.tips\/fr\/wp-json\/wp\/v2\/product\/235735"}],"collection":[{"href":"https:\/\/render.tips\/fr\/wp-json\/wp\/v2\/product"}],"about":[{"href":"https:\/\/render.tips\/fr\/wp-json\/wp\/v2\/types\/product"}],"replies":[{"embeddable":true,"href":"https:\/\/render.tips\/fr\/wp-json\/wp\/v2\/comments?post=235735"}],"wp:featuredmedia":[{"embeddable":true,"href":"https:\/\/render.tips\/fr\/wp-json\/wp\/v2\/media\/235722"}],"wp:attachment":[{"href":"https:\/\/render.tips\/fr\/wp-json\/wp\/v2\/media?parent=235735"}],"wp:term":[{"taxonomy":"product_cat","embeddable":true,"href":"https:\/\/render.tips\/fr\/wp-json\/wp\/v2\/product_cat?post=235735"},{"taxonomy":"product_tag","embeddable":true,"href":"https:\/\/render.tips\/fr\/wp-json\/wp\/v2\/product_tag?post=235735"}],"curies":[{"name":"wp","href":"https:\/\/api.w.org\/{rel}","templated":true}]}}