{"id":235717,"date":"2025-09-11T18:11:14","date_gmt":"2025-09-11T21:11:14","guid":{"rendered":"https:\/\/render.tips\/uncategorized\/diversite-equite-et-inclusion-dei"},"modified":"2025-09-11T22:42:29","modified_gmt":"2025-09-12T01:42:29","slug":"diversite-equite-et-inclusion-dei","status":"publish","type":"product","link":"https:\/\/render.tips\/fr\/zones\/ressources-humaines\/diversite-equite-et-inclusion-dei","title":{"rendered":"Cours Diversit\u00e9, \u00c9quit\u00e9 et Inclusion (DEI)"},"content":{"rendered":"<p>Le cours sur la Diversit\u00e9, l&rsquo;\u00c9quit\u00e9 et l&rsquo;Inclusion (DEI) est con\u00e7u pour doter les individus des connaissances et des comp\u00e9tences n\u00e9cessaires pour cr\u00e9er des environnements de travail inclusifs. \u00c0 travers des le\u00e7ons interactives, des \u00e9tudes de cas et des outils pratiques, les participants comprendront l&rsquo;importance du DEI, reconna\u00eetront leurs propres pr\u00e9jug\u00e9s et apprendront comment favoriser une culture d&rsquo;appartenance qui stimule l&rsquo;innovation et am\u00e9liore la performance organisationnelle.<\/p>\n","protected":false},"excerpt":{"rendered":"<p><span style=\"color: #ff6600\">Construisez une culture o\u00f9 chacun se sent valoris\u00e9 !<\/span><\/p>\n","protected":false},"featured_media":235705,"comment_status":"open","ping_status":"closed","template":"","meta":[],"product_cat":[1057,1079,1090],"product_tag":[1151,1149,1065,1053,1052,1054,1055,1066,1148,1084,1106],"acf":[],"yoast_head":"<!-- This site is optimized with the Yoast SEO plugin v15.9 - https:\/\/yoast.com\/wordpress\/plugins\/seo\/ -->\n<title>Cours Diversit\u00e9, \u00c9quit\u00e9 et Inclusion (DEI) | Online Courses from Basic to Advanced | RenderTips<\/title>\n<meta name=\"description\" content=\"Construisez une culture o\u00f9 chacun se sent valoris\u00e9 !\" \/>\n<meta name=\"robots\" content=\"index, follow, max-snippet:-1, max-image-preview:large, max-video-preview:-1\" \/>\n<link rel=\"canonical\" href=\"https:\/\/render.tips\/fr\/areas\/human-resources\/diversite-equite-et-inclusion-dei\" \/>\n<meta property=\"og:locale\" content=\"fr_FR\" \/>\n<meta property=\"og:type\" content=\"article\" \/>\n<meta property=\"og:title\" content=\"Cours Diversit\u00e9, \u00c9quit\u00e9 et Inclusion (DEI) | Online Courses from Basic to Advanced | RenderTips\" \/>\n<meta property=\"og:description\" content=\"Construisez une culture o\u00f9 chacun se sent valoris\u00e9 !\" \/>\n<meta property=\"og:url\" content=\"https:\/\/render.tips\/fr\/areas\/human-resources\/diversite-equite-et-inclusion-dei\" \/>\n<meta property=\"og:site_name\" content=\"Online Courses from Basic to Advanced | RenderTips\" \/>\n<meta property=\"article:publisher\" content=\"https:\/\/www.facebook.com\/rendertipscourses\/\" \/>\n<meta property=\"article:modified_time\" content=\"2025-09-12T01:42:29+00:00\" \/>\n<meta property=\"og:image\" content=\"https:\/\/static.render.tips\/wp-content\/uploads\/2025\/09\/DIVERSITE-EI-DEI-FR_facebook.png\" \/>\n<meta name=\"twitter:card\" content=\"summary_large_image\" \/>\n<meta name=\"twitter:image\" content=\"https:\/\/static.render.tips\/wp-content\/uploads\/2025\/09\/DIVERSITE-EI-DEI-FR_facebook.png\" \/>\n<meta name=\"twitter:site\" content=\"@rendertips\" \/>\n<script type=\"application\/ld+json\" class=\"yoast-schema-graph\">{\"@context\":\"https:\/\/schema.org\",\"@graph\":[{\"@type\":\"Organization\",\"@id\":\"https:\/\/render.tips\/#organization\",\"name\":\"Render Tips\",\"url\":\"https:\/\/render.tips\/\",\"sameAs\":[\"https:\/\/www.facebook.com\/rendertipscourses\/\",\"https:\/\/www.instagram.com\/rendertips\/\",\"https:\/\/www.youtube.com\/channel\/UCx_9bcvh0_AQFGXxJ0StKSQ\",\"https:\/\/twitter.com\/rendertips\"],\"logo\":{\"@type\":\"ImageObject\",\"@id\":\"https:\/\/render.tips\/#logo\",\"inLanguage\":\"fr-FR\",\"url\":\"https:\/\/static.render.tips\/wp-content\/uploads\/2019\/08\/logo_1024.png\",\"width\":1024,\"height\":1024,\"caption\":\"Render Tips\"},\"image\":{\"@id\":\"https:\/\/render.tips\/#logo\"}},{\"@type\":\"WebSite\",\"@id\":\"https:\/\/render.tips\/#website\",\"url\":\"https:\/\/render.tips\/\",\"name\":\"Online Courses from Basic to Advanced | RenderTips\",\"description\":\"Technology Online Courses - Solidworks, Autocad, Inventor, 3ds Max and More\",\"publisher\":{\"@id\":\"https:\/\/render.tips\/#organization\"},\"potentialAction\":[{\"@type\":\"SearchAction\",\"target\":\"https:\/\/render.tips\/?s={search_term_string}\",\"query-input\":\"required name=search_term_string\"}],\"inLanguage\":\"fr-FR\"},{\"@type\":\"ImageObject\",\"@id\":\"https:\/\/render.tips\/fr\/areas\/human-resources\/diversite-equite-et-inclusion-dei#primaryimage\",\"inLanguage\":\"fr-FR\",\"url\":\"https:\/\/static.render.tips\/wp-content\/uploads\/2025\/09\/Curso-diversite-equite-et-inclusion-dei-DIVERSITE-EI-DEI-FR_destaque-20250911181022.jpg\",\"width\":229,\"height\":162},{\"@type\":\"WebPage\",\"@id\":\"https:\/\/render.tips\/fr\/areas\/human-resources\/diversite-equite-et-inclusion-dei#webpage\",\"url\":\"https:\/\/render.tips\/fr\/areas\/human-resources\/diversite-equite-et-inclusion-dei\",\"name\":\"Cours Diversit\\u00e9, \\u00c9quit\\u00e9 et Inclusion (DEI) | Online Courses from Basic to Advanced | RenderTips\",\"isPartOf\":{\"@id\":\"https:\/\/render.tips\/#website\"},\"primaryImageOfPage\":{\"@id\":\"https:\/\/render.tips\/fr\/areas\/human-resources\/diversite-equite-et-inclusion-dei#primaryimage\"},\"datePublished\":\"2025-09-11T21:11:14+00:00\",\"dateModified\":\"2025-09-12T01:42:29+00:00\",\"description\":\"Construisez une culture o\\u00f9 chacun se sent valoris\\u00e9 !\",\"breadcrumb\":{\"@id\":\"https:\/\/render.tips\/fr\/areas\/human-resources\/diversite-equite-et-inclusion-dei#breadcrumb\"},\"inLanguage\":\"fr-FR\",\"potentialAction\":[{\"@type\":\"ReadAction\",\"target\":[\"https:\/\/render.tips\/fr\/areas\/human-resources\/diversite-equite-et-inclusion-dei\"]}]},{\"@type\":\"BreadcrumbList\",\"@id\":\"https:\/\/render.tips\/fr\/areas\/human-resources\/diversite-equite-et-inclusion-dei#breadcrumb\",\"itemListElement\":[{\"@type\":\"ListItem\",\"position\":1,\"item\":{\"@type\":\"WebPage\",\"@id\":\"https:\/\/render.tips\/fr\",\"url\":\"https:\/\/render.tips\/fr\",\"name\":\"Home\"}},{\"@type\":\"ListItem\",\"position\":2,\"item\":{\"@type\":\"WebPage\",\"@id\":\"https:\/\/render.tips\/fr\/shop\",\"url\":\"https:\/\/render.tips\/fr\/shop\",\"name\":\"Shop\"}},{\"@type\":\"ListItem\",\"position\":3,\"item\":{\"@type\":\"WebPage\",\"@id\":\"https:\/\/render.tips\/fr\/areas\/human-resources\/diversite-equite-et-inclusion-dei\",\"url\":\"https:\/\/render.tips\/fr\/areas\/human-resources\/diversite-equite-et-inclusion-dei\",\"name\":\"Cours Diversit\\u00e9, \\u00c9quit\\u00e9 et Inclusion (DEI)\"}}]}]}<\/script>\n<!-- \/ Yoast SEO plugin. -->","_links":{"self":[{"href":"https:\/\/render.tips\/fr\/wp-json\/wp\/v2\/product\/235717"}],"collection":[{"href":"https:\/\/render.tips\/fr\/wp-json\/wp\/v2\/product"}],"about":[{"href":"https:\/\/render.tips\/fr\/wp-json\/wp\/v2\/types\/product"}],"replies":[{"embeddable":true,"href":"https:\/\/render.tips\/fr\/wp-json\/wp\/v2\/comments?post=235717"}],"wp:featuredmedia":[{"embeddable":true,"href":"https:\/\/render.tips\/fr\/wp-json\/wp\/v2\/media\/235705"}],"wp:attachment":[{"href":"https:\/\/render.tips\/fr\/wp-json\/wp\/v2\/media?parent=235717"}],"wp:term":[{"taxonomy":"product_cat","embeddable":true,"href":"https:\/\/render.tips\/fr\/wp-json\/wp\/v2\/product_cat?post=235717"},{"taxonomy":"product_tag","embeddable":true,"href":"https:\/\/render.tips\/fr\/wp-json\/wp\/v2\/product_tag?post=235717"}],"curies":[{"name":"wp","href":"https:\/\/api.w.org\/{rel}","templated":true}]}}