{"id":235700,"date":"2025-09-11T17:20:37","date_gmt":"2025-09-11T20:20:37","guid":{"rendered":"https:\/\/render.tips\/uncategorized\/pensee-critique-et-resolution-de-problemes"},"modified":"2025-09-11T22:42:53","modified_gmt":"2025-09-12T01:42:53","slug":"pensee-critique-et-resolution-de-problemes","status":"publish","type":"product","link":"https:\/\/render.tips\/fr\/zones\/professional-development-fr\/pensee-critique-et-resolution-de-problemes","title":{"rendered":"Cours Pens\u00e9e Critique et R\u00e9solution de Probl\u00e8mes"},"content":{"rendered":"<p>Dans ce cours, les participants exploreront les fondamentaux de la pens\u00e9e critique et de la r\u00e9solution de probl\u00e8mes tout en s&rsquo;engageant avec des techniques et des outils pratiques. Le programme comprend des bases th\u00e9oriques, des \u00e9tudes de cas et des exercices collaboratifs visant \u00e0 am\u00e9liorer les comp\u00e9tences analytiques et les solutions cr\u00e9atives dans des contextes professionnels.<\/p>\n","protected":false},"excerpt":{"rendered":"<p><span style=\"color: #ff6600\">D\u00e9verrouillez votre potentiel : Pensez de mani\u00e8re critique, r\u00e9solvez de mani\u00e8re cr\u00e9ative !<\/span><\/p>\n","protected":false},"featured_media":235686,"comment_status":"open","ping_status":"closed","template":"","meta":[],"product_cat":[1057,1115,1079,1124,1090,1121,1112],"product_tag":[1151,1149,1065,1053,1052,1054,1055,1066,1148,1084,1150],"acf":[],"yoast_head":"<!-- This site is optimized with the Yoast SEO plugin v15.9 - https:\/\/yoast.com\/wordpress\/plugins\/seo\/ -->\n<title>Cours Pens\u00e9e Critique et R\u00e9solution de Probl\u00e8mes | Online Courses from Basic to Advanced | RenderTips<\/title>\n<meta name=\"description\" content=\"D\u00e9verrouillez votre potentiel : Pensez de mani\u00e8re critique, r\u00e9solvez de mani\u00e8re cr\u00e9ative !\" \/>\n<meta name=\"robots\" content=\"index, follow, max-snippet:-1, max-image-preview:large, max-video-preview:-1\" \/>\n<link rel=\"canonical\" href=\"https:\/\/render.tips\/fr\/areas\/customer-service\/pensee-critique-et-resolution-de-problemes\" \/>\n<meta property=\"og:locale\" content=\"fr_FR\" \/>\n<meta property=\"og:type\" content=\"article\" \/>\n<meta property=\"og:title\" content=\"Cours Pens\u00e9e Critique et R\u00e9solution de Probl\u00e8mes | Online Courses from Basic to Advanced | RenderTips\" \/>\n<meta property=\"og:description\" content=\"D\u00e9verrouillez votre potentiel : Pensez de mani\u00e8re critique, r\u00e9solvez de mani\u00e8re cr\u00e9ative !\" \/>\n<meta property=\"og:url\" content=\"https:\/\/render.tips\/fr\/areas\/customer-service\/pensee-critique-et-resolution-de-problemes\" \/>\n<meta property=\"og:site_name\" content=\"Online Courses from Basic to Advanced | RenderTips\" \/>\n<meta property=\"article:publisher\" content=\"https:\/\/www.facebook.com\/rendertipscourses\/\" \/>\n<meta property=\"article:modified_time\" content=\"2025-09-12T01:42:53+00:00\" \/>\n<meta property=\"og:image\" content=\"https:\/\/static.render.tips\/wp-content\/uploads\/2025\/09\/PENSEE-CRI-RESO-PROBL-FR_facebook.png\" \/>\n<meta name=\"twitter:card\" content=\"summary_large_image\" \/>\n<meta name=\"twitter:image\" content=\"https:\/\/static.render.tips\/wp-content\/uploads\/2025\/09\/PENSEE-CRI-RESO-PROBL-FR_facebook.png\" \/>\n<meta name=\"twitter:site\" content=\"@rendertips\" \/>\n<script type=\"application\/ld+json\" class=\"yoast-schema-graph\">{\"@context\":\"https:\/\/schema.org\",\"@graph\":[{\"@type\":\"Organization\",\"@id\":\"https:\/\/render.tips\/#organization\",\"name\":\"Render Tips\",\"url\":\"https:\/\/render.tips\/\",\"sameAs\":[\"https:\/\/www.facebook.com\/rendertipscourses\/\",\"https:\/\/www.instagram.com\/rendertips\/\",\"https:\/\/www.youtube.com\/channel\/UCx_9bcvh0_AQFGXxJ0StKSQ\",\"https:\/\/twitter.com\/rendertips\"],\"logo\":{\"@type\":\"ImageObject\",\"@id\":\"https:\/\/render.tips\/#logo\",\"inLanguage\":\"fr-FR\",\"url\":\"https:\/\/static.render.tips\/wp-content\/uploads\/2019\/08\/logo_1024.png\",\"width\":1024,\"height\":1024,\"caption\":\"Render Tips\"},\"image\":{\"@id\":\"https:\/\/render.tips\/#logo\"}},{\"@type\":\"WebSite\",\"@id\":\"https:\/\/render.tips\/#website\",\"url\":\"https:\/\/render.tips\/\",\"name\":\"Online Courses from Basic to Advanced | RenderTips\",\"description\":\"Technology Online Courses - Solidworks, Autocad, Inventor, 3ds Max and More\",\"publisher\":{\"@id\":\"https:\/\/render.tips\/#organization\"},\"potentialAction\":[{\"@type\":\"SearchAction\",\"target\":\"https:\/\/render.tips\/?s={search_term_string}\",\"query-input\":\"required name=search_term_string\"}],\"inLanguage\":\"fr-FR\"},{\"@type\":\"ImageObject\",\"@id\":\"https:\/\/render.tips\/fr\/areas\/customer-service\/pensee-critique-et-resolution-de-problemes#primaryimage\",\"inLanguage\":\"fr-FR\",\"url\":\"https:\/\/static.render.tips\/wp-content\/uploads\/2025\/09\/Curso-pensee-critique-et-resolution-de-problemes-PENSEE-CRI-RESO-PROBL-FR_destaque-20250911171934.jpg\",\"width\":229,\"height\":162},{\"@type\":\"WebPage\",\"@id\":\"https:\/\/render.tips\/fr\/areas\/customer-service\/pensee-critique-et-resolution-de-problemes#webpage\",\"url\":\"https:\/\/render.tips\/fr\/areas\/customer-service\/pensee-critique-et-resolution-de-problemes\",\"name\":\"Cours Pens\\u00e9e Critique et R\\u00e9solution de Probl\\u00e8mes | Online Courses from Basic to Advanced | RenderTips\",\"isPartOf\":{\"@id\":\"https:\/\/render.tips\/#website\"},\"primaryImageOfPage\":{\"@id\":\"https:\/\/render.tips\/fr\/areas\/customer-service\/pensee-critique-et-resolution-de-problemes#primaryimage\"},\"datePublished\":\"2025-09-11T20:20:37+00:00\",\"dateModified\":\"2025-09-12T01:42:53+00:00\",\"description\":\"D\\u00e9verrouillez votre potentiel : Pensez de mani\\u00e8re critique, r\\u00e9solvez de mani\\u00e8re cr\\u00e9ative !\",\"breadcrumb\":{\"@id\":\"https:\/\/render.tips\/fr\/areas\/customer-service\/pensee-critique-et-resolution-de-problemes#breadcrumb\"},\"inLanguage\":\"fr-FR\",\"potentialAction\":[{\"@type\":\"ReadAction\",\"target\":[\"https:\/\/render.tips\/fr\/areas\/customer-service\/pensee-critique-et-resolution-de-problemes\"]}]},{\"@type\":\"BreadcrumbList\",\"@id\":\"https:\/\/render.tips\/fr\/areas\/customer-service\/pensee-critique-et-resolution-de-problemes#breadcrumb\",\"itemListElement\":[{\"@type\":\"ListItem\",\"position\":1,\"item\":{\"@type\":\"WebPage\",\"@id\":\"https:\/\/render.tips\/fr\",\"url\":\"https:\/\/render.tips\/fr\",\"name\":\"Home\"}},{\"@type\":\"ListItem\",\"position\":2,\"item\":{\"@type\":\"WebPage\",\"@id\":\"https:\/\/render.tips\/fr\/shop\",\"url\":\"https:\/\/render.tips\/fr\/shop\",\"name\":\"Shop\"}},{\"@type\":\"ListItem\",\"position\":3,\"item\":{\"@type\":\"WebPage\",\"@id\":\"https:\/\/render.tips\/fr\/areas\/customer-service\/pensee-critique-et-resolution-de-problemes\",\"url\":\"https:\/\/render.tips\/fr\/areas\/customer-service\/pensee-critique-et-resolution-de-problemes\",\"name\":\"Cours Pens\\u00e9e Critique et R\\u00e9solution de Probl\\u00e8mes\"}}]}]}<\/script>\n<!-- \/ Yoast SEO plugin. -->","_links":{"self":[{"href":"https:\/\/render.tips\/fr\/wp-json\/wp\/v2\/product\/235700"}],"collection":[{"href":"https:\/\/render.tips\/fr\/wp-json\/wp\/v2\/product"}],"about":[{"href":"https:\/\/render.tips\/fr\/wp-json\/wp\/v2\/types\/product"}],"replies":[{"embeddable":true,"href":"https:\/\/render.tips\/fr\/wp-json\/wp\/v2\/comments?post=235700"}],"wp:featuredmedia":[{"embeddable":true,"href":"https:\/\/render.tips\/fr\/wp-json\/wp\/v2\/media\/235686"}],"wp:attachment":[{"href":"https:\/\/render.tips\/fr\/wp-json\/wp\/v2\/media?parent=235700"}],"wp:term":[{"taxonomy":"product_cat","embeddable":true,"href":"https:\/\/render.tips\/fr\/wp-json\/wp\/v2\/product_cat?post=235700"},{"taxonomy":"product_tag","embeddable":true,"href":"https:\/\/render.tips\/fr\/wp-json\/wp\/v2\/product_tag?post=235700"}],"curies":[{"name":"wp","href":"https:\/\/api.w.org\/{rel}","templated":true}]}}