{"id":235649,"date":"2025-09-08T19:17:39","date_gmt":"2025-09-08T22:17:39","guid":{"rendered":"https:\/\/render.tips\/uncategorized\/fondements-de-la-culture-dentreprise-accueil-et-integration-onboarding"},"modified":"2025-09-11T22:47:29","modified_gmt":"2025-09-12T01:47:29","slug":"fondements-de-la-culture-dentreprise-accueil-et-integration-onboarding","status":"publish","type":"product","link":"https:\/\/render.tips\/fr\/zones\/business-fr\/fondements-de-la-culture-dentreprise-accueil-et-integration-onboarding","title":{"rendered":"Cours Fondements de la Culture d&rsquo;entreprise : Accueil et Int\u00e9gration (Onboarding)"},"content":{"rendered":"<p>Apprenez \u00e0 structurer un accueil strat\u00e9gique et \u00e0 promouvoir une forte culture organisationnelle. Ce cours pratique est id\u00e9al pour ceux qui souhaitent impliquer les nouveaux employ\u00e9s, r\u00e9duire le turnover et renforcer l&rsquo;alignement entre les \u00e9quipes et la mission de l&rsquo;entreprise. Avec des \u00e9tudes de cas et des outils applicables, vous serez pr\u00eat \u00e0 transformer l&rsquo;int\u00e9gration en un avantage concurrentiel. Les entreprises qui utilisent ces pratiques r\u00e9duisent le turnover jusqu&rsquo;\u00e0 82 % et augmentent la productivit\u00e9 initiale de 70 %. Investissez aujourd&rsquo;hui et transformez l&rsquo;accueil et une culture organisationnelle solide en un avantage concurrentiel.<\/p>\n","protected":false},"excerpt":{"rendered":"<p><span style=\"color: #ff6600\">Un onboarding efficace transforme de bonnes recrues en grands talents !<\/span><\/p>\n","protected":false},"featured_media":235637,"comment_status":"open","ping_status":"closed","template":"","meta":[],"product_cat":[1057,1090],"product_tag":[1151,1149,1065,1053,1052,1054,1055,1066,1148,1084,1094,1147,1144],"acf":[],"yoast_head":"<!-- This site is optimized with the Yoast SEO plugin v15.9 - https:\/\/yoast.com\/wordpress\/plugins\/seo\/ -->\n<title>Cours Fondements de la Culture d&#039;entreprise : Accueil et Int\u00e9gration (Onboarding) | Online Courses from Basic to Advanced | RenderTips<\/title>\n<meta name=\"description\" content=\"Un onboarding efficace transforme de bonnes recrues en grands talents !\" \/>\n<meta name=\"robots\" content=\"index, follow, max-snippet:-1, max-image-preview:large, max-video-preview:-1\" \/>\n<link rel=\"canonical\" href=\"https:\/\/render.tips\/fr\/areas\/human-resources\/fondements-de-la-culture-dentreprise-accueil-et-integration-onboarding\" \/>\n<meta property=\"og:locale\" content=\"fr_FR\" \/>\n<meta property=\"og:type\" content=\"article\" \/>\n<meta property=\"og:title\" content=\"Cours Fondements de la Culture d&#039;entreprise : Accueil et Int\u00e9gration (Onboarding) | Online Courses from Basic to Advanced | RenderTips\" \/>\n<meta property=\"og:description\" content=\"Un onboarding efficace transforme de bonnes recrues en grands talents !\" \/>\n<meta property=\"og:url\" content=\"https:\/\/render.tips\/fr\/areas\/human-resources\/fondements-de-la-culture-dentreprise-accueil-et-integration-onboarding\" \/>\n<meta property=\"og:site_name\" content=\"Online Courses from Basic to Advanced | RenderTips\" \/>\n<meta property=\"article:publisher\" content=\"https:\/\/www.facebook.com\/rendertipscourses\/\" \/>\n<meta property=\"article:modified_time\" content=\"2025-09-12T01:47:29+00:00\" \/>\n<meta property=\"og:image\" content=\"https:\/\/static.render.tips\/wp-content\/uploads\/2025\/09\/ONBOARD-FR_facebook.png\" \/>\n<meta name=\"twitter:card\" content=\"summary_large_image\" \/>\n<meta name=\"twitter:image\" content=\"https:\/\/static.render.tips\/wp-content\/uploads\/2025\/09\/ONBOARD-FR_facebook.png\" \/>\n<meta name=\"twitter:site\" content=\"@rendertips\" \/>\n<script type=\"application\/ld+json\" class=\"yoast-schema-graph\">{\"@context\":\"https:\/\/schema.org\",\"@graph\":[{\"@type\":\"Organization\",\"@id\":\"https:\/\/render.tips\/#organization\",\"name\":\"Render Tips\",\"url\":\"https:\/\/render.tips\/\",\"sameAs\":[\"https:\/\/www.facebook.com\/rendertipscourses\/\",\"https:\/\/www.instagram.com\/rendertips\/\",\"https:\/\/www.youtube.com\/channel\/UCx_9bcvh0_AQFGXxJ0StKSQ\",\"https:\/\/twitter.com\/rendertips\"],\"logo\":{\"@type\":\"ImageObject\",\"@id\":\"https:\/\/render.tips\/#logo\",\"inLanguage\":\"fr-FR\",\"url\":\"https:\/\/static.render.tips\/wp-content\/uploads\/2019\/08\/logo_1024.png\",\"width\":1024,\"height\":1024,\"caption\":\"Render Tips\"},\"image\":{\"@id\":\"https:\/\/render.tips\/#logo\"}},{\"@type\":\"WebSite\",\"@id\":\"https:\/\/render.tips\/#website\",\"url\":\"https:\/\/render.tips\/\",\"name\":\"Online Courses from Basic to Advanced | RenderTips\",\"description\":\"Technology Online Courses - Solidworks, Autocad, Inventor, 3ds Max and More\",\"publisher\":{\"@id\":\"https:\/\/render.tips\/#organization\"},\"potentialAction\":[{\"@type\":\"SearchAction\",\"target\":\"https:\/\/render.tips\/?s={search_term_string}\",\"query-input\":\"required name=search_term_string\"}],\"inLanguage\":\"fr-FR\"},{\"@type\":\"ImageObject\",\"@id\":\"https:\/\/render.tips\/fr\/areas\/human-resources\/fondements-de-la-culture-dentreprise-accueil-et-integration-onboarding#primaryimage\",\"inLanguage\":\"fr-FR\",\"url\":\"https:\/\/static.render.tips\/wp-content\/uploads\/2025\/09\/Curso-fondements-de-la-culture-dentreprise-accueil-et-integration-onboarding-ONBOARD-FR_destaque-20250908191643.jpg\",\"width\":229,\"height\":162},{\"@type\":\"WebPage\",\"@id\":\"https:\/\/render.tips\/fr\/areas\/human-resources\/fondements-de-la-culture-dentreprise-accueil-et-integration-onboarding#webpage\",\"url\":\"https:\/\/render.tips\/fr\/areas\/human-resources\/fondements-de-la-culture-dentreprise-accueil-et-integration-onboarding\",\"name\":\"Cours Fondements de la Culture d'entreprise : Accueil et Int\\u00e9gration (Onboarding) | Online Courses from Basic to Advanced | RenderTips\",\"isPartOf\":{\"@id\":\"https:\/\/render.tips\/#website\"},\"primaryImageOfPage\":{\"@id\":\"https:\/\/render.tips\/fr\/areas\/human-resources\/fondements-de-la-culture-dentreprise-accueil-et-integration-onboarding#primaryimage\"},\"datePublished\":\"2025-09-08T22:17:39+00:00\",\"dateModified\":\"2025-09-12T01:47:29+00:00\",\"description\":\"Un onboarding efficace transforme de bonnes recrues en grands talents !\",\"breadcrumb\":{\"@id\":\"https:\/\/render.tips\/fr\/areas\/human-resources\/fondements-de-la-culture-dentreprise-accueil-et-integration-onboarding#breadcrumb\"},\"inLanguage\":\"fr-FR\",\"potentialAction\":[{\"@type\":\"ReadAction\",\"target\":[\"https:\/\/render.tips\/fr\/areas\/human-resources\/fondements-de-la-culture-dentreprise-accueil-et-integration-onboarding\"]}]},{\"@type\":\"BreadcrumbList\",\"@id\":\"https:\/\/render.tips\/fr\/areas\/human-resources\/fondements-de-la-culture-dentreprise-accueil-et-integration-onboarding#breadcrumb\",\"itemListElement\":[{\"@type\":\"ListItem\",\"position\":1,\"item\":{\"@type\":\"WebPage\",\"@id\":\"https:\/\/render.tips\/fr\",\"url\":\"https:\/\/render.tips\/fr\",\"name\":\"Home\"}},{\"@type\":\"ListItem\",\"position\":2,\"item\":{\"@type\":\"WebPage\",\"@id\":\"https:\/\/render.tips\/fr\/shop\",\"url\":\"https:\/\/render.tips\/fr\/shop\",\"name\":\"Shop\"}},{\"@type\":\"ListItem\",\"position\":3,\"item\":{\"@type\":\"WebPage\",\"@id\":\"https:\/\/render.tips\/fr\/areas\/human-resources\/fondements-de-la-culture-dentreprise-accueil-et-integration-onboarding\",\"url\":\"https:\/\/render.tips\/fr\/areas\/human-resources\/fondements-de-la-culture-dentreprise-accueil-et-integration-onboarding\",\"name\":\"Cours Fondements de la Culture d&#8217;entreprise : Accueil et Int\\u00e9gration (Onboarding)\"}}]}]}<\/script>\n<!-- \/ Yoast SEO plugin. -->","_links":{"self":[{"href":"https:\/\/render.tips\/fr\/wp-json\/wp\/v2\/product\/235649"}],"collection":[{"href":"https:\/\/render.tips\/fr\/wp-json\/wp\/v2\/product"}],"about":[{"href":"https:\/\/render.tips\/fr\/wp-json\/wp\/v2\/types\/product"}],"replies":[{"embeddable":true,"href":"https:\/\/render.tips\/fr\/wp-json\/wp\/v2\/comments?post=235649"}],"wp:featuredmedia":[{"embeddable":true,"href":"https:\/\/render.tips\/fr\/wp-json\/wp\/v2\/media\/235637"}],"wp:attachment":[{"href":"https:\/\/render.tips\/fr\/wp-json\/wp\/v2\/media?parent=235649"}],"wp:term":[{"taxonomy":"product_cat","embeddable":true,"href":"https:\/\/render.tips\/fr\/wp-json\/wp\/v2\/product_cat?post=235649"},{"taxonomy":"product_tag","embeddable":true,"href":"https:\/\/render.tips\/fr\/wp-json\/wp\/v2\/product_tag?post=235649"}],"curies":[{"name":"wp","href":"https:\/\/api.w.org\/{rel}","templated":true}]}}