{"id":235498,"date":"2025-09-05T18:46:12","date_gmt":"2025-09-05T21:46:12","guid":{"rendered":"https:\/\/render.tips\/uncategorized\/fondements-de-la-logistique-et-de-la-chaine-dapprovisionnement"},"modified":"2025-09-11T22:47:49","modified_gmt":"2025-09-12T01:47:49","slug":"fondements-de-la-logistique-et-de-la-chaine-dapprovisionnement","status":"publish","type":"product","link":"https:\/\/render.tips\/fr\/sujets\/gestion\/fondements-de-la-logistique-et-de-la-chaine-dapprovisionnement","title":{"rendered":"Cours Fondements de la Logistique et de la Cha\u00eene d&rsquo;approvisionnement"},"content":{"rendered":"<p>Apprenez les principes fondamentaux de la logistique et de la cha\u00eene d&rsquo;approvisionnement avec un accent pratique et actualis\u00e9. Dans ce cours, vous ma\u00eetriserez les concepts essentiels, la gestion du transport, l&rsquo;entreposage, l&rsquo;inventaire, la logistique internationale et l&rsquo;innovation avec des outils technologiques. Id\u00e9al pour ceux qui veulent entrer ou progresser dans le secteur de la logistique, avec un contenu applicable au march\u00e9 actuel.<\/p>\n","protected":false},"excerpt":{"rendered":"<p><span style=\"color: #ff6600\">Transformez votre point de vue sur la logistique et la cha\u00eene d&rsquo;approvisionnement et am\u00e9liorez votre carri\u00e8re !<\/span><\/p>\n","protected":false},"featured_media":235480,"comment_status":"open","ping_status":"closed","template":"","meta":[],"product_cat":[1057,1079],"product_tag":[1151,1149,1065,1053,1052,1054,1055,1066,1148,1084,1146,1144,1145],"acf":[],"yoast_head":"<!-- This site is optimized with the Yoast SEO plugin v15.9 - https:\/\/yoast.com\/wordpress\/plugins\/seo\/ -->\n<title>Cours Fondements de la Logistique et de la Cha\u00eene d&#039;approvisionnement | Online Courses from Basic to Advanced | RenderTips<\/title>\n<meta name=\"description\" content=\"Transformez votre point de vue sur la logistique et la cha\u00eene d&#039;approvisionnement et am\u00e9liorez votre carri\u00e8re !\" \/>\n<meta name=\"robots\" content=\"index, follow, max-snippet:-1, max-image-preview:large, max-video-preview:-1\" \/>\n<link rel=\"canonical\" href=\"https:\/\/render.tips\/fr\/subjects\/management\/fondements-de-la-logistique-et-de-la-chaine-dapprovisionnement\" \/>\n<meta property=\"og:locale\" content=\"fr_FR\" \/>\n<meta property=\"og:type\" content=\"article\" \/>\n<meta property=\"og:title\" content=\"Cours Fondements de la Logistique et de la Cha\u00eene d&#039;approvisionnement | Online Courses from Basic to Advanced | RenderTips\" \/>\n<meta property=\"og:description\" content=\"Transformez votre point de vue sur la logistique et la cha\u00eene d&#039;approvisionnement et am\u00e9liorez votre carri\u00e8re !\" \/>\n<meta property=\"og:url\" content=\"https:\/\/render.tips\/fr\/subjects\/management\/fondements-de-la-logistique-et-de-la-chaine-dapprovisionnement\" \/>\n<meta property=\"og:site_name\" content=\"Online Courses from Basic to Advanced | RenderTips\" \/>\n<meta property=\"article:publisher\" content=\"https:\/\/www.facebook.com\/rendertipscourses\/\" \/>\n<meta property=\"article:modified_time\" content=\"2025-09-12T01:47:49+00:00\" \/>\n<meta property=\"og:image\" content=\"https:\/\/static.render.tips\/wp-content\/uploads\/2025\/09\/LOGISTIQUE-CHA-FR_facebook.png\" \/>\n<meta name=\"twitter:card\" content=\"summary_large_image\" \/>\n<meta name=\"twitter:image\" content=\"https:\/\/static.render.tips\/wp-content\/uploads\/2025\/09\/LOGISTIQUE-CHA-FR_facebook.png\" \/>\n<meta name=\"twitter:site\" content=\"@rendertips\" \/>\n<script type=\"application\/ld+json\" class=\"yoast-schema-graph\">{\"@context\":\"https:\/\/schema.org\",\"@graph\":[{\"@type\":\"Organization\",\"@id\":\"https:\/\/render.tips\/#organization\",\"name\":\"Render Tips\",\"url\":\"https:\/\/render.tips\/\",\"sameAs\":[\"https:\/\/www.facebook.com\/rendertipscourses\/\",\"https:\/\/www.instagram.com\/rendertips\/\",\"https:\/\/www.youtube.com\/channel\/UCx_9bcvh0_AQFGXxJ0StKSQ\",\"https:\/\/twitter.com\/rendertips\"],\"logo\":{\"@type\":\"ImageObject\",\"@id\":\"https:\/\/render.tips\/#logo\",\"inLanguage\":\"fr-FR\",\"url\":\"https:\/\/static.render.tips\/wp-content\/uploads\/2019\/08\/logo_1024.png\",\"width\":1024,\"height\":1024,\"caption\":\"Render Tips\"},\"image\":{\"@id\":\"https:\/\/render.tips\/#logo\"}},{\"@type\":\"WebSite\",\"@id\":\"https:\/\/render.tips\/#website\",\"url\":\"https:\/\/render.tips\/\",\"name\":\"Online Courses from Basic to Advanced | RenderTips\",\"description\":\"Technology Online Courses - Solidworks, Autocad, Inventor, 3ds Max and More\",\"publisher\":{\"@id\":\"https:\/\/render.tips\/#organization\"},\"potentialAction\":[{\"@type\":\"SearchAction\",\"target\":\"https:\/\/render.tips\/?s={search_term_string}\",\"query-input\":\"required name=search_term_string\"}],\"inLanguage\":\"fr-FR\"},{\"@type\":\"ImageObject\",\"@id\":\"https:\/\/render.tips\/fr\/subjects\/management\/fondements-de-la-logistique-et-de-la-chaine-dapprovisionnement#primaryimage\",\"inLanguage\":\"fr-FR\",\"url\":\"https:\/\/static.render.tips\/wp-content\/uploads\/2025\/09\/Curso-fondements-de-la-logistique-et-de-la-chaine-dapprovisionnement-LOGISTIQUE-CHA-FR_destaque-20250905184458.jpg\",\"width\":229,\"height\":162},{\"@type\":\"WebPage\",\"@id\":\"https:\/\/render.tips\/fr\/subjects\/management\/fondements-de-la-logistique-et-de-la-chaine-dapprovisionnement#webpage\",\"url\":\"https:\/\/render.tips\/fr\/subjects\/management\/fondements-de-la-logistique-et-de-la-chaine-dapprovisionnement\",\"name\":\"Cours Fondements de la Logistique et de la Cha\\u00eene d'approvisionnement | Online Courses from Basic to Advanced | RenderTips\",\"isPartOf\":{\"@id\":\"https:\/\/render.tips\/#website\"},\"primaryImageOfPage\":{\"@id\":\"https:\/\/render.tips\/fr\/subjects\/management\/fondements-de-la-logistique-et-de-la-chaine-dapprovisionnement#primaryimage\"},\"datePublished\":\"2025-09-05T21:46:12+00:00\",\"dateModified\":\"2025-09-12T01:47:49+00:00\",\"description\":\"Transformez votre point de vue sur la logistique et la cha\\u00eene d'approvisionnement et am\\u00e9liorez votre carri\\u00e8re !\",\"breadcrumb\":{\"@id\":\"https:\/\/render.tips\/fr\/subjects\/management\/fondements-de-la-logistique-et-de-la-chaine-dapprovisionnement#breadcrumb\"},\"inLanguage\":\"fr-FR\",\"potentialAction\":[{\"@type\":\"ReadAction\",\"target\":[\"https:\/\/render.tips\/fr\/subjects\/management\/fondements-de-la-logistique-et-de-la-chaine-dapprovisionnement\"]}]},{\"@type\":\"BreadcrumbList\",\"@id\":\"https:\/\/render.tips\/fr\/subjects\/management\/fondements-de-la-logistique-et-de-la-chaine-dapprovisionnement#breadcrumb\",\"itemListElement\":[{\"@type\":\"ListItem\",\"position\":1,\"item\":{\"@type\":\"WebPage\",\"@id\":\"https:\/\/render.tips\/fr\",\"url\":\"https:\/\/render.tips\/fr\",\"name\":\"Home\"}},{\"@type\":\"ListItem\",\"position\":2,\"item\":{\"@type\":\"WebPage\",\"@id\":\"https:\/\/render.tips\/fr\/shop\",\"url\":\"https:\/\/render.tips\/fr\/shop\",\"name\":\"Shop\"}},{\"@type\":\"ListItem\",\"position\":3,\"item\":{\"@type\":\"WebPage\",\"@id\":\"https:\/\/render.tips\/fr\/subjects\/management\/fondements-de-la-logistique-et-de-la-chaine-dapprovisionnement\",\"url\":\"https:\/\/render.tips\/fr\/subjects\/management\/fondements-de-la-logistique-et-de-la-chaine-dapprovisionnement\",\"name\":\"Cours Fondements de la Logistique et de la Cha\\u00eene d&#8217;approvisionnement\"}}]}]}<\/script>\n<!-- \/ Yoast SEO plugin. -->","_links":{"self":[{"href":"https:\/\/render.tips\/fr\/wp-json\/wp\/v2\/product\/235498"}],"collection":[{"href":"https:\/\/render.tips\/fr\/wp-json\/wp\/v2\/product"}],"about":[{"href":"https:\/\/render.tips\/fr\/wp-json\/wp\/v2\/types\/product"}],"replies":[{"embeddable":true,"href":"https:\/\/render.tips\/fr\/wp-json\/wp\/v2\/comments?post=235498"}],"wp:featuredmedia":[{"embeddable":true,"href":"https:\/\/render.tips\/fr\/wp-json\/wp\/v2\/media\/235480"}],"wp:attachment":[{"href":"https:\/\/render.tips\/fr\/wp-json\/wp\/v2\/media?parent=235498"}],"wp:term":[{"taxonomy":"product_cat","embeddable":true,"href":"https:\/\/render.tips\/fr\/wp-json\/wp\/v2\/product_cat?post=235498"},{"taxonomy":"product_tag","embeddable":true,"href":"https:\/\/render.tips\/fr\/wp-json\/wp\/v2\/product_tag?post=235498"}],"curies":[{"name":"wp","href":"https:\/\/api.w.org\/{rel}","templated":true}]}}