{"id":235475,"date":"2025-09-05T17:39:57","date_gmt":"2025-09-05T20:39:57","guid":{"rendered":"https:\/\/render.tips\/uncategorized\/optimisation-des-processus-industriels-lean-kaizen-et-5s"},"modified":"2025-09-11T22:47:18","modified_gmt":"2025-09-12T01:47:18","slug":"optimisation-des-processus-industriels-lean-kaizen-et-5s","status":"publish","type":"product","link":"https:\/\/render.tips\/fr\/sujets\/industrial-automation-fr\/optimisation-des-processus-industriels-lean-kaizen-et-5s","title":{"rendered":"Cours Optimisation des Processus Industriels : Lean, Kaizen et 5S"},"content":{"rendered":"<p>Ce cours offre une introduction aux concepts fondamentaux de ces m\u00e9thodologies qui ont r\u00e9volutionn\u00e9 l&rsquo;industrie. Apprenez \u00e0 identifier et \u00e0 \u00e9liminer le gaspillage, \u00e0 optimiser les flux de travail et \u00e0 cr\u00e9er une culture d&rsquo;am\u00e9lioration continue. Ce cours pratique vous permettra de mettre en oeuvre des outils efficaces tels que le Juste-\u00e0-Temps et le Kanban, et de r\u00e9aliser des \u00e9v\u00e9nements Kaizen pour des r\u00e9sultats significatifs. Am\u00e9liorez la productivit\u00e9 et l&rsquo;efficacit\u00e9 de votre organisation, devenant ainsi un professionnel strat\u00e9gique en optimisation des processus.<\/p>\n","protected":false},"excerpt":{"rendered":"<p><span style=\"color: #ff6600\">Transformez votre op\u00e9ration industrielle : moins de d\u00e9chets, plus d&rsquo;efficacit\u00e9 !<\/span><\/p>\n","protected":false},"featured_media":235463,"comment_status":"open","ping_status":"closed","template":"","meta":[],"product_cat":[1057,1056,943],"product_tag":[1066,1143,1064,1063,1141,1142],"acf":[],"yoast_head":"<!-- This site is optimized with the Yoast SEO plugin v15.9 - https:\/\/yoast.com\/wordpress\/plugins\/seo\/ -->\n<title>Cours Optimisation des Processus Industriels : Lean, Kaizen et 5S | Online Courses from Basic to Advanced | RenderTips<\/title>\n<meta name=\"description\" content=\"Transformez votre op\u00e9ration industrielle : moins de d\u00e9chets, plus d&#039;efficacit\u00e9 !\" \/>\n<meta name=\"robots\" content=\"index, follow, max-snippet:-1, max-image-preview:large, max-video-preview:-1\" \/>\n<link rel=\"canonical\" href=\"https:\/\/render.tips\/fr\/subjects\/industrial-automation\/optimisation-des-processus-industriels-lean-kaizen-et-5s\" \/>\n<meta property=\"og:locale\" content=\"fr_FR\" \/>\n<meta property=\"og:type\" content=\"article\" \/>\n<meta property=\"og:title\" content=\"Cours Optimisation des Processus Industriels : Lean, Kaizen et 5S | Online Courses from Basic to Advanced | RenderTips\" \/>\n<meta property=\"og:description\" content=\"Transformez votre op\u00e9ration industrielle : moins de d\u00e9chets, plus d&#039;efficacit\u00e9 !\" \/>\n<meta property=\"og:url\" content=\"https:\/\/render.tips\/fr\/subjects\/industrial-automation\/optimisation-des-processus-industriels-lean-kaizen-et-5s\" \/>\n<meta property=\"og:site_name\" content=\"Online Courses from Basic to Advanced | RenderTips\" \/>\n<meta property=\"article:publisher\" content=\"https:\/\/www.facebook.com\/rendertipscourses\/\" \/>\n<meta property=\"article:modified_time\" content=\"2025-09-12T01:47:18+00:00\" \/>\n<meta property=\"og:image\" content=\"https:\/\/static.render.tips\/wp-content\/uploads\/2025\/09\/LEANKAIZEN5S-FR_facebook.png\" \/>\n<meta name=\"twitter:card\" content=\"summary_large_image\" \/>\n<meta name=\"twitter:image\" content=\"https:\/\/static.render.tips\/wp-content\/uploads\/2025\/09\/LEANKAIZEN5S-FR_facebook.png\" \/>\n<meta name=\"twitter:site\" content=\"@rendertips\" \/>\n<script type=\"application\/ld+json\" class=\"yoast-schema-graph\">{\"@context\":\"https:\/\/schema.org\",\"@graph\":[{\"@type\":\"Organization\",\"@id\":\"https:\/\/render.tips\/#organization\",\"name\":\"Render Tips\",\"url\":\"https:\/\/render.tips\/\",\"sameAs\":[\"https:\/\/www.facebook.com\/rendertipscourses\/\",\"https:\/\/www.instagram.com\/rendertips\/\",\"https:\/\/www.youtube.com\/channel\/UCx_9bcvh0_AQFGXxJ0StKSQ\",\"https:\/\/twitter.com\/rendertips\"],\"logo\":{\"@type\":\"ImageObject\",\"@id\":\"https:\/\/render.tips\/#logo\",\"inLanguage\":\"fr-FR\",\"url\":\"https:\/\/static.render.tips\/wp-content\/uploads\/2019\/08\/logo_1024.png\",\"width\":1024,\"height\":1024,\"caption\":\"Render Tips\"},\"image\":{\"@id\":\"https:\/\/render.tips\/#logo\"}},{\"@type\":\"WebSite\",\"@id\":\"https:\/\/render.tips\/#website\",\"url\":\"https:\/\/render.tips\/\",\"name\":\"Online Courses from Basic to Advanced | RenderTips\",\"description\":\"Technology Online Courses - Solidworks, Autocad, Inventor, 3ds Max and More\",\"publisher\":{\"@id\":\"https:\/\/render.tips\/#organization\"},\"potentialAction\":[{\"@type\":\"SearchAction\",\"target\":\"https:\/\/render.tips\/?s={search_term_string}\",\"query-input\":\"required name=search_term_string\"}],\"inLanguage\":\"fr-FR\"},{\"@type\":\"ImageObject\",\"@id\":\"https:\/\/render.tips\/fr\/subjects\/industrial-automation\/optimisation-des-processus-industriels-lean-kaizen-et-5s#primaryimage\",\"inLanguage\":\"fr-FR\",\"url\":\"https:\/\/static.render.tips\/wp-content\/uploads\/2025\/09\/Curso-optimisation-des-processus-industriels-lean-kaizen-et-5s-LEANKAIZEN5S-FR_destaque-20250905173901.jpg\",\"width\":229,\"height\":162},{\"@type\":\"WebPage\",\"@id\":\"https:\/\/render.tips\/fr\/subjects\/industrial-automation\/optimisation-des-processus-industriels-lean-kaizen-et-5s#webpage\",\"url\":\"https:\/\/render.tips\/fr\/subjects\/industrial-automation\/optimisation-des-processus-industriels-lean-kaizen-et-5s\",\"name\":\"Cours Optimisation des Processus Industriels : Lean, Kaizen et 5S | Online Courses from Basic to Advanced | RenderTips\",\"isPartOf\":{\"@id\":\"https:\/\/render.tips\/#website\"},\"primaryImageOfPage\":{\"@id\":\"https:\/\/render.tips\/fr\/subjects\/industrial-automation\/optimisation-des-processus-industriels-lean-kaizen-et-5s#primaryimage\"},\"datePublished\":\"2025-09-05T20:39:57+00:00\",\"dateModified\":\"2025-09-12T01:47:18+00:00\",\"description\":\"Transformez votre op\\u00e9ration industrielle : moins de d\\u00e9chets, plus d'efficacit\\u00e9 !\",\"breadcrumb\":{\"@id\":\"https:\/\/render.tips\/fr\/subjects\/industrial-automation\/optimisation-des-processus-industriels-lean-kaizen-et-5s#breadcrumb\"},\"inLanguage\":\"fr-FR\",\"potentialAction\":[{\"@type\":\"ReadAction\",\"target\":[\"https:\/\/render.tips\/fr\/subjects\/industrial-automation\/optimisation-des-processus-industriels-lean-kaizen-et-5s\"]}]},{\"@type\":\"BreadcrumbList\",\"@id\":\"https:\/\/render.tips\/fr\/subjects\/industrial-automation\/optimisation-des-processus-industriels-lean-kaizen-et-5s#breadcrumb\",\"itemListElement\":[{\"@type\":\"ListItem\",\"position\":1,\"item\":{\"@type\":\"WebPage\",\"@id\":\"https:\/\/render.tips\/fr\",\"url\":\"https:\/\/render.tips\/fr\",\"name\":\"Home\"}},{\"@type\":\"ListItem\",\"position\":2,\"item\":{\"@type\":\"WebPage\",\"@id\":\"https:\/\/render.tips\/fr\/shop\",\"url\":\"https:\/\/render.tips\/fr\/shop\",\"name\":\"Shop\"}},{\"@type\":\"ListItem\",\"position\":3,\"item\":{\"@type\":\"WebPage\",\"@id\":\"https:\/\/render.tips\/fr\/subjects\/industrial-automation\/optimisation-des-processus-industriels-lean-kaizen-et-5s\",\"url\":\"https:\/\/render.tips\/fr\/subjects\/industrial-automation\/optimisation-des-processus-industriels-lean-kaizen-et-5s\",\"name\":\"Cours Optimisation des Processus Industriels : Lean, Kaizen et 5S\"}}]}]}<\/script>\n<!-- \/ Yoast SEO plugin. -->","_links":{"self":[{"href":"https:\/\/render.tips\/fr\/wp-json\/wp\/v2\/product\/235475"}],"collection":[{"href":"https:\/\/render.tips\/fr\/wp-json\/wp\/v2\/product"}],"about":[{"href":"https:\/\/render.tips\/fr\/wp-json\/wp\/v2\/types\/product"}],"replies":[{"embeddable":true,"href":"https:\/\/render.tips\/fr\/wp-json\/wp\/v2\/comments?post=235475"}],"wp:featuredmedia":[{"embeddable":true,"href":"https:\/\/render.tips\/fr\/wp-json\/wp\/v2\/media\/235463"}],"wp:attachment":[{"href":"https:\/\/render.tips\/fr\/wp-json\/wp\/v2\/media?parent=235475"}],"wp:term":[{"taxonomy":"product_cat","embeddable":true,"href":"https:\/\/render.tips\/fr\/wp-json\/wp\/v2\/product_cat?post=235475"},{"taxonomy":"product_tag","embeddable":true,"href":"https:\/\/render.tips\/fr\/wp-json\/wp\/v2\/product_tag?post=235475"}],"curies":[{"name":"wp","href":"https:\/\/api.w.org\/{rel}","templated":true}]}}