{"id":233294,"date":"2022-12-07T23:09:51","date_gmt":"2022-12-08T02:09:51","guid":{"rendered":"https:\/\/render.tips\/non%20class\u00e9\/catia-v5-essentiel"},"modified":"2022-12-07T23:47:27","modified_gmt":"2022-12-08T02:47:27","slug":"catia-v5-essentiel","status":"publish","type":"product","link":"https:\/\/render.tips\/fr\/cours\/catia-fr\/catia-v5-essentiel","title":{"rendered":"Cours Catia V5 Essentiel"},"content":{"rendered":"<p>D\u00e9couvrez les bases de Catia, comment cr\u00e9er des croquis \u00e0 l&rsquo;aide de divers outils et comment utiliser les ressources 3D pour cr\u00e9er vos propres mod\u00e8les \u00e0 l&rsquo;avenir. D\u00e9couvrez comment cr\u00e9er des d\u00e9tails en 2D, comment utiliser les fonctionnalit\u00e9s de Surface et le concept de base des \u00e9l\u00e9ments finis. Saisissez cette opportunit\u00e9 et commencez ce cours d\u00e8s maintenant\u00a0!<\/p>\n","protected":false},"excerpt":{"rendered":"<p><span style=\"color: #ff6600\">Apprenez \u00e0 cr\u00e9er des croquis et \u00e0 utiliser les ressources 3D de Catia\u00a0!<\/span><\/p>\n","protected":false},"featured_media":233280,"comment_status":"open","ping_status":"closed","template":"","meta":[],"product_cat":[506,1049,943],"product_tag":[],"acf":[],"yoast_head":"<!-- This site is optimized with the Yoast SEO plugin v15.9 - https:\/\/yoast.com\/wordpress\/plugins\/seo\/ -->\n<title>Cours Catia V5 Essentiel | Online Courses from Basic to Advanced | RenderTips<\/title>\n<meta name=\"description\" content=\"Apprenez \u00e0 cr\u00e9er des croquis et \u00e0 utiliser les ressources 3D de Catia\u00a0!\" \/>\n<meta name=\"robots\" content=\"index, follow, max-snippet:-1, max-image-preview:large, max-video-preview:-1\" \/>\n<link rel=\"canonical\" href=\"https:\/\/render.tips\/fr\/cours\/catia-fr\/catia-v5-essentiel\" \/>\n<meta property=\"og:locale\" content=\"fr_FR\" \/>\n<meta property=\"og:type\" content=\"article\" \/>\n<meta property=\"og:title\" content=\"Cours Catia V5 Essentiel | Online Courses from Basic to Advanced | RenderTips\" \/>\n<meta property=\"og:description\" content=\"Apprenez \u00e0 cr\u00e9er des croquis et \u00e0 utiliser les ressources 3D de Catia\u00a0!\" \/>\n<meta property=\"og:url\" content=\"https:\/\/render.tips\/fr\/cours\/catia-fr\/catia-v5-essentiel\" \/>\n<meta property=\"og:site_name\" content=\"Online Courses from Basic to Advanced | RenderTips\" \/>\n<meta property=\"article:publisher\" content=\"https:\/\/www.facebook.com\/rendertipscourses\/\" \/>\n<meta property=\"article:modified_time\" content=\"2022-12-08T02:47:27+00:00\" \/>\n<meta property=\"og:image\" content=\"https:\/\/static.render.tips\/wp-content\/uploads\/2022\/12\/CATIA-V5-ESS-FR_facebook.png\" \/>\n<meta name=\"twitter:card\" content=\"summary_large_image\" \/>\n<meta name=\"twitter:image\" content=\"https:\/\/static.render.tips\/wp-content\/uploads\/2022\/12\/CATIA-V5-ESS-FR_facebook.png\" \/>\n<meta name=\"twitter:site\" content=\"@rendertips\" \/>\n<script type=\"application\/ld+json\" class=\"yoast-schema-graph\">{\"@context\":\"https:\/\/schema.org\",\"@graph\":[{\"@type\":\"Organization\",\"@id\":\"https:\/\/render.tips\/#organization\",\"name\":\"Render Tips\",\"url\":\"https:\/\/render.tips\/\",\"sameAs\":[\"https:\/\/www.facebook.com\/rendertipscourses\/\",\"https:\/\/www.instagram.com\/rendertips\/\",\"https:\/\/www.youtube.com\/channel\/UCx_9bcvh0_AQFGXxJ0StKSQ\",\"https:\/\/twitter.com\/rendertips\"],\"logo\":{\"@type\":\"ImageObject\",\"@id\":\"https:\/\/render.tips\/#logo\",\"inLanguage\":\"fr-FR\",\"url\":\"https:\/\/static.render.tips\/wp-content\/uploads\/2019\/08\/logo_1024.png\",\"width\":1024,\"height\":1024,\"caption\":\"Render Tips\"},\"image\":{\"@id\":\"https:\/\/render.tips\/#logo\"}},{\"@type\":\"WebSite\",\"@id\":\"https:\/\/render.tips\/#website\",\"url\":\"https:\/\/render.tips\/\",\"name\":\"Online Courses from Basic to Advanced | RenderTips\",\"description\":\"Technology Online Courses - Solidworks, Autocad, Inventor, 3ds Max and More\",\"publisher\":{\"@id\":\"https:\/\/render.tips\/#organization\"},\"potentialAction\":[{\"@type\":\"SearchAction\",\"target\":\"https:\/\/render.tips\/?s={search_term_string}\",\"query-input\":\"required name=search_term_string\"}],\"inLanguage\":\"fr-FR\"},{\"@type\":\"ImageObject\",\"@id\":\"https:\/\/render.tips\/fr\/cours\/catia-fr\/catia-v5-essentiel#primaryimage\",\"inLanguage\":\"fr-FR\",\"url\":\"https:\/\/static.render.tips\/wp-content\/uploads\/2022\/12\/Curso-catia-v5-essentiel-CATIA-V5-ESS-FR_destaque-20221207230907.jpg\",\"width\":229,\"height\":162},{\"@type\":\"WebPage\",\"@id\":\"https:\/\/render.tips\/fr\/cours\/catia-fr\/catia-v5-essentiel#webpage\",\"url\":\"https:\/\/render.tips\/fr\/cours\/catia-fr\/catia-v5-essentiel\",\"name\":\"Cours Catia V5 Essentiel | Online Courses from Basic to Advanced | RenderTips\",\"isPartOf\":{\"@id\":\"https:\/\/render.tips\/#website\"},\"primaryImageOfPage\":{\"@id\":\"https:\/\/render.tips\/fr\/cours\/catia-fr\/catia-v5-essentiel#primaryimage\"},\"datePublished\":\"2022-12-08T02:09:51+00:00\",\"dateModified\":\"2022-12-08T02:47:27+00:00\",\"description\":\"Apprenez \\u00e0 cr\\u00e9er des croquis et \\u00e0 utiliser les ressources 3D de Catia\\u00a0!\",\"breadcrumb\":{\"@id\":\"https:\/\/render.tips\/fr\/cours\/catia-fr\/catia-v5-essentiel#breadcrumb\"},\"inLanguage\":\"fr-FR\",\"potentialAction\":[{\"@type\":\"ReadAction\",\"target\":[\"https:\/\/render.tips\/fr\/cours\/catia-fr\/catia-v5-essentiel\"]}]},{\"@type\":\"BreadcrumbList\",\"@id\":\"https:\/\/render.tips\/fr\/cours\/catia-fr\/catia-v5-essentiel#breadcrumb\",\"itemListElement\":[{\"@type\":\"ListItem\",\"position\":1,\"item\":{\"@type\":\"WebPage\",\"@id\":\"https:\/\/render.tips\/fr\",\"url\":\"https:\/\/render.tips\/fr\",\"name\":\"Home\"}},{\"@type\":\"ListItem\",\"position\":2,\"item\":{\"@type\":\"WebPage\",\"@id\":\"https:\/\/render.tips\/fr\/shop\",\"url\":\"https:\/\/render.tips\/fr\/shop\",\"name\":\"Shop\"}},{\"@type\":\"ListItem\",\"position\":3,\"item\":{\"@type\":\"WebPage\",\"@id\":\"https:\/\/render.tips\/fr\/cours\/catia-fr\/catia-v5-essentiel\",\"url\":\"https:\/\/render.tips\/fr\/cours\/catia-fr\/catia-v5-essentiel\",\"name\":\"Cours Catia V5 Essentiel\"}}]}]}<\/script>\n<!-- \/ Yoast SEO plugin. -->","_links":{"self":[{"href":"https:\/\/render.tips\/fr\/wp-json\/wp\/v2\/product\/233294"}],"collection":[{"href":"https:\/\/render.tips\/fr\/wp-json\/wp\/v2\/product"}],"about":[{"href":"https:\/\/render.tips\/fr\/wp-json\/wp\/v2\/types\/product"}],"replies":[{"embeddable":true,"href":"https:\/\/render.tips\/fr\/wp-json\/wp\/v2\/comments?post=233294"}],"wp:featuredmedia":[{"embeddable":true,"href":"https:\/\/render.tips\/fr\/wp-json\/wp\/v2\/media\/233280"}],"wp:attachment":[{"href":"https:\/\/render.tips\/fr\/wp-json\/wp\/v2\/media?parent=233294"}],"wp:term":[{"taxonomy":"product_cat","embeddable":true,"href":"https:\/\/render.tips\/fr\/wp-json\/wp\/v2\/product_cat?post=233294"},{"taxonomy":"product_tag","embeddable":true,"href":"https:\/\/render.tips\/fr\/wp-json\/wp\/v2\/product_tag?post=233294"}],"curies":[{"name":"wp","href":"https:\/\/api.w.org\/{rel}","templated":true}]}}