{"id":231470,"date":"2016-03-30T14:37:47","date_gmt":"2016-03-30T17:37:47","guid":{"rendered":"https:\/\/render.tips\/uncategorized\/autocad-plant-3d-2016-modelisation-structurelle"},"modified":"2020-05-11T21:37:43","modified_gmt":"2020-05-12T00:37:43","slug":"autocad-plant-3d-2016-modelisation-structurelle","status":"publish","type":"product","link":"https:\/\/render.tips\/fr\/cours\/autocad-fr\/autocad-plant-3d-2016-modelisation-structurelle","title":{"rendered":"Cours AutoCAD Plant 3D 2016 Mod\u00e9lisation structurelle"},"content":{"rendered":"<p>Avec des le\u00e7ons vid\u00e9o narr\u00e9es, apprenez pas \u00e0 pas comment mod\u00e9liser des structures dans AutoCAD Plant 3D 2016. Apprenez \u00e0 cr\u00e9er un projet, un dessin et une grille. Apprenez \u00e0 ins\u00e9rer, configurer et modifier des profils, des grilles de s\u00e9curit\u00e9, des escaliers, des planches et des chaussures. Avec des exemples pratiques et des exercices, \u00e0 la fin du cours, vous serez en mesure de mod\u00e9liser une structure dans AutoCAD Plant 3D 2016. Commencez ce cours d\u00e8s maintenant et sp\u00e9cialisez-vous dans l&rsquo;utilisation d&rsquo;un logiciel moderne et pratique, AutoCAD Plant 3D\u00a0!<\/p>\n","protected":false},"excerpt":{"rendered":"<p><span style=\"color: #ff6600;\">D\u00e9couvrez \u00e9tape par \u00e9tape comment mod\u00e9liser des structures dans AutoCAD Plant 3D 2016<\/span><\/p>\n","protected":false},"featured_media":231458,"comment_status":"open","ping_status":"closed","template":"","meta":[],"product_cat":[512,473,506,943],"product_tag":[],"acf":[],"yoast_head":"<!-- This site is optimized with the Yoast SEO plugin v15.9 - https:\/\/yoast.com\/wordpress\/plugins\/seo\/ -->\n<title>Cours AutoCAD Plant 3D 2016 Mod\u00e9lisation structurelle | Online Courses from Basic to Advanced | RenderTips<\/title>\n<meta name=\"description\" content=\"D\u00e9couvrez \u00e9tape par \u00e9tape comment mod\u00e9liser des structures dans AutoCAD Plant 3D 2016\" \/>\n<meta name=\"robots\" content=\"index, follow, max-snippet:-1, max-image-preview:large, max-video-preview:-1\" \/>\n<link rel=\"canonical\" href=\"https:\/\/render.tips\/fr\/cours\/autocad-fr\/autocad-plant-3d-2016-modelisation-structurelle\" \/>\n<meta property=\"og:locale\" content=\"fr_FR\" \/>\n<meta property=\"og:type\" content=\"article\" \/>\n<meta property=\"og:title\" content=\"Cours AutoCAD Plant 3D 2016 Mod\u00e9lisation structurelle | Online Courses from Basic to Advanced | RenderTips\" \/>\n<meta property=\"og:description\" content=\"D\u00e9couvrez \u00e9tape par \u00e9tape comment mod\u00e9liser des structures dans AutoCAD Plant 3D 2016\" \/>\n<meta property=\"og:url\" content=\"https:\/\/render.tips\/fr\/cours\/autocad-fr\/autocad-plant-3d-2016-modelisation-structurelle\" \/>\n<meta property=\"og:site_name\" content=\"Online Courses from Basic to Advanced | RenderTips\" \/>\n<meta property=\"article:publisher\" content=\"https:\/\/www.facebook.com\/rendertipscourses\/\" \/>\n<meta property=\"article:modified_time\" content=\"2020-05-12T00:37:43+00:00\" \/>\n<meta property=\"og:image\" content=\"https:\/\/static.render.tips\/wp-content\/uploads\/2020\/04\/ACAD16-P3D-MEST-FR_facebook.png\" \/>\n\t<meta property=\"og:image:width\" content=\"262\" \/>\n\t<meta property=\"og:image:height\" content=\"238\" \/>\n<meta name=\"twitter:card\" content=\"summary_large_image\" \/>\n<meta name=\"twitter:image\" content=\"https:\/\/static.render.tips\/wp-content\/uploads\/2020\/04\/ACAD16-P3D-MEST-FR_facebook.png\" \/>\n<meta name=\"twitter:site\" content=\"@rendertips\" \/>\n<script type=\"application\/ld+json\" class=\"yoast-schema-graph\">{\"@context\":\"https:\/\/schema.org\",\"@graph\":[{\"@type\":\"Organization\",\"@id\":\"https:\/\/render.tips\/#organization\",\"name\":\"Render Tips\",\"url\":\"https:\/\/render.tips\/\",\"sameAs\":[\"https:\/\/www.facebook.com\/rendertipscourses\/\",\"https:\/\/www.instagram.com\/rendertips\/\",\"https:\/\/www.youtube.com\/channel\/UCx_9bcvh0_AQFGXxJ0StKSQ\",\"https:\/\/twitter.com\/rendertips\"],\"logo\":{\"@type\":\"ImageObject\",\"@id\":\"https:\/\/render.tips\/#logo\",\"inLanguage\":\"fr-FR\",\"url\":\"https:\/\/static.render.tips\/wp-content\/uploads\/2019\/08\/logo_1024.png\",\"width\":1024,\"height\":1024,\"caption\":\"Render Tips\"},\"image\":{\"@id\":\"https:\/\/render.tips\/#logo\"}},{\"@type\":\"WebSite\",\"@id\":\"https:\/\/render.tips\/#website\",\"url\":\"https:\/\/render.tips\/\",\"name\":\"Online Courses from Basic to Advanced | RenderTips\",\"description\":\"Technology Online Courses - Solidworks, Autocad, Inventor, 3ds Max and More\",\"publisher\":{\"@id\":\"https:\/\/render.tips\/#organization\"},\"potentialAction\":[{\"@type\":\"SearchAction\",\"target\":\"https:\/\/render.tips\/?s={search_term_string}\",\"query-input\":\"required name=search_term_string\"}],\"inLanguage\":\"fr-FR\"},{\"@type\":\"ImageObject\",\"@id\":\"https:\/\/render.tips\/fr\/cours\/autocad-fr\/autocad-plant-3d-2016-modelisation-structurelle#primaryimage\",\"inLanguage\":\"fr-FR\",\"url\":\"https:\/\/static.render.tips\/wp-content\/uploads\/2020\/04\/Curso-autocad-plant-3d-2016-modelisation-structurelle-ACAD16-P3D-MEST-FR_destaque-20200421173623.jpg\",\"width\":229,\"height\":162},{\"@type\":\"WebPage\",\"@id\":\"https:\/\/render.tips\/fr\/cours\/autocad-fr\/autocad-plant-3d-2016-modelisation-structurelle#webpage\",\"url\":\"https:\/\/render.tips\/fr\/cours\/autocad-fr\/autocad-plant-3d-2016-modelisation-structurelle\",\"name\":\"Cours AutoCAD Plant 3D 2016 Mod\\u00e9lisation structurelle | Online Courses from Basic to Advanced | RenderTips\",\"isPartOf\":{\"@id\":\"https:\/\/render.tips\/#website\"},\"primaryImageOfPage\":{\"@id\":\"https:\/\/render.tips\/fr\/cours\/autocad-fr\/autocad-plant-3d-2016-modelisation-structurelle#primaryimage\"},\"datePublished\":\"2016-03-30T17:37:47+00:00\",\"dateModified\":\"2020-05-12T00:37:43+00:00\",\"description\":\"D\\u00e9couvrez \\u00e9tape par \\u00e9tape comment mod\\u00e9liser des structures dans AutoCAD Plant 3D 2016\",\"breadcrumb\":{\"@id\":\"https:\/\/render.tips\/fr\/cours\/autocad-fr\/autocad-plant-3d-2016-modelisation-structurelle#breadcrumb\"},\"inLanguage\":\"fr-FR\",\"potentialAction\":[{\"@type\":\"ReadAction\",\"target\":[\"https:\/\/render.tips\/fr\/cours\/autocad-fr\/autocad-plant-3d-2016-modelisation-structurelle\"]}]},{\"@type\":\"BreadcrumbList\",\"@id\":\"https:\/\/render.tips\/fr\/cours\/autocad-fr\/autocad-plant-3d-2016-modelisation-structurelle#breadcrumb\",\"itemListElement\":[{\"@type\":\"ListItem\",\"position\":1,\"item\":{\"@type\":\"WebPage\",\"@id\":\"https:\/\/render.tips\/fr\",\"url\":\"https:\/\/render.tips\/fr\",\"name\":\"Home\"}},{\"@type\":\"ListItem\",\"position\":2,\"item\":{\"@type\":\"WebPage\",\"@id\":\"https:\/\/render.tips\/fr\/shop\",\"url\":\"https:\/\/render.tips\/fr\/shop\",\"name\":\"Shop\"}},{\"@type\":\"ListItem\",\"position\":3,\"item\":{\"@type\":\"WebPage\",\"@id\":\"https:\/\/render.tips\/fr\/cours\/autocad-fr\/autocad-plant-3d-2016-modelisation-structurelle\",\"url\":\"https:\/\/render.tips\/fr\/cours\/autocad-fr\/autocad-plant-3d-2016-modelisation-structurelle\",\"name\":\"Cours AutoCAD Plant 3D 2016 Mod\\u00e9lisation structurelle\"}}]}]}<\/script>\n<!-- \/ Yoast SEO plugin. -->","_links":{"self":[{"href":"https:\/\/render.tips\/fr\/wp-json\/wp\/v2\/product\/231470"}],"collection":[{"href":"https:\/\/render.tips\/fr\/wp-json\/wp\/v2\/product"}],"about":[{"href":"https:\/\/render.tips\/fr\/wp-json\/wp\/v2\/types\/product"}],"replies":[{"embeddable":true,"href":"https:\/\/render.tips\/fr\/wp-json\/wp\/v2\/comments?post=231470"}],"wp:featuredmedia":[{"embeddable":true,"href":"https:\/\/render.tips\/fr\/wp-json\/wp\/v2\/media\/231458"}],"wp:attachment":[{"href":"https:\/\/render.tips\/fr\/wp-json\/wp\/v2\/media?parent=231470"}],"wp:term":[{"taxonomy":"product_cat","embeddable":true,"href":"https:\/\/render.tips\/fr\/wp-json\/wp\/v2\/product_cat?post=231470"},{"taxonomy":"product_tag","embeddable":true,"href":"https:\/\/render.tips\/fr\/wp-json\/wp\/v2\/product_tag?post=231470"}],"curies":[{"name":"wp","href":"https:\/\/api.w.org\/{rel}","templated":true}]}}