{"id":231409,"date":"2020-04-21T15:12:03","date_gmt":"2020-04-21T18:12:03","guid":{"rendered":"https:\/\/render.tips\/uncategorized\/autocad-mechanical-2017-essentiel"},"modified":"2020-04-21T15:12:07","modified_gmt":"2020-04-21T18:12:07","slug":"autocad-mechanical-2017-essentiel","status":"publish","type":"product","link":"https:\/\/render.tips\/fr\/cours\/autocad-fr\/autocad-mechanical-2017-essentiel","title":{"rendered":"Cours AutoCAD Mechanical 2017 Essentiel"},"content":{"rendered":"<p>Avec le cours AutoCAD Mechanical 2017 Essential, vous apprendrez \u00e0 gagner du temps dans le d\u00e9veloppement de vos projets m\u00e9caniques. Gr\u00e2ce \u00e0 des assistants, une biblioth\u00e8que de composants et des outils uniques, la cr\u00e9ation d&rsquo;\u00e9l\u00e9ments m\u00e9caniques et de dispositifs se fera en toute s\u00e9curit\u00e9, agile et flexible. Gagnez du temps dans la r\u00e9alisation de vos projets en d\u00e9finissant rapidement des vues de pi\u00e8ces et en ins\u00e9rant des tableaux avec des informations suppl\u00e9mentaires. Rendez le d\u00e9veloppement de vos projets m\u00e9caniques plus agile et pratique avec AutoCAD Mechanical 2017\u00a0!<\/p>\n","protected":false},"excerpt":{"rendered":"<p><span style=\"color: #ff6600\">Concevez des conceptions m\u00e9caniques 2D rapidement et facilement \u00e0 l&rsquo;aide d&rsquo;AutoCAD Mechanical<\/span><\/p>\n","protected":false},"featured_media":231397,"comment_status":"open","ping_status":"closed","template":"","meta":[],"product_cat":[473,506,943],"product_tag":[],"acf":[],"yoast_head":"<!-- This site is optimized with the Yoast SEO plugin v15.9 - https:\/\/yoast.com\/wordpress\/plugins\/seo\/ -->\n<title>Cours AutoCAD Mechanical 2017 Essentiel | Online Courses from Basic to Advanced | RenderTips<\/title>\n<meta name=\"description\" content=\"Concevez des conceptions m\u00e9caniques 2D rapidement et facilement \u00e0 l&#039;aide d&#039;AutoCAD Mechanical\" \/>\n<meta name=\"robots\" content=\"index, follow, max-snippet:-1, max-image-preview:large, max-video-preview:-1\" \/>\n<link rel=\"canonical\" href=\"https:\/\/render.tips\/fr\/cours\/autocad-fr\/autocad-mechanical-2017-essentiel\" \/>\n<meta property=\"og:locale\" content=\"fr_FR\" \/>\n<meta property=\"og:type\" content=\"article\" \/>\n<meta property=\"og:title\" content=\"Cours AutoCAD Mechanical 2017 Essentiel | Online Courses from Basic to Advanced | RenderTips\" \/>\n<meta property=\"og:description\" content=\"Concevez des conceptions m\u00e9caniques 2D rapidement et facilement \u00e0 l&#039;aide d&#039;AutoCAD Mechanical\" \/>\n<meta property=\"og:url\" content=\"https:\/\/render.tips\/fr\/cours\/autocad-fr\/autocad-mechanical-2017-essentiel\" \/>\n<meta property=\"og:site_name\" content=\"Online Courses from Basic to Advanced | RenderTips\" \/>\n<meta property=\"article:publisher\" content=\"https:\/\/www.facebook.com\/rendertipscourses\/\" \/>\n<meta property=\"article:modified_time\" content=\"2020-04-21T18:12:07+00:00\" \/>\n<meta property=\"og:image\" content=\"https:\/\/static.render.tips\/wp-content\/uploads\/2020\/04\/ACAD17-M-ESS-FR_facebook.png\" \/>\n\t<meta property=\"og:image:width\" content=\"1200\" \/>\n\t<meta property=\"og:image:height\" content=\"630\" \/>\n<meta name=\"twitter:card\" content=\"summary_large_image\" \/>\n<meta name=\"twitter:image\" content=\"https:\/\/static.render.tips\/wp-content\/uploads\/2020\/04\/ACAD17-M-ESS-FR_facebook.png\" \/>\n<meta name=\"twitter:site\" content=\"@rendertips\" \/>\n<script type=\"application\/ld+json\" class=\"yoast-schema-graph\">{\"@context\":\"https:\/\/schema.org\",\"@graph\":[{\"@type\":\"Organization\",\"@id\":\"https:\/\/render.tips\/#organization\",\"name\":\"Render Tips\",\"url\":\"https:\/\/render.tips\/\",\"sameAs\":[\"https:\/\/www.facebook.com\/rendertipscourses\/\",\"https:\/\/www.instagram.com\/rendertips\/\",\"https:\/\/www.youtube.com\/channel\/UCx_9bcvh0_AQFGXxJ0StKSQ\",\"https:\/\/twitter.com\/rendertips\"],\"logo\":{\"@type\":\"ImageObject\",\"@id\":\"https:\/\/render.tips\/#logo\",\"inLanguage\":\"fr-FR\",\"url\":\"https:\/\/static.render.tips\/wp-content\/uploads\/2019\/08\/logo_1024.png\",\"width\":1024,\"height\":1024,\"caption\":\"Render Tips\"},\"image\":{\"@id\":\"https:\/\/render.tips\/#logo\"}},{\"@type\":\"WebSite\",\"@id\":\"https:\/\/render.tips\/#website\",\"url\":\"https:\/\/render.tips\/\",\"name\":\"Online Courses from Basic to Advanced | RenderTips\",\"description\":\"Technology Online Courses - Solidworks, Autocad, Inventor, 3ds Max and More\",\"publisher\":{\"@id\":\"https:\/\/render.tips\/#organization\"},\"potentialAction\":[{\"@type\":\"SearchAction\",\"target\":\"https:\/\/render.tips\/?s={search_term_string}\",\"query-input\":\"required name=search_term_string\"}],\"inLanguage\":\"fr-FR\"},{\"@type\":\"ImageObject\",\"@id\":\"https:\/\/render.tips\/fr\/cours\/autocad-fr\/autocad-mechanical-2017-essentiel#primaryimage\",\"inLanguage\":\"fr-FR\",\"url\":\"https:\/\/static.render.tips\/wp-content\/uploads\/2020\/04\/Curso-autocad-mechanical-2017-essentiel-ACAD17-M-ESS-FR_destaque-20200421151035.jpg\",\"width\":229,\"height\":162},{\"@type\":\"WebPage\",\"@id\":\"https:\/\/render.tips\/fr\/cours\/autocad-fr\/autocad-mechanical-2017-essentiel#webpage\",\"url\":\"https:\/\/render.tips\/fr\/cours\/autocad-fr\/autocad-mechanical-2017-essentiel\",\"name\":\"Cours AutoCAD Mechanical 2017 Essentiel | Online Courses from Basic to Advanced | RenderTips\",\"isPartOf\":{\"@id\":\"https:\/\/render.tips\/#website\"},\"primaryImageOfPage\":{\"@id\":\"https:\/\/render.tips\/fr\/cours\/autocad-fr\/autocad-mechanical-2017-essentiel#primaryimage\"},\"datePublished\":\"2020-04-21T18:12:03+00:00\",\"dateModified\":\"2020-04-21T18:12:07+00:00\",\"description\":\"Concevez des conceptions m\\u00e9caniques 2D rapidement et facilement \\u00e0 l'aide d'AutoCAD Mechanical\",\"breadcrumb\":{\"@id\":\"https:\/\/render.tips\/fr\/cours\/autocad-fr\/autocad-mechanical-2017-essentiel#breadcrumb\"},\"inLanguage\":\"fr-FR\",\"potentialAction\":[{\"@type\":\"ReadAction\",\"target\":[\"https:\/\/render.tips\/fr\/cours\/autocad-fr\/autocad-mechanical-2017-essentiel\"]}]},{\"@type\":\"BreadcrumbList\",\"@id\":\"https:\/\/render.tips\/fr\/cours\/autocad-fr\/autocad-mechanical-2017-essentiel#breadcrumb\",\"itemListElement\":[{\"@type\":\"ListItem\",\"position\":1,\"item\":{\"@type\":\"WebPage\",\"@id\":\"https:\/\/render.tips\/fr\",\"url\":\"https:\/\/render.tips\/fr\",\"name\":\"Home\"}},{\"@type\":\"ListItem\",\"position\":2,\"item\":{\"@type\":\"WebPage\",\"@id\":\"https:\/\/render.tips\/fr\/shop\",\"url\":\"https:\/\/render.tips\/fr\/shop\",\"name\":\"Shop\"}},{\"@type\":\"ListItem\",\"position\":3,\"item\":{\"@type\":\"WebPage\",\"@id\":\"https:\/\/render.tips\/fr\/cours\/autocad-fr\/autocad-mechanical-2017-essentiel\",\"url\":\"https:\/\/render.tips\/fr\/cours\/autocad-fr\/autocad-mechanical-2017-essentiel\",\"name\":\"Cours AutoCAD Mechanical 2017 Essentiel\"}}]}]}<\/script>\n<!-- \/ Yoast SEO plugin. -->","_links":{"self":[{"href":"https:\/\/render.tips\/fr\/wp-json\/wp\/v2\/product\/231409"}],"collection":[{"href":"https:\/\/render.tips\/fr\/wp-json\/wp\/v2\/product"}],"about":[{"href":"https:\/\/render.tips\/fr\/wp-json\/wp\/v2\/types\/product"}],"replies":[{"embeddable":true,"href":"https:\/\/render.tips\/fr\/wp-json\/wp\/v2\/comments?post=231409"}],"wp:featuredmedia":[{"embeddable":true,"href":"https:\/\/render.tips\/fr\/wp-json\/wp\/v2\/media\/231397"}],"wp:attachment":[{"href":"https:\/\/render.tips\/fr\/wp-json\/wp\/v2\/media?parent=231409"}],"wp:term":[{"taxonomy":"product_cat","embeddable":true,"href":"https:\/\/render.tips\/fr\/wp-json\/wp\/v2\/product_cat?post=231409"},{"taxonomy":"product_tag","embeddable":true,"href":"https:\/\/render.tips\/fr\/wp-json\/wp\/v2\/product_tag?post=231409"}],"curies":[{"name":"wp","href":"https:\/\/api.w.org\/{rel}","templated":true}]}}