{"id":231352,"date":"2016-09-08T09:38:49","date_gmt":"2016-09-08T12:38:49","guid":{"rendered":"https:\/\/render.tips\/uncategorized\/autocad-2017-parametrage-blocs-dynamiques-et-echelles"},"modified":"2020-05-11T21:40:43","modified_gmt":"2020-05-12T00:40:43","slug":"autocad-2017-parametrage-blocs-dynamiques-et-echelles","status":"publish","type":"product","link":"https:\/\/render.tips\/fr\/cours\/autocad-fr\/autocad-2017-parametrage-blocs-dynamiques-et-echelles","title":{"rendered":"Cours AutoCAD 2017 Param\u00e9trage, Blocs Dynamiques et \u00c9chelles"},"content":{"rendered":"<p>Avec des le\u00e7ons vid\u00e9o dynamiques, apprenez \u00e0 optimiser le d\u00e9veloppement de projet dans AutoCAD, en utilisant le param\u00e9trage, les blocs dynamiques et l&rsquo;automatisation des \u00e9chelles. Le param\u00e9trage ins\u00e8re des relations entre les dimensions, ce qui facilite la modification du projet. Les blocs dynamiques acc\u00e9l\u00e8rent l&rsquo;insertion d&rsquo;\u00e9l\u00e9ments et vous permettent de joindre plusieurs blocs en un seul. L&rsquo;automatisation de l&rsquo;\u00e9chelle vous permet d&rsquo;afficher correctement les \u00e9l\u00e9ments dans diff\u00e9rents facteurs de mise \u00e0 l&rsquo;\u00e9chelle. Prenez ce cours et soyez en mesure de cr\u00e9er des projets professionnels et optimis\u00e9s dans AutoCAD\u00a0!<\/p>\n","protected":false},"excerpt":{"rendered":"<p><span style=\"color: #ff6600;\">Optimisez le d\u00e9veloppement de projets avec param\u00e9trage, blocs dynamiques et automatisation de l&rsquo;\u00e9chelle\u00a0!<\/span><\/p>\n","protected":false},"featured_media":231340,"comment_status":"open","ping_status":"closed","template":"","meta":[],"product_cat":[512,473,506,943],"product_tag":[],"acf":[],"yoast_head":"<!-- This site is optimized with the Yoast SEO plugin v15.9 - https:\/\/yoast.com\/wordpress\/plugins\/seo\/ -->\n<title>Cours AutoCAD 2017 Param\u00e9trage, Blocs Dynamiques et \u00c9chelles | Online Courses from Basic to Advanced | RenderTips<\/title>\n<meta name=\"description\" content=\"Optimisez le d\u00e9veloppement de projets avec param\u00e9trage, blocs dynamiques et automatisation de l&#039;\u00e9chelle !\" \/>\n<meta name=\"robots\" content=\"index, follow, max-snippet:-1, max-image-preview:large, max-video-preview:-1\" \/>\n<link rel=\"canonical\" href=\"https:\/\/render.tips\/fr\/cours\/autocad-fr\/autocad-2017-parametrage-blocs-dynamiques-et-echelles\" \/>\n<meta property=\"og:locale\" content=\"fr_FR\" \/>\n<meta property=\"og:type\" content=\"article\" \/>\n<meta property=\"og:title\" content=\"Cours AutoCAD 2017 Param\u00e9trage, Blocs Dynamiques et \u00c9chelles | Online Courses from Basic to Advanced | RenderTips\" \/>\n<meta property=\"og:description\" content=\"Optimisez le d\u00e9veloppement de projets avec param\u00e9trage, blocs dynamiques et automatisation de l&#039;\u00e9chelle !\" \/>\n<meta property=\"og:url\" content=\"https:\/\/render.tips\/fr\/cours\/autocad-fr\/autocad-2017-parametrage-blocs-dynamiques-et-echelles\" \/>\n<meta property=\"og:site_name\" content=\"Online Courses from Basic to Advanced | RenderTips\" \/>\n<meta property=\"article:publisher\" content=\"https:\/\/www.facebook.com\/rendertipscourses\/\" \/>\n<meta property=\"article:modified_time\" content=\"2020-05-12T00:40:43+00:00\" \/>\n<meta property=\"og:image\" content=\"https:\/\/static.render.tips\/wp-content\/uploads\/2020\/04\/ACAD17-P-BD-ESC-FR_facebook.png\" \/>\n\t<meta property=\"og:image:width\" content=\"282\" \/>\n\t<meta property=\"og:image:height\" content=\"256\" \/>\n<meta name=\"twitter:card\" content=\"summary_large_image\" \/>\n<meta name=\"twitter:image\" content=\"https:\/\/static.render.tips\/wp-content\/uploads\/2020\/04\/ACAD17-P-BD-ESC-FR_facebook.png\" \/>\n<meta name=\"twitter:site\" content=\"@rendertips\" \/>\n<meta name=\"twitter:label1\" content=\"Dur\u00e9e de lecture est.\">\n\t<meta name=\"twitter:data1\" content=\"1 minute\">\n<script type=\"application\/ld+json\" class=\"yoast-schema-graph\">{\"@context\":\"https:\/\/schema.org\",\"@graph\":[{\"@type\":\"Organization\",\"@id\":\"https:\/\/render.tips\/#organization\",\"name\":\"Render Tips\",\"url\":\"https:\/\/render.tips\/\",\"sameAs\":[\"https:\/\/www.facebook.com\/rendertipscourses\/\",\"https:\/\/www.instagram.com\/rendertips\/\",\"https:\/\/www.youtube.com\/channel\/UCx_9bcvh0_AQFGXxJ0StKSQ\",\"https:\/\/twitter.com\/rendertips\"],\"logo\":{\"@type\":\"ImageObject\",\"@id\":\"https:\/\/render.tips\/#logo\",\"inLanguage\":\"fr-FR\",\"url\":\"https:\/\/static.render.tips\/wp-content\/uploads\/2019\/08\/logo_1024.png\",\"width\":1024,\"height\":1024,\"caption\":\"Render Tips\"},\"image\":{\"@id\":\"https:\/\/render.tips\/#logo\"}},{\"@type\":\"WebSite\",\"@id\":\"https:\/\/render.tips\/#website\",\"url\":\"https:\/\/render.tips\/\",\"name\":\"Online Courses from Basic to Advanced | RenderTips\",\"description\":\"Technology Online Courses - Solidworks, Autocad, Inventor, 3ds Max and More\",\"publisher\":{\"@id\":\"https:\/\/render.tips\/#organization\"},\"potentialAction\":[{\"@type\":\"SearchAction\",\"target\":\"https:\/\/render.tips\/?s={search_term_string}\",\"query-input\":\"required name=search_term_string\"}],\"inLanguage\":\"fr-FR\"},{\"@type\":\"ImageObject\",\"@id\":\"https:\/\/render.tips\/fr\/cours\/autocad-fr\/autocad-2017-parametrage-blocs-dynamiques-et-echelles#primaryimage\",\"inLanguage\":\"fr-FR\",\"url\":\"https:\/\/static.render.tips\/wp-content\/uploads\/2020\/04\/Curso-autocad-2017-parametrage-blocs-dynamiques-et-echelles-ACAD17-P-BD-ESC-FR_destaque-20200421123726.jpg\",\"width\":229,\"height\":162},{\"@type\":\"WebPage\",\"@id\":\"https:\/\/render.tips\/fr\/cours\/autocad-fr\/autocad-2017-parametrage-blocs-dynamiques-et-echelles#webpage\",\"url\":\"https:\/\/render.tips\/fr\/cours\/autocad-fr\/autocad-2017-parametrage-blocs-dynamiques-et-echelles\",\"name\":\"Cours AutoCAD 2017 Param\\u00e9trage, Blocs Dynamiques et \\u00c9chelles | Online Courses from Basic to Advanced | RenderTips\",\"isPartOf\":{\"@id\":\"https:\/\/render.tips\/#website\"},\"primaryImageOfPage\":{\"@id\":\"https:\/\/render.tips\/fr\/cours\/autocad-fr\/autocad-2017-parametrage-blocs-dynamiques-et-echelles#primaryimage\"},\"datePublished\":\"2016-09-08T12:38:49+00:00\",\"dateModified\":\"2020-05-12T00:40:43+00:00\",\"description\":\"Optimisez le d\\u00e9veloppement de projets avec param\\u00e9trage, blocs dynamiques et automatisation de l'\\u00e9chelle !\",\"breadcrumb\":{\"@id\":\"https:\/\/render.tips\/fr\/cours\/autocad-fr\/autocad-2017-parametrage-blocs-dynamiques-et-echelles#breadcrumb\"},\"inLanguage\":\"fr-FR\",\"potentialAction\":[{\"@type\":\"ReadAction\",\"target\":[\"https:\/\/render.tips\/fr\/cours\/autocad-fr\/autocad-2017-parametrage-blocs-dynamiques-et-echelles\"]}]},{\"@type\":\"BreadcrumbList\",\"@id\":\"https:\/\/render.tips\/fr\/cours\/autocad-fr\/autocad-2017-parametrage-blocs-dynamiques-et-echelles#breadcrumb\",\"itemListElement\":[{\"@type\":\"ListItem\",\"position\":1,\"item\":{\"@type\":\"WebPage\",\"@id\":\"https:\/\/render.tips\/fr\",\"url\":\"https:\/\/render.tips\/fr\",\"name\":\"Home\"}},{\"@type\":\"ListItem\",\"position\":2,\"item\":{\"@type\":\"WebPage\",\"@id\":\"https:\/\/render.tips\/fr\/shop\",\"url\":\"https:\/\/render.tips\/fr\/shop\",\"name\":\"Shop\"}},{\"@type\":\"ListItem\",\"position\":3,\"item\":{\"@type\":\"WebPage\",\"@id\":\"https:\/\/render.tips\/fr\/cours\/autocad-fr\/autocad-2017-parametrage-blocs-dynamiques-et-echelles\",\"url\":\"https:\/\/render.tips\/fr\/cours\/autocad-fr\/autocad-2017-parametrage-blocs-dynamiques-et-echelles\",\"name\":\"Cours AutoCAD 2017 Param\\u00e9trage, Blocs Dynamiques et \\u00c9chelles\"}}]}]}<\/script>\n<!-- \/ Yoast SEO plugin. -->","_links":{"self":[{"href":"https:\/\/render.tips\/fr\/wp-json\/wp\/v2\/product\/231352"}],"collection":[{"href":"https:\/\/render.tips\/fr\/wp-json\/wp\/v2\/product"}],"about":[{"href":"https:\/\/render.tips\/fr\/wp-json\/wp\/v2\/types\/product"}],"replies":[{"embeddable":true,"href":"https:\/\/render.tips\/fr\/wp-json\/wp\/v2\/comments?post=231352"}],"wp:featuredmedia":[{"embeddable":true,"href":"https:\/\/render.tips\/fr\/wp-json\/wp\/v2\/media\/231340"}],"wp:attachment":[{"href":"https:\/\/render.tips\/fr\/wp-json\/wp\/v2\/media?parent=231352"}],"wp:term":[{"taxonomy":"product_cat","embeddable":true,"href":"https:\/\/render.tips\/fr\/wp-json\/wp\/v2\/product_cat?post=231352"},{"taxonomy":"product_tag","embeddable":true,"href":"https:\/\/render.tips\/fr\/wp-json\/wp\/v2\/product_tag?post=231352"}],"curies":[{"name":"wp","href":"https:\/\/api.w.org\/{rel}","templated":true}]}}