{"id":230956,"date":"2016-12-02T10:11:18","date_gmt":"2016-12-02T12:11:18","guid":{"rendered":"https:\/\/render.tips\/uncategorized\/autocad-2017-plan-detage"},"modified":"2020-04-06T23:43:53","modified_gmt":"2020-04-07T02:43:53","slug":"autocad-2017-plan-detage","status":"publish","type":"product","link":"https:\/\/render.tips\/fr\/cours\/autocad-fr\/autocad-2017-plan-detage","title":{"rendered":"Cours AutoCAD 2017 Plan d&rsquo;\u00e9tage"},"content":{"rendered":"<p>Avec des le\u00e7ons vid\u00e9o pratiques, apprenez \u00e0 cr\u00e9er des plantes basses de mani\u00e8re professionnelle. Apprenez les concepts, les normes, les symbologies et les techniques de cr\u00e9ation de plantes dans AutoCAD. Apprenez \u00e0 d\u00e9finir un fichier par d\u00e9faut et \u00e0 cr\u00e9er \u00e9tape par \u00e9tape le plan d&rsquo;\u00e9tage, d\u00e9finir les murs et les ouvertures, ins\u00e9rer des portes et des fen\u00eatres, humaniser, dimensionner et param\u00e9trer le projet. Cr\u00e9ez \u00e9galement des fa\u00e7ades et des coupes. Apprenez les meilleures techniques pour cr\u00e9er un plan d&rsquo;\u00e9tage dans AutoCAD et soyez un professionnel en demande sur le march\u00e9\u00a0!<\/p>\n","protected":false},"excerpt":{"rendered":"<p><span style=\"color: #ff6600;\">Apprenez pas \u00e0 pas comment cr\u00e9er des plantes basses rapidement, en suivant des concepts, des normes et des techniques professionnels<\/span><\/p>\n","protected":false},"featured_media":230944,"comment_status":"open","ping_status":"closed","template":"","meta":[],"product_cat":[512,473,506,943],"product_tag":[],"acf":[],"yoast_head":"<!-- This site is optimized with the Yoast SEO plugin v15.9 - https:\/\/yoast.com\/wordpress\/plugins\/seo\/ -->\n<title>Cours AutoCAD 2017 Plan d&#039;\u00e9tage | Online Courses from Basic to Advanced | RenderTips<\/title>\n<meta name=\"description\" content=\"Apprenez pas \u00e0 pas comment cr\u00e9er des plantes basses rapidement, en suivant des concepts, des normes et des techniques professionnels\" \/>\n<meta name=\"robots\" content=\"index, follow, max-snippet:-1, max-image-preview:large, max-video-preview:-1\" \/>\n<link rel=\"canonical\" href=\"https:\/\/render.tips\/fr\/cours\/autocad-fr\/autocad-2017-plan-detage\" \/>\n<meta property=\"og:locale\" content=\"fr_FR\" \/>\n<meta property=\"og:type\" content=\"article\" \/>\n<meta property=\"og:title\" content=\"Cours AutoCAD 2017 Plan d&#039;\u00e9tage | Online Courses from Basic to Advanced | RenderTips\" \/>\n<meta property=\"og:description\" content=\"Apprenez pas \u00e0 pas comment cr\u00e9er des plantes basses rapidement, en suivant des concepts, des normes et des techniques professionnels\" \/>\n<meta property=\"og:url\" content=\"https:\/\/render.tips\/fr\/cours\/autocad-fr\/autocad-2017-plan-detage\" \/>\n<meta property=\"og:site_name\" content=\"Online Courses from Basic to Advanced | RenderTips\" \/>\n<meta property=\"article:publisher\" content=\"https:\/\/www.facebook.com\/rendertipscourses\/\" \/>\n<meta property=\"article:modified_time\" content=\"2020-04-07T02:43:53+00:00\" \/>\n<meta property=\"og:image\" content=\"https:\/\/static.render.tips\/wp-content\/uploads\/2020\/04\/ACAD17-PB-FR_facebook.png\" \/>\n\t<meta property=\"og:image:width\" content=\"282\" \/>\n\t<meta property=\"og:image:height\" content=\"256\" \/>\n<meta name=\"twitter:card\" content=\"summary_large_image\" \/>\n<meta name=\"twitter:image\" content=\"https:\/\/static.render.tips\/wp-content\/uploads\/2020\/04\/ACAD17-PB-FR_facebook.png\" \/>\n<meta name=\"twitter:site\" content=\"@rendertips\" \/>\n<meta name=\"twitter:label1\" content=\"Dur\u00e9e de lecture est.\">\n\t<meta name=\"twitter:data1\" content=\"1 minute\">\n<script type=\"application\/ld+json\" class=\"yoast-schema-graph\">{\"@context\":\"https:\/\/schema.org\",\"@graph\":[{\"@type\":\"Organization\",\"@id\":\"https:\/\/render.tips\/#organization\",\"name\":\"Render Tips\",\"url\":\"https:\/\/render.tips\/\",\"sameAs\":[\"https:\/\/www.facebook.com\/rendertipscourses\/\",\"https:\/\/www.instagram.com\/rendertips\/\",\"https:\/\/www.youtube.com\/channel\/UCx_9bcvh0_AQFGXxJ0StKSQ\",\"https:\/\/twitter.com\/rendertips\"],\"logo\":{\"@type\":\"ImageObject\",\"@id\":\"https:\/\/render.tips\/#logo\",\"inLanguage\":\"fr-FR\",\"url\":\"https:\/\/static.render.tips\/wp-content\/uploads\/2019\/08\/logo_1024.png\",\"width\":1024,\"height\":1024,\"caption\":\"Render Tips\"},\"image\":{\"@id\":\"https:\/\/render.tips\/#logo\"}},{\"@type\":\"WebSite\",\"@id\":\"https:\/\/render.tips\/#website\",\"url\":\"https:\/\/render.tips\/\",\"name\":\"Online Courses from Basic to Advanced | RenderTips\",\"description\":\"Technology Online Courses - Solidworks, Autocad, Inventor, 3ds Max and More\",\"publisher\":{\"@id\":\"https:\/\/render.tips\/#organization\"},\"potentialAction\":[{\"@type\":\"SearchAction\",\"target\":\"https:\/\/render.tips\/?s={search_term_string}\",\"query-input\":\"required name=search_term_string\"}],\"inLanguage\":\"fr-FR\"},{\"@type\":\"ImageObject\",\"@id\":\"https:\/\/render.tips\/fr\/cours\/autocad-fr\/autocad-2017-plan-detage#primaryimage\",\"inLanguage\":\"fr-FR\",\"url\":\"https:\/\/static.render.tips\/wp-content\/uploads\/2020\/04\/Curso-autocad-2017-plan-detage-ACAD17-PB-FR_destaque-20200406231007.jpg\",\"width\":229,\"height\":162},{\"@type\":\"WebPage\",\"@id\":\"https:\/\/render.tips\/fr\/cours\/autocad-fr\/autocad-2017-plan-detage#webpage\",\"url\":\"https:\/\/render.tips\/fr\/cours\/autocad-fr\/autocad-2017-plan-detage\",\"name\":\"Cours AutoCAD 2017 Plan d'\\u00e9tage | Online Courses from Basic to Advanced | RenderTips\",\"isPartOf\":{\"@id\":\"https:\/\/render.tips\/#website\"},\"primaryImageOfPage\":{\"@id\":\"https:\/\/render.tips\/fr\/cours\/autocad-fr\/autocad-2017-plan-detage#primaryimage\"},\"datePublished\":\"2016-12-02T12:11:18+00:00\",\"dateModified\":\"2020-04-07T02:43:53+00:00\",\"description\":\"Apprenez pas \\u00e0 pas comment cr\\u00e9er des plantes basses rapidement, en suivant des concepts, des normes et des techniques professionnels\",\"breadcrumb\":{\"@id\":\"https:\/\/render.tips\/fr\/cours\/autocad-fr\/autocad-2017-plan-detage#breadcrumb\"},\"inLanguage\":\"fr-FR\",\"potentialAction\":[{\"@type\":\"ReadAction\",\"target\":[\"https:\/\/render.tips\/fr\/cours\/autocad-fr\/autocad-2017-plan-detage\"]}]},{\"@type\":\"BreadcrumbList\",\"@id\":\"https:\/\/render.tips\/fr\/cours\/autocad-fr\/autocad-2017-plan-detage#breadcrumb\",\"itemListElement\":[{\"@type\":\"ListItem\",\"position\":1,\"item\":{\"@type\":\"WebPage\",\"@id\":\"https:\/\/render.tips\/fr\",\"url\":\"https:\/\/render.tips\/fr\",\"name\":\"Home\"}},{\"@type\":\"ListItem\",\"position\":2,\"item\":{\"@type\":\"WebPage\",\"@id\":\"https:\/\/render.tips\/fr\/shop\",\"url\":\"https:\/\/render.tips\/fr\/shop\",\"name\":\"Shop\"}},{\"@type\":\"ListItem\",\"position\":3,\"item\":{\"@type\":\"WebPage\",\"@id\":\"https:\/\/render.tips\/fr\/cours\/autocad-fr\/autocad-2017-plan-detage\",\"url\":\"https:\/\/render.tips\/fr\/cours\/autocad-fr\/autocad-2017-plan-detage\",\"name\":\"Cours AutoCAD 2017 Plan d&rsquo;\\u00e9tage\"}}]}]}<\/script>\n<!-- \/ Yoast SEO plugin. -->","_links":{"self":[{"href":"https:\/\/render.tips\/fr\/wp-json\/wp\/v2\/product\/230956"}],"collection":[{"href":"https:\/\/render.tips\/fr\/wp-json\/wp\/v2\/product"}],"about":[{"href":"https:\/\/render.tips\/fr\/wp-json\/wp\/v2\/types\/product"}],"replies":[{"embeddable":true,"href":"https:\/\/render.tips\/fr\/wp-json\/wp\/v2\/comments?post=230956"}],"wp:featuredmedia":[{"embeddable":true,"href":"https:\/\/render.tips\/fr\/wp-json\/wp\/v2\/media\/230944"}],"wp:attachment":[{"href":"https:\/\/render.tips\/fr\/wp-json\/wp\/v2\/media?parent=230956"}],"wp:term":[{"taxonomy":"product_cat","embeddable":true,"href":"https:\/\/render.tips\/fr\/wp-json\/wp\/v2\/product_cat?post=230956"},{"taxonomy":"product_tag","embeddable":true,"href":"https:\/\/render.tips\/fr\/wp-json\/wp\/v2\/product_tag?post=230956"}],"curies":[{"name":"wp","href":"https:\/\/api.w.org\/{rel}","templated":true}]}}