{"id":230891,"date":"2017-02-10T09:29:22","date_gmt":"2017-02-10T11:29:22","guid":{"rendered":"https:\/\/render.tips\/uncategorized\/autocad-2017-dessins-electriques-residentiels"},"modified":"2020-04-06T22:51:56","modified_gmt":"2020-04-07T01:51:56","slug":"autocad-2017-dessins-electriques-residentiels","status":"publish","type":"product","link":"https:\/\/render.tips\/fr\/cours\/autocad-fr\/autocad-2017-dessins-electriques-residentiels","title":{"rendered":"Cours AutoCAD 2017 Dessins \u00c9lectriques R\u00e9sidentiels"},"content":{"rendered":"<p>Gr\u00e2ce \u00e0 des le\u00e7ons vid\u00e9o dynamiques, apprenez facilement \u00e0 cr\u00e9er des projets \u00e9lectriques r\u00e9sidentiels dans AutoCAD, en suivant les normes techniques actuelles. Apprenez toutes les \u00e9tapes n\u00e9cessaires pour d\u00e9finir compl\u00e8tement un projet \u00e9lectrique, de la pr\u00e9paration du plan d&rsquo;\u00e9tage pour recevoir les symbologies \u00e0 la conception. Prenez ce cours et ajoutez une comp\u00e9tence cl\u00e9 \u00e0 votre carri\u00e8re\u00a0!<\/p>\n","protected":false},"excerpt":{"rendered":"<p><span style=\"color: #ff6600;\">Apprenez de mani\u00e8re pratique et facile \u00e0 cr\u00e9er des projets \u00e9lectriques dans AutoCAD<\/span><\/p>\n","protected":false},"featured_media":230879,"comment_status":"open","ping_status":"closed","template":"","meta":[],"product_cat":[473,938],"product_tag":[],"acf":[],"yoast_head":"<!-- This site is optimized with the Yoast SEO plugin v15.9 - https:\/\/yoast.com\/wordpress\/plugins\/seo\/ -->\n<title>Cours AutoCAD 2017 Dessins \u00c9lectriques R\u00e9sidentiels | Online Courses from Basic to Advanced | RenderTips<\/title>\n<meta name=\"description\" content=\"Apprenez de mani\u00e8re pratique et facile \u00e0 cr\u00e9er des projets \u00e9lectriques dans AutoCAD\" \/>\n<meta name=\"robots\" content=\"index, follow, max-snippet:-1, max-image-preview:large, max-video-preview:-1\" \/>\n<link rel=\"canonical\" href=\"https:\/\/render.tips\/fr\/cours\/autocad-fr\/autocad-2017-dessins-electriques-residentiels\" \/>\n<meta property=\"og:locale\" content=\"fr_FR\" \/>\n<meta property=\"og:type\" content=\"article\" \/>\n<meta property=\"og:title\" content=\"Cours AutoCAD 2017 Dessins \u00c9lectriques R\u00e9sidentiels | Online Courses from Basic to Advanced | RenderTips\" \/>\n<meta property=\"og:description\" content=\"Apprenez de mani\u00e8re pratique et facile \u00e0 cr\u00e9er des projets \u00e9lectriques dans AutoCAD\" \/>\n<meta property=\"og:url\" content=\"https:\/\/render.tips\/fr\/cours\/autocad-fr\/autocad-2017-dessins-electriques-residentiels\" \/>\n<meta property=\"og:site_name\" content=\"Online Courses from Basic to Advanced | RenderTips\" \/>\n<meta property=\"article:publisher\" content=\"https:\/\/www.facebook.com\/rendertipscourses\/\" \/>\n<meta property=\"article:modified_time\" content=\"2020-04-07T01:51:56+00:00\" \/>\n<meta property=\"og:image\" content=\"https:\/\/static.render.tips\/wp-content\/uploads\/2020\/04\/ACAD17-PER-FR_facebook.png\" \/>\n\t<meta property=\"og:image:width\" content=\"282\" \/>\n\t<meta property=\"og:image:height\" content=\"256\" \/>\n<meta name=\"twitter:card\" content=\"summary_large_image\" \/>\n<meta name=\"twitter:image\" content=\"https:\/\/static.render.tips\/wp-content\/uploads\/2020\/04\/ACAD17-PER-FR_facebook.png\" \/>\n<meta name=\"twitter:site\" content=\"@rendertips\" \/>\n<script type=\"application\/ld+json\" class=\"yoast-schema-graph\">{\"@context\":\"https:\/\/schema.org\",\"@graph\":[{\"@type\":\"Organization\",\"@id\":\"https:\/\/render.tips\/#organization\",\"name\":\"Render Tips\",\"url\":\"https:\/\/render.tips\/\",\"sameAs\":[\"https:\/\/www.facebook.com\/rendertipscourses\/\",\"https:\/\/www.instagram.com\/rendertips\/\",\"https:\/\/www.youtube.com\/channel\/UCx_9bcvh0_AQFGXxJ0StKSQ\",\"https:\/\/twitter.com\/rendertips\"],\"logo\":{\"@type\":\"ImageObject\",\"@id\":\"https:\/\/render.tips\/#logo\",\"inLanguage\":\"fr-FR\",\"url\":\"https:\/\/static.render.tips\/wp-content\/uploads\/2019\/08\/logo_1024.png\",\"width\":1024,\"height\":1024,\"caption\":\"Render Tips\"},\"image\":{\"@id\":\"https:\/\/render.tips\/#logo\"}},{\"@type\":\"WebSite\",\"@id\":\"https:\/\/render.tips\/#website\",\"url\":\"https:\/\/render.tips\/\",\"name\":\"Online Courses from Basic to Advanced | RenderTips\",\"description\":\"Technology Online Courses - Solidworks, Autocad, Inventor, 3ds Max and More\",\"publisher\":{\"@id\":\"https:\/\/render.tips\/#organization\"},\"potentialAction\":[{\"@type\":\"SearchAction\",\"target\":\"https:\/\/render.tips\/?s={search_term_string}\",\"query-input\":\"required name=search_term_string\"}],\"inLanguage\":\"fr-FR\"},{\"@type\":\"ImageObject\",\"@id\":\"https:\/\/render.tips\/fr\/cours\/autocad-fr\/autocad-2017-dessins-electriques-residentiels#primaryimage\",\"inLanguage\":\"fr-FR\",\"url\":\"https:\/\/static.render.tips\/wp-content\/uploads\/2020\/04\/Curso-autocad-2017-dessins-electriques-residentiels-ACAD17-PER-FR_destaque-20200406222817.jpg\",\"width\":229,\"height\":162},{\"@type\":\"WebPage\",\"@id\":\"https:\/\/render.tips\/fr\/cours\/autocad-fr\/autocad-2017-dessins-electriques-residentiels#webpage\",\"url\":\"https:\/\/render.tips\/fr\/cours\/autocad-fr\/autocad-2017-dessins-electriques-residentiels\",\"name\":\"Cours AutoCAD 2017 Dessins \\u00c9lectriques R\\u00e9sidentiels | Online Courses from Basic to Advanced | RenderTips\",\"isPartOf\":{\"@id\":\"https:\/\/render.tips\/#website\"},\"primaryImageOfPage\":{\"@id\":\"https:\/\/render.tips\/fr\/cours\/autocad-fr\/autocad-2017-dessins-electriques-residentiels#primaryimage\"},\"datePublished\":\"2017-02-10T11:29:22+00:00\",\"dateModified\":\"2020-04-07T01:51:56+00:00\",\"description\":\"Apprenez de mani\\u00e8re pratique et facile \\u00e0 cr\\u00e9er des projets \\u00e9lectriques dans AutoCAD\",\"breadcrumb\":{\"@id\":\"https:\/\/render.tips\/fr\/cours\/autocad-fr\/autocad-2017-dessins-electriques-residentiels#breadcrumb\"},\"inLanguage\":\"fr-FR\",\"potentialAction\":[{\"@type\":\"ReadAction\",\"target\":[\"https:\/\/render.tips\/fr\/cours\/autocad-fr\/autocad-2017-dessins-electriques-residentiels\"]}]},{\"@type\":\"BreadcrumbList\",\"@id\":\"https:\/\/render.tips\/fr\/cours\/autocad-fr\/autocad-2017-dessins-electriques-residentiels#breadcrumb\",\"itemListElement\":[{\"@type\":\"ListItem\",\"position\":1,\"item\":{\"@type\":\"WebPage\",\"@id\":\"https:\/\/render.tips\/fr\",\"url\":\"https:\/\/render.tips\/fr\",\"name\":\"Home\"}},{\"@type\":\"ListItem\",\"position\":2,\"item\":{\"@type\":\"WebPage\",\"@id\":\"https:\/\/render.tips\/fr\/shop\",\"url\":\"https:\/\/render.tips\/fr\/shop\",\"name\":\"Shop\"}},{\"@type\":\"ListItem\",\"position\":3,\"item\":{\"@type\":\"WebPage\",\"@id\":\"https:\/\/render.tips\/fr\/cours\/autocad-fr\/autocad-2017-dessins-electriques-residentiels\",\"url\":\"https:\/\/render.tips\/fr\/cours\/autocad-fr\/autocad-2017-dessins-electriques-residentiels\",\"name\":\"Cours AutoCAD 2017 Dessins \\u00c9lectriques R\\u00e9sidentiels\"}}]}]}<\/script>\n<!-- \/ Yoast SEO plugin. -->","_links":{"self":[{"href":"https:\/\/render.tips\/fr\/wp-json\/wp\/v2\/product\/230891"}],"collection":[{"href":"https:\/\/render.tips\/fr\/wp-json\/wp\/v2\/product"}],"about":[{"href":"https:\/\/render.tips\/fr\/wp-json\/wp\/v2\/types\/product"}],"replies":[{"embeddable":true,"href":"https:\/\/render.tips\/fr\/wp-json\/wp\/v2\/comments?post=230891"}],"wp:featuredmedia":[{"embeddable":true,"href":"https:\/\/render.tips\/fr\/wp-json\/wp\/v2\/media\/230879"}],"wp:attachment":[{"href":"https:\/\/render.tips\/fr\/wp-json\/wp\/v2\/media?parent=230891"}],"wp:term":[{"taxonomy":"product_cat","embeddable":true,"href":"https:\/\/render.tips\/fr\/wp-json\/wp\/v2\/product_cat?post=230891"},{"taxonomy":"product_tag","embeddable":true,"href":"https:\/\/render.tips\/fr\/wp-json\/wp\/v2\/product_tag?post=230891"}],"curies":[{"name":"wp","href":"https:\/\/api.w.org\/{rel}","templated":true}]}}