{"id":230850,"date":"2016-05-31T22:06:38","date_gmt":"2016-06-01T01:06:38","guid":{"rendered":"https:\/\/render.tips\/uncategorized\/autocad-plant-3d-2016-creation-dequipement"},"modified":"2020-04-21T00:06:29","modified_gmt":"2020-04-21T03:06:29","slug":"autocad-plant-3d-2016-creation-dequipement","status":"publish","type":"product","link":"https:\/\/render.tips\/fr\/cours\/autocad-fr\/autocad-plant-3d-2016-creation-dequipement","title":{"rendered":"Cours AutoCAD Plant 3D 2016 Cr\u00e9ation d&rsquo;\u00e9quipement"},"content":{"rendered":"<p>Avec des le\u00e7ons vid\u00e9o pratiques, apprenez dans ce cours comment ins\u00e9rer des \u00e9quipements dans des projets cr\u00e9\u00e9s dans Plant 3D. Apprenez pas \u00e0 pas comment travailler avec des r\u00e9f\u00e9rences et comment cr\u00e9er et modifier des \u00e9quipements communs dans des installations industrielles telles que des r\u00e9servoirs, des \u00e9changeurs de chaleur, des pompes et des filtres. D\u00e9couvrez comment combiner des solides AutoCAD avec des \u00e9quipements, comment importer des mod\u00e8les depuis Inventor et comment enregistrer des \u00e9quipements en tant que mod\u00e8les. Enfin, nous proposons des t\u00e2ches \u00e0 l&rsquo;\u00e9tudiant pour s&rsquo;am\u00e9liorer. Commencez ce cours d\u00e8s maintenant et obtenez plus de cette comp\u00e9tence\u00a0!<\/p>\n","protected":false},"excerpt":{"rendered":"<p><span style=\"color: #ff6600;\">Apprenez \u00e0 partir de le\u00e7ons vid\u00e9o dynamiques comment cr\u00e9er des \u00e9quipements pour les projets Plant 3D<\/span><\/p>\n","protected":false},"featured_media":230838,"comment_status":"open","ping_status":"closed","template":"","meta":[],"product_cat":[512,473,506,943],"product_tag":[],"acf":[],"yoast_head":"<!-- This site is optimized with the Yoast SEO plugin v15.9 - https:\/\/yoast.com\/wordpress\/plugins\/seo\/ -->\n<title>Cours AutoCAD Plant 3D 2016 Cr\u00e9ation d&#039;\u00e9quipement | Online Courses from Basic to Advanced | RenderTips<\/title>\n<meta name=\"description\" content=\"Apprenez \u00e0 partir de le\u00e7ons vid\u00e9o dynamiques comment cr\u00e9er des \u00e9quipements pour les projets Plant 3D\" \/>\n<meta name=\"robots\" content=\"index, follow, max-snippet:-1, max-image-preview:large, max-video-preview:-1\" \/>\n<link rel=\"canonical\" href=\"https:\/\/render.tips\/fr\/cours\/autocad-fr\/autocad-plant-3d-2016-creation-dequipement\" \/>\n<meta property=\"og:locale\" content=\"fr_FR\" \/>\n<meta property=\"og:type\" content=\"article\" \/>\n<meta property=\"og:title\" content=\"Cours AutoCAD Plant 3D 2016 Cr\u00e9ation d&#039;\u00e9quipement | Online Courses from Basic to Advanced | RenderTips\" \/>\n<meta property=\"og:description\" content=\"Apprenez \u00e0 partir de le\u00e7ons vid\u00e9o dynamiques comment cr\u00e9er des \u00e9quipements pour les projets Plant 3D\" \/>\n<meta property=\"og:url\" content=\"https:\/\/render.tips\/fr\/cours\/autocad-fr\/autocad-plant-3d-2016-creation-dequipement\" \/>\n<meta property=\"og:site_name\" content=\"Online Courses from Basic to Advanced | RenderTips\" \/>\n<meta property=\"article:publisher\" content=\"https:\/\/www.facebook.com\/rendertipscourses\/\" \/>\n<meta property=\"article:modified_time\" content=\"2020-04-21T03:06:29+00:00\" \/>\n<meta property=\"og:image\" content=\"https:\/\/static.render.tips\/wp-content\/uploads\/2020\/04\/ACAD16-P3D-CEQ-FR_facebook.png\" \/>\n\t<meta property=\"og:image:width\" content=\"262\" \/>\n\t<meta property=\"og:image:height\" content=\"238\" \/>\n<meta name=\"twitter:card\" content=\"summary_large_image\" \/>\n<meta name=\"twitter:image\" content=\"https:\/\/static.render.tips\/wp-content\/uploads\/2020\/04\/ACAD16-P3D-CEQ-FR_facebook.png\" \/>\n<meta name=\"twitter:site\" content=\"@rendertips\" \/>\n<meta name=\"twitter:label1\" content=\"Dur\u00e9e de lecture est.\">\n\t<meta name=\"twitter:data1\" content=\"1 minute\">\n<script type=\"application\/ld+json\" class=\"yoast-schema-graph\">{\"@context\":\"https:\/\/schema.org\",\"@graph\":[{\"@type\":\"Organization\",\"@id\":\"https:\/\/render.tips\/#organization\",\"name\":\"Render Tips\",\"url\":\"https:\/\/render.tips\/\",\"sameAs\":[\"https:\/\/www.facebook.com\/rendertipscourses\/\",\"https:\/\/www.instagram.com\/rendertips\/\",\"https:\/\/www.youtube.com\/channel\/UCx_9bcvh0_AQFGXxJ0StKSQ\",\"https:\/\/twitter.com\/rendertips\"],\"logo\":{\"@type\":\"ImageObject\",\"@id\":\"https:\/\/render.tips\/#logo\",\"inLanguage\":\"fr-FR\",\"url\":\"https:\/\/static.render.tips\/wp-content\/uploads\/2019\/08\/logo_1024.png\",\"width\":1024,\"height\":1024,\"caption\":\"Render Tips\"},\"image\":{\"@id\":\"https:\/\/render.tips\/#logo\"}},{\"@type\":\"WebSite\",\"@id\":\"https:\/\/render.tips\/#website\",\"url\":\"https:\/\/render.tips\/\",\"name\":\"Online Courses from Basic to Advanced | RenderTips\",\"description\":\"Technology Online Courses - Solidworks, Autocad, Inventor, 3ds Max and More\",\"publisher\":{\"@id\":\"https:\/\/render.tips\/#organization\"},\"potentialAction\":[{\"@type\":\"SearchAction\",\"target\":\"https:\/\/render.tips\/?s={search_term_string}\",\"query-input\":\"required name=search_term_string\"}],\"inLanguage\":\"fr-FR\"},{\"@type\":\"ImageObject\",\"@id\":\"https:\/\/render.tips\/fr\/cours\/autocad-fr\/autocad-plant-3d-2016-creation-dequipement#primaryimage\",\"inLanguage\":\"fr-FR\",\"url\":\"https:\/\/static.render.tips\/wp-content\/uploads\/2020\/04\/Curso-autocad-plant-3d-2016-creation-dequipement-ACAD16-P3D-CEQ-FR_destaque-20200406220533.jpg\",\"width\":229,\"height\":162},{\"@type\":\"WebPage\",\"@id\":\"https:\/\/render.tips\/fr\/cours\/autocad-fr\/autocad-plant-3d-2016-creation-dequipement#webpage\",\"url\":\"https:\/\/render.tips\/fr\/cours\/autocad-fr\/autocad-plant-3d-2016-creation-dequipement\",\"name\":\"Cours AutoCAD Plant 3D 2016 Cr\\u00e9ation d'\\u00e9quipement | Online Courses from Basic to Advanced | RenderTips\",\"isPartOf\":{\"@id\":\"https:\/\/render.tips\/#website\"},\"primaryImageOfPage\":{\"@id\":\"https:\/\/render.tips\/fr\/cours\/autocad-fr\/autocad-plant-3d-2016-creation-dequipement#primaryimage\"},\"datePublished\":\"2016-06-01T01:06:38+00:00\",\"dateModified\":\"2020-04-21T03:06:29+00:00\",\"description\":\"Apprenez \\u00e0 partir de le\\u00e7ons vid\\u00e9o dynamiques comment cr\\u00e9er des \\u00e9quipements pour les projets Plant 3D\",\"breadcrumb\":{\"@id\":\"https:\/\/render.tips\/fr\/cours\/autocad-fr\/autocad-plant-3d-2016-creation-dequipement#breadcrumb\"},\"inLanguage\":\"fr-FR\",\"potentialAction\":[{\"@type\":\"ReadAction\",\"target\":[\"https:\/\/render.tips\/fr\/cours\/autocad-fr\/autocad-plant-3d-2016-creation-dequipement\"]}]},{\"@type\":\"BreadcrumbList\",\"@id\":\"https:\/\/render.tips\/fr\/cours\/autocad-fr\/autocad-plant-3d-2016-creation-dequipement#breadcrumb\",\"itemListElement\":[{\"@type\":\"ListItem\",\"position\":1,\"item\":{\"@type\":\"WebPage\",\"@id\":\"https:\/\/render.tips\/fr\",\"url\":\"https:\/\/render.tips\/fr\",\"name\":\"Home\"}},{\"@type\":\"ListItem\",\"position\":2,\"item\":{\"@type\":\"WebPage\",\"@id\":\"https:\/\/render.tips\/fr\/shop\",\"url\":\"https:\/\/render.tips\/fr\/shop\",\"name\":\"Shop\"}},{\"@type\":\"ListItem\",\"position\":3,\"item\":{\"@type\":\"WebPage\",\"@id\":\"https:\/\/render.tips\/fr\/cours\/autocad-fr\/autocad-plant-3d-2016-creation-dequipement\",\"url\":\"https:\/\/render.tips\/fr\/cours\/autocad-fr\/autocad-plant-3d-2016-creation-dequipement\",\"name\":\"Cours AutoCAD Plant 3D 2016 Cr\\u00e9ation d&rsquo;\\u00e9quipement\"}}]}]}<\/script>\n<!-- \/ Yoast SEO plugin. -->","_links":{"self":[{"href":"https:\/\/render.tips\/fr\/wp-json\/wp\/v2\/product\/230850"}],"collection":[{"href":"https:\/\/render.tips\/fr\/wp-json\/wp\/v2\/product"}],"about":[{"href":"https:\/\/render.tips\/fr\/wp-json\/wp\/v2\/types\/product"}],"replies":[{"embeddable":true,"href":"https:\/\/render.tips\/fr\/wp-json\/wp\/v2\/comments?post=230850"}],"wp:featuredmedia":[{"embeddable":true,"href":"https:\/\/render.tips\/fr\/wp-json\/wp\/v2\/media\/230838"}],"wp:attachment":[{"href":"https:\/\/render.tips\/fr\/wp-json\/wp\/v2\/media?parent=230850"}],"wp:term":[{"taxonomy":"product_cat","embeddable":true,"href":"https:\/\/render.tips\/fr\/wp-json\/wp\/v2\/product_cat?post=230850"},{"taxonomy":"product_tag","embeddable":true,"href":"https:\/\/render.tips\/fr\/wp-json\/wp\/v2\/product_tag?post=230850"}],"curies":[{"name":"wp","href":"https:\/\/api.w.org\/{rel}","templated":true}]}}