{"id":230695,"date":"2015-01-21T15:05:14","date_gmt":"2015-01-21T17:05:14","guid":{"rendered":"https:\/\/render.tips\/uncategorized\/inventor-2015-soudures"},"modified":"2020-03-11T17:38:12","modified_gmt":"2020-03-11T20:38:12","slug":"inventor-2015-soudures","status":"publish","type":"product","link":"https:\/\/render.tips\/fr\/cours\/inventor-fr\/inventor-2015-soudures","title":{"rendered":"Cours Inventor 2015 Soudures"},"content":{"rendered":"<p>Apprenez \u00e0 utiliser les caract\u00e9ristiques de l&rsquo;environnement de soudure d&rsquo;Inventor 2015, essentielles pour la conception de structures m\u00e9talliques, de tuyaux, de machines et d&rsquo;appareils. Faire la pr\u00e9paration des assemblages, appliquer les brins de soudage, effectuer les calculs n\u00e9cessaires, obtenir des rapports et faire des d\u00e9tails 2D. Gr\u00e2ce \u00e0 des le\u00e7ons vid\u00e9o dynamiques, des exemples pratiques et des exercices, soyez en mesure de travailler dans des projets tr\u00e8s demand\u00e9s\u00a0!<\/p>\n","protected":false},"excerpt":{"rendered":"<p><span style=\"color: #ff6600;\">Ma\u00eetriser le processus de soudage chez Inventor en effectuant la pr\u00e9paration, le soudage et l&rsquo;usinage<\/span><\/p>\n","protected":false},"featured_media":230683,"comment_status":"open","ping_status":"closed","template":"","meta":[],"product_cat":[506,481,943],"product_tag":[],"acf":[],"yoast_head":"<!-- This site is optimized with the Yoast SEO plugin v15.9 - https:\/\/yoast.com\/wordpress\/plugins\/seo\/ -->\n<title>Cours Inventor 2015 Soudures | Online Courses from Basic to Advanced | RenderTips<\/title>\n<meta name=\"description\" content=\"Ma\u00eetriser le processus de soudage chez Inventor en effectuant la pr\u00e9paration, le soudage et l&#039;usinage\" \/>\n<meta name=\"robots\" content=\"index, follow, max-snippet:-1, max-image-preview:large, max-video-preview:-1\" \/>\n<link rel=\"canonical\" href=\"https:\/\/render.tips\/fr\/cours\/inventor-fr\/inventor-2015-soudures\" \/>\n<meta property=\"og:locale\" content=\"fr_FR\" \/>\n<meta property=\"og:type\" content=\"article\" \/>\n<meta property=\"og:title\" content=\"Cours Inventor 2015 Soudures | Online Courses from Basic to Advanced | RenderTips\" \/>\n<meta property=\"og:description\" content=\"Ma\u00eetriser le processus de soudage chez Inventor en effectuant la pr\u00e9paration, le soudage et l&#039;usinage\" \/>\n<meta property=\"og:url\" content=\"https:\/\/render.tips\/fr\/cours\/inventor-fr\/inventor-2015-soudures\" \/>\n<meta property=\"og:site_name\" content=\"Online Courses from Basic to Advanced | RenderTips\" \/>\n<meta property=\"article:publisher\" content=\"https:\/\/www.facebook.com\/rendertipscourses\/\" \/>\n<meta property=\"article:modified_time\" content=\"2020-03-11T20:38:12+00:00\" \/>\n<meta property=\"og:image\" content=\"https:\/\/static.render.tips\/wp-content\/uploads\/2020\/03\/IV15-WELD-FR_facebook.png\" \/>\n\t<meta property=\"og:image:width\" content=\"262\" \/>\n\t<meta property=\"og:image:height\" content=\"238\" \/>\n<meta name=\"twitter:card\" content=\"summary_large_image\" \/>\n<meta name=\"twitter:image\" content=\"https:\/\/static.render.tips\/wp-content\/uploads\/2020\/03\/IV15-WELD-FR_facebook.png\" \/>\n<meta name=\"twitter:site\" content=\"@rendertips\" \/>\n<script type=\"application\/ld+json\" class=\"yoast-schema-graph\">{\"@context\":\"https:\/\/schema.org\",\"@graph\":[{\"@type\":\"Organization\",\"@id\":\"https:\/\/render.tips\/#organization\",\"name\":\"Render Tips\",\"url\":\"https:\/\/render.tips\/\",\"sameAs\":[\"https:\/\/www.facebook.com\/rendertipscourses\/\",\"https:\/\/www.instagram.com\/rendertips\/\",\"https:\/\/www.youtube.com\/channel\/UCx_9bcvh0_AQFGXxJ0StKSQ\",\"https:\/\/twitter.com\/rendertips\"],\"logo\":{\"@type\":\"ImageObject\",\"@id\":\"https:\/\/render.tips\/#logo\",\"inLanguage\":\"fr-FR\",\"url\":\"https:\/\/static.render.tips\/wp-content\/uploads\/2019\/08\/logo_1024.png\",\"width\":1024,\"height\":1024,\"caption\":\"Render Tips\"},\"image\":{\"@id\":\"https:\/\/render.tips\/#logo\"}},{\"@type\":\"WebSite\",\"@id\":\"https:\/\/render.tips\/#website\",\"url\":\"https:\/\/render.tips\/\",\"name\":\"Online Courses from Basic to Advanced | RenderTips\",\"description\":\"Technology Online Courses - Solidworks, Autocad, Inventor, 3ds Max and More\",\"publisher\":{\"@id\":\"https:\/\/render.tips\/#organization\"},\"potentialAction\":[{\"@type\":\"SearchAction\",\"target\":\"https:\/\/render.tips\/?s={search_term_string}\",\"query-input\":\"required name=search_term_string\"}],\"inLanguage\":\"fr-FR\"},{\"@type\":\"ImageObject\",\"@id\":\"https:\/\/render.tips\/fr\/cours\/inventor-fr\/inventor-2015-soudures#primaryimage\",\"inLanguage\":\"fr-FR\",\"url\":\"https:\/\/static.render.tips\/wp-content\/uploads\/2020\/03\/Curso-inventor-2015-soudures-IV15-WELD-FR_destaque-20200311170441.jpg\",\"width\":229,\"height\":162},{\"@type\":\"WebPage\",\"@id\":\"https:\/\/render.tips\/fr\/cours\/inventor-fr\/inventor-2015-soudures#webpage\",\"url\":\"https:\/\/render.tips\/fr\/cours\/inventor-fr\/inventor-2015-soudures\",\"name\":\"Cours Inventor 2015 Soudures | Online Courses from Basic to Advanced | RenderTips\",\"isPartOf\":{\"@id\":\"https:\/\/render.tips\/#website\"},\"primaryImageOfPage\":{\"@id\":\"https:\/\/render.tips\/fr\/cours\/inventor-fr\/inventor-2015-soudures#primaryimage\"},\"datePublished\":\"2015-01-21T17:05:14+00:00\",\"dateModified\":\"2020-03-11T20:38:12+00:00\",\"description\":\"Ma\\u00eetriser le processus de soudage chez Inventor en effectuant la pr\\u00e9paration, le soudage et l'usinage\",\"breadcrumb\":{\"@id\":\"https:\/\/render.tips\/fr\/cours\/inventor-fr\/inventor-2015-soudures#breadcrumb\"},\"inLanguage\":\"fr-FR\",\"potentialAction\":[{\"@type\":\"ReadAction\",\"target\":[\"https:\/\/render.tips\/fr\/cours\/inventor-fr\/inventor-2015-soudures\"]}]},{\"@type\":\"BreadcrumbList\",\"@id\":\"https:\/\/render.tips\/fr\/cours\/inventor-fr\/inventor-2015-soudures#breadcrumb\",\"itemListElement\":[{\"@type\":\"ListItem\",\"position\":1,\"item\":{\"@type\":\"WebPage\",\"@id\":\"https:\/\/render.tips\/fr\",\"url\":\"https:\/\/render.tips\/fr\",\"name\":\"Home\"}},{\"@type\":\"ListItem\",\"position\":2,\"item\":{\"@type\":\"WebPage\",\"@id\":\"https:\/\/render.tips\/fr\/shop\",\"url\":\"https:\/\/render.tips\/fr\/shop\",\"name\":\"Shop\"}},{\"@type\":\"ListItem\",\"position\":3,\"item\":{\"@type\":\"WebPage\",\"@id\":\"https:\/\/render.tips\/fr\/cours\/inventor-fr\/inventor-2015-soudures\",\"url\":\"https:\/\/render.tips\/fr\/cours\/inventor-fr\/inventor-2015-soudures\",\"name\":\"Cours Inventor 2015 Soudures\"}}]}]}<\/script>\n<!-- \/ Yoast SEO plugin. -->","_links":{"self":[{"href":"https:\/\/render.tips\/fr\/wp-json\/wp\/v2\/product\/230695"}],"collection":[{"href":"https:\/\/render.tips\/fr\/wp-json\/wp\/v2\/product"}],"about":[{"href":"https:\/\/render.tips\/fr\/wp-json\/wp\/v2\/types\/product"}],"replies":[{"embeddable":true,"href":"https:\/\/render.tips\/fr\/wp-json\/wp\/v2\/comments?post=230695"}],"wp:featuredmedia":[{"embeddable":true,"href":"https:\/\/render.tips\/fr\/wp-json\/wp\/v2\/media\/230683"}],"wp:attachment":[{"href":"https:\/\/render.tips\/fr\/wp-json\/wp\/v2\/media?parent=230695"}],"wp:term":[{"taxonomy":"product_cat","embeddable":true,"href":"https:\/\/render.tips\/fr\/wp-json\/wp\/v2\/product_cat?post=230695"},{"taxonomy":"product_tag","embeddable":true,"href":"https:\/\/render.tips\/fr\/wp-json\/wp\/v2\/product_tag?post=230695"}],"curies":[{"name":"wp","href":"https:\/\/api.w.org\/{rel}","templated":true}]}}