{"id":230543,"date":"2014-10-15T10:18:37","date_gmt":"2014-10-15T13:18:37","guid":{"rendered":"https:\/\/render.tips\/uncategorized\/inventor-2015-principes-de-base"},"modified":"2020-03-11T17:44:38","modified_gmt":"2020-03-11T20:44:38","slug":"inventor-2015-principes-de-base","status":"publish","type":"product","link":"https:\/\/render.tips\/fr\/cours\/inventor-fr\/inventor-2015-principes-de-base","title":{"rendered":"Cours Inventor 2015 Principes de base"},"content":{"rendered":"<p>Gr\u00e2ce \u00e0 des le\u00e7ons vid\u00e9o \u00e9tape par \u00e9tape, apprenez \u00e0 cr\u00e9er des projets 3D complets, de la conception d&rsquo;esquisse \u00e0 la mod\u00e9lisation de pi\u00e8ces, \u00e0 l&rsquo;assemblage et \u00e0 l&rsquo;\u00e9laboration de d\u00e9tails. Explorez l&rsquo;interface, configurez la visualisation, cr\u00e9ez des esquisses 2D, concevez des pi\u00e8ces 3D, assemblez et dessinez la feuille avec des vues 2D et une nomenclature. Avec des cours, des exemples pratiques et des exercices compl\u00e9mentaires, obtenez un apprentissage complet et d\u00e9marquez-vous sur le march\u00e9\u00a0!<\/p>\n","protected":false},"excerpt":{"rendered":"<p><span style=\"color: #ff6600;\">D\u00e9couvrez comment cr\u00e9er \u00e0 partir d&rsquo;esquisses et de pi\u00e8ces vers des assemblages et des d\u00e9tails<\/span><\/p>\n","protected":false},"featured_media":230531,"comment_status":"open","ping_status":"closed","template":"","meta":[],"product_cat":[506,481],"product_tag":[],"acf":[],"yoast_head":"<!-- This site is optimized with the Yoast SEO plugin v15.9 - https:\/\/yoast.com\/wordpress\/plugins\/seo\/ -->\n<title>Cours Inventor 2015 Principes de base | Online Courses from Basic to Advanced | RenderTips<\/title>\n<meta name=\"description\" content=\"D\u00e9couvrez comment cr\u00e9er \u00e0 partir d&#039;esquisses et de pi\u00e8ces vers des assemblages et des d\u00e9tails\" \/>\n<meta name=\"robots\" content=\"index, follow, max-snippet:-1, max-image-preview:large, max-video-preview:-1\" \/>\n<link rel=\"canonical\" href=\"https:\/\/render.tips\/fr\/cours\/inventor-fr\/inventor-2015-principes-de-base\" \/>\n<meta property=\"og:locale\" content=\"fr_FR\" \/>\n<meta property=\"og:type\" content=\"article\" \/>\n<meta property=\"og:title\" content=\"Cours Inventor 2015 Principes de base | Online Courses from Basic to Advanced | RenderTips\" \/>\n<meta property=\"og:description\" content=\"D\u00e9couvrez comment cr\u00e9er \u00e0 partir d&#039;esquisses et de pi\u00e8ces vers des assemblages et des d\u00e9tails\" \/>\n<meta property=\"og:url\" content=\"https:\/\/render.tips\/fr\/cours\/inventor-fr\/inventor-2015-principes-de-base\" \/>\n<meta property=\"og:site_name\" content=\"Online Courses from Basic to Advanced | RenderTips\" \/>\n<meta property=\"article:publisher\" content=\"https:\/\/www.facebook.com\/rendertipscourses\/\" \/>\n<meta property=\"article:modified_time\" content=\"2020-03-11T20:44:38+00:00\" \/>\n<meta property=\"og:image\" content=\"https:\/\/static.render.tips\/wp-content\/uploads\/2020\/02\/IV15-F-FR_facebook.png\" \/>\n\t<meta property=\"og:image:width\" content=\"262\" \/>\n\t<meta property=\"og:image:height\" content=\"238\" \/>\n<meta name=\"twitter:card\" content=\"summary_large_image\" \/>\n<meta name=\"twitter:image\" content=\"https:\/\/static.render.tips\/wp-content\/uploads\/2020\/02\/IV15-F-FR_facebook.png\" \/>\n<meta name=\"twitter:site\" content=\"@rendertips\" \/>\n<script type=\"application\/ld+json\" class=\"yoast-schema-graph\">{\"@context\":\"https:\/\/schema.org\",\"@graph\":[{\"@type\":\"Organization\",\"@id\":\"https:\/\/render.tips\/#organization\",\"name\":\"Render Tips\",\"url\":\"https:\/\/render.tips\/\",\"sameAs\":[\"https:\/\/www.facebook.com\/rendertipscourses\/\",\"https:\/\/www.instagram.com\/rendertips\/\",\"https:\/\/www.youtube.com\/channel\/UCx_9bcvh0_AQFGXxJ0StKSQ\",\"https:\/\/twitter.com\/rendertips\"],\"logo\":{\"@type\":\"ImageObject\",\"@id\":\"https:\/\/render.tips\/#logo\",\"inLanguage\":\"fr-FR\",\"url\":\"https:\/\/static.render.tips\/wp-content\/uploads\/2019\/08\/logo_1024.png\",\"width\":1024,\"height\":1024,\"caption\":\"Render Tips\"},\"image\":{\"@id\":\"https:\/\/render.tips\/#logo\"}},{\"@type\":\"WebSite\",\"@id\":\"https:\/\/render.tips\/#website\",\"url\":\"https:\/\/render.tips\/\",\"name\":\"Online Courses from Basic to Advanced | RenderTips\",\"description\":\"Technology Online Courses - Solidworks, Autocad, Inventor, 3ds Max and More\",\"publisher\":{\"@id\":\"https:\/\/render.tips\/#organization\"},\"potentialAction\":[{\"@type\":\"SearchAction\",\"target\":\"https:\/\/render.tips\/?s={search_term_string}\",\"query-input\":\"required name=search_term_string\"}],\"inLanguage\":\"fr-FR\"},{\"@type\":\"ImageObject\",\"@id\":\"https:\/\/render.tips\/fr\/cours\/inventor-fr\/inventor-2015-principes-de-base#primaryimage\",\"inLanguage\":\"fr-FR\",\"url\":\"https:\/\/static.render.tips\/wp-content\/uploads\/2020\/02\/Curso-inventor-2015-principes-de-base-IV15-F-FR_destaque-20200210161841.jpg\",\"width\":229,\"height\":162},{\"@type\":\"WebPage\",\"@id\":\"https:\/\/render.tips\/fr\/cours\/inventor-fr\/inventor-2015-principes-de-base#webpage\",\"url\":\"https:\/\/render.tips\/fr\/cours\/inventor-fr\/inventor-2015-principes-de-base\",\"name\":\"Cours Inventor 2015 Principes de base | Online Courses from Basic to Advanced | RenderTips\",\"isPartOf\":{\"@id\":\"https:\/\/render.tips\/#website\"},\"primaryImageOfPage\":{\"@id\":\"https:\/\/render.tips\/fr\/cours\/inventor-fr\/inventor-2015-principes-de-base#primaryimage\"},\"datePublished\":\"2014-10-15T13:18:37+00:00\",\"dateModified\":\"2020-03-11T20:44:38+00:00\",\"description\":\"D\\u00e9couvrez comment cr\\u00e9er \\u00e0 partir d'esquisses et de pi\\u00e8ces vers des assemblages et des d\\u00e9tails\",\"breadcrumb\":{\"@id\":\"https:\/\/render.tips\/fr\/cours\/inventor-fr\/inventor-2015-principes-de-base#breadcrumb\"},\"inLanguage\":\"fr-FR\",\"potentialAction\":[{\"@type\":\"ReadAction\",\"target\":[\"https:\/\/render.tips\/fr\/cours\/inventor-fr\/inventor-2015-principes-de-base\"]}]},{\"@type\":\"BreadcrumbList\",\"@id\":\"https:\/\/render.tips\/fr\/cours\/inventor-fr\/inventor-2015-principes-de-base#breadcrumb\",\"itemListElement\":[{\"@type\":\"ListItem\",\"position\":1,\"item\":{\"@type\":\"WebPage\",\"@id\":\"https:\/\/render.tips\/fr\",\"url\":\"https:\/\/render.tips\/fr\",\"name\":\"Home\"}},{\"@type\":\"ListItem\",\"position\":2,\"item\":{\"@type\":\"WebPage\",\"@id\":\"https:\/\/render.tips\/fr\/shop\",\"url\":\"https:\/\/render.tips\/fr\/shop\",\"name\":\"Shop\"}},{\"@type\":\"ListItem\",\"position\":3,\"item\":{\"@type\":\"WebPage\",\"@id\":\"https:\/\/render.tips\/fr\/cours\/inventor-fr\/inventor-2015-principes-de-base\",\"url\":\"https:\/\/render.tips\/fr\/cours\/inventor-fr\/inventor-2015-principes-de-base\",\"name\":\"Cours Inventor 2015 Principes de base\"}}]}]}<\/script>\n<!-- \/ Yoast SEO plugin. -->","_links":{"self":[{"href":"https:\/\/render.tips\/fr\/wp-json\/wp\/v2\/product\/230543"}],"collection":[{"href":"https:\/\/render.tips\/fr\/wp-json\/wp\/v2\/product"}],"about":[{"href":"https:\/\/render.tips\/fr\/wp-json\/wp\/v2\/types\/product"}],"replies":[{"embeddable":true,"href":"https:\/\/render.tips\/fr\/wp-json\/wp\/v2\/comments?post=230543"}],"wp:featuredmedia":[{"embeddable":true,"href":"https:\/\/render.tips\/fr\/wp-json\/wp\/v2\/media\/230531"}],"wp:attachment":[{"href":"https:\/\/render.tips\/fr\/wp-json\/wp\/v2\/media?parent=230543"}],"wp:term":[{"taxonomy":"product_cat","embeddable":true,"href":"https:\/\/render.tips\/fr\/wp-json\/wp\/v2\/product_cat?post=230543"},{"taxonomy":"product_tag","embeddable":true,"href":"https:\/\/render.tips\/fr\/wp-json\/wp\/v2\/product_tag?post=230543"}],"curies":[{"name":"wp","href":"https:\/\/api.w.org\/{rel}","templated":true}]}}