{"id":228952,"date":"2014-11-18T09:44:51","date_gmt":"2014-11-18T11:44:51","guid":{"rendered":"https:\/\/render.tips\/uncategorized\/inventor-2015-tolerie"},"modified":"2020-02-06T16:30:55","modified_gmt":"2020-02-06T19:30:55","slug":"inventor-2015-tolerie","status":"publish","type":"product","link":"https:\/\/render.tips\/fr\/cours\/inventor-fr\/inventor-2015-tolerie","title":{"rendered":"Cours Inventor 2015 T\u00f4lerie"},"content":{"rendered":"<p>Avec des didactiques simples et des le\u00e7ons vid\u00e9o pratiques, apprenez rapidement \u00e0 cr\u00e9er des pi\u00e8ces et des assemblages avec des t\u00f4les de m\u00e9tal chez Inventor. Comprendre les concepts et les commandes essentiels tels que\u00a0: plis table et facteur K, reliefs, transitions de profil, ajustements de coin, crevaisons, fentes, trous, d\u00e9pliage de feuille, plis et tables de trous, entre autres. Conception de feuilles de conception facilement, des pi\u00e8ces et des assemblages aux d\u00e9tails. \u00c9largissez vos possibilit\u00e9s avec ce grand parcours\u00a0!<\/p>\n","protected":false},"excerpt":{"rendered":"<p><span style=\"color: #ff6600\">D\u00e9couvrez comment cr\u00e9er facilement vos dessins de t\u00f4lerie chez Inventor<\/span><\/p>\n","protected":false},"featured_media":228940,"comment_status":"open","ping_status":"closed","template":"","meta":[],"product_cat":[506,481,943],"product_tag":[],"acf":[],"yoast_head":"<!-- This site is optimized with the Yoast SEO plugin v15.9 - https:\/\/yoast.com\/wordpress\/plugins\/seo\/ -->\n<title>Cours Inventor 2015 T\u00f4lerie | Online Courses from Basic to Advanced | RenderTips<\/title>\n<meta name=\"description\" content=\"D\u00e9couvrez comment cr\u00e9er facilement vos dessins de t\u00f4lerie chez Inventor\" \/>\n<meta name=\"robots\" content=\"index, follow, max-snippet:-1, max-image-preview:large, max-video-preview:-1\" \/>\n<link rel=\"canonical\" href=\"https:\/\/render.tips\/fr\/cours\/inventor-fr\/inventor-2015-tolerie\" \/>\n<meta property=\"og:locale\" content=\"fr_FR\" \/>\n<meta property=\"og:type\" content=\"article\" \/>\n<meta property=\"og:title\" content=\"Cours Inventor 2015 T\u00f4lerie | Online Courses from Basic to Advanced | RenderTips\" \/>\n<meta property=\"og:description\" content=\"D\u00e9couvrez comment cr\u00e9er facilement vos dessins de t\u00f4lerie chez Inventor\" \/>\n<meta property=\"og:url\" content=\"https:\/\/render.tips\/fr\/cours\/inventor-fr\/inventor-2015-tolerie\" \/>\n<meta property=\"og:site_name\" content=\"Online Courses from Basic to Advanced | RenderTips\" \/>\n<meta property=\"article:publisher\" content=\"https:\/\/www.facebook.com\/rendertipscourses\/\" \/>\n<meta property=\"article:modified_time\" content=\"2020-02-06T19:30:55+00:00\" \/>\n<meta property=\"og:image\" content=\"https:\/\/static.render.tips\/wp-content\/uploads\/2020\/01\/INV15-CHP-FR_facebook.png\" \/>\n\t<meta property=\"og:image:width\" content=\"262\" \/>\n\t<meta property=\"og:image:height\" content=\"238\" \/>\n<meta name=\"twitter:card\" content=\"summary_large_image\" \/>\n<meta name=\"twitter:image\" content=\"https:\/\/static.render.tips\/wp-content\/uploads\/2020\/01\/INV15-CHP-FR_facebook.png\" \/>\n<meta name=\"twitter:site\" content=\"@rendertips\" \/>\n<script type=\"application\/ld+json\" class=\"yoast-schema-graph\">{\"@context\":\"https:\/\/schema.org\",\"@graph\":[{\"@type\":\"Organization\",\"@id\":\"https:\/\/render.tips\/#organization\",\"name\":\"Render Tips\",\"url\":\"https:\/\/render.tips\/\",\"sameAs\":[\"https:\/\/www.facebook.com\/rendertipscourses\/\",\"https:\/\/www.instagram.com\/rendertips\/\",\"https:\/\/www.youtube.com\/channel\/UCx_9bcvh0_AQFGXxJ0StKSQ\",\"https:\/\/twitter.com\/rendertips\"],\"logo\":{\"@type\":\"ImageObject\",\"@id\":\"https:\/\/render.tips\/#logo\",\"inLanguage\":\"fr-FR\",\"url\":\"https:\/\/static.render.tips\/wp-content\/uploads\/2019\/08\/logo_1024.png\",\"width\":1024,\"height\":1024,\"caption\":\"Render Tips\"},\"image\":{\"@id\":\"https:\/\/render.tips\/#logo\"}},{\"@type\":\"WebSite\",\"@id\":\"https:\/\/render.tips\/#website\",\"url\":\"https:\/\/render.tips\/\",\"name\":\"Online Courses from Basic to Advanced | RenderTips\",\"description\":\"Technology Online Courses - Solidworks, Autocad, Inventor, 3ds Max and More\",\"publisher\":{\"@id\":\"https:\/\/render.tips\/#organization\"},\"potentialAction\":[{\"@type\":\"SearchAction\",\"target\":\"https:\/\/render.tips\/?s={search_term_string}\",\"query-input\":\"required name=search_term_string\"}],\"inLanguage\":\"fr-FR\"},{\"@type\":\"ImageObject\",\"@id\":\"https:\/\/render.tips\/fr\/cours\/inventor-fr\/inventor-2015-tolerie#primaryimage\",\"inLanguage\":\"fr-FR\",\"url\":\"https:\/\/static.render.tips\/wp-content\/uploads\/2020\/01\/Curso-inventor-2015-tolerie-INV15-CHP-FR_destaque-20200131173927.jpg\",\"width\":229,\"height\":162},{\"@type\":\"WebPage\",\"@id\":\"https:\/\/render.tips\/fr\/cours\/inventor-fr\/inventor-2015-tolerie#webpage\",\"url\":\"https:\/\/render.tips\/fr\/cours\/inventor-fr\/inventor-2015-tolerie\",\"name\":\"Cours Inventor 2015 T\\u00f4lerie | Online Courses from Basic to Advanced | RenderTips\",\"isPartOf\":{\"@id\":\"https:\/\/render.tips\/#website\"},\"primaryImageOfPage\":{\"@id\":\"https:\/\/render.tips\/fr\/cours\/inventor-fr\/inventor-2015-tolerie#primaryimage\"},\"datePublished\":\"2014-11-18T11:44:51+00:00\",\"dateModified\":\"2020-02-06T19:30:55+00:00\",\"description\":\"D\\u00e9couvrez comment cr\\u00e9er facilement vos dessins de t\\u00f4lerie chez Inventor\",\"breadcrumb\":{\"@id\":\"https:\/\/render.tips\/fr\/cours\/inventor-fr\/inventor-2015-tolerie#breadcrumb\"},\"inLanguage\":\"fr-FR\",\"potentialAction\":[{\"@type\":\"ReadAction\",\"target\":[\"https:\/\/render.tips\/fr\/cours\/inventor-fr\/inventor-2015-tolerie\"]}]},{\"@type\":\"BreadcrumbList\",\"@id\":\"https:\/\/render.tips\/fr\/cours\/inventor-fr\/inventor-2015-tolerie#breadcrumb\",\"itemListElement\":[{\"@type\":\"ListItem\",\"position\":1,\"item\":{\"@type\":\"WebPage\",\"@id\":\"https:\/\/render.tips\/fr\",\"url\":\"https:\/\/render.tips\/fr\",\"name\":\"Home\"}},{\"@type\":\"ListItem\",\"position\":2,\"item\":{\"@type\":\"WebPage\",\"@id\":\"https:\/\/render.tips\/fr\/shop\",\"url\":\"https:\/\/render.tips\/fr\/shop\",\"name\":\"Shop\"}},{\"@type\":\"ListItem\",\"position\":3,\"item\":{\"@type\":\"WebPage\",\"@id\":\"https:\/\/render.tips\/fr\/cours\/inventor-fr\/inventor-2015-tolerie\",\"url\":\"https:\/\/render.tips\/fr\/cours\/inventor-fr\/inventor-2015-tolerie\",\"name\":\"Cours Inventor 2015 T\\u00f4lerie\"}}]}]}<\/script>\n<!-- \/ Yoast SEO plugin. -->","_links":{"self":[{"href":"https:\/\/render.tips\/fr\/wp-json\/wp\/v2\/product\/228952"}],"collection":[{"href":"https:\/\/render.tips\/fr\/wp-json\/wp\/v2\/product"}],"about":[{"href":"https:\/\/render.tips\/fr\/wp-json\/wp\/v2\/types\/product"}],"replies":[{"embeddable":true,"href":"https:\/\/render.tips\/fr\/wp-json\/wp\/v2\/comments?post=228952"}],"wp:featuredmedia":[{"embeddable":true,"href":"https:\/\/render.tips\/fr\/wp-json\/wp\/v2\/media\/228940"}],"wp:attachment":[{"href":"https:\/\/render.tips\/fr\/wp-json\/wp\/v2\/media?parent=228952"}],"wp:term":[{"taxonomy":"product_cat","embeddable":true,"href":"https:\/\/render.tips\/fr\/wp-json\/wp\/v2\/product_cat?post=228952"},{"taxonomy":"product_tag","embeddable":true,"href":"https:\/\/render.tips\/fr\/wp-json\/wp\/v2\/product_tag?post=228952"}],"curies":[{"name":"wp","href":"https:\/\/api.w.org\/{rel}","templated":true}]}}