{"id":228888,"date":"2013-12-02T09:54:02","date_gmt":"2013-12-02T11:54:02","guid":{"rendered":"https:\/\/render.tips\/uncategorized\/inventor-2014-assemblage"},"modified":"2020-01-31T22:35:44","modified_gmt":"2020-02-01T01:35:44","slug":"inventor-2014-assemblage","status":"publish","type":"product","link":"https:\/\/render.tips\/fr\/cours\/inventor-fr\/inventor-2014-assemblage","title":{"rendered":"Cours Inventor 2014 Assemblage"},"content":{"rendered":"<p>Le cours Assemblages Inventor 2014 vous enseigne comment cr\u00e9er et modifier des assemblages de composants 3D. De mani\u00e8re pratique et polyvalente, vous apprendrez comment fonctionnent les outils essentiels pour travailler avec des assemblages et, en plus, obtenir des conseils et des techniques avec lesquels vous serez en mesure de concevoir des projets de qualit\u00e9. Cr\u00e9ez plusieurs ensembles et am\u00e9liorez vos performances en construisant et en modifiant des pi\u00e8ces et des assemblages. Rejoignez les \u00e9tudiants Render et obtenez plus de cette comp\u00e9tence\u00a0!<\/p>\n","protected":false},"excerpt":{"rendered":"<p><span style=\"color: #ff6600;\">D\u00e9couvrez comment cr\u00e9er et modifier facilement des assemblages dans Autodesk Inventor. Ne le ratez pas\u00a0!<\/span><\/p>\n","protected":false},"featured_media":228876,"comment_status":"open","ping_status":"closed","template":"","meta":[],"product_cat":[506,481,943],"product_tag":[],"acf":[],"yoast_head":"<!-- This site is optimized with the Yoast SEO plugin v15.9 - https:\/\/yoast.com\/wordpress\/plugins\/seo\/ -->\n<title>Cours Inventor 2014 Assemblage | Online Courses from Basic to Advanced | RenderTips<\/title>\n<meta name=\"description\" content=\"D\u00e9couvrez comment cr\u00e9er et modifier facilement des assemblages dans Autodesk Inventor. Ne le ratez pas !\" \/>\n<meta name=\"robots\" content=\"index, follow, max-snippet:-1, max-image-preview:large, max-video-preview:-1\" \/>\n<link rel=\"canonical\" href=\"https:\/\/render.tips\/fr\/cours\/inventor-fr\/inventor-2014-assemblage\" \/>\n<meta property=\"og:locale\" content=\"fr_FR\" \/>\n<meta property=\"og:type\" content=\"article\" \/>\n<meta property=\"og:title\" content=\"Cours Inventor 2014 Assemblage | Online Courses from Basic to Advanced | RenderTips\" \/>\n<meta property=\"og:description\" content=\"D\u00e9couvrez comment cr\u00e9er et modifier facilement des assemblages dans Autodesk Inventor. Ne le ratez pas !\" \/>\n<meta property=\"og:url\" content=\"https:\/\/render.tips\/fr\/cours\/inventor-fr\/inventor-2014-assemblage\" \/>\n<meta property=\"og:site_name\" content=\"Online Courses from Basic to Advanced | RenderTips\" \/>\n<meta property=\"article:publisher\" content=\"https:\/\/www.facebook.com\/rendertipscourses\/\" \/>\n<meta property=\"article:modified_time\" content=\"2020-02-01T01:35:44+00:00\" \/>\n<meta property=\"og:image\" content=\"https:\/\/static.render.tips\/wp-content\/uploads\/2020\/01\/IV14-M-FR_facebook.png\" \/>\n\t<meta property=\"og:image:width\" content=\"262\" \/>\n\t<meta property=\"og:image:height\" content=\"238\" \/>\n<meta name=\"twitter:card\" content=\"summary_large_image\" \/>\n<meta name=\"twitter:image\" content=\"https:\/\/static.render.tips\/wp-content\/uploads\/2020\/01\/IV14-M-FR_facebook.png\" \/>\n<meta name=\"twitter:site\" content=\"@rendertips\" \/>\n<script type=\"application\/ld+json\" class=\"yoast-schema-graph\">{\"@context\":\"https:\/\/schema.org\",\"@graph\":[{\"@type\":\"Organization\",\"@id\":\"https:\/\/render.tips\/#organization\",\"name\":\"Render Tips\",\"url\":\"https:\/\/render.tips\/\",\"sameAs\":[\"https:\/\/www.facebook.com\/rendertipscourses\/\",\"https:\/\/www.instagram.com\/rendertips\/\",\"https:\/\/www.youtube.com\/channel\/UCx_9bcvh0_AQFGXxJ0StKSQ\",\"https:\/\/twitter.com\/rendertips\"],\"logo\":{\"@type\":\"ImageObject\",\"@id\":\"https:\/\/render.tips\/#logo\",\"inLanguage\":\"fr-FR\",\"url\":\"https:\/\/static.render.tips\/wp-content\/uploads\/2019\/08\/logo_1024.png\",\"width\":1024,\"height\":1024,\"caption\":\"Render Tips\"},\"image\":{\"@id\":\"https:\/\/render.tips\/#logo\"}},{\"@type\":\"WebSite\",\"@id\":\"https:\/\/render.tips\/#website\",\"url\":\"https:\/\/render.tips\/\",\"name\":\"Online Courses from Basic to Advanced | RenderTips\",\"description\":\"Technology Online Courses - Solidworks, Autocad, Inventor, 3ds Max and More\",\"publisher\":{\"@id\":\"https:\/\/render.tips\/#organization\"},\"potentialAction\":[{\"@type\":\"SearchAction\",\"target\":\"https:\/\/render.tips\/?s={search_term_string}\",\"query-input\":\"required name=search_term_string\"}],\"inLanguage\":\"fr-FR\"},{\"@type\":\"ImageObject\",\"@id\":\"https:\/\/render.tips\/fr\/cours\/inventor-fr\/inventor-2014-assemblage#primaryimage\",\"inLanguage\":\"fr-FR\",\"url\":\"https:\/\/static.render.tips\/wp-content\/uploads\/2020\/01\/Curso-inventor-2014-assemblage-IV14-M-FR_destaque-20200131134838.jpg\",\"width\":229,\"height\":162},{\"@type\":\"WebPage\",\"@id\":\"https:\/\/render.tips\/fr\/cours\/inventor-fr\/inventor-2014-assemblage#webpage\",\"url\":\"https:\/\/render.tips\/fr\/cours\/inventor-fr\/inventor-2014-assemblage\",\"name\":\"Cours Inventor 2014 Assemblage | Online Courses from Basic to Advanced | RenderTips\",\"isPartOf\":{\"@id\":\"https:\/\/render.tips\/#website\"},\"primaryImageOfPage\":{\"@id\":\"https:\/\/render.tips\/fr\/cours\/inventor-fr\/inventor-2014-assemblage#primaryimage\"},\"datePublished\":\"2013-12-02T11:54:02+00:00\",\"dateModified\":\"2020-02-01T01:35:44+00:00\",\"description\":\"D\\u00e9couvrez comment cr\\u00e9er et modifier facilement des assemblages dans Autodesk Inventor. Ne le ratez pas !\",\"breadcrumb\":{\"@id\":\"https:\/\/render.tips\/fr\/cours\/inventor-fr\/inventor-2014-assemblage#breadcrumb\"},\"inLanguage\":\"fr-FR\",\"potentialAction\":[{\"@type\":\"ReadAction\",\"target\":[\"https:\/\/render.tips\/fr\/cours\/inventor-fr\/inventor-2014-assemblage\"]}]},{\"@type\":\"BreadcrumbList\",\"@id\":\"https:\/\/render.tips\/fr\/cours\/inventor-fr\/inventor-2014-assemblage#breadcrumb\",\"itemListElement\":[{\"@type\":\"ListItem\",\"position\":1,\"item\":{\"@type\":\"WebPage\",\"@id\":\"https:\/\/render.tips\/fr\",\"url\":\"https:\/\/render.tips\/fr\",\"name\":\"Home\"}},{\"@type\":\"ListItem\",\"position\":2,\"item\":{\"@type\":\"WebPage\",\"@id\":\"https:\/\/render.tips\/fr\/shop\",\"url\":\"https:\/\/render.tips\/fr\/shop\",\"name\":\"Shop\"}},{\"@type\":\"ListItem\",\"position\":3,\"item\":{\"@type\":\"WebPage\",\"@id\":\"https:\/\/render.tips\/fr\/cours\/inventor-fr\/inventor-2014-assemblage\",\"url\":\"https:\/\/render.tips\/fr\/cours\/inventor-fr\/inventor-2014-assemblage\",\"name\":\"Cours Inventor 2014 Assemblage\"}}]}]}<\/script>\n<!-- \/ Yoast SEO plugin. -->","_links":{"self":[{"href":"https:\/\/render.tips\/fr\/wp-json\/wp\/v2\/product\/228888"}],"collection":[{"href":"https:\/\/render.tips\/fr\/wp-json\/wp\/v2\/product"}],"about":[{"href":"https:\/\/render.tips\/fr\/wp-json\/wp\/v2\/types\/product"}],"replies":[{"embeddable":true,"href":"https:\/\/render.tips\/fr\/wp-json\/wp\/v2\/comments?post=228888"}],"wp:featuredmedia":[{"embeddable":true,"href":"https:\/\/render.tips\/fr\/wp-json\/wp\/v2\/media\/228876"}],"wp:attachment":[{"href":"https:\/\/render.tips\/fr\/wp-json\/wp\/v2\/media?parent=228888"}],"wp:term":[{"taxonomy":"product_cat","embeddable":true,"href":"https:\/\/render.tips\/fr\/wp-json\/wp\/v2\/product_cat?post=228888"},{"taxonomy":"product_tag","embeddable":true,"href":"https:\/\/render.tips\/fr\/wp-json\/wp\/v2\/product_tag?post=228888"}],"curies":[{"name":"wp","href":"https:\/\/api.w.org\/{rel}","templated":true}]}}