{"id":216598,"date":"2015-11-25T09:01:47","date_gmt":"2015-11-25T11:01:47","guid":{"rendered":"https:\/\/render.tips\/uncategorized\/inventor-2016-simulation-dynamique"},"modified":"2020-02-06T14:07:16","modified_gmt":"2020-02-06T17:07:16","slug":"inventor-2016-simulation-dynamique","status":"publish","type":"product","link":"https:\/\/render.tips\/fr\/cours\/inventor-fr\/inventor-2016-simulation-dynamique","title":{"rendered":"Cours Inventor 2016 Simulation dynamique"},"content":{"rendered":"<p>Gr\u00e2ce \u00e0 des le\u00e7ons vid\u00e9o pratiques, effectuez des simulations dynamiques \u00e0 Inventor 2016 et optimisez vos assemblages. D\u00e9couvrez ce que c&rsquo;est et comment effectuer correctement ces simulations. D\u00e9couvrez comment ajouter des joints et convertir des contraintes d&rsquo;assemblage, v\u00e9rifier l&rsquo;\u00e9tat du moteur, ins\u00e9rer des forces et des couples, appliquer des mouvements dynamiques, analyser la succession de positions, cr\u00e9er des pr\u00e9sentations vid\u00e9o et interpr\u00e9ter les r\u00e9sultats. Faites les exemples et les exercices propos\u00e9s et \u00eatre en mesure de travailler sur des projets tr\u00e8s demand\u00e9s\u00a0!<\/p>\n","protected":false},"excerpt":{"rendered":"<p><span style=\"color: #ff6600\">Apprendre des techniques pour optimiser les projets en simulant dynamiquement leurs m\u00e9canismes<\/span><\/p>\n","protected":false},"featured_media":230073,"comment_status":"open","ping_status":"closed","template":"","meta":[],"product_cat":[506,934,481,943],"product_tag":[],"acf":[],"yoast_head":"<!-- This site is optimized with the Yoast SEO plugin v15.9 - https:\/\/yoast.com\/wordpress\/plugins\/seo\/ -->\n<title>Cours Inventor 2016 Simulation dynamique | Online Courses from Basic to Advanced | RenderTips<\/title>\n<meta name=\"description\" content=\"Apprendre des techniques pour optimiser les projets en simulant dynamiquement leurs m\u00e9canismes\" \/>\n<meta name=\"robots\" content=\"index, follow, max-snippet:-1, max-image-preview:large, max-video-preview:-1\" \/>\n<link rel=\"canonical\" href=\"https:\/\/render.tips\/fr\/cours\/inventor-fr\/inventor-2016-simulation-dynamique\" \/>\n<meta property=\"og:locale\" content=\"fr_FR\" \/>\n<meta property=\"og:type\" content=\"article\" \/>\n<meta property=\"og:title\" content=\"Cours Inventor 2016 Simulation dynamique | Online Courses from Basic to Advanced | RenderTips\" \/>\n<meta property=\"og:description\" content=\"Apprendre des techniques pour optimiser les projets en simulant dynamiquement leurs m\u00e9canismes\" \/>\n<meta property=\"og:url\" content=\"https:\/\/render.tips\/fr\/cours\/inventor-fr\/inventor-2016-simulation-dynamique\" \/>\n<meta property=\"og:site_name\" content=\"Online Courses from Basic to Advanced | RenderTips\" \/>\n<meta property=\"article:publisher\" content=\"https:\/\/www.facebook.com\/rendertipscourses\/\" \/>\n<meta property=\"article:modified_time\" content=\"2020-02-06T17:07:16+00:00\" \/>\n<meta property=\"og:image\" content=\"https:\/\/static.render.tips\/wp-content\/uploads\/2020\/01\/IV16-SD-FR_facebook.png\" \/>\n\t<meta property=\"og:image:width\" content=\"262\" \/>\n\t<meta property=\"og:image:height\" content=\"238\" \/>\n<meta name=\"twitter:card\" content=\"summary_large_image\" \/>\n<meta name=\"twitter:image\" content=\"https:\/\/static.render.tips\/wp-content\/uploads\/2020\/02\/IV16-SD-FR_facebook.png\" \/>\n<meta name=\"twitter:site\" content=\"@rendertips\" \/>\n<script type=\"application\/ld+json\" class=\"yoast-schema-graph\">{\"@context\":\"https:\/\/schema.org\",\"@graph\":[{\"@type\":\"Organization\",\"@id\":\"https:\/\/render.tips\/#organization\",\"name\":\"Render Tips\",\"url\":\"https:\/\/render.tips\/\",\"sameAs\":[\"https:\/\/www.facebook.com\/rendertipscourses\/\",\"https:\/\/www.instagram.com\/rendertips\/\",\"https:\/\/www.youtube.com\/channel\/UCx_9bcvh0_AQFGXxJ0StKSQ\",\"https:\/\/twitter.com\/rendertips\"],\"logo\":{\"@type\":\"ImageObject\",\"@id\":\"https:\/\/render.tips\/#logo\",\"inLanguage\":\"fr-FR\",\"url\":\"https:\/\/static.render.tips\/wp-content\/uploads\/2019\/08\/logo_1024.png\",\"width\":1024,\"height\":1024,\"caption\":\"Render Tips\"},\"image\":{\"@id\":\"https:\/\/render.tips\/#logo\"}},{\"@type\":\"WebSite\",\"@id\":\"https:\/\/render.tips\/#website\",\"url\":\"https:\/\/render.tips\/\",\"name\":\"Online Courses from Basic to Advanced | RenderTips\",\"description\":\"Technology Online Courses - Solidworks, Autocad, Inventor, 3ds Max and More\",\"publisher\":{\"@id\":\"https:\/\/render.tips\/#organization\"},\"potentialAction\":[{\"@type\":\"SearchAction\",\"target\":\"https:\/\/render.tips\/?s={search_term_string}\",\"query-input\":\"required name=search_term_string\"}],\"inLanguage\":\"fr-FR\"},{\"@type\":\"ImageObject\",\"@id\":\"https:\/\/render.tips\/fr\/cours\/inventor-fr\/inventor-2016-simulation-dynamique#primaryimage\",\"inLanguage\":\"fr-FR\",\"url\":\"https:\/\/static.render.tips\/wp-content\/uploads\/2020\/02\/Curso-inventor-2016-simulation-dynamique-IV16-SD-FR_destaque-20200206150139.jpg\",\"width\":229,\"height\":162},{\"@type\":\"WebPage\",\"@id\":\"https:\/\/render.tips\/fr\/cours\/inventor-fr\/inventor-2016-simulation-dynamique#webpage\",\"url\":\"https:\/\/render.tips\/fr\/cours\/inventor-fr\/inventor-2016-simulation-dynamique\",\"name\":\"Cours Inventor 2016 Simulation dynamique | Online Courses from Basic to Advanced | RenderTips\",\"isPartOf\":{\"@id\":\"https:\/\/render.tips\/#website\"},\"primaryImageOfPage\":{\"@id\":\"https:\/\/render.tips\/fr\/cours\/inventor-fr\/inventor-2016-simulation-dynamique#primaryimage\"},\"datePublished\":\"2015-11-25T11:01:47+00:00\",\"dateModified\":\"2020-02-06T17:07:16+00:00\",\"description\":\"Apprendre des techniques pour optimiser les projets en simulant dynamiquement leurs m\\u00e9canismes\",\"breadcrumb\":{\"@id\":\"https:\/\/render.tips\/fr\/cours\/inventor-fr\/inventor-2016-simulation-dynamique#breadcrumb\"},\"inLanguage\":\"fr-FR\",\"potentialAction\":[{\"@type\":\"ReadAction\",\"target\":[\"https:\/\/render.tips\/fr\/cours\/inventor-fr\/inventor-2016-simulation-dynamique\"]}]},{\"@type\":\"BreadcrumbList\",\"@id\":\"https:\/\/render.tips\/fr\/cours\/inventor-fr\/inventor-2016-simulation-dynamique#breadcrumb\",\"itemListElement\":[{\"@type\":\"ListItem\",\"position\":1,\"item\":{\"@type\":\"WebPage\",\"@id\":\"https:\/\/render.tips\/fr\",\"url\":\"https:\/\/render.tips\/fr\",\"name\":\"Home\"}},{\"@type\":\"ListItem\",\"position\":2,\"item\":{\"@type\":\"WebPage\",\"@id\":\"https:\/\/render.tips\/fr\/shop\",\"url\":\"https:\/\/render.tips\/fr\/shop\",\"name\":\"Shop\"}},{\"@type\":\"ListItem\",\"position\":3,\"item\":{\"@type\":\"WebPage\",\"@id\":\"https:\/\/render.tips\/fr\/cours\/inventor-fr\/inventor-2016-simulation-dynamique\",\"url\":\"https:\/\/render.tips\/fr\/cours\/inventor-fr\/inventor-2016-simulation-dynamique\",\"name\":\"Cours Inventor 2016 Simulation dynamique\"}}]}]}<\/script>\n<!-- \/ Yoast SEO plugin. -->","_links":{"self":[{"href":"https:\/\/render.tips\/fr\/wp-json\/wp\/v2\/product\/216598"}],"collection":[{"href":"https:\/\/render.tips\/fr\/wp-json\/wp\/v2\/product"}],"about":[{"href":"https:\/\/render.tips\/fr\/wp-json\/wp\/v2\/types\/product"}],"replies":[{"embeddable":true,"href":"https:\/\/render.tips\/fr\/wp-json\/wp\/v2\/comments?post=216598"}],"wp:featuredmedia":[{"embeddable":true,"href":"https:\/\/render.tips\/fr\/wp-json\/wp\/v2\/media\/230073"}],"wp:attachment":[{"href":"https:\/\/render.tips\/fr\/wp-json\/wp\/v2\/media?parent=216598"}],"wp:term":[{"taxonomy":"product_cat","embeddable":true,"href":"https:\/\/render.tips\/fr\/wp-json\/wp\/v2\/product_cat?post=216598"},{"taxonomy":"product_tag","embeddable":true,"href":"https:\/\/render.tips\/fr\/wp-json\/wp\/v2\/product_tag?post=216598"}],"curies":[{"name":"wp","href":"https:\/\/api.w.org\/{rel}","templated":true}]}}