{"id":212897,"date":"0203-05-21T08:53:33","date_gmt":"0203-05-21T12:00:01","guid":{"rendered":"https:\/\/render.tips\/uncategorized\/solidworks-2013-les-fondamentaux"},"modified":"2020-02-04T22:24:57","modified_gmt":"2020-02-05T01:24:57","slug":"solidworks-2013-les-fondamentaux","status":"publish","type":"product","link":"https:\/\/render.tips\/fr\/cours\/solidworks-fr\/solidworks-2013-les-fondamentaux","title":{"rendered":"Cours SolidWorks 2013 Les Fondamentaux"},"content":{"rendered":"<p>D\u00e9couvrez comment utiliser SolidWorks 2013 avec les meilleures didactiques EAD disponibles sur le march\u00e9 et profitez de toutes les am\u00e9liorations apport\u00e9es au logiciel dans cette nouvelle version. D\u00e9couvrez comment utiliser les principaux outils SolidWorks, cr\u00e9er facilement des projets complets, d\u00e9velopper des esquisses, mod\u00e9liser des pi\u00e8ces, cr\u00e9er des assemblages et effectuer une analyse descendante. Avec ce cours d\u00e9velopp\u00e9 par un professionnel certifi\u00e9 SolidWorks, apprenez \u00e0 utiliser le programme \u00e0 travers des classes dynamiques et actuelles, en expliquant les concepts et en utilisant les commandes. Effectuer des applications pratiques et former les connaissances acquises en r\u00e9solvant les diff\u00e9rents exercices compl\u00e9mentaires propos\u00e9s. Commencez le cours d\u00e8s maintenant et sachez comment utiliser l&rsquo;un des meilleurs logiciels de CAO 3D disponibles sur le march\u00e9, cr\u00e9ant facilement des projets innovants. \u00c9tudiez avec Render et d\u00e9marquez-vous sur le march\u00e9 du travail\u00a0!<\/p>\n","protected":false},"excerpt":{"rendered":"<p><span style=\"color: #ff6600\">Cr\u00e9ez des conceptions innovantes \u00e0 l&rsquo;aide des fonctions SolidWorks 2013, apprenez \u00e0 mod\u00e9liser des pi\u00e8ces et \u00e0 r\u00e9aliser des assemblages et des d\u00e9tails.<\/span><\/p>\n","protected":false},"featured_media":229761,"comment_status":"open","ping_status":"closed","template":"","meta":[],"product_cat":[506,943,818],"product_tag":[],"acf":[],"yoast_head":"<!-- This site is optimized with the Yoast SEO plugin v15.9 - https:\/\/yoast.com\/wordpress\/plugins\/seo\/ -->\n<title>Cours SolidWorks 2013 Les Fondamentaux | Online Courses from Basic to Advanced | RenderTips<\/title>\n<meta name=\"description\" content=\"Cr\u00e9ez des conceptions innovantes \u00e0 l&#039;aide des fonctions SolidWorks 2013, apprenez \u00e0 mod\u00e9liser des pi\u00e8ces et \u00e0 r\u00e9aliser des assemblages et des d\u00e9tails.\" \/>\n<meta name=\"robots\" content=\"index, follow, max-snippet:-1, max-image-preview:large, max-video-preview:-1\" \/>\n<link rel=\"canonical\" href=\"https:\/\/render.tips\/fr\/cours\/solidworks-fr\/solidworks-2013-les-fondamentaux\" \/>\n<meta property=\"og:locale\" content=\"fr_FR\" \/>\n<meta property=\"og:type\" content=\"article\" \/>\n<meta property=\"og:title\" content=\"Cours SolidWorks 2013 Les Fondamentaux | Online Courses from Basic to Advanced | RenderTips\" \/>\n<meta property=\"og:description\" content=\"Cr\u00e9ez des conceptions innovantes \u00e0 l&#039;aide des fonctions SolidWorks 2013, apprenez \u00e0 mod\u00e9liser des pi\u00e8ces et \u00e0 r\u00e9aliser des assemblages et des d\u00e9tails.\" \/>\n<meta property=\"og:url\" content=\"https:\/\/render.tips\/fr\/cours\/solidworks-fr\/solidworks-2013-les-fondamentaux\" \/>\n<meta property=\"og:site_name\" content=\"Online Courses from Basic to Advanced | RenderTips\" \/>\n<meta property=\"article:publisher\" content=\"https:\/\/www.facebook.com\/rendertipscourses\/\" \/>\n<meta property=\"article:modified_time\" content=\"2020-02-05T01:24:57+00:00\" \/>\n<meta property=\"og:image\" content=\"https:\/\/static.render.tips\/wp-content\/uploads\/2019\/12\/SW13-F-FR_facebook.png\" \/>\n\t<meta property=\"og:image:width\" content=\"262\" \/>\n\t<meta property=\"og:image:height\" content=\"238\" \/>\n<meta name=\"twitter:card\" content=\"summary_large_image\" \/>\n<meta name=\"twitter:image\" content=\"https:\/\/static.render.tips\/wp-content\/uploads\/2020\/02\/SW13-F-FR_facebook.png\" \/>\n<meta name=\"twitter:site\" content=\"@rendertips\" \/>\n<meta name=\"twitter:label1\" content=\"Dur\u00e9e de lecture est.\">\n\t<meta name=\"twitter:data1\" content=\"1 minute\">\n<script type=\"application\/ld+json\" class=\"yoast-schema-graph\">{\"@context\":\"https:\/\/schema.org\",\"@graph\":[{\"@type\":\"Organization\",\"@id\":\"https:\/\/render.tips\/#organization\",\"name\":\"Render Tips\",\"url\":\"https:\/\/render.tips\/\",\"sameAs\":[\"https:\/\/www.facebook.com\/rendertipscourses\/\",\"https:\/\/www.instagram.com\/rendertips\/\",\"https:\/\/www.youtube.com\/channel\/UCx_9bcvh0_AQFGXxJ0StKSQ\",\"https:\/\/twitter.com\/rendertips\"],\"logo\":{\"@type\":\"ImageObject\",\"@id\":\"https:\/\/render.tips\/#logo\",\"inLanguage\":\"fr-FR\",\"url\":\"https:\/\/static.render.tips\/wp-content\/uploads\/2019\/08\/logo_1024.png\",\"width\":1024,\"height\":1024,\"caption\":\"Render Tips\"},\"image\":{\"@id\":\"https:\/\/render.tips\/#logo\"}},{\"@type\":\"WebSite\",\"@id\":\"https:\/\/render.tips\/#website\",\"url\":\"https:\/\/render.tips\/\",\"name\":\"Online Courses from Basic to Advanced | RenderTips\",\"description\":\"Technology Online Courses - Solidworks, Autocad, Inventor, 3ds Max and More\",\"publisher\":{\"@id\":\"https:\/\/render.tips\/#organization\"},\"potentialAction\":[{\"@type\":\"SearchAction\",\"target\":\"https:\/\/render.tips\/?s={search_term_string}\",\"query-input\":\"required name=search_term_string\"}],\"inLanguage\":\"fr-FR\"},{\"@type\":\"ImageObject\",\"@id\":\"https:\/\/render.tips\/fr\/cours\/solidworks-fr\/solidworks-2013-les-fondamentaux#primaryimage\",\"inLanguage\":\"fr-FR\",\"url\":\"https:\/\/static.render.tips\/wp-content\/uploads\/2020\/02\/Curso-solidworks-2013-les-fondamentaux-SW13-F-FR_destaque-20200204231922.jpg\",\"width\":229,\"height\":162},{\"@type\":\"WebPage\",\"@id\":\"https:\/\/render.tips\/fr\/cours\/solidworks-fr\/solidworks-2013-les-fondamentaux#webpage\",\"url\":\"https:\/\/render.tips\/fr\/cours\/solidworks-fr\/solidworks-2013-les-fondamentaux\",\"name\":\"Cours SolidWorks 2013 Les Fondamentaux | Online Courses from Basic to Advanced | RenderTips\",\"isPartOf\":{\"@id\":\"https:\/\/render.tips\/#website\"},\"primaryImageOfPage\":{\"@id\":\"https:\/\/render.tips\/fr\/cours\/solidworks-fr\/solidworks-2013-les-fondamentaux#primaryimage\"},\"datePublished\":\"0203-05-21T12:00:01+00:00\",\"dateModified\":\"2020-02-05T01:24:57+00:00\",\"description\":\"Cr\\u00e9ez des conceptions innovantes \\u00e0 l'aide des fonctions SolidWorks 2013, apprenez \\u00e0 mod\\u00e9liser des pi\\u00e8ces et \\u00e0 r\\u00e9aliser des assemblages et des d\\u00e9tails.\",\"breadcrumb\":{\"@id\":\"https:\/\/render.tips\/fr\/cours\/solidworks-fr\/solidworks-2013-les-fondamentaux#breadcrumb\"},\"inLanguage\":\"fr-FR\",\"potentialAction\":[{\"@type\":\"ReadAction\",\"target\":[\"https:\/\/render.tips\/fr\/cours\/solidworks-fr\/solidworks-2013-les-fondamentaux\"]}]},{\"@type\":\"BreadcrumbList\",\"@id\":\"https:\/\/render.tips\/fr\/cours\/solidworks-fr\/solidworks-2013-les-fondamentaux#breadcrumb\",\"itemListElement\":[{\"@type\":\"ListItem\",\"position\":1,\"item\":{\"@type\":\"WebPage\",\"@id\":\"https:\/\/render.tips\/fr\",\"url\":\"https:\/\/render.tips\/fr\",\"name\":\"Home\"}},{\"@type\":\"ListItem\",\"position\":2,\"item\":{\"@type\":\"WebPage\",\"@id\":\"https:\/\/render.tips\/fr\/shop\",\"url\":\"https:\/\/render.tips\/fr\/shop\",\"name\":\"Shop\"}},{\"@type\":\"ListItem\",\"position\":3,\"item\":{\"@type\":\"WebPage\",\"@id\":\"https:\/\/render.tips\/fr\/cours\/solidworks-fr\/solidworks-2013-les-fondamentaux\",\"url\":\"https:\/\/render.tips\/fr\/cours\/solidworks-fr\/solidworks-2013-les-fondamentaux\",\"name\":\"Cours SolidWorks 2013 Les Fondamentaux\"}}]}]}<\/script>\n<!-- \/ Yoast SEO plugin. -->","_links":{"self":[{"href":"https:\/\/render.tips\/fr\/wp-json\/wp\/v2\/product\/212897"}],"collection":[{"href":"https:\/\/render.tips\/fr\/wp-json\/wp\/v2\/product"}],"about":[{"href":"https:\/\/render.tips\/fr\/wp-json\/wp\/v2\/types\/product"}],"replies":[{"embeddable":true,"href":"https:\/\/render.tips\/fr\/wp-json\/wp\/v2\/comments?post=212897"}],"wp:featuredmedia":[{"embeddable":true,"href":"https:\/\/render.tips\/fr\/wp-json\/wp\/v2\/media\/229761"}],"wp:attachment":[{"href":"https:\/\/render.tips\/fr\/wp-json\/wp\/v2\/media?parent=212897"}],"wp:term":[{"taxonomy":"product_cat","embeddable":true,"href":"https:\/\/render.tips\/fr\/wp-json\/wp\/v2\/product_cat?post=212897"},{"taxonomy":"product_tag","embeddable":true,"href":"https:\/\/render.tips\/fr\/wp-json\/wp\/v2\/product_tag?post=212897"}],"curies":[{"name":"wp","href":"https:\/\/api.w.org\/{rel}","templated":true}]}}