{"id":212589,"date":"2016-11-10T12:02:20","date_gmt":"2016-11-10T14:02:20","guid":{"rendered":"https:\/\/render.tips\/uncategorized\/autocad-2017-techniques-de-modelisation-3d"},"modified":"2020-02-06T20:22:24","modified_gmt":"2020-02-06T23:22:24","slug":"autocad-2017-techniques-de-modelisation-3d","status":"publish","type":"product","link":"https:\/\/render.tips\/fr\/cours\/autocad-fr\/autocad-2017-techniques-de-modelisation-3d","title":{"rendered":"Cours AutoCAD 2017 Techniques de mod\u00e9lisation 3D"},"content":{"rendered":"<p>Avec des le\u00e7ons vid\u00e9o pratiques et dynamiques, apprenez dans ce cours les techniques de mod\u00e9lisation des solides, des maillages et des surfaces. D\u00e9couvrez les concepts et apprenez \u00e0 utiliser les commandes pour cr\u00e9er et modifier des solides, des maillages et des surfaces, ainsi qu&rsquo;\u00e0 cr\u00e9er des vues orthographiques de projets 3D et \u00e0 configurer les styles de visualisation, les \u00e9chelles et l&rsquo;impression 3D. Prenez ce cours et acqu\u00e9rez plus de comp\u00e9tences pour cr\u00e9er des projets 3D professionnels dans AutoCAD\u00a0!<\/p>\n","protected":false},"excerpt":{"rendered":"<p><span style=\"color: #ff6600\">Ma\u00eetriser les techniques de mod\u00e9lisation avanc\u00e9es dans AutoCAD 2017<\/span><\/p>\n","protected":false},"featured_media":230275,"comment_status":"open","ping_status":"closed","template":"","meta":[],"product_cat":[473,506],"product_tag":[],"acf":[],"yoast_head":"<!-- This site is optimized with the Yoast SEO plugin v15.9 - https:\/\/yoast.com\/wordpress\/plugins\/seo\/ -->\n<title>Cours AutoCAD 2017 Techniques de mod\u00e9lisation 3D | Online Courses from Basic to Advanced | RenderTips<\/title>\n<meta name=\"description\" content=\"Ma\u00eetriser les techniques de mod\u00e9lisation avanc\u00e9es dans AutoCAD 2017\" \/>\n<meta name=\"robots\" content=\"index, follow, max-snippet:-1, max-image-preview:large, max-video-preview:-1\" \/>\n<link rel=\"canonical\" href=\"https:\/\/render.tips\/fr\/cours\/autocad-fr\/autocad-2017-techniques-de-modelisation-3d\" \/>\n<meta property=\"og:locale\" content=\"fr_FR\" \/>\n<meta property=\"og:type\" content=\"article\" \/>\n<meta property=\"og:title\" content=\"Cours AutoCAD 2017 Techniques de mod\u00e9lisation 3D | Online Courses from Basic to Advanced | RenderTips\" \/>\n<meta property=\"og:description\" content=\"Ma\u00eetriser les techniques de mod\u00e9lisation avanc\u00e9es dans AutoCAD 2017\" \/>\n<meta property=\"og:url\" content=\"https:\/\/render.tips\/fr\/cours\/autocad-fr\/autocad-2017-techniques-de-modelisation-3d\" \/>\n<meta property=\"og:site_name\" content=\"Online Courses from Basic to Advanced | RenderTips\" \/>\n<meta property=\"article:publisher\" content=\"https:\/\/www.facebook.com\/rendertipscourses\/\" \/>\n<meta property=\"article:modified_time\" content=\"2020-02-06T23:22:24+00:00\" \/>\n<meta property=\"og:image\" content=\"https:\/\/static.render.tips\/wp-content\/uploads\/2019\/12\/ACAD17-TM3D-FR_facebook.png\" \/>\n\t<meta property=\"og:image:width\" content=\"282\" \/>\n\t<meta property=\"og:image:height\" content=\"256\" \/>\n<meta name=\"twitter:card\" content=\"summary_large_image\" \/>\n<meta name=\"twitter:image\" content=\"https:\/\/static.render.tips\/wp-content\/uploads\/2020\/02\/ACAD17-TM3D-FR_facebook.png\" \/>\n<meta name=\"twitter:site\" content=\"@rendertips\" \/>\n<script type=\"application\/ld+json\" class=\"yoast-schema-graph\">{\"@context\":\"https:\/\/schema.org\",\"@graph\":[{\"@type\":\"Organization\",\"@id\":\"https:\/\/render.tips\/#organization\",\"name\":\"Render Tips\",\"url\":\"https:\/\/render.tips\/\",\"sameAs\":[\"https:\/\/www.facebook.com\/rendertipscourses\/\",\"https:\/\/www.instagram.com\/rendertips\/\",\"https:\/\/www.youtube.com\/channel\/UCx_9bcvh0_AQFGXxJ0StKSQ\",\"https:\/\/twitter.com\/rendertips\"],\"logo\":{\"@type\":\"ImageObject\",\"@id\":\"https:\/\/render.tips\/#logo\",\"inLanguage\":\"fr-FR\",\"url\":\"https:\/\/static.render.tips\/wp-content\/uploads\/2019\/08\/logo_1024.png\",\"width\":1024,\"height\":1024,\"caption\":\"Render Tips\"},\"image\":{\"@id\":\"https:\/\/render.tips\/#logo\"}},{\"@type\":\"WebSite\",\"@id\":\"https:\/\/render.tips\/#website\",\"url\":\"https:\/\/render.tips\/\",\"name\":\"Online Courses from Basic to Advanced | RenderTips\",\"description\":\"Technology Online Courses - Solidworks, Autocad, Inventor, 3ds Max and More\",\"publisher\":{\"@id\":\"https:\/\/render.tips\/#organization\"},\"potentialAction\":[{\"@type\":\"SearchAction\",\"target\":\"https:\/\/render.tips\/?s={search_term_string}\",\"query-input\":\"required name=search_term_string\"}],\"inLanguage\":\"fr-FR\"},{\"@type\":\"ImageObject\",\"@id\":\"https:\/\/render.tips\/fr\/cours\/autocad-fr\/autocad-2017-techniques-de-modelisation-3d#primaryimage\",\"inLanguage\":\"fr-FR\",\"url\":\"https:\/\/static.render.tips\/wp-content\/uploads\/2020\/02\/Curso-autocad-2017-techniques-de-modelisation-3d-ACAD17-TM3D-FR_destaque-20200206211646.jpg\",\"width\":229,\"height\":162},{\"@type\":\"WebPage\",\"@id\":\"https:\/\/render.tips\/fr\/cours\/autocad-fr\/autocad-2017-techniques-de-modelisation-3d#webpage\",\"url\":\"https:\/\/render.tips\/fr\/cours\/autocad-fr\/autocad-2017-techniques-de-modelisation-3d\",\"name\":\"Cours AutoCAD 2017 Techniques de mod\\u00e9lisation 3D | Online Courses from Basic to Advanced | RenderTips\",\"isPartOf\":{\"@id\":\"https:\/\/render.tips\/#website\"},\"primaryImageOfPage\":{\"@id\":\"https:\/\/render.tips\/fr\/cours\/autocad-fr\/autocad-2017-techniques-de-modelisation-3d#primaryimage\"},\"datePublished\":\"2016-11-10T14:02:20+00:00\",\"dateModified\":\"2020-02-06T23:22:24+00:00\",\"description\":\"Ma\\u00eetriser les techniques de mod\\u00e9lisation avanc\\u00e9es dans AutoCAD 2017\",\"breadcrumb\":{\"@id\":\"https:\/\/render.tips\/fr\/cours\/autocad-fr\/autocad-2017-techniques-de-modelisation-3d#breadcrumb\"},\"inLanguage\":\"fr-FR\",\"potentialAction\":[{\"@type\":\"ReadAction\",\"target\":[\"https:\/\/render.tips\/fr\/cours\/autocad-fr\/autocad-2017-techniques-de-modelisation-3d\"]}]},{\"@type\":\"BreadcrumbList\",\"@id\":\"https:\/\/render.tips\/fr\/cours\/autocad-fr\/autocad-2017-techniques-de-modelisation-3d#breadcrumb\",\"itemListElement\":[{\"@type\":\"ListItem\",\"position\":1,\"item\":{\"@type\":\"WebPage\",\"@id\":\"https:\/\/render.tips\/fr\",\"url\":\"https:\/\/render.tips\/fr\",\"name\":\"Home\"}},{\"@type\":\"ListItem\",\"position\":2,\"item\":{\"@type\":\"WebPage\",\"@id\":\"https:\/\/render.tips\/fr\/shop\",\"url\":\"https:\/\/render.tips\/fr\/shop\",\"name\":\"Shop\"}},{\"@type\":\"ListItem\",\"position\":3,\"item\":{\"@type\":\"WebPage\",\"@id\":\"https:\/\/render.tips\/fr\/cours\/autocad-fr\/autocad-2017-techniques-de-modelisation-3d\",\"url\":\"https:\/\/render.tips\/fr\/cours\/autocad-fr\/autocad-2017-techniques-de-modelisation-3d\",\"name\":\"Cours AutoCAD 2017 Techniques de mod\\u00e9lisation 3D\"}}]}]}<\/script>\n<!-- \/ Yoast SEO plugin. -->","_links":{"self":[{"href":"https:\/\/render.tips\/fr\/wp-json\/wp\/v2\/product\/212589"}],"collection":[{"href":"https:\/\/render.tips\/fr\/wp-json\/wp\/v2\/product"}],"about":[{"href":"https:\/\/render.tips\/fr\/wp-json\/wp\/v2\/types\/product"}],"replies":[{"embeddable":true,"href":"https:\/\/render.tips\/fr\/wp-json\/wp\/v2\/comments?post=212589"}],"wp:featuredmedia":[{"embeddable":true,"href":"https:\/\/render.tips\/fr\/wp-json\/wp\/v2\/media\/230275"}],"wp:attachment":[{"href":"https:\/\/render.tips\/fr\/wp-json\/wp\/v2\/media?parent=212589"}],"wp:term":[{"taxonomy":"product_cat","embeddable":true,"href":"https:\/\/render.tips\/fr\/wp-json\/wp\/v2\/product_cat?post=212589"},{"taxonomy":"product_tag","embeddable":true,"href":"https:\/\/render.tips\/fr\/wp-json\/wp\/v2\/product_tag?post=212589"}],"curies":[{"name":"wp","href":"https:\/\/api.w.org\/{rel}","templated":true}]}}