{"id":211490,"date":"2016-10-05T10:16:22","date_gmt":"2016-10-05T13:16:22","guid":{"rendered":"https:\/\/render.tips\/uncategorized\/solidworks-2016-configurations-avec-famille-de-pieces"},"modified":"2020-02-04T12:39:55","modified_gmt":"2020-02-04T15:39:55","slug":"solidworks-2016-configurations-avec-famille-de-pieces","status":"publish","type":"product","link":"https:\/\/render.tips\/fr\/cours\/solidworks-fr\/solidworks-2016-configurations-avec-famille-de-pieces","title":{"rendered":"Cours SolidWorks 2016 Configurations avec Famille de Pi\u00e8ces"},"content":{"rendered":"<p>Gr\u00e2ce \u00e0 des le\u00e7ons vid\u00e9o pratiques et faciles, apprenez \u00e0 cr\u00e9er des projets optimis\u00e9s dans SolidWorks, en appliquant des fonctions de param\u00e9trage en conjonction avec les meilleures pratiques de mod\u00e9lisation. Apprenez \u00e0 r\u00e9f\u00e9rencer des entit\u00e9s d&rsquo;esquisse et \u00e0 utiliser des \u00e9quations simples et des \u00e9quations bas\u00e9es sur des r\u00e8gles pour les pi\u00e8ces et les assemblages. D\u00e9couvrez comment automatiser des projets \u00e0 l&rsquo;aide de tables et de propri\u00e9t\u00e9s. Am\u00e9liorez votre apprentissage en faisant les exemples et les exercices propos\u00e9s, en param\u00e9trant une connexion hydraulique et en cr\u00e9ant des param\u00e8tres pour une roue dent\u00e9e. Ma\u00eetrisez ce segment plus et d\u00e9marquez-vous sur le march\u00e9\u00a0!<\/p>\n","protected":false},"excerpt":{"rendered":"<p><span style=\"color: #ff6600\">Optimisez vos projets dans SolidWorks \u00e0 l&rsquo;aide de param\u00e8tres, d&rsquo;\u00e9quations et de tables<\/span><\/p>\n","protected":false},"featured_media":229511,"comment_status":"open","ping_status":"closed","template":"","meta":[],"product_cat":[506,818],"product_tag":[],"acf":[],"yoast_head":"<!-- This site is optimized with the Yoast SEO plugin v15.9 - https:\/\/yoast.com\/wordpress\/plugins\/seo\/ -->\n<title>Cours SolidWorks 2016 Configurations avec Famille de Pi\u00e8ces | Online Courses from Basic to Advanced | RenderTips<\/title>\n<meta name=\"description\" content=\"Optimisez vos projets dans SolidWorks \u00e0 l&#039;aide de param\u00e8tres, d&#039;\u00e9quations et de tables\" \/>\n<meta name=\"robots\" content=\"index, follow, max-snippet:-1, max-image-preview:large, max-video-preview:-1\" \/>\n<link rel=\"canonical\" href=\"https:\/\/render.tips\/fr\/cours\/solidworks-fr\/solidworks-2016-configurations-avec-famille-de-pieces\" \/>\n<meta property=\"og:locale\" content=\"fr_FR\" \/>\n<meta property=\"og:type\" content=\"article\" \/>\n<meta property=\"og:title\" content=\"Cours SolidWorks 2016 Configurations avec Famille de Pi\u00e8ces | Online Courses from Basic to Advanced | RenderTips\" \/>\n<meta property=\"og:description\" content=\"Optimisez vos projets dans SolidWorks \u00e0 l&#039;aide de param\u00e8tres, d&#039;\u00e9quations et de tables\" \/>\n<meta property=\"og:url\" content=\"https:\/\/render.tips\/fr\/cours\/solidworks-fr\/solidworks-2016-configurations-avec-famille-de-pieces\" \/>\n<meta property=\"og:site_name\" content=\"Online Courses from Basic to Advanced | RenderTips\" \/>\n<meta property=\"article:publisher\" content=\"https:\/\/www.facebook.com\/rendertipscourses\/\" \/>\n<meta property=\"article:modified_time\" content=\"2020-02-04T15:39:55+00:00\" \/>\n<meta property=\"og:image\" content=\"https:\/\/static.render.tips\/wp-content\/uploads\/2019\/10\/SW16-PAR-TABP-FR_facebook.png\" \/>\n\t<meta property=\"og:image:width\" content=\"1200\" \/>\n\t<meta property=\"og:image:height\" content=\"627\" \/>\n<meta name=\"twitter:card\" content=\"summary_large_image\" \/>\n<meta name=\"twitter:image\" content=\"https:\/\/static.render.tips\/wp-content\/uploads\/2020\/02\/SW16-PAR-TABP-FR_facebook-1.png\" \/>\n<meta name=\"twitter:site\" content=\"@rendertips\" \/>\n<meta name=\"twitter:label1\" content=\"Dur\u00e9e de lecture est.\">\n\t<meta name=\"twitter:data1\" content=\"1 minute\">\n<script type=\"application\/ld+json\" class=\"yoast-schema-graph\">{\"@context\":\"https:\/\/schema.org\",\"@graph\":[{\"@type\":\"Organization\",\"@id\":\"https:\/\/render.tips\/#organization\",\"name\":\"Render Tips\",\"url\":\"https:\/\/render.tips\/\",\"sameAs\":[\"https:\/\/www.facebook.com\/rendertipscourses\/\",\"https:\/\/www.instagram.com\/rendertips\/\",\"https:\/\/www.youtube.com\/channel\/UCx_9bcvh0_AQFGXxJ0StKSQ\",\"https:\/\/twitter.com\/rendertips\"],\"logo\":{\"@type\":\"ImageObject\",\"@id\":\"https:\/\/render.tips\/#logo\",\"inLanguage\":\"fr-FR\",\"url\":\"https:\/\/static.render.tips\/wp-content\/uploads\/2019\/08\/logo_1024.png\",\"width\":1024,\"height\":1024,\"caption\":\"Render Tips\"},\"image\":{\"@id\":\"https:\/\/render.tips\/#logo\"}},{\"@type\":\"WebSite\",\"@id\":\"https:\/\/render.tips\/#website\",\"url\":\"https:\/\/render.tips\/\",\"name\":\"Online Courses from Basic to Advanced | RenderTips\",\"description\":\"Technology Online Courses - Solidworks, Autocad, Inventor, 3ds Max and More\",\"publisher\":{\"@id\":\"https:\/\/render.tips\/#organization\"},\"potentialAction\":[{\"@type\":\"SearchAction\",\"target\":\"https:\/\/render.tips\/?s={search_term_string}\",\"query-input\":\"required name=search_term_string\"}],\"inLanguage\":\"fr-FR\"},{\"@type\":\"ImageObject\",\"@id\":\"https:\/\/render.tips\/fr\/cours\/solidworks-fr\/solidworks-2016-configurations-avec-famille-de-pieces#primaryimage\",\"inLanguage\":\"fr-FR\",\"url\":\"https:\/\/static.render.tips\/wp-content\/uploads\/2020\/02\/Curso-solidworks-2016-configurations-avec-famille-de-pieces-SW16-PAR-TABP-FR_destaque-20200204132439.jpg\",\"width\":229,\"height\":162},{\"@type\":\"WebPage\",\"@id\":\"https:\/\/render.tips\/fr\/cours\/solidworks-fr\/solidworks-2016-configurations-avec-famille-de-pieces#webpage\",\"url\":\"https:\/\/render.tips\/fr\/cours\/solidworks-fr\/solidworks-2016-configurations-avec-famille-de-pieces\",\"name\":\"Cours SolidWorks 2016 Configurations avec Famille de Pi\\u00e8ces | Online Courses from Basic to Advanced | RenderTips\",\"isPartOf\":{\"@id\":\"https:\/\/render.tips\/#website\"},\"primaryImageOfPage\":{\"@id\":\"https:\/\/render.tips\/fr\/cours\/solidworks-fr\/solidworks-2016-configurations-avec-famille-de-pieces#primaryimage\"},\"datePublished\":\"2016-10-05T13:16:22+00:00\",\"dateModified\":\"2020-02-04T15:39:55+00:00\",\"description\":\"Optimisez vos projets dans SolidWorks \\u00e0 l'aide de param\\u00e8tres, d'\\u00e9quations et de tables\",\"breadcrumb\":{\"@id\":\"https:\/\/render.tips\/fr\/cours\/solidworks-fr\/solidworks-2016-configurations-avec-famille-de-pieces#breadcrumb\"},\"inLanguage\":\"fr-FR\",\"potentialAction\":[{\"@type\":\"ReadAction\",\"target\":[\"https:\/\/render.tips\/fr\/cours\/solidworks-fr\/solidworks-2016-configurations-avec-famille-de-pieces\"]}]},{\"@type\":\"BreadcrumbList\",\"@id\":\"https:\/\/render.tips\/fr\/cours\/solidworks-fr\/solidworks-2016-configurations-avec-famille-de-pieces#breadcrumb\",\"itemListElement\":[{\"@type\":\"ListItem\",\"position\":1,\"item\":{\"@type\":\"WebPage\",\"@id\":\"https:\/\/render.tips\/fr\",\"url\":\"https:\/\/render.tips\/fr\",\"name\":\"Home\"}},{\"@type\":\"ListItem\",\"position\":2,\"item\":{\"@type\":\"WebPage\",\"@id\":\"https:\/\/render.tips\/fr\/shop\",\"url\":\"https:\/\/render.tips\/fr\/shop\",\"name\":\"Shop\"}},{\"@type\":\"ListItem\",\"position\":3,\"item\":{\"@type\":\"WebPage\",\"@id\":\"https:\/\/render.tips\/fr\/cours\/solidworks-fr\/solidworks-2016-configurations-avec-famille-de-pieces\",\"url\":\"https:\/\/render.tips\/fr\/cours\/solidworks-fr\/solidworks-2016-configurations-avec-famille-de-pieces\",\"name\":\"Cours SolidWorks 2016 Configurations avec Famille de Pi\\u00e8ces\"}}]}]}<\/script>\n<!-- \/ Yoast SEO plugin. -->","_links":{"self":[{"href":"https:\/\/render.tips\/fr\/wp-json\/wp\/v2\/product\/211490"}],"collection":[{"href":"https:\/\/render.tips\/fr\/wp-json\/wp\/v2\/product"}],"about":[{"href":"https:\/\/render.tips\/fr\/wp-json\/wp\/v2\/types\/product"}],"replies":[{"embeddable":true,"href":"https:\/\/render.tips\/fr\/wp-json\/wp\/v2\/comments?post=211490"}],"wp:featuredmedia":[{"embeddable":true,"href":"https:\/\/render.tips\/fr\/wp-json\/wp\/v2\/media\/229511"}],"wp:attachment":[{"href":"https:\/\/render.tips\/fr\/wp-json\/wp\/v2\/media?parent=211490"}],"wp:term":[{"taxonomy":"product_cat","embeddable":true,"href":"https:\/\/render.tips\/fr\/wp-json\/wp\/v2\/product_cat?post=211490"},{"taxonomy":"product_tag","embeddable":true,"href":"https:\/\/render.tips\/fr\/wp-json\/wp\/v2\/product_tag?post=211490"}],"curies":[{"name":"wp","href":"https:\/\/api.w.org\/{rel}","templated":true}]}}