{"id":211259,"date":"2018-03-21T11:21:34","date_gmt":"2018-03-21T14:21:34","guid":{"rendered":"https:\/\/render.tips\/uncategorized\/solidworks-2018-mise-en-plan"},"modified":"2020-02-03T22:02:13","modified_gmt":"2020-02-04T01:02:13","slug":"solidworks-2018-mise-en-plan","status":"publish","type":"product","link":"https:\/\/render.tips\/fr\/cours\/solidworks-fr\/solidworks-2018-mise-en-plan","title":{"rendered":"Cours SolidWorks 2018 Mise en Plan"},"content":{"rendered":"<p>Gr\u00e2ce \u00e0 des le\u00e7ons vid\u00e9o pratiques et dynamiques, apprenez \u00e0 cr\u00e9er des d\u00e9tails dans SolidWorks. Apprenez \u00e0 choisir le mod\u00e8le, configurer la feuille, l&rsquo;\u00e9chelle et le style des vues, g\u00e9n\u00e9rer automatiquement des vues de pi\u00e8ces et d&rsquo;assemblages, ajouter des vues de section et de d\u00e9tail, ins\u00e9rer des cotes, des symboles, des bulles, une nomenclature, entre autres. Corrigez l&rsquo;apprentissage avec des exemples et des exercices compl\u00e9mentaires. Commencez ce cours maintenant et devenez un designer \u00e0 succ\u00e8s\u00a0!<\/p>\n","protected":false},"excerpt":{"rendered":"<p><span style=\"color: #ff6600\">Apprenez \u00e0 explorer vers le bas dans SolidWorks, en cr\u00e9ant facilement le dessin technique de votre projet\u00a0!<\/span><\/p>\n","protected":false},"featured_media":229314,"comment_status":"open","ping_status":"closed","template":"","meta":[],"product_cat":[506,818],"product_tag":[],"acf":[],"yoast_head":"<!-- This site is optimized with the Yoast SEO plugin v15.9 - https:\/\/yoast.com\/wordpress\/plugins\/seo\/ -->\n<title>Cours SolidWorks 2018 Mise en Plan | Online Courses from Basic to Advanced | RenderTips<\/title>\n<meta name=\"description\" content=\"Apprenez \u00e0 explorer vers le bas dans SolidWorks, en cr\u00e9ant facilement le dessin technique de votre projet !\" \/>\n<meta name=\"robots\" content=\"index, follow, max-snippet:-1, max-image-preview:large, max-video-preview:-1\" \/>\n<link rel=\"canonical\" href=\"https:\/\/render.tips\/fr\/cours\/solidworks-fr\/solidworks-2018-mise-en-plan\" \/>\n<meta property=\"og:locale\" content=\"fr_FR\" \/>\n<meta property=\"og:type\" content=\"article\" \/>\n<meta property=\"og:title\" content=\"Cours SolidWorks 2018 Mise en Plan | Online Courses from Basic to Advanced | RenderTips\" \/>\n<meta property=\"og:description\" content=\"Apprenez \u00e0 explorer vers le bas dans SolidWorks, en cr\u00e9ant facilement le dessin technique de votre projet !\" \/>\n<meta property=\"og:url\" content=\"https:\/\/render.tips\/fr\/cours\/solidworks-fr\/solidworks-2018-mise-en-plan\" \/>\n<meta property=\"og:site_name\" content=\"Online Courses from Basic to Advanced | RenderTips\" \/>\n<meta property=\"article:publisher\" content=\"https:\/\/www.facebook.com\/rendertipscourses\/\" \/>\n<meta property=\"article:modified_time\" content=\"2020-02-04T01:02:13+00:00\" \/>\n<meta property=\"og:image\" content=\"https:\/\/static.render.tips\/wp-content\/uploads\/2019\/10\/SW18-MEP-FR_facebook.png\" \/>\n\t<meta property=\"og:image:width\" content=\"1200\" \/>\n\t<meta property=\"og:image:height\" content=\"627\" \/>\n<meta name=\"twitter:card\" content=\"summary_large_image\" \/>\n<meta name=\"twitter:image\" content=\"https:\/\/static.render.tips\/wp-content\/uploads\/2020\/02\/SW18-MEP-FR_facebook.png\" \/>\n<meta name=\"twitter:site\" content=\"@rendertips\" \/>\n<script type=\"application\/ld+json\" class=\"yoast-schema-graph\">{\"@context\":\"https:\/\/schema.org\",\"@graph\":[{\"@type\":\"Organization\",\"@id\":\"https:\/\/render.tips\/#organization\",\"name\":\"Render Tips\",\"url\":\"https:\/\/render.tips\/\",\"sameAs\":[\"https:\/\/www.facebook.com\/rendertipscourses\/\",\"https:\/\/www.instagram.com\/rendertips\/\",\"https:\/\/www.youtube.com\/channel\/UCx_9bcvh0_AQFGXxJ0StKSQ\",\"https:\/\/twitter.com\/rendertips\"],\"logo\":{\"@type\":\"ImageObject\",\"@id\":\"https:\/\/render.tips\/#logo\",\"inLanguage\":\"fr-FR\",\"url\":\"https:\/\/static.render.tips\/wp-content\/uploads\/2019\/08\/logo_1024.png\",\"width\":1024,\"height\":1024,\"caption\":\"Render Tips\"},\"image\":{\"@id\":\"https:\/\/render.tips\/#logo\"}},{\"@type\":\"WebSite\",\"@id\":\"https:\/\/render.tips\/#website\",\"url\":\"https:\/\/render.tips\/\",\"name\":\"Online Courses from Basic to Advanced | RenderTips\",\"description\":\"Technology Online Courses - Solidworks, Autocad, Inventor, 3ds Max and More\",\"publisher\":{\"@id\":\"https:\/\/render.tips\/#organization\"},\"potentialAction\":[{\"@type\":\"SearchAction\",\"target\":\"https:\/\/render.tips\/?s={search_term_string}\",\"query-input\":\"required name=search_term_string\"}],\"inLanguage\":\"fr-FR\"},{\"@type\":\"ImageObject\",\"@id\":\"https:\/\/render.tips\/fr\/cours\/solidworks-fr\/solidworks-2018-mise-en-plan#primaryimage\",\"inLanguage\":\"fr-FR\",\"url\":\"https:\/\/static.render.tips\/wp-content\/uploads\/2020\/02\/Curso-solidworks-2018-mise-en-plan-SW18-MEP-FR_destaque-20200203225635.jpg\",\"width\":229,\"height\":162},{\"@type\":\"WebPage\",\"@id\":\"https:\/\/render.tips\/fr\/cours\/solidworks-fr\/solidworks-2018-mise-en-plan#webpage\",\"url\":\"https:\/\/render.tips\/fr\/cours\/solidworks-fr\/solidworks-2018-mise-en-plan\",\"name\":\"Cours SolidWorks 2018 Mise en Plan | Online Courses from Basic to Advanced | RenderTips\",\"isPartOf\":{\"@id\":\"https:\/\/render.tips\/#website\"},\"primaryImageOfPage\":{\"@id\":\"https:\/\/render.tips\/fr\/cours\/solidworks-fr\/solidworks-2018-mise-en-plan#primaryimage\"},\"datePublished\":\"2018-03-21T14:21:34+00:00\",\"dateModified\":\"2020-02-04T01:02:13+00:00\",\"description\":\"Apprenez \\u00e0 explorer vers le bas dans SolidWorks, en cr\\u00e9ant facilement le dessin technique de votre projet !\",\"breadcrumb\":{\"@id\":\"https:\/\/render.tips\/fr\/cours\/solidworks-fr\/solidworks-2018-mise-en-plan#breadcrumb\"},\"inLanguage\":\"fr-FR\",\"potentialAction\":[{\"@type\":\"ReadAction\",\"target\":[\"https:\/\/render.tips\/fr\/cours\/solidworks-fr\/solidworks-2018-mise-en-plan\"]}]},{\"@type\":\"BreadcrumbList\",\"@id\":\"https:\/\/render.tips\/fr\/cours\/solidworks-fr\/solidworks-2018-mise-en-plan#breadcrumb\",\"itemListElement\":[{\"@type\":\"ListItem\",\"position\":1,\"item\":{\"@type\":\"WebPage\",\"@id\":\"https:\/\/render.tips\/fr\",\"url\":\"https:\/\/render.tips\/fr\",\"name\":\"Home\"}},{\"@type\":\"ListItem\",\"position\":2,\"item\":{\"@type\":\"WebPage\",\"@id\":\"https:\/\/render.tips\/fr\/shop\",\"url\":\"https:\/\/render.tips\/fr\/shop\",\"name\":\"Shop\"}},{\"@type\":\"ListItem\",\"position\":3,\"item\":{\"@type\":\"WebPage\",\"@id\":\"https:\/\/render.tips\/fr\/cours\/solidworks-fr\/solidworks-2018-mise-en-plan\",\"url\":\"https:\/\/render.tips\/fr\/cours\/solidworks-fr\/solidworks-2018-mise-en-plan\",\"name\":\"Cours SolidWorks 2018 Mise en Plan\"}}]}]}<\/script>\n<!-- \/ Yoast SEO plugin. -->","_links":{"self":[{"href":"https:\/\/render.tips\/fr\/wp-json\/wp\/v2\/product\/211259"}],"collection":[{"href":"https:\/\/render.tips\/fr\/wp-json\/wp\/v2\/product"}],"about":[{"href":"https:\/\/render.tips\/fr\/wp-json\/wp\/v2\/types\/product"}],"replies":[{"embeddable":true,"href":"https:\/\/render.tips\/fr\/wp-json\/wp\/v2\/comments?post=211259"}],"wp:featuredmedia":[{"embeddable":true,"href":"https:\/\/render.tips\/fr\/wp-json\/wp\/v2\/media\/229314"}],"wp:attachment":[{"href":"https:\/\/render.tips\/fr\/wp-json\/wp\/v2\/media?parent=211259"}],"wp:term":[{"taxonomy":"product_cat","embeddable":true,"href":"https:\/\/render.tips\/fr\/wp-json\/wp\/v2\/product_cat?post=211259"},{"taxonomy":"product_tag","embeddable":true,"href":"https:\/\/render.tips\/fr\/wp-json\/wp\/v2\/product_tag?post=211259"}],"curies":[{"name":"wp","href":"https:\/\/api.w.org\/{rel}","templated":true}]}}