{"id":211092,"date":"2018-06-12T00:00:53","date_gmt":"2018-06-12T03:00:53","guid":{"rendered":"https:\/\/render.tips\/uncategorized\/solidworks-simulation-analyse-statique"},"modified":"2020-02-03T16:08:45","modified_gmt":"2020-02-03T19:08:45","slug":"solidworks-simulation-analyse-statique","status":"publish","type":"product","link":"https:\/\/render.tips\/fr\/cours\/solidworks-fr\/solidworks-simulation-analyse-statique","title":{"rendered":"Cours SolidWorks Simulation &#8211; Analyse statique"},"content":{"rendered":"<p>Innover vos projets tout en maintenant la fiabilit\u00e9 et en \u00e9liminant les risques. Apprenez dans ce cours comment tester vos projets dans l&rsquo;environnement virtuel SolidWorks, simuler l&rsquo;application des efforts et v\u00e9rifier que le projet r\u00e9sistera aux conditions impos\u00e9es. Avec des cours dynamiques, des exemples pratiques et des exercices d\u00e9velopp\u00e9s par un sp\u00e9cialiste professionnel dans le domaine, vous aurez un apprentissage complet pour la simulation de pi\u00e8ces et d&rsquo;assemblages. Apprenez \u00e0 appliquer des mailles solides, des coques et des poutres, des charges, des forces, de la pression et de la temp\u00e9rature des roulements, des contacts globaux et sp\u00e9cifiques, des connecteurs \u00e0 broches et \u00e0 vis, et plus encore. Commencez ce cours d\u00e8s maintenant, sp\u00e9cialisez dans le domaine CAE et faites partie de la zone de simulation de projet s\u00e9lectionn\u00e9e.<\/p>\n","protected":false},"excerpt":{"rendered":"<p><span style=\"color: #ff6600\">D\u00e9couvrez comment valider vos conceptions de pi\u00e8ces et d&rsquo;assemblages en les simulant dans l&rsquo;environnement SolidWorks CAE.<\/span><\/p>\n","protected":false},"featured_media":229118,"comment_status":"open","ping_status":"closed","template":"","meta":[],"product_cat":[506,934,943,818],"product_tag":[],"acf":[],"yoast_head":"<!-- This site is optimized with the Yoast SEO plugin v15.9 - https:\/\/yoast.com\/wordpress\/plugins\/seo\/ -->\n<title>Cours SolidWorks Simulation - Analyse statique | Online Courses from Basic to Advanced | RenderTips<\/title>\n<meta name=\"description\" content=\"D\u00e9couvrez comment valider vos conceptions de pi\u00e8ces et d&#039;assemblages en les simulant dans l&#039;environnement SolidWorks CAE.\" \/>\n<meta name=\"robots\" content=\"index, follow, max-snippet:-1, max-image-preview:large, max-video-preview:-1\" \/>\n<link rel=\"canonical\" href=\"https:\/\/render.tips\/fr\/cours\/solidworks-fr\/solidworks-simulation-analyse-statique\" \/>\n<meta property=\"og:locale\" content=\"fr_FR\" \/>\n<meta property=\"og:type\" content=\"article\" \/>\n<meta property=\"og:title\" content=\"Cours SolidWorks Simulation - Analyse statique | Online Courses from Basic to Advanced | RenderTips\" \/>\n<meta property=\"og:description\" content=\"D\u00e9couvrez comment valider vos conceptions de pi\u00e8ces et d&#039;assemblages en les simulant dans l&#039;environnement SolidWorks CAE.\" \/>\n<meta property=\"og:url\" content=\"https:\/\/render.tips\/fr\/cours\/solidworks-fr\/solidworks-simulation-analyse-statique\" \/>\n<meta property=\"og:site_name\" content=\"Online Courses from Basic to Advanced | RenderTips\" \/>\n<meta property=\"article:publisher\" content=\"https:\/\/www.facebook.com\/rendertipscourses\/\" \/>\n<meta property=\"article:modified_time\" content=\"2020-02-03T19:08:45+00:00\" \/>\n<meta property=\"og:image\" content=\"https:\/\/static.render.tips\/wp-content\/uploads\/2019\/10\/SW18-SIM-SA-FR_facebook.png\" \/>\n\t<meta property=\"og:image:width\" content=\"1200\" \/>\n\t<meta property=\"og:image:height\" content=\"627\" \/>\n<meta name=\"twitter:card\" content=\"summary_large_image\" \/>\n<meta name=\"twitter:image\" content=\"https:\/\/static.render.tips\/wp-content\/uploads\/2020\/02\/SW18-SIM-SA-FR_facebook.png\" \/>\n<meta name=\"twitter:site\" content=\"@rendertips\" \/>\n<meta name=\"twitter:label1\" content=\"Dur\u00e9e de lecture est.\">\n\t<meta name=\"twitter:data1\" content=\"1 minute\">\n<script type=\"application\/ld+json\" class=\"yoast-schema-graph\">{\"@context\":\"https:\/\/schema.org\",\"@graph\":[{\"@type\":\"Organization\",\"@id\":\"https:\/\/render.tips\/#organization\",\"name\":\"Render Tips\",\"url\":\"https:\/\/render.tips\/\",\"sameAs\":[\"https:\/\/www.facebook.com\/rendertipscourses\/\",\"https:\/\/www.instagram.com\/rendertips\/\",\"https:\/\/www.youtube.com\/channel\/UCx_9bcvh0_AQFGXxJ0StKSQ\",\"https:\/\/twitter.com\/rendertips\"],\"logo\":{\"@type\":\"ImageObject\",\"@id\":\"https:\/\/render.tips\/#logo\",\"inLanguage\":\"fr-FR\",\"url\":\"https:\/\/static.render.tips\/wp-content\/uploads\/2019\/08\/logo_1024.png\",\"width\":1024,\"height\":1024,\"caption\":\"Render Tips\"},\"image\":{\"@id\":\"https:\/\/render.tips\/#logo\"}},{\"@type\":\"WebSite\",\"@id\":\"https:\/\/render.tips\/#website\",\"url\":\"https:\/\/render.tips\/\",\"name\":\"Online Courses from Basic to Advanced | RenderTips\",\"description\":\"Technology Online Courses - Solidworks, Autocad, Inventor, 3ds Max and More\",\"publisher\":{\"@id\":\"https:\/\/render.tips\/#organization\"},\"potentialAction\":[{\"@type\":\"SearchAction\",\"target\":\"https:\/\/render.tips\/?s={search_term_string}\",\"query-input\":\"required name=search_term_string\"}],\"inLanguage\":\"fr-FR\"},{\"@type\":\"ImageObject\",\"@id\":\"https:\/\/render.tips\/fr\/cours\/solidworks-fr\/solidworks-simulation-analyse-statique#primaryimage\",\"inLanguage\":\"fr-FR\",\"url\":\"https:\/\/static.render.tips\/wp-content\/uploads\/2020\/02\/Curso-solidworks-simulation-analyse-statique-SW18-SIM-SA-FR_destaque-20200203170254.jpg\",\"width\":229,\"height\":162},{\"@type\":\"WebPage\",\"@id\":\"https:\/\/render.tips\/fr\/cours\/solidworks-fr\/solidworks-simulation-analyse-statique#webpage\",\"url\":\"https:\/\/render.tips\/fr\/cours\/solidworks-fr\/solidworks-simulation-analyse-statique\",\"name\":\"Cours SolidWorks Simulation - Analyse statique | Online Courses from Basic to Advanced | RenderTips\",\"isPartOf\":{\"@id\":\"https:\/\/render.tips\/#website\"},\"primaryImageOfPage\":{\"@id\":\"https:\/\/render.tips\/fr\/cours\/solidworks-fr\/solidworks-simulation-analyse-statique#primaryimage\"},\"datePublished\":\"2018-06-12T03:00:53+00:00\",\"dateModified\":\"2020-02-03T19:08:45+00:00\",\"description\":\"D\\u00e9couvrez comment valider vos conceptions de pi\\u00e8ces et d'assemblages en les simulant dans l'environnement SolidWorks CAE.\",\"breadcrumb\":{\"@id\":\"https:\/\/render.tips\/fr\/cours\/solidworks-fr\/solidworks-simulation-analyse-statique#breadcrumb\"},\"inLanguage\":\"fr-FR\",\"potentialAction\":[{\"@type\":\"ReadAction\",\"target\":[\"https:\/\/render.tips\/fr\/cours\/solidworks-fr\/solidworks-simulation-analyse-statique\"]}]},{\"@type\":\"BreadcrumbList\",\"@id\":\"https:\/\/render.tips\/fr\/cours\/solidworks-fr\/solidworks-simulation-analyse-statique#breadcrumb\",\"itemListElement\":[{\"@type\":\"ListItem\",\"position\":1,\"item\":{\"@type\":\"WebPage\",\"@id\":\"https:\/\/render.tips\/fr\",\"url\":\"https:\/\/render.tips\/fr\",\"name\":\"Home\"}},{\"@type\":\"ListItem\",\"position\":2,\"item\":{\"@type\":\"WebPage\",\"@id\":\"https:\/\/render.tips\/fr\/shop\",\"url\":\"https:\/\/render.tips\/fr\/shop\",\"name\":\"Shop\"}},{\"@type\":\"ListItem\",\"position\":3,\"item\":{\"@type\":\"WebPage\",\"@id\":\"https:\/\/render.tips\/fr\/cours\/solidworks-fr\/solidworks-simulation-analyse-statique\",\"url\":\"https:\/\/render.tips\/fr\/cours\/solidworks-fr\/solidworks-simulation-analyse-statique\",\"name\":\"Cours SolidWorks Simulation &#8211; Analyse statique\"}}]}]}<\/script>\n<!-- \/ Yoast SEO plugin. -->","_links":{"self":[{"href":"https:\/\/render.tips\/fr\/wp-json\/wp\/v2\/product\/211092"}],"collection":[{"href":"https:\/\/render.tips\/fr\/wp-json\/wp\/v2\/product"}],"about":[{"href":"https:\/\/render.tips\/fr\/wp-json\/wp\/v2\/types\/product"}],"replies":[{"embeddable":true,"href":"https:\/\/render.tips\/fr\/wp-json\/wp\/v2\/comments?post=211092"}],"wp:featuredmedia":[{"embeddable":true,"href":"https:\/\/render.tips\/fr\/wp-json\/wp\/v2\/media\/229118"}],"wp:attachment":[{"href":"https:\/\/render.tips\/fr\/wp-json\/wp\/v2\/media?parent=211092"}],"wp:term":[{"taxonomy":"product_cat","embeddable":true,"href":"https:\/\/render.tips\/fr\/wp-json\/wp\/v2\/product_cat?post=211092"},{"taxonomy":"product_tag","embeddable":true,"href":"https:\/\/render.tips\/fr\/wp-json\/wp\/v2\/product_tag?post=211092"}],"curies":[{"name":"wp","href":"https:\/\/api.w.org\/{rel}","templated":true}]}}