{"id":211001,"date":"2018-06-12T01:00:52","date_gmt":"2018-06-12T04:00:52","guid":{"rendered":"https:\/\/render.tips\/uncategorized\/solidworks-simulation-analyse-statique-avancee"},"modified":"2020-02-03T15:29:42","modified_gmt":"2020-02-03T18:29:42","slug":"solidworks-simulation-analyse-statique-avancee","status":"publish","type":"product","link":"https:\/\/render.tips\/fr\/cours\/solidworks-fr\/solidworks-simulation-analyse-statique-avancee","title":{"rendered":"Cours SolidWorks Simulation &#8211; Analyse statique avanc\u00e9e"},"content":{"rendered":"<p>Gr\u00e2ce \u00e0 des le\u00e7ons vid\u00e9o pratiques, apprenez \u00e0 utiliser les fonctionnalit\u00e9s et options avanc\u00e9es de Simulation en testant vos projets dans l&rsquo;environnement virtuel SolidWorks. Acqu\u00e9rir des connaissances et devenir un concepteur de simulation sp\u00e9cialis\u00e9 dans SolidWorks, en concevant avec plus de confiance et de facilit\u00e9. D\u00e9couvrez les Solveurs et leurs options, simulez des pi\u00e8ces \u00e0 mailles mixtes, appliquez plusieurs connecteurs tels que des ressorts, des soudures et des roulements\u00a0; utilisez la charge \u00e0 distance, appliquez des m\u00e9thodes de solution adaptative, et bien plus encore\u00a0! \u00catre un concepteur r\u00e9ussi \u00e0 utiliser les fonctionnalit\u00e9s de SolidWorks CAE.<\/p>\n","protected":false},"excerpt":{"rendered":"<p><span style=\"color: #ff6600\">D\u00e9couvrez les options et fonctionnalit\u00e9s avanc\u00e9es de simulation et validez des projets complexes plus facilement et en toute confiance.<\/span><\/p>\n","protected":false},"featured_media":229020,"comment_status":"open","ping_status":"closed","template":"","meta":[],"product_cat":[506,934,943,818],"product_tag":[],"acf":[],"yoast_head":"<!-- This site is optimized with the Yoast SEO plugin v15.9 - https:\/\/yoast.com\/wordpress\/plugins\/seo\/ -->\n<title>Cours SolidWorks Simulation - Analyse statique avanc\u00e9e | Online Courses from Basic to Advanced | RenderTips<\/title>\n<meta name=\"description\" content=\"D\u00e9couvrez les options et fonctionnalit\u00e9s avanc\u00e9es de simulation et validez des projets complexes plus facilement et en toute confiance\" \/>\n<meta name=\"robots\" content=\"index, follow, max-snippet:-1, max-image-preview:large, max-video-preview:-1\" \/>\n<link rel=\"canonical\" href=\"https:\/\/render.tips\/fr\/cours\/solidworks-fr\/solidworks-simulation-analyse-statique-avancee\" \/>\n<meta property=\"og:locale\" content=\"fr_FR\" \/>\n<meta property=\"og:type\" content=\"article\" \/>\n<meta property=\"og:title\" content=\"Cours SolidWorks Simulation - Analyse statique avanc\u00e9e | Online Courses from Basic to Advanced | RenderTips\" \/>\n<meta property=\"og:description\" content=\"D\u00e9couvrez les options et fonctionnalit\u00e9s avanc\u00e9es de simulation et validez des projets complexes plus facilement et en toute confiance\" \/>\n<meta property=\"og:url\" content=\"https:\/\/render.tips\/fr\/cours\/solidworks-fr\/solidworks-simulation-analyse-statique-avancee\" \/>\n<meta property=\"og:site_name\" content=\"Online Courses from Basic to Advanced | RenderTips\" \/>\n<meta property=\"article:publisher\" content=\"https:\/\/www.facebook.com\/rendertipscourses\/\" \/>\n<meta property=\"article:modified_time\" content=\"2020-02-03T18:29:42+00:00\" \/>\n<meta property=\"og:image\" content=\"https:\/\/static.render.tips\/wp-content\/uploads\/2019\/09\/SW18-SIM-ASA-FR_facebook.png\" \/>\n\t<meta property=\"og:image:width\" content=\"1200\" \/>\n\t<meta property=\"og:image:height\" content=\"627\" \/>\n<meta name=\"twitter:card\" content=\"summary_large_image\" \/>\n<meta name=\"twitter:image\" content=\"https:\/\/static.render.tips\/wp-content\/uploads\/2019\/09\/SW18-SIM-ASA-FR_facebook.png\" \/>\n<meta name=\"twitter:site\" content=\"@rendertips\" \/>\n<meta name=\"twitter:label1\" content=\"Dur\u00e9e de lecture est.\">\n\t<meta name=\"twitter:data1\" content=\"1 minute\">\n<script type=\"application\/ld+json\" class=\"yoast-schema-graph\">{\"@context\":\"https:\/\/schema.org\",\"@graph\":[{\"@type\":\"Organization\",\"@id\":\"https:\/\/render.tips\/#organization\",\"name\":\"Render Tips\",\"url\":\"https:\/\/render.tips\/\",\"sameAs\":[\"https:\/\/www.facebook.com\/rendertipscourses\/\",\"https:\/\/www.instagram.com\/rendertips\/\",\"https:\/\/www.youtube.com\/channel\/UCx_9bcvh0_AQFGXxJ0StKSQ\",\"https:\/\/twitter.com\/rendertips\"],\"logo\":{\"@type\":\"ImageObject\",\"@id\":\"https:\/\/render.tips\/#logo\",\"inLanguage\":\"fr-FR\",\"url\":\"https:\/\/static.render.tips\/wp-content\/uploads\/2019\/08\/logo_1024.png\",\"width\":1024,\"height\":1024,\"caption\":\"Render Tips\"},\"image\":{\"@id\":\"https:\/\/render.tips\/#logo\"}},{\"@type\":\"WebSite\",\"@id\":\"https:\/\/render.tips\/#website\",\"url\":\"https:\/\/render.tips\/\",\"name\":\"Online Courses from Basic to Advanced | RenderTips\",\"description\":\"Technology Online Courses - Solidworks, Autocad, Inventor, 3ds Max and More\",\"publisher\":{\"@id\":\"https:\/\/render.tips\/#organization\"},\"potentialAction\":[{\"@type\":\"SearchAction\",\"target\":\"https:\/\/render.tips\/?s={search_term_string}\",\"query-input\":\"required name=search_term_string\"}],\"inLanguage\":\"fr-FR\"},{\"@type\":\"ImageObject\",\"@id\":\"https:\/\/render.tips\/fr\/cours\/solidworks-fr\/solidworks-simulation-analyse-statique-avancee#primaryimage\",\"inLanguage\":\"fr-FR\",\"url\":\"https:\/\/static.render.tips\/wp-content\/uploads\/2020\/02\/Curso-solidworks-simulation-analyse-statique-avancee-SW18-SIM-ASA-FR_destaque-20200203162133.jpg\",\"width\":229,\"height\":162},{\"@type\":\"WebPage\",\"@id\":\"https:\/\/render.tips\/fr\/cours\/solidworks-fr\/solidworks-simulation-analyse-statique-avancee#webpage\",\"url\":\"https:\/\/render.tips\/fr\/cours\/solidworks-fr\/solidworks-simulation-analyse-statique-avancee\",\"name\":\"Cours SolidWorks Simulation - Analyse statique avanc\\u00e9e | Online Courses from Basic to Advanced | RenderTips\",\"isPartOf\":{\"@id\":\"https:\/\/render.tips\/#website\"},\"primaryImageOfPage\":{\"@id\":\"https:\/\/render.tips\/fr\/cours\/solidworks-fr\/solidworks-simulation-analyse-statique-avancee#primaryimage\"},\"datePublished\":\"2018-06-12T04:00:52+00:00\",\"dateModified\":\"2020-02-03T18:29:42+00:00\",\"description\":\"D\\u00e9couvrez les options et fonctionnalit\\u00e9s avanc\\u00e9es de simulation et validez des projets complexes plus facilement et en toute confiance\",\"breadcrumb\":{\"@id\":\"https:\/\/render.tips\/fr\/cours\/solidworks-fr\/solidworks-simulation-analyse-statique-avancee#breadcrumb\"},\"inLanguage\":\"fr-FR\",\"potentialAction\":[{\"@type\":\"ReadAction\",\"target\":[\"https:\/\/render.tips\/fr\/cours\/solidworks-fr\/solidworks-simulation-analyse-statique-avancee\"]}]},{\"@type\":\"BreadcrumbList\",\"@id\":\"https:\/\/render.tips\/fr\/cours\/solidworks-fr\/solidworks-simulation-analyse-statique-avancee#breadcrumb\",\"itemListElement\":[{\"@type\":\"ListItem\",\"position\":1,\"item\":{\"@type\":\"WebPage\",\"@id\":\"https:\/\/render.tips\/fr\",\"url\":\"https:\/\/render.tips\/fr\",\"name\":\"Home\"}},{\"@type\":\"ListItem\",\"position\":2,\"item\":{\"@type\":\"WebPage\",\"@id\":\"https:\/\/render.tips\/fr\/shop\",\"url\":\"https:\/\/render.tips\/fr\/shop\",\"name\":\"Shop\"}},{\"@type\":\"ListItem\",\"position\":3,\"item\":{\"@type\":\"WebPage\",\"@id\":\"https:\/\/render.tips\/fr\/cours\/solidworks-fr\/solidworks-simulation-analyse-statique-avancee\",\"url\":\"https:\/\/render.tips\/fr\/cours\/solidworks-fr\/solidworks-simulation-analyse-statique-avancee\",\"name\":\"Cours SolidWorks Simulation &#8211; Analyse statique avanc\\u00e9e\"}}]}]}<\/script>\n<!-- \/ Yoast SEO plugin. -->","_links":{"self":[{"href":"https:\/\/render.tips\/fr\/wp-json\/wp\/v2\/product\/211001"}],"collection":[{"href":"https:\/\/render.tips\/fr\/wp-json\/wp\/v2\/product"}],"about":[{"href":"https:\/\/render.tips\/fr\/wp-json\/wp\/v2\/types\/product"}],"replies":[{"embeddable":true,"href":"https:\/\/render.tips\/fr\/wp-json\/wp\/v2\/comments?post=211001"}],"wp:featuredmedia":[{"embeddable":true,"href":"https:\/\/render.tips\/fr\/wp-json\/wp\/v2\/media\/229020"}],"wp:attachment":[{"href":"https:\/\/render.tips\/fr\/wp-json\/wp\/v2\/media?parent=211001"}],"wp:term":[{"taxonomy":"product_cat","embeddable":true,"href":"https:\/\/render.tips\/fr\/wp-json\/wp\/v2\/product_cat?post=211001"},{"taxonomy":"product_tag","embeddable":true,"href":"https:\/\/render.tips\/fr\/wp-json\/wp\/v2\/product_tag?post=211001"}],"curies":[{"name":"wp","href":"https:\/\/api.w.org\/{rel}","templated":true}]}}