{"id":209698,"date":"2018-03-06T10:05:21","date_gmt":"2018-03-06T13:05:21","guid":{"rendered":"https:\/\/render.tips\/uncategorized\/solidworks-2018-assemblage"},"modified":"2020-02-03T19:25:00","modified_gmt":"2020-02-03T22:25:00","slug":"solidworks-2018-assemblage","status":"publish","type":"product","link":"https:\/\/render.tips\/fr\/cours\/solidworks-fr\/solidworks-2018-assemblage","title":{"rendered":"Cours SolidWorks 2018 Assemblage"},"content":{"rendered":"<p>Avec des le\u00e7ons vid\u00e9o pratiques et dynamiques, dans ce cours, nous allons apprendre \u00e0 cr\u00e9er des assemblages dans SolidWorks. Nous allons explorer l&rsquo;environnement de cr\u00e9ation de jeux, apprendre diff\u00e9rentes m\u00e9thodes d&rsquo;insertion de composants, appliquer des contraintes de mouvement, \u00e9diter des composants d&rsquo;assemblage, utiliser la biblioth\u00e8que de projet et ajouter des configurations. Nous allons former le d\u00e9veloppement des assembl\u00e9es, en r\u00e9alisant des exemples pratiques et des exercices compl\u00e9mentaires. Prenez ce cours et pr\u00e9sentez cette comp\u00e9tence au march\u00e9\u00a0!<\/p>\n","protected":false},"excerpt":{"rendered":"<p><span style=\"color: #ff6600\">Apprenez \u00e0 utiliser l&rsquo;environnement SolidWorks Assembly et \u00e0 cr\u00e9er des ensembles professionnels\u00a0!<\/span><\/p>\n","protected":false},"featured_media":229252,"comment_status":"open","ping_status":"closed","template":"","meta":[],"product_cat":[506,943,818],"product_tag":[],"acf":[],"yoast_head":"<!-- This site is optimized with the Yoast SEO plugin v15.9 - https:\/\/yoast.com\/wordpress\/plugins\/seo\/ -->\n<title>Cours SolidWorks 2018 Assemblage | Online Courses from Basic to Advanced | RenderTips<\/title>\n<meta name=\"description\" content=\"Apprenez \u00e0 utiliser l&#039;environnement SolidWorks Assembly et \u00e0 cr\u00e9er des ensembles professionnels !\" \/>\n<meta name=\"robots\" content=\"index, follow, max-snippet:-1, max-image-preview:large, max-video-preview:-1\" \/>\n<link rel=\"canonical\" href=\"https:\/\/render.tips\/fr\/cours\/solidworks-fr\/solidworks-2018-assemblage\" \/>\n<meta property=\"og:locale\" content=\"fr_FR\" \/>\n<meta property=\"og:type\" content=\"article\" \/>\n<meta property=\"og:title\" content=\"Cours SolidWorks 2018 Assemblage | Online Courses from Basic to Advanced | RenderTips\" \/>\n<meta property=\"og:description\" content=\"Apprenez \u00e0 utiliser l&#039;environnement SolidWorks Assembly et \u00e0 cr\u00e9er des ensembles professionnels !\" \/>\n<meta property=\"og:url\" content=\"https:\/\/render.tips\/fr\/cours\/solidworks-fr\/solidworks-2018-assemblage\" \/>\n<meta property=\"og:site_name\" content=\"Online Courses from Basic to Advanced | RenderTips\" \/>\n<meta property=\"article:publisher\" content=\"https:\/\/www.facebook.com\/rendertipscourses\/\" \/>\n<meta property=\"article:modified_time\" content=\"2020-02-03T22:25:00+00:00\" \/>\n<meta property=\"og:image\" content=\"https:\/\/static.render.tips\/wp-content\/uploads\/2020\/02\/SW18-ASS-FR_facebook.png\" \/>\n\t<meta property=\"og:image:width\" content=\"1200\" \/>\n\t<meta property=\"og:image:height\" content=\"627\" \/>\n<meta name=\"twitter:card\" content=\"summary_large_image\" \/>\n<meta name=\"twitter:image\" content=\"https:\/\/static.render.tips\/wp-content\/uploads\/2020\/02\/SW18-ASS-FR_facebook.png\" \/>\n<meta name=\"twitter:site\" content=\"@rendertips\" \/>\n<script type=\"application\/ld+json\" class=\"yoast-schema-graph\">{\"@context\":\"https:\/\/schema.org\",\"@graph\":[{\"@type\":\"Organization\",\"@id\":\"https:\/\/render.tips\/#organization\",\"name\":\"Render Tips\",\"url\":\"https:\/\/render.tips\/\",\"sameAs\":[\"https:\/\/www.facebook.com\/rendertipscourses\/\",\"https:\/\/www.instagram.com\/rendertips\/\",\"https:\/\/www.youtube.com\/channel\/UCx_9bcvh0_AQFGXxJ0StKSQ\",\"https:\/\/twitter.com\/rendertips\"],\"logo\":{\"@type\":\"ImageObject\",\"@id\":\"https:\/\/render.tips\/#logo\",\"inLanguage\":\"fr-FR\",\"url\":\"https:\/\/static.render.tips\/wp-content\/uploads\/2019\/08\/logo_1024.png\",\"width\":1024,\"height\":1024,\"caption\":\"Render Tips\"},\"image\":{\"@id\":\"https:\/\/render.tips\/#logo\"}},{\"@type\":\"WebSite\",\"@id\":\"https:\/\/render.tips\/#website\",\"url\":\"https:\/\/render.tips\/\",\"name\":\"Online Courses from Basic to Advanced | RenderTips\",\"description\":\"Technology Online Courses - Solidworks, Autocad, Inventor, 3ds Max and More\",\"publisher\":{\"@id\":\"https:\/\/render.tips\/#organization\"},\"potentialAction\":[{\"@type\":\"SearchAction\",\"target\":\"https:\/\/render.tips\/?s={search_term_string}\",\"query-input\":\"required name=search_term_string\"}],\"inLanguage\":\"fr-FR\"},{\"@type\":\"ImageObject\",\"@id\":\"https:\/\/render.tips\/fr\/cours\/solidworks-fr\/solidworks-2018-assemblage#primaryimage\",\"inLanguage\":\"fr-FR\",\"url\":\"https:\/\/static.render.tips\/wp-content\/uploads\/2020\/02\/Curso-solidworks-2018-assemblage-SW18-ASS-FR_destaque-20200203201850.jpg\",\"width\":229,\"height\":162},{\"@type\":\"WebPage\",\"@id\":\"https:\/\/render.tips\/fr\/cours\/solidworks-fr\/solidworks-2018-assemblage#webpage\",\"url\":\"https:\/\/render.tips\/fr\/cours\/solidworks-fr\/solidworks-2018-assemblage\",\"name\":\"Cours SolidWorks 2018 Assemblage | Online Courses from Basic to Advanced | RenderTips\",\"isPartOf\":{\"@id\":\"https:\/\/render.tips\/#website\"},\"primaryImageOfPage\":{\"@id\":\"https:\/\/render.tips\/fr\/cours\/solidworks-fr\/solidworks-2018-assemblage#primaryimage\"},\"datePublished\":\"2018-03-06T13:05:21+00:00\",\"dateModified\":\"2020-02-03T22:25:00+00:00\",\"description\":\"Apprenez \\u00e0 utiliser l'environnement SolidWorks Assembly et \\u00e0 cr\\u00e9er des ensembles professionnels !\",\"breadcrumb\":{\"@id\":\"https:\/\/render.tips\/fr\/cours\/solidworks-fr\/solidworks-2018-assemblage#breadcrumb\"},\"inLanguage\":\"fr-FR\",\"potentialAction\":[{\"@type\":\"ReadAction\",\"target\":[\"https:\/\/render.tips\/fr\/cours\/solidworks-fr\/solidworks-2018-assemblage\"]}]},{\"@type\":\"BreadcrumbList\",\"@id\":\"https:\/\/render.tips\/fr\/cours\/solidworks-fr\/solidworks-2018-assemblage#breadcrumb\",\"itemListElement\":[{\"@type\":\"ListItem\",\"position\":1,\"item\":{\"@type\":\"WebPage\",\"@id\":\"https:\/\/render.tips\/fr\",\"url\":\"https:\/\/render.tips\/fr\",\"name\":\"Home\"}},{\"@type\":\"ListItem\",\"position\":2,\"item\":{\"@type\":\"WebPage\",\"@id\":\"https:\/\/render.tips\/fr\/shop\",\"url\":\"https:\/\/render.tips\/fr\/shop\",\"name\":\"Shop\"}},{\"@type\":\"ListItem\",\"position\":3,\"item\":{\"@type\":\"WebPage\",\"@id\":\"https:\/\/render.tips\/fr\/cours\/solidworks-fr\/solidworks-2018-assemblage\",\"url\":\"https:\/\/render.tips\/fr\/cours\/solidworks-fr\/solidworks-2018-assemblage\",\"name\":\"Cours SolidWorks 2018 Assemblage\"}}]}]}<\/script>\n<!-- \/ Yoast SEO plugin. -->","_links":{"self":[{"href":"https:\/\/render.tips\/fr\/wp-json\/wp\/v2\/product\/209698"}],"collection":[{"href":"https:\/\/render.tips\/fr\/wp-json\/wp\/v2\/product"}],"about":[{"href":"https:\/\/render.tips\/fr\/wp-json\/wp\/v2\/types\/product"}],"replies":[{"embeddable":true,"href":"https:\/\/render.tips\/fr\/wp-json\/wp\/v2\/comments?post=209698"}],"wp:featuredmedia":[{"embeddable":true,"href":"https:\/\/render.tips\/fr\/wp-json\/wp\/v2\/media\/229252"}],"wp:attachment":[{"href":"https:\/\/render.tips\/fr\/wp-json\/wp\/v2\/media?parent=209698"}],"wp:term":[{"taxonomy":"product_cat","embeddable":true,"href":"https:\/\/render.tips\/fr\/wp-json\/wp\/v2\/product_cat?post=209698"},{"taxonomy":"product_tag","embeddable":true,"href":"https:\/\/render.tips\/fr\/wp-json\/wp\/v2\/product_tag?post=209698"}],"curies":[{"name":"wp","href":"https:\/\/api.w.org\/{rel}","templated":true}]}}