{"id":208288,"date":"2017-01-09T02:06:49","date_gmt":"2017-01-09T04:06:49","guid":{"rendered":"https:\/\/render.tips\/certificacoes\/reprovei"},"modified":"2019-11-15T00:58:03","modified_gmt":"2019-11-15T02:58:03","slug":"nouvelle-certification","status":"publish","type":"page","link":"https:\/\/render.tips\/fr\/certifications\/nouvelle-certification","title":{"rendered":"J&rsquo;ai d\u00e9sapprouv\u00e9, et maintenant?"},"content":{"rendered":"<div class=\"wpb-content-wrapper\"><p>[vc_row][vc_column][vc_separator][\/vc_column][vc_column width=\u00a0\u00bb1\/4&Prime; offset=\u00a0\u00bbvc_hidden-sm vc_hidden-xs\u00a0\u00bb][vc_column_text]<div class=\"menu-certif-default menu-left-default\"><ul id=\"menu-sobre-render-french\" class=\"menu\"><li id=\"menu-item-208496\" class=\"menu-item menu-item-type-post_type menu-item-object-page menu-item-208496\"><a href=\"https:\/\/render.tips\/fr\/a-propos-de-render-tips\">\u00c0 propos de Render.Tips<\/a><\/li>\n<li id=\"menu-item-208497\" class=\"menu-item menu-item-type-post_type menu-item-object-page menu-item-208497\"><a href=\"https:\/\/render.tips\/fr\/a-propos-de-render-tips\/methodologie-d-enseignement\">M\u00e9thodologie d\u2019enseignement<\/a><\/li>\n<li id=\"menu-item-208500\" class=\"menu-item menu-item-type-post_type menu-item-object-page menu-item-208500\"><a href=\"https:\/\/render.tips\/fr\/a-propos-de-render-tips\/securite\">La s\u00e9curit\u00e9<\/a><\/li>\n<li id=\"menu-item-208498\" class=\"menu-item menu-item-type-post_type menu-item-object-page menu-item-208498\"><a href=\"https:\/\/render.tips\/fr\/a-propos-de-render-tips\/des-produits\">Des produits<\/a><\/li>\n<\/ul><\/div>[\/vc_column_text][vc_separator][vc_single_image image=\u00a0\u00bb97404&Prime; img_size=\u00a0\u00bbfull\u00a0\u00bb][\/vc_column][vc_column offset=\u00a0\u00bbvc_col-lg-9 vc_col-md-9&Prime;][vc_row_inner][vc_column_inner][vc_column_text]<\/p>\n<ul>\n<li>Lorsque vous activez le test pour la premi\u00e8re fois, si vous d\u00e9passez le d\u00e9lai d&rsquo;expiration du test ou si vous n&rsquo;atteignez pas la moyenne requise, vous pouvez le repasser gratuitement une seule fois. Le nouveau test sera publi\u00e9 dans 2 heures *;<\/li>\n<li>En cas d&rsquo;\u00e9chec, \u00e0 la fin du test, des th\u00e8mes \u00e0 revoir, bas\u00e9s sur les erreurs commises, seront affich\u00e9s. Les questions mal r\u00e9pondues ne seront pas affich\u00e9es;<\/li>\n<li>Si vous \u00e9chouez aux deux tests, vous devrez reprendre le m\u00eame cours, ce qui autorisera deux autres tentatives.<\/li>\n<li>Nous vous conseillons de poser des questions de suivi tout au long du cours avant d&rsquo;activer votre test de certification, de tester vos connaissances, de r\u00e9viser le contenu et de vous familiariser avec le syst\u00e8me en pr\u00e9paration du test de certification.<\/li>\n<\/ul>\n<p>[\/vc_column_text][\/vc_column_inner][\/vc_row_inner][\/vc_column][\/vc_row][vc_row][vc_column offset=\u00a0\u00bbvc_hidden-lg vc_hidden-md\u00a0\u00bb][vc_empty_space height=\u00a0\u00bb30px\u00a0\u00bb][vc_cta h2=\u00a0\u00bbMenu\u00a0\u00bb txt_align=\u00a0\u00bbcenter\u00a0\u00bb]<div class=\"menu-certif-default menu-left-default\"><ul id=\"menu-sobre-render-french-1\" class=\"menu\"><li class=\"menu-item menu-item-type-post_type menu-item-object-page menu-item-208496\"><a href=\"https:\/\/render.tips\/fr\/a-propos-de-render-tips\">\u00c0 propos de Render.Tips<\/a><\/li>\n<li class=\"menu-item menu-item-type-post_type menu-item-object-page menu-item-208497\"><a href=\"https:\/\/render.tips\/fr\/a-propos-de-render-tips\/methodologie-d-enseignement\">M\u00e9thodologie d\u2019enseignement<\/a><\/li>\n<li class=\"menu-item menu-item-type-post_type menu-item-object-page menu-item-208500\"><a href=\"https:\/\/render.tips\/fr\/a-propos-de-render-tips\/securite\">La s\u00e9curit\u00e9<\/a><\/li>\n<li class=\"menu-item menu-item-type-post_type menu-item-object-page menu-item-208498\"><a href=\"https:\/\/render.tips\/fr\/a-propos-de-render-tips\/des-produits\">Des produits<\/a><\/li>\n<\/ul><\/div>[\/vc_cta][\/vc_column][\/vc_row]<\/p>\n<\/div>","protected":false},"excerpt":{"rendered":"<p>[vc_row][vc_column][vc_separator][\/vc_column][vc_column width=\u00a0\u00bb1\/4&Prime; offset=\u00a0\u00bbvc_hidden-sm vc_hidden-xs\u00a0\u00bb][vc_column_text][\/vc_column_text][vc_separator][vc_single_image image=\u00a0\u00bb97404&Prime; img_size=\u00a0\u00bbfull\u00a0\u00bb][\/vc_column][vc_column offset=\u00a0\u00bbvc_col-lg-9 vc_col-md-9&Prime;][vc_row_inner][vc_column_inner][vc_column_text] Lorsque vous activez le test pour la premi\u00e8re fois, si vous d\u00e9passez le d\u00e9lai d&rsquo;expiration du test ou si vous n&rsquo;atteignez pas<\/p>\n","protected":false},"author":1,"featured_media":0,"parent":208268,"menu_order":0,"comment_status":"closed","ping_status":"closed","template":"","meta":[],"acf":[],"yoast_head":"<!-- This site is optimized with the Yoast SEO plugin v15.9 - https:\/\/yoast.com\/wordpress\/plugins\/seo\/ -->\n<title>J&#039;ai d\u00e9sapprouv\u00e9, et maintenant? | Online Courses from Basic to Advanced | RenderTips<\/title>\n<meta name=\"description\" content=\"Caso voc\u00ea exceder o tempo limite do teste ou n\u00e3o atingir a m\u00e9dia necess\u00e1ria no Teste de Certifica\u00e7\u00e3o, poder\u00e1 comprar a Certifica\u00e7\u00e3o Individualmente e fazer um Novo Teste.\" \/>\n<meta name=\"robots\" content=\"index, follow, max-snippet:-1, max-image-preview:large, max-video-preview:-1\" \/>\n<link rel=\"canonical\" href=\"https:\/\/render.tips\/fr\/certifications\/nouvelle-certification\" \/>\n<meta property=\"og:locale\" content=\"fr_FR\" \/>\n<meta property=\"og:type\" content=\"article\" \/>\n<meta property=\"og:title\" content=\"J&#039;ai d\u00e9sapprouv\u00e9, et maintenant? | Online Courses from Basic to Advanced | RenderTips\" \/>\n<meta property=\"og:description\" content=\"Caso voc\u00ea exceder o tempo limite do teste ou n\u00e3o atingir a m\u00e9dia necess\u00e1ria no Teste de Certifica\u00e7\u00e3o, poder\u00e1 comprar a Certifica\u00e7\u00e3o Individualmente e fazer um Novo Teste.\" \/>\n<meta property=\"og:url\" content=\"https:\/\/render.tips\/fr\/certifications\/nouvelle-certification\" \/>\n<meta property=\"og:site_name\" content=\"Online Courses from Basic to Advanced | RenderTips\" \/>\n<meta property=\"article:publisher\" content=\"https:\/\/www.facebook.com\/rendertipscourses\/\" \/>\n<meta property=\"article:modified_time\" content=\"2019-11-15T02:58:03+00:00\" \/>\n<meta property=\"og:image\" content=\"https:\/\/static.render.tips\/wp-content\/uploads\/2019\/08\/logo_1024.png\" \/>\n\t<meta property=\"og:image:width\" content=\"1024\" \/>\n\t<meta property=\"og:image:height\" content=\"1024\" \/>\n<meta name=\"twitter:card\" content=\"summary_large_image\" \/>\n<meta name=\"twitter:site\" content=\"@rendertips\" \/>\n<meta name=\"twitter:label1\" content=\"Dur\u00e9e de lecture est.\">\n\t<meta name=\"twitter:data1\" content=\"1 minute\">\n<script type=\"application\/ld+json\" class=\"yoast-schema-graph\">{\"@context\":\"https:\/\/schema.org\",\"@graph\":[{\"@type\":\"Organization\",\"@id\":\"https:\/\/render.tips\/#organization\",\"name\":\"Render Tips\",\"url\":\"https:\/\/render.tips\/\",\"sameAs\":[\"https:\/\/www.facebook.com\/rendertipscourses\/\",\"https:\/\/www.instagram.com\/rendertips\/\",\"https:\/\/www.youtube.com\/channel\/UCx_9bcvh0_AQFGXxJ0StKSQ\",\"https:\/\/twitter.com\/rendertips\"],\"logo\":{\"@type\":\"ImageObject\",\"@id\":\"https:\/\/render.tips\/#logo\",\"inLanguage\":\"fr-FR\",\"url\":\"https:\/\/static.render.tips\/wp-content\/uploads\/2019\/08\/logo_1024.png\",\"width\":1024,\"height\":1024,\"caption\":\"Render Tips\"},\"image\":{\"@id\":\"https:\/\/render.tips\/#logo\"}},{\"@type\":\"WebSite\",\"@id\":\"https:\/\/render.tips\/#website\",\"url\":\"https:\/\/render.tips\/\",\"name\":\"Online Courses from Basic to Advanced | RenderTips\",\"description\":\"Technology Online Courses - Solidworks, Autocad, Inventor, 3ds Max and More\",\"publisher\":{\"@id\":\"https:\/\/render.tips\/#organization\"},\"potentialAction\":[{\"@type\":\"SearchAction\",\"target\":\"https:\/\/render.tips\/?s={search_term_string}\",\"query-input\":\"required name=search_term_string\"}],\"inLanguage\":\"fr-FR\"},{\"@type\":\"WebPage\",\"@id\":\"https:\/\/render.tips\/fr\/certifications\/nouvelle-certification#webpage\",\"url\":\"https:\/\/render.tips\/fr\/certifications\/nouvelle-certification\",\"name\":\"J'ai d\\u00e9sapprouv\\u00e9, et maintenant? | Online Courses from Basic to Advanced | RenderTips\",\"isPartOf\":{\"@id\":\"https:\/\/render.tips\/#website\"},\"datePublished\":\"2017-01-09T04:06:49+00:00\",\"dateModified\":\"2019-11-15T02:58:03+00:00\",\"description\":\"Caso voc\\u00ea exceder o tempo limite do teste ou n\\u00e3o atingir a m\\u00e9dia necess\\u00e1ria no Teste de Certifica\\u00e7\\u00e3o, poder\\u00e1 comprar a Certifica\\u00e7\\u00e3o Individualmente e fazer um Novo Teste.\",\"breadcrumb\":{\"@id\":\"https:\/\/render.tips\/fr\/certifications\/nouvelle-certification#breadcrumb\"},\"inLanguage\":\"fr-FR\",\"potentialAction\":[{\"@type\":\"ReadAction\",\"target\":[\"https:\/\/render.tips\/fr\/certifications\/nouvelle-certification\"]}]},{\"@type\":\"BreadcrumbList\",\"@id\":\"https:\/\/render.tips\/fr\/certifications\/nouvelle-certification#breadcrumb\",\"itemListElement\":[{\"@type\":\"ListItem\",\"position\":1,\"item\":{\"@type\":\"WebPage\",\"@id\":\"https:\/\/render.tips\/fr\",\"url\":\"https:\/\/render.tips\/fr\",\"name\":\"Home\"}},{\"@type\":\"ListItem\",\"position\":2,\"item\":{\"@type\":\"WebPage\",\"@id\":\"https:\/\/render.tips\/fr\/certifications\",\"url\":\"https:\/\/render.tips\/fr\/certifications\",\"name\":\"Certifications\"}},{\"@type\":\"ListItem\",\"position\":3,\"item\":{\"@type\":\"WebPage\",\"@id\":\"https:\/\/render.tips\/fr\/certifications\/nouvelle-certification\",\"url\":\"https:\/\/render.tips\/fr\/certifications\/nouvelle-certification\",\"name\":\"J&rsquo;ai d\\u00e9sapprouv\\u00e9, et maintenant?\"}}]}]}<\/script>\n<!-- \/ Yoast SEO plugin. -->","_links":{"self":[{"href":"https:\/\/render.tips\/fr\/wp-json\/wp\/v2\/pages\/208288"}],"collection":[{"href":"https:\/\/render.tips\/fr\/wp-json\/wp\/v2\/pages"}],"about":[{"href":"https:\/\/render.tips\/fr\/wp-json\/wp\/v2\/types\/page"}],"author":[{"embeddable":true,"href":"https:\/\/render.tips\/fr\/wp-json\/wp\/v2\/users\/1"}],"replies":[{"embeddable":true,"href":"https:\/\/render.tips\/fr\/wp-json\/wp\/v2\/comments?post=208288"}],"version-history":[{"count":2,"href":"https:\/\/render.tips\/fr\/wp-json\/wp\/v2\/pages\/208288\/revisions"}],"predecessor-version":[{"id":208782,"href":"https:\/\/render.tips\/fr\/wp-json\/wp\/v2\/pages\/208288\/revisions\/208782"}],"up":[{"embeddable":true,"href":"https:\/\/render.tips\/fr\/wp-json\/wp\/v2\/pages\/208268"}],"wp:attachment":[{"href":"https:\/\/render.tips\/fr\/wp-json\/wp\/v2\/media?parent=208288"}],"curies":[{"name":"wp","href":"https:\/\/api.w.org\/{rel}","templated":true}]}}