{"id":208280,"date":"2017-01-09T02:05:25","date_gmt":"2017-01-09T04:05:25","guid":{"rendered":"https:\/\/render.tips\/certificacoes\/diferenciais"},"modified":"2019-11-15T01:01:03","modified_gmt":"2019-11-15T03:01:03","slug":"caracteristiques-du-certificat","status":"publish","type":"page","link":"https:\/\/render.tips\/fr\/certifications\/caracteristiques-du-certificat","title":{"rendered":"Caract\u00e9ristiques du certificat"},"content":{"rendered":"<div class=\"wpb-content-wrapper\"><p>[vc_row][vc_column][vc_separator][\/vc_column][vc_column width=\u00a0\u00bb1\/4&Prime; offset=\u00a0\u00bbvc_hidden-sm vc_hidden-xs\u00a0\u00bb][vc_column_text]<div class=\"menu-certif-default menu-left-default\"><ul id=\"menu-sobre-render-french\" class=\"menu\"><li id=\"menu-item-208496\" class=\"menu-item menu-item-type-post_type menu-item-object-page menu-item-208496\"><a href=\"https:\/\/render.tips\/fr\/a-propos-de-render-tips\">\u00c0 propos de Render.Tips<\/a><\/li>\n<li id=\"menu-item-208497\" class=\"menu-item menu-item-type-post_type menu-item-object-page menu-item-208497\"><a href=\"https:\/\/render.tips\/fr\/a-propos-de-render-tips\/methodologie-d-enseignement\">M\u00e9thodologie d\u2019enseignement<\/a><\/li>\n<li id=\"menu-item-208500\" class=\"menu-item menu-item-type-post_type menu-item-object-page menu-item-208500\"><a href=\"https:\/\/render.tips\/fr\/a-propos-de-render-tips\/securite\">La s\u00e9curit\u00e9<\/a><\/li>\n<li id=\"menu-item-208498\" class=\"menu-item menu-item-type-post_type menu-item-object-page menu-item-208498\"><a href=\"https:\/\/render.tips\/fr\/a-propos-de-render-tips\/des-produits\">Des produits<\/a><\/li>\n<\/ul><\/div>[\/vc_column_text][vc_separator][vc_single_image image=\u00a0\u00bb97404&Prime; img_size=\u00a0\u00bbfull\u00a0\u00bb][\/vc_column][vc_column offset=\u00a0\u00bbvc_col-lg-9 vc_col-md-9&Prime;][vc_row_inner][vc_column_inner][vc_single_image image=\u00a0\u00bb133974&Prime; img_size=\u00a0\u00bblarge\u00a0\u00bb][vc_column_text]<strong>1 &#8211; Num\u00e9ro d&rsquo;identifiant unique<\/strong><\/p>\n<p>C&rsquo;est un nombre unique et non transf\u00e9rable. Vous pouvez le consulter sur notre site Web pour v\u00e9rifier l&rsquo;authenticit\u00e9 du certificat.<\/p>\n<p><strong>2 &#8211; Code \u00e0 barres bidimensionnel<\/strong><\/p>\n<p>Il contient des informations uniques et crypt\u00e9es provenant de la personne qui en a assur\u00e9. Gr\u00e2ce \u00e0 l&rsquo;image du sceau \u00abQR code\u00bb, vous pouvez v\u00e9rifier l&rsquo;authenticit\u00e9 du certificat \u00e0 l&rsquo;aide d&rsquo;un lecteur de code QR et d&rsquo;un acc\u00e8s Internet.<\/p>\n<p><strong>3 &#8211; Format du certificat<\/strong><\/p>\n<p>Le fichier d\u2019image de haute qualit\u00e9 du certificat d\u2019approbation sera disponible pour t\u00e9l\u00e9chargement dans la zone r\u00e9serv\u00e9e aux \u00e9tudiants. L&rsquo;\u00e9tudiant peut l&rsquo;imprimer comme il le souhaite, tout en pr\u00e9servant une bonne qualit\u00e9 d&rsquo;image pour le certificat. \u00c0 l&rsquo;origine, la taille d&rsquo;impression du certificat \u00e9tait de 21 cm x 34 cm. En maintenant les proportions, vous pouvez l\u00e9g\u00e8rement modifier la taille d&rsquo;impression sans perte de qualit\u00e9.<\/p>\n<p><strong>4 &#8211; Modules et le\u00e7ons<\/strong><\/p>\n<p>Programme de cours (liste des modules et des classes).<\/p>\n<p><strong>Certificat Pied de page avec<\/strong><\/p>\n<p>Nom du cours, contenu du cours, nom et ID de l&rsquo;\u00e9tudiant inscrit, ID de l&rsquo;entreprise, code \u00e0 barres bidimensionnel pour identification.[\/vc_column_text][\/vc_column_inner][\/vc_row_inner][\/vc_column][\/vc_row][vc_row][vc_column offset=\u00a0\u00bbvc_hidden-lg vc_hidden-md\u00a0\u00bb][vc_empty_space height=\u00a0\u00bb30px\u00a0\u00bb][vc_cta h2=\u00a0\u00bbMenu\u00a0\u00bb txt_align=\u00a0\u00bbcenter\u00a0\u00bb]<div class=\"menu-certif-default menu-left-default\"><ul id=\"menu-sobre-render-french-1\" class=\"menu\"><li class=\"menu-item menu-item-type-post_type menu-item-object-page menu-item-208496\"><a href=\"https:\/\/render.tips\/fr\/a-propos-de-render-tips\">\u00c0 propos de Render.Tips<\/a><\/li>\n<li class=\"menu-item menu-item-type-post_type menu-item-object-page menu-item-208497\"><a href=\"https:\/\/render.tips\/fr\/a-propos-de-render-tips\/methodologie-d-enseignement\">M\u00e9thodologie d\u2019enseignement<\/a><\/li>\n<li class=\"menu-item menu-item-type-post_type menu-item-object-page menu-item-208500\"><a href=\"https:\/\/render.tips\/fr\/a-propos-de-render-tips\/securite\">La s\u00e9curit\u00e9<\/a><\/li>\n<li class=\"menu-item menu-item-type-post_type menu-item-object-page menu-item-208498\"><a href=\"https:\/\/render.tips\/fr\/a-propos-de-render-tips\/des-produits\">Des produits<\/a><\/li>\n<\/ul><\/div>[\/vc_cta][\/vc_column][\/vc_row]<\/p>\n<\/div>","protected":false},"excerpt":{"rendered":"<p>[vc_row][vc_column][vc_separator][\/vc_column][vc_column width=\u00a0\u00bb1\/4&Prime; offset=\u00a0\u00bbvc_hidden-sm vc_hidden-xs\u00a0\u00bb][vc_column_text][\/vc_column_text][vc_separator][vc_single_image image=\u00a0\u00bb97404&Prime; img_size=\u00a0\u00bbfull\u00a0\u00bb][\/vc_column][vc_column offset=\u00a0\u00bbvc_col-lg-9 vc_col-md-9&Prime;][vc_row_inner][vc_column_inner][vc_single_image image=\u00a0\u00bb133974&Prime; img_size=\u00a0\u00bblarge\u00a0\u00bb][vc_column_text]1 &#8211; Num\u00e9ro d&rsquo;identifiant unique C&rsquo;est un nombre unique et non transf\u00e9rable. Vous pouvez le consulter sur notre site Web pour<\/p>\n","protected":false},"author":1,"featured_media":0,"parent":208268,"menu_order":0,"comment_status":"closed","ping_status":"closed","template":"","meta":[],"acf":[],"yoast_head":"<!-- This site is optimized with the Yoast SEO plugin v15.9 - https:\/\/yoast.com\/wordpress\/plugins\/seo\/ -->\n<title>Caract\u00e9ristiques du certificat | Online Courses from Basic to Advanced | RenderTips<\/title>\n<meta name=\"description\" content=\"O Certificado RENDER, Certificado de Aprova\u00e7\u00e3o, concedido a alunos e profissionais que realizaram o teste de certifica\u00e7\u00e3o e obtiveram m\u00e9dia m\u00ednima de aprova\u00e7\u00e3o\" \/>\n<meta name=\"robots\" content=\"index, follow, max-snippet:-1, max-image-preview:large, max-video-preview:-1\" \/>\n<link rel=\"canonical\" href=\"https:\/\/render.tips\/fr\/certifications\/caracteristiques-du-certificat\" \/>\n<meta property=\"og:locale\" content=\"fr_FR\" \/>\n<meta property=\"og:type\" content=\"article\" \/>\n<meta property=\"og:title\" content=\"Caract\u00e9ristiques du certificat | Online Courses from Basic to Advanced | RenderTips\" \/>\n<meta property=\"og:description\" content=\"O Certificado RENDER, Certificado de Aprova\u00e7\u00e3o, concedido a alunos e profissionais que realizaram o teste de certifica\u00e7\u00e3o e obtiveram m\u00e9dia m\u00ednima de aprova\u00e7\u00e3o\" \/>\n<meta property=\"og:url\" content=\"https:\/\/render.tips\/fr\/certifications\/caracteristiques-du-certificat\" \/>\n<meta property=\"og:site_name\" content=\"Online Courses from Basic to Advanced | RenderTips\" \/>\n<meta property=\"article:publisher\" content=\"https:\/\/www.facebook.com\/rendertipscourses\/\" \/>\n<meta property=\"article:modified_time\" content=\"2019-11-15T03:01:03+00:00\" \/>\n<meta property=\"og:image\" content=\"https:\/\/static.render.tips\/wp-content\/uploads\/2019\/08\/logo_1024.png\" \/>\n\t<meta property=\"og:image:width\" content=\"1024\" \/>\n\t<meta property=\"og:image:height\" content=\"1024\" \/>\n<meta name=\"twitter:card\" content=\"summary_large_image\" \/>\n<meta name=\"twitter:site\" content=\"@rendertips\" \/>\n<meta name=\"twitter:label1\" content=\"Dur\u00e9e de lecture est.\">\n\t<meta name=\"twitter:data1\" content=\"1 minute\">\n<script type=\"application\/ld+json\" class=\"yoast-schema-graph\">{\"@context\":\"https:\/\/schema.org\",\"@graph\":[{\"@type\":\"Organization\",\"@id\":\"https:\/\/render.tips\/#organization\",\"name\":\"Render Tips\",\"url\":\"https:\/\/render.tips\/\",\"sameAs\":[\"https:\/\/www.facebook.com\/rendertipscourses\/\",\"https:\/\/www.instagram.com\/rendertips\/\",\"https:\/\/www.youtube.com\/channel\/UCx_9bcvh0_AQFGXxJ0StKSQ\",\"https:\/\/twitter.com\/rendertips\"],\"logo\":{\"@type\":\"ImageObject\",\"@id\":\"https:\/\/render.tips\/#logo\",\"inLanguage\":\"fr-FR\",\"url\":\"https:\/\/static.render.tips\/wp-content\/uploads\/2019\/08\/logo_1024.png\",\"width\":1024,\"height\":1024,\"caption\":\"Render Tips\"},\"image\":{\"@id\":\"https:\/\/render.tips\/#logo\"}},{\"@type\":\"WebSite\",\"@id\":\"https:\/\/render.tips\/#website\",\"url\":\"https:\/\/render.tips\/\",\"name\":\"Online Courses from Basic to Advanced | RenderTips\",\"description\":\"Technology Online Courses - Solidworks, Autocad, Inventor, 3ds Max and More\",\"publisher\":{\"@id\":\"https:\/\/render.tips\/#organization\"},\"potentialAction\":[{\"@type\":\"SearchAction\",\"target\":\"https:\/\/render.tips\/?s={search_term_string}\",\"query-input\":\"required name=search_term_string\"}],\"inLanguage\":\"fr-FR\"},{\"@type\":\"WebPage\",\"@id\":\"https:\/\/render.tips\/fr\/certifications\/caracteristiques-du-certificat#webpage\",\"url\":\"https:\/\/render.tips\/fr\/certifications\/caracteristiques-du-certificat\",\"name\":\"Caract\\u00e9ristiques du certificat | Online Courses from Basic to Advanced | RenderTips\",\"isPartOf\":{\"@id\":\"https:\/\/render.tips\/#website\"},\"datePublished\":\"2017-01-09T04:05:25+00:00\",\"dateModified\":\"2019-11-15T03:01:03+00:00\",\"description\":\"O Certificado RENDER, Certificado de Aprova\\u00e7\\u00e3o, concedido a alunos e profissionais que realizaram o teste de certifica\\u00e7\\u00e3o e obtiveram m\\u00e9dia m\\u00ednima de aprova\\u00e7\\u00e3o\",\"breadcrumb\":{\"@id\":\"https:\/\/render.tips\/fr\/certifications\/caracteristiques-du-certificat#breadcrumb\"},\"inLanguage\":\"fr-FR\",\"potentialAction\":[{\"@type\":\"ReadAction\",\"target\":[\"https:\/\/render.tips\/fr\/certifications\/caracteristiques-du-certificat\"]}]},{\"@type\":\"BreadcrumbList\",\"@id\":\"https:\/\/render.tips\/fr\/certifications\/caracteristiques-du-certificat#breadcrumb\",\"itemListElement\":[{\"@type\":\"ListItem\",\"position\":1,\"item\":{\"@type\":\"WebPage\",\"@id\":\"https:\/\/render.tips\/fr\",\"url\":\"https:\/\/render.tips\/fr\",\"name\":\"Home\"}},{\"@type\":\"ListItem\",\"position\":2,\"item\":{\"@type\":\"WebPage\",\"@id\":\"https:\/\/render.tips\/fr\/certifications\",\"url\":\"https:\/\/render.tips\/fr\/certifications\",\"name\":\"Certifications\"}},{\"@type\":\"ListItem\",\"position\":3,\"item\":{\"@type\":\"WebPage\",\"@id\":\"https:\/\/render.tips\/fr\/certifications\/caracteristiques-du-certificat\",\"url\":\"https:\/\/render.tips\/fr\/certifications\/caracteristiques-du-certificat\",\"name\":\"Caract\\u00e9ristiques du certificat\"}}]}]}<\/script>\n<!-- \/ Yoast SEO plugin. -->","_links":{"self":[{"href":"https:\/\/render.tips\/fr\/wp-json\/wp\/v2\/pages\/208280"}],"collection":[{"href":"https:\/\/render.tips\/fr\/wp-json\/wp\/v2\/pages"}],"about":[{"href":"https:\/\/render.tips\/fr\/wp-json\/wp\/v2\/types\/page"}],"author":[{"embeddable":true,"href":"https:\/\/render.tips\/fr\/wp-json\/wp\/v2\/users\/1"}],"replies":[{"embeddable":true,"href":"https:\/\/render.tips\/fr\/wp-json\/wp\/v2\/comments?post=208280"}],"version-history":[{"count":2,"href":"https:\/\/render.tips\/fr\/wp-json\/wp\/v2\/pages\/208280\/revisions"}],"predecessor-version":[{"id":208768,"href":"https:\/\/render.tips\/fr\/wp-json\/wp\/v2\/pages\/208280\/revisions\/208768"}],"up":[{"embeddable":true,"href":"https:\/\/render.tips\/fr\/wp-json\/wp\/v2\/pages\/208268"}],"wp:attachment":[{"href":"https:\/\/render.tips\/fr\/wp-json\/wp\/v2\/media?parent=208280"}],"curies":[{"name":"wp","href":"https:\/\/api.w.org\/{rel}","templated":true}]}}