{"id":208268,"date":"2016-06-30T01:49:08","date_gmt":"2016-06-30T04:49:08","guid":{"rendered":"https:\/\/render.tips\/certificacoes"},"modified":"2019-11-15T01:02:50","modified_gmt":"2019-11-15T03:02:50","slug":"certifications","status":"publish","type":"page","link":"https:\/\/render.tips\/fr\/certifications","title":{"rendered":"Certifications"},"content":{"rendered":"<div class=\"wpb-content-wrapper\"><p>[vc_row][vc_column][vc_separator][\/vc_column][vc_column width=\u00a0\u00bb1\/4&Prime; offset=\u00a0\u00bbvc_hidden-sm vc_hidden-xs\u00a0\u00bb][vc_column_text]<div class=\"menu-certif-default menu-left-default\"><ul id=\"menu-menu-certificacoes-french\" class=\"menu\"><li id=\"menu-item-208472\" class=\"menu-item menu-item-type-post_type menu-item-object-page menu-item-208472\"><a href=\"https:\/\/render.tips\/fr\/certifications\">Sobre as Certifica\u00e7\u00f5es<\/a><\/li>\n<li id=\"menu-item-208473\" class=\"menu-item menu-item-type-post_type menu-item-object-page menu-item-208473\"><a href=\"https:\/\/render.tips\/fr\/certifications\/caracteristiques-du-certificat\">Caract\u00e9ristiques du certificat<\/a><\/li>\n<li id=\"menu-item-208475\" class=\"menu-item menu-item-type-post_type menu-item-object-page menu-item-208475\"><a href=\"https:\/\/render.tips\/fr\/certifications\/nouvelle-certification\">J&rsquo;ai d\u00e9sapprouv\u00e9, et maintenant?<\/a><\/li>\n<li id=\"menu-item-208476\" class=\"menu-item menu-item-type-post_type menu-item-object-page menu-item-208476\"><a href=\"https:\/\/render.tips\/fr\/certifications\/verifier-le-certificat\">V\u00e9rifier le certificat<\/a><\/li>\n<\/ul><\/div>[\/vc_column_text][vc_separator][vc_single_image image=\u00a0\u00bb97404&Prime; img_size=\u00a0\u00bbfull\u00a0\u00bb alignment=\u00a0\u00bbcenter\u00a0\u00bb][\/vc_column][vc_column offset=\u00a0\u00bbvc_col-lg-9 vc_col-md-9&Prime;][vc_column_text]La certification Render.Tips valide l&rsquo;apprentissage des \u00e9tudiants et des professionnels par le biais d&rsquo;un test en ligne du contenu de chaque cours de rendu. Si vous obtenez au moins 70% des r\u00e9ponses correctes, vous pourrez t\u00e9l\u00e9charger votre certificat d\u2019approbation dans votre espace r\u00e9serv\u00e9 aux \u00e9tudiants.[\/vc_column_text][vc_column_text el_class=\u00a0\u00bbcontent_about_cert\u00a0\u00bb]<\/p>\n<h2>La certification Render.Tips permet:<\/h2>\n<ul>\n<li>Qualifiez vos connaissances dans plusieurs domaines d&rsquo;\u00e9tudes;<\/li>\n<li>Fournir des heures d&rsquo;\u00e9tudes compl\u00e9mentaires dans divers \u00e9tablissements d&rsquo;enseignement;<\/li>\n<li>Soyez \u00e0 jour dans votre domaine d&rsquo;expertise.<\/li>\n<\/ul>\n<p>&nbsp;<\/p>\n<h2>Qu&rsquo;est-ce que le test de certification?<\/h2>\n<ul>\n<li>Il s\u2019agit d\u2019une \u00e9valuation en ligne, avec des questions d\u00e9taill\u00e9es sur les sujets abord\u00e9s dans les cours respectifs;<\/li>\n<li>Si vous \u00e9chouez, les sujets \u00e0 revoir seront indiqu\u00e9s \u00e0 la fin du test, en fonction des erreurs commises. Render.Tips ne montrera pas les mauvaises questions. A d\u00e9faut, l&rsquo;\u00e9tudiant peut repasser le test gratuitement deux fois et ce nouveau test sera publi\u00e9 dans les 2 heures *;<\/li>\n<li>Si vous \u00e9chouez aux deux tentatives, vous pouvez acheter un nouveau cours si vous le souhaitez.<\/li>\n<\/ul>\n<p>&nbsp;<\/p>\n<h2>Qui peut passer le test de certification?<\/h2>\n<p>Toute personne int\u00e9ress\u00e9e \u00e0 tester \/ qualifier ses connaissances dans ce domaine du cours. L\u2019acquisition du test peut se faire comme suit:<\/p>\n<ul>\n<li>Lorsque vous achetez un cours portant le tampon \u00ab\u00a0Ce cours dispose de la certification de rendu disponible\u00a0\u00bb.<\/li>\n<\/ul>\n<p>[\/vc_column_text][\/vc_column][\/vc_row][vc_row][vc_column offset=\u00a0\u00bbvc_hidden-lg vc_hidden-md\u00a0\u00bb][vc_empty_space height=\u00a0\u00bb30px\u00a0\u00bb][vc_cta h2=\u00a0\u00bbMenu\u00a0\u00bb txt_align=\u00a0\u00bbcenter\u00a0\u00bb]<div class=\"menu-certif-default menu-left-default\"><ul id=\"menu-sobre-render-french\" class=\"menu\"><li id=\"menu-item-208496\" class=\"menu-item menu-item-type-post_type menu-item-object-page menu-item-208496\"><a href=\"https:\/\/render.tips\/fr\/a-propos-de-render-tips\">\u00c0 propos de Render.Tips<\/a><\/li>\n<li id=\"menu-item-208497\" class=\"menu-item menu-item-type-post_type menu-item-object-page menu-item-208497\"><a href=\"https:\/\/render.tips\/fr\/a-propos-de-render-tips\/methodologie-d-enseignement\">M\u00e9thodologie d\u2019enseignement<\/a><\/li>\n<li id=\"menu-item-208500\" class=\"menu-item menu-item-type-post_type menu-item-object-page menu-item-208500\"><a href=\"https:\/\/render.tips\/fr\/a-propos-de-render-tips\/securite\">La s\u00e9curit\u00e9<\/a><\/li>\n<li id=\"menu-item-208498\" class=\"menu-item menu-item-type-post_type menu-item-object-page menu-item-208498\"><a href=\"https:\/\/render.tips\/fr\/a-propos-de-render-tips\/des-produits\">Des produits<\/a><\/li>\n<\/ul><\/div>[\/vc_cta][\/vc_column][\/vc_row]<\/p>\n<\/div>","protected":false},"excerpt":{"rendered":"<p>[vc_row][vc_column][vc_separator][\/vc_column][vc_column width=\u00a0\u00bb1\/4&Prime; offset=\u00a0\u00bbvc_hidden-sm vc_hidden-xs\u00a0\u00bb][vc_column_text][\/vc_column_text][vc_separator][vc_single_image image=\u00a0\u00bb97404&Prime; img_size=\u00a0\u00bbfull\u00a0\u00bb alignment=\u00a0\u00bbcenter\u00a0\u00bb][\/vc_column][vc_column offset=\u00a0\u00bbvc_col-lg-9 vc_col-md-9&Prime;][vc_column_text]La certification Render.Tips valide l&rsquo;apprentissage des \u00e9tudiants et des professionnels par le biais d&rsquo;un test en ligne du contenu de chaque cours<\/p>\n","protected":false},"author":1,"featured_media":0,"parent":0,"menu_order":0,"comment_status":"closed","ping_status":"closed","template":"","meta":[],"acf":[],"yoast_head":"<!-- This site is optimized with the Yoast SEO plugin v15.9 - https:\/\/yoast.com\/wordpress\/plugins\/seo\/ -->\n<title>Certifications | Online Courses from Basic to Advanced | RenderTips<\/title>\n<meta name=\"description\" content=\"A Certifica\u00e7\u00e3o RENDER valida o aprendizado dos alunos e profissionais do mercado atrav\u00e9s de um teste online referente ao conte\u00fado de cada Curso Render.\" \/>\n<meta name=\"robots\" content=\"index, follow, max-snippet:-1, max-image-preview:large, max-video-preview:-1\" \/>\n<link rel=\"canonical\" href=\"https:\/\/render.tips\/fr\/certifications\" \/>\n<meta property=\"og:locale\" content=\"fr_FR\" \/>\n<meta property=\"og:type\" content=\"article\" \/>\n<meta property=\"og:title\" content=\"Certifications | Online Courses from Basic to Advanced | RenderTips\" \/>\n<meta property=\"og:description\" content=\"A Certifica\u00e7\u00e3o RENDER valida o aprendizado dos alunos e profissionais do mercado atrav\u00e9s de um teste online referente ao conte\u00fado de cada Curso Render.\" \/>\n<meta property=\"og:url\" content=\"https:\/\/render.tips\/fr\/certifications\" \/>\n<meta property=\"og:site_name\" content=\"Online Courses from Basic to Advanced | RenderTips\" \/>\n<meta property=\"article:publisher\" content=\"https:\/\/www.facebook.com\/rendertipscourses\/\" \/>\n<meta property=\"article:modified_time\" content=\"2019-11-15T03:02:50+00:00\" \/>\n<meta property=\"og:image\" content=\"https:\/\/static.render.tips\/wp-content\/uploads\/2019\/08\/logo_1024.png\" \/>\n\t<meta property=\"og:image:width\" content=\"1024\" \/>\n\t<meta property=\"og:image:height\" content=\"1024\" \/>\n<meta name=\"twitter:card\" content=\"summary_large_image\" \/>\n<meta name=\"twitter:site\" content=\"@rendertips\" \/>\n<meta name=\"twitter:label1\" content=\"Dur\u00e9e de lecture est.\">\n\t<meta name=\"twitter:data1\" content=\"2 minutes\">\n<script type=\"application\/ld+json\" class=\"yoast-schema-graph\">{\"@context\":\"https:\/\/schema.org\",\"@graph\":[{\"@type\":\"Organization\",\"@id\":\"https:\/\/render.tips\/#organization\",\"name\":\"Render Tips\",\"url\":\"https:\/\/render.tips\/\",\"sameAs\":[\"https:\/\/www.facebook.com\/rendertipscourses\/\",\"https:\/\/www.instagram.com\/rendertips\/\",\"https:\/\/www.youtube.com\/channel\/UCx_9bcvh0_AQFGXxJ0StKSQ\",\"https:\/\/twitter.com\/rendertips\"],\"logo\":{\"@type\":\"ImageObject\",\"@id\":\"https:\/\/render.tips\/#logo\",\"inLanguage\":\"fr-FR\",\"url\":\"https:\/\/static.render.tips\/wp-content\/uploads\/2019\/08\/logo_1024.png\",\"width\":1024,\"height\":1024,\"caption\":\"Render Tips\"},\"image\":{\"@id\":\"https:\/\/render.tips\/#logo\"}},{\"@type\":\"WebSite\",\"@id\":\"https:\/\/render.tips\/#website\",\"url\":\"https:\/\/render.tips\/\",\"name\":\"Online Courses from Basic to Advanced | RenderTips\",\"description\":\"Technology Online Courses - Solidworks, Autocad, Inventor, 3ds Max and More\",\"publisher\":{\"@id\":\"https:\/\/render.tips\/#organization\"},\"potentialAction\":[{\"@type\":\"SearchAction\",\"target\":\"https:\/\/render.tips\/?s={search_term_string}\",\"query-input\":\"required name=search_term_string\"}],\"inLanguage\":\"fr-FR\"},{\"@type\":\"WebPage\",\"@id\":\"https:\/\/render.tips\/fr\/certifications#webpage\",\"url\":\"https:\/\/render.tips\/fr\/certifications\",\"name\":\"Certifications | Online Courses from Basic to Advanced | RenderTips\",\"isPartOf\":{\"@id\":\"https:\/\/render.tips\/#website\"},\"datePublished\":\"2016-06-30T04:49:08+00:00\",\"dateModified\":\"2019-11-15T03:02:50+00:00\",\"description\":\"A Certifica\\u00e7\\u00e3o RENDER valida o aprendizado dos alunos e profissionais do mercado atrav\\u00e9s de um teste online referente ao conte\\u00fado de cada Curso Render.\",\"breadcrumb\":{\"@id\":\"https:\/\/render.tips\/fr\/certifications#breadcrumb\"},\"inLanguage\":\"fr-FR\",\"potentialAction\":[{\"@type\":\"ReadAction\",\"target\":[\"https:\/\/render.tips\/fr\/certifications\"]}]},{\"@type\":\"BreadcrumbList\",\"@id\":\"https:\/\/render.tips\/fr\/certifications#breadcrumb\",\"itemListElement\":[{\"@type\":\"ListItem\",\"position\":1,\"item\":{\"@type\":\"WebPage\",\"@id\":\"https:\/\/render.tips\/fr\",\"url\":\"https:\/\/render.tips\/fr\",\"name\":\"Home\"}},{\"@type\":\"ListItem\",\"position\":2,\"item\":{\"@type\":\"WebPage\",\"@id\":\"https:\/\/render.tips\/fr\/certifications\",\"url\":\"https:\/\/render.tips\/fr\/certifications\",\"name\":\"Certifications\"}}]}]}<\/script>\n<!-- \/ Yoast SEO plugin. -->","_links":{"self":[{"href":"https:\/\/render.tips\/fr\/wp-json\/wp\/v2\/pages\/208268"}],"collection":[{"href":"https:\/\/render.tips\/fr\/wp-json\/wp\/v2\/pages"}],"about":[{"href":"https:\/\/render.tips\/fr\/wp-json\/wp\/v2\/types\/page"}],"author":[{"embeddable":true,"href":"https:\/\/render.tips\/fr\/wp-json\/wp\/v2\/users\/1"}],"replies":[{"embeddable":true,"href":"https:\/\/render.tips\/fr\/wp-json\/wp\/v2\/comments?post=208268"}],"version-history":[{"count":4,"href":"https:\/\/render.tips\/fr\/wp-json\/wp\/v2\/pages\/208268\/revisions"}],"predecessor-version":[{"id":208744,"href":"https:\/\/render.tips\/fr\/wp-json\/wp\/v2\/pages\/208268\/revisions\/208744"}],"wp:attachment":[{"href":"https:\/\/render.tips\/fr\/wp-json\/wp\/v2\/media?parent=208268"}],"curies":[{"name":"wp","href":"https:\/\/api.w.org\/{rel}","templated":true}]}}