{"id":208260,"date":"2017-02-07T12:56:35","date_gmt":"2017-02-07T14:56:35","guid":{"rendered":"https:\/\/render.tips\/sobre-a-render\/seguranca"},"modified":"2019-08-14T09:35:29","modified_gmt":"2019-08-14T12:35:29","slug":"securite","status":"publish","type":"page","link":"https:\/\/render.tips\/fr\/a-propos-de-render-tips\/securite","title":{"rendered":"La s\u00e9curit\u00e9"},"content":{"rendered":"<div class=\"wpb-content-wrapper\"><p>[vc_row][vc_column][vc_separator][\/vc_column][\/vc_row][vc_row][vc_column width=\u00a0\u00bb1\/4&Prime; offset=\u00a0\u00bbvc_hidden-sm vc_hidden-xs\u00a0\u00bb][vc_column_text]<div class=\"menu-sobre-default menu-left-default\"><ul id=\"menu-sobre-render-french\" class=\"menu\"><li id=\"menu-item-208496\" class=\"menu-item menu-item-type-post_type menu-item-object-page menu-item-208496\"><a href=\"https:\/\/render.tips\/fr\/a-propos-de-render-tips\">\u00c0 propos de Render.Tips<\/a><\/li>\n<li id=\"menu-item-208497\" class=\"menu-item menu-item-type-post_type menu-item-object-page menu-item-208497\"><a href=\"https:\/\/render.tips\/fr\/a-propos-de-render-tips\/methodologie-d-enseignement\">M\u00e9thodologie d\u2019enseignement<\/a><\/li>\n<li id=\"menu-item-208500\" class=\"menu-item menu-item-type-post_type menu-item-object-page menu-item-208500\"><a href=\"https:\/\/render.tips\/fr\/a-propos-de-render-tips\/securite\">La s\u00e9curit\u00e9<\/a><\/li>\n<li id=\"menu-item-208498\" class=\"menu-item menu-item-type-post_type menu-item-object-page menu-item-208498\"><a href=\"https:\/\/render.tips\/fr\/a-propos-de-render-tips\/des-produits\">Des produits<\/a><\/li>\n<\/ul><\/div>[\/vc_column_text][\/vc_column][vc_column offset=\u00a0\u00bbvc_col-lg-9 vc_col-md-9&Prime;][vc_column_text]<\/p>\n<h3>Confort et s\u00e9curit\u00e9 dans vos achats<\/h3>\n<p>Render est sur le march\u00e9 depuis plus de 20 ans et commercialise ses cours via le commerce \u00e9lectronique. Nous travaillons avec les technologies de protection des donn\u00e9es les plus avanc\u00e9es pour effectuer vos achats en douceur.[\/vc_column_text][vc_column_text]<\/p>\n<h3 class=\"F_perspective_sans quem_blue_title line_100\">Les technologies<\/h3>\n<div class=\"division_H_20\">Pour assurer votre s\u00e9curit\u00e9 totale, l\u2019adresse des pages du site Web de Render sera https: \/\/ (cryptage de haut niveau AES 128\/256 bits) et vous remarquerez \u00e9galement l\u2019ic\u00f4ne \u00ab\u00a0verrou ferm\u00e9\u00a0\u00bb en bas \u00e0 droite de votre navigateur. Toutes les informations \u00e9chang\u00e9es avec des adresses de sites Web commen\u00e7ant par https: \/\/ sont crypt\u00e9es avec SSL avant leur transmission. <a href=\"http:\/\/comodobr.com\/ssl_o_que_e.php\">Comprendre ce qu&rsquo;est le SSL<\/a><\/div>\n<div class=\"division_H_5\"><\/div>\n<div class=\"quem_title_txt line_100\">Ceci est votre garantie que les donn\u00e9es ne peuvent pas \u00eatre visualis\u00e9es ou manipul\u00e9es par des tiers.<\/div>\n<p>[\/vc_column_text][vc_column_text]<\/p>\n<h3 class=\"F_perspective_sans quem_blue_title line_100\">Pourquoi est-il prudent d&rsquo;acheter chez Render?<\/h3>\n<div class=\"quem_title_txt line_100\">\n<ul>\n<li>Depuis plus de 20 ans sur le march\u00e9;<\/li>\n<li>Ic\u00f4nes qui confirment la s\u00e9curit\u00e9 lors du processus d&rsquo;achat;<\/li>\n<li>Cryptage de haut niveau (AES 128\/256 bits);<\/li>\n<li>Https: \/\/ protocole \u00e9galement pendant le processus d&rsquo;achat;<\/li>\n<li>Les donn\u00e9es de carte de cr\u00e9dit sont envoy\u00e9es directement aux serveurs de banque et aux soci\u00e9t\u00e9s \u00e9mettrices de cartes de cr\u00e9dit;<\/li>\n<li>Nous ne stockons pas vos informations de paiement;<\/li>\n<li>Vos donn\u00e9es d&rsquo;enregistrement sont confidentielles et utilis\u00e9es uniquement pour les achats et l&rsquo;\u00e9mission de factures. Ils ne sont pas fournis \u00e0 des tiers;<\/li>\n<li>Toutes les informations que Render envoie par courrier \u00e9lectronique ne seront fournies qu&rsquo;avec votre autorisation au moment de votre inscription.<\/li>\n<\/ul>\n<\/div>\n<p>[\/vc_column_text][\/vc_column][\/vc_row][vc_row][vc_column offset=\u00a0\u00bbvc_hidden-lg vc_hidden-md\u00a0\u00bb][vc_empty_space height=\u00a0\u00bb30px\u00a0\u00bb][vc_cta h2=\u00a0\u00bbMenu\u00a0\u00bb txt_align=\u00a0\u00bbcenter\u00a0\u00bb]<div class=\"menu-sobre-default menu-left-default\"><ul id=\"menu-sobre-render-french-1\" class=\"menu\"><li class=\"menu-item menu-item-type-post_type menu-item-object-page menu-item-208496\"><a href=\"https:\/\/render.tips\/fr\/a-propos-de-render-tips\">\u00c0 propos de Render.Tips<\/a><\/li>\n<li class=\"menu-item menu-item-type-post_type menu-item-object-page menu-item-208497\"><a href=\"https:\/\/render.tips\/fr\/a-propos-de-render-tips\/methodologie-d-enseignement\">M\u00e9thodologie d\u2019enseignement<\/a><\/li>\n<li class=\"menu-item menu-item-type-post_type menu-item-object-page menu-item-208500\"><a href=\"https:\/\/render.tips\/fr\/a-propos-de-render-tips\/securite\">La s\u00e9curit\u00e9<\/a><\/li>\n<li class=\"menu-item menu-item-type-post_type menu-item-object-page menu-item-208498\"><a href=\"https:\/\/render.tips\/fr\/a-propos-de-render-tips\/des-produits\">Des produits<\/a><\/li>\n<\/ul><\/div>[\/vc_cta][\/vc_column][\/vc_row]<\/p>\n<\/div>","protected":false},"excerpt":{"rendered":"<p>[vc_row][vc_column][vc_separator][\/vc_column][\/vc_row][vc_row][vc_column width=\u00a0\u00bb1\/4&Prime; offset=\u00a0\u00bbvc_hidden-sm vc_hidden-xs\u00a0\u00bb][vc_column_text][\/vc_column_text][\/vc_column][vc_column offset=\u00a0\u00bbvc_col-lg-9 vc_col-md-9&Prime;][vc_column_text] Confort et s\u00e9curit\u00e9 dans vos achats Render est sur le march\u00e9 depuis plus de 20 ans et commercialise ses cours via le commerce \u00e9lectronique.<\/p>\n","protected":false},"author":1,"featured_media":0,"parent":208244,"menu_order":0,"comment_status":"closed","ping_status":"closed","template":"","meta":[],"acf":[],"yoast_head":"<!-- This site is optimized with the Yoast SEO plugin v15.9 - https:\/\/yoast.com\/wordpress\/plugins\/seo\/ -->\n<title>La s\u00e9curit\u00e9 | Online Courses from Basic to Advanced | RenderTips<\/title>\n<meta name=\"robots\" content=\"index, follow, max-snippet:-1, max-image-preview:large, max-video-preview:-1\" \/>\n<link rel=\"canonical\" href=\"https:\/\/render.tips\/fr\/a-propos-de-render-tips\/securite\" \/>\n<meta property=\"og:locale\" content=\"fr_FR\" \/>\n<meta property=\"og:type\" content=\"article\" \/>\n<meta property=\"og:title\" content=\"La s\u00e9curit\u00e9 | Online Courses from Basic to Advanced | RenderTips\" \/>\n<meta property=\"og:description\" content=\"[vc_row][vc_column][vc_separator][\/vc_column][\/vc_row][vc_row][vc_column width=\u00a0\u00bb1\/4&Prime; offset=\u00a0\u00bbvc_hidden-sm vc_hidden-xs\u00a0\u00bb][vc_column_text][\/vc_column_text][\/vc_column][vc_column offset=\u00a0\u00bbvc_col-lg-9 vc_col-md-9&Prime;][vc_column_text] Confort et s\u00e9curit\u00e9 dans vos achats Render est sur le march\u00e9 depuis plus de 20 ans et commercialise ses cours via le commerce \u00e9lectronique.\" \/>\n<meta property=\"og:url\" content=\"https:\/\/render.tips\/fr\/a-propos-de-render-tips\/securite\" \/>\n<meta property=\"og:site_name\" content=\"Online Courses from Basic to Advanced | RenderTips\" \/>\n<meta property=\"article:publisher\" content=\"https:\/\/www.facebook.com\/rendertipscourses\/\" \/>\n<meta property=\"article:modified_time\" content=\"2019-08-14T12:35:29+00:00\" \/>\n<meta property=\"og:image\" content=\"https:\/\/static.render.tips\/wp-content\/uploads\/2019\/08\/logo_1024.png\" \/>\n\t<meta property=\"og:image:width\" content=\"1024\" \/>\n\t<meta property=\"og:image:height\" content=\"1024\" \/>\n<meta name=\"twitter:card\" content=\"summary_large_image\" \/>\n<meta name=\"twitter:site\" content=\"@rendertips\" \/>\n<meta name=\"twitter:label1\" content=\"Dur\u00e9e de lecture est.\">\n\t<meta name=\"twitter:data1\" content=\"2 minutes\">\n<script type=\"application\/ld+json\" class=\"yoast-schema-graph\">{\"@context\":\"https:\/\/schema.org\",\"@graph\":[{\"@type\":\"Organization\",\"@id\":\"https:\/\/render.tips\/#organization\",\"name\":\"Render Tips\",\"url\":\"https:\/\/render.tips\/\",\"sameAs\":[\"https:\/\/www.facebook.com\/rendertipscourses\/\",\"https:\/\/www.instagram.com\/rendertips\/\",\"https:\/\/www.youtube.com\/channel\/UCx_9bcvh0_AQFGXxJ0StKSQ\",\"https:\/\/twitter.com\/rendertips\"],\"logo\":{\"@type\":\"ImageObject\",\"@id\":\"https:\/\/render.tips\/#logo\",\"inLanguage\":\"fr-FR\",\"url\":\"https:\/\/static.render.tips\/wp-content\/uploads\/2019\/08\/logo_1024.png\",\"width\":1024,\"height\":1024,\"caption\":\"Render Tips\"},\"image\":{\"@id\":\"https:\/\/render.tips\/#logo\"}},{\"@type\":\"WebSite\",\"@id\":\"https:\/\/render.tips\/#website\",\"url\":\"https:\/\/render.tips\/\",\"name\":\"Online Courses from Basic to Advanced | RenderTips\",\"description\":\"Technology Online Courses - Solidworks, Autocad, Inventor, 3ds Max and More\",\"publisher\":{\"@id\":\"https:\/\/render.tips\/#organization\"},\"potentialAction\":[{\"@type\":\"SearchAction\",\"target\":\"https:\/\/render.tips\/?s={search_term_string}\",\"query-input\":\"required name=search_term_string\"}],\"inLanguage\":\"fr-FR\"},{\"@type\":\"WebPage\",\"@id\":\"https:\/\/render.tips\/fr\/a-propos-de-render-tips\/securite#webpage\",\"url\":\"https:\/\/render.tips\/fr\/a-propos-de-render-tips\/securite\",\"name\":\"La s\\u00e9curit\\u00e9 | Online Courses from Basic to Advanced | RenderTips\",\"isPartOf\":{\"@id\":\"https:\/\/render.tips\/#website\"},\"datePublished\":\"2017-02-07T14:56:35+00:00\",\"dateModified\":\"2019-08-14T12:35:29+00:00\",\"breadcrumb\":{\"@id\":\"https:\/\/render.tips\/fr\/a-propos-de-render-tips\/securite#breadcrumb\"},\"inLanguage\":\"fr-FR\",\"potentialAction\":[{\"@type\":\"ReadAction\",\"target\":[\"https:\/\/render.tips\/fr\/a-propos-de-render-tips\/securite\"]}]},{\"@type\":\"BreadcrumbList\",\"@id\":\"https:\/\/render.tips\/fr\/a-propos-de-render-tips\/securite#breadcrumb\",\"itemListElement\":[{\"@type\":\"ListItem\",\"position\":1,\"item\":{\"@type\":\"WebPage\",\"@id\":\"https:\/\/render.tips\/fr\",\"url\":\"https:\/\/render.tips\/fr\",\"name\":\"Home\"}},{\"@type\":\"ListItem\",\"position\":2,\"item\":{\"@type\":\"WebPage\",\"@id\":\"https:\/\/render.tips\/fr\/a-propos-de-render-tips\",\"url\":\"https:\/\/render.tips\/fr\/a-propos-de-render-tips\",\"name\":\"\\u00c0 propos de Render.Tips\"}},{\"@type\":\"ListItem\",\"position\":3,\"item\":{\"@type\":\"WebPage\",\"@id\":\"https:\/\/render.tips\/fr\/a-propos-de-render-tips\/securite\",\"url\":\"https:\/\/render.tips\/fr\/a-propos-de-render-tips\/securite\",\"name\":\"La s\\u00e9curit\\u00e9\"}}]}]}<\/script>\n<!-- \/ Yoast SEO plugin. -->","_links":{"self":[{"href":"https:\/\/render.tips\/fr\/wp-json\/wp\/v2\/pages\/208260"}],"collection":[{"href":"https:\/\/render.tips\/fr\/wp-json\/wp\/v2\/pages"}],"about":[{"href":"https:\/\/render.tips\/fr\/wp-json\/wp\/v2\/types\/page"}],"author":[{"embeddable":true,"href":"https:\/\/render.tips\/fr\/wp-json\/wp\/v2\/users\/1"}],"replies":[{"embeddable":true,"href":"https:\/\/render.tips\/fr\/wp-json\/wp\/v2\/comments?post=208260"}],"version-history":[{"count":3,"href":"https:\/\/render.tips\/fr\/wp-json\/wp\/v2\/pages\/208260\/revisions"}],"predecessor-version":[{"id":208717,"href":"https:\/\/render.tips\/fr\/wp-json\/wp\/v2\/pages\/208260\/revisions\/208717"}],"up":[{"embeddable":true,"href":"https:\/\/render.tips\/fr\/wp-json\/wp\/v2\/pages\/208244"}],"wp:attachment":[{"href":"https:\/\/render.tips\/fr\/wp-json\/wp\/v2\/media?parent=208260"}],"curies":[{"name":"wp","href":"https:\/\/api.w.org\/{rel}","templated":true}]}}