{"id":208248,"date":"2017-02-02T13:04:08","date_gmt":"2017-02-02T15:04:08","guid":{"rendered":"https:\/\/render.tips\/sobre-a-render\/metodologia-de-ensino"},"modified":"2019-08-14T11:33:43","modified_gmt":"2019-08-14T14:33:43","slug":"methodologie-d-enseignement","status":"publish","type":"page","link":"https:\/\/render.tips\/fr\/a-propos-de-render-tips\/methodologie-d-enseignement","title":{"rendered":"M\u00e9thodologie d&rsquo;enseignement"},"content":{"rendered":"<div class=\"wpb-content-wrapper\"><p>[vc_row][vc_column][vc_separator][\/vc_column][\/vc_row][vc_row][vc_column width=\u00a0\u00bb1\/4&Prime; offset=\u00a0\u00bbvc_hidden-sm vc_hidden-xs\u00a0\u00bb][vc_column_text]<div class=\"menu-sobre-default menu-left-default\"><ul id=\"menu-sobre-render-french\" class=\"menu\"><li id=\"menu-item-208496\" class=\"menu-item menu-item-type-post_type menu-item-object-page menu-item-208496\"><a href=\"https:\/\/render.tips\/fr\/a-propos-de-render-tips\">\u00c0 propos de Render.Tips<\/a><\/li>\n<li id=\"menu-item-208497\" class=\"menu-item menu-item-type-post_type menu-item-object-page menu-item-208497\"><a href=\"https:\/\/render.tips\/fr\/a-propos-de-render-tips\/methodologie-d-enseignement\">M\u00e9thodologie d\u2019enseignement<\/a><\/li>\n<li id=\"menu-item-208500\" class=\"menu-item menu-item-type-post_type menu-item-object-page menu-item-208500\"><a href=\"https:\/\/render.tips\/fr\/a-propos-de-render-tips\/securite\">La s\u00e9curit\u00e9<\/a><\/li>\n<li id=\"menu-item-208498\" class=\"menu-item menu-item-type-post_type menu-item-object-page menu-item-208498\"><a href=\"https:\/\/render.tips\/fr\/a-propos-de-render-tips\/des-produits\">Des produits<\/a><\/li>\n<\/ul><\/div>[\/vc_column_text][\/vc_column][vc_column offset=\u00a0\u00bbvc_col-lg-9 vc_col-md-9&Prime;][vc_column_text]<\/p>\n<div class=\"quem_title_txt line_100\">Fort de plus de 20 ans d&rsquo;exp\u00e9rience dans la cr\u00e9ation de cours en ligne, Render.Tips a incorpor\u00e9 les concepts de Render Cursos Ltda dans son format d&rsquo;enseignement afin d&rsquo;offrir un apprentissage toujours plus agr\u00e9able et avec tous les avantages de l&rsquo;apprentissage \u00e0 distance.<br \/>\nNos cours facilitent l&rsquo;apprentissage en utilisant:<\/div>\n<div class=\"quem_title_txt line_100\">\n<ul>\n<li>Pr\u00e9sentations de concept;<\/li>\n<li>Activit\u00e9s \u00e0 pratiquer et \u00e0 faire;<\/li>\n<li>Connexion \u00e0 des cas d&rsquo;environnement de travail r\u00e9els.<\/li>\n<\/ul>\n<\/div>\n<p>[\/vc_column_text][vc_column_text]<\/p>\n<h3 class=\"quem_title_txt line_100\">Pr\u00e9sentations de concept<\/h3>\n<div class=\"quem_title_txt line_100\">Dans un cours Render.Tips, l&rsquo;\u00e9tudiant apprend en regardant! Ce sont des le\u00e7ons vid\u00e9o narratives, objectives et pratiques, compl\u00e9t\u00e9es par des textes d&rsquo;accompagnement, des images, des conseils et des questions compl\u00e9mentaires.<br \/>\nDans chaque cours, l&rsquo;\u00e9l\u00e8ve r\u00e9alise qu&rsquo;il est facile d&rsquo;observer les concepts th\u00e9oriques en optimisant son apprentissage avec des ressources suppl\u00e9mentaires qui augmentent la productivit\u00e9 de la vie quotidienne.<\/div>\n<p>[\/vc_column_text][vc_column_text]<\/p>\n<h3 class=\"quem_title_txt line_100\">Pratique et activit\u00e9s<\/h3>\n<div class=\"quem_title_txt line_100\">Les connaissances acquises sont mises en pratique avec des exercices pas \u00e0 pas qui peuvent \u00eatre effectu\u00e9s \u00e0 la maison \u00e0 la vitesse souhait\u00e9e. A tout moment, l&rsquo;\u00e9l\u00e8ve peut \u00e9couter et revoir les concepts qui n\u00e9cessitent le plus d&rsquo;attention. Pour chaque exercice sont disponibles &#8211; le cas \u00e9ch\u00e9ant &#8211; les dossiers \u00e0 pratiquer. Render sugg\u00e8re \u00e0 ses \u00e9tudiants l&rsquo;installation pr\u00e9alable du logiciel original, en coh\u00e9rence avec le cours acquis.<\/div>\n<p>[\/vc_column_text][vc_column_text]<\/p>\n<h3 class=\"quem_title_txt line_100\">Connexion \u00e0 des cas d&rsquo;environnement de travail r\u00e9els<\/h3>\n<div class=\"quem_title_txt line_100\">Render.Tips Les \u00e9tudiants sont constamment en contact avec des situations li\u00e9es \u00e0 l&rsquo;industrie ou \u00e0 l&rsquo;environnement de travail, ce qui facilite et acc\u00e9l\u00e8re l&rsquo;apprentissage. Les exemples et les concepts th\u00e9oriques sont pr\u00e9sent\u00e9s dans le contexte d&rsquo;applications pratiques, permettant \u00e0 nos \u00e9tudiants de vivre des exp\u00e9riences qui feront partie de leur vie quotidienne.<\/div>\n<p>[\/vc_column_text][vc_column_text]<\/p>\n<h5 class=\"quem_title_txt line_100\">Render.Tips am\u00e9liore et am\u00e9liore constamment les cours avec l&rsquo;aide de nos utilisateurs. Veuillez nous contacter si vous souhaitez participer avec des id\u00e9es ou des suggestions. Nous sommes dans un processus d&rsquo;apprentissage constant!<\/h5>\n<p>[\/vc_column_text][\/vc_column][\/vc_row][vc_row][vc_column offset=\u00a0\u00bbvc_hidden-lg vc_hidden-md\u00a0\u00bb][vc_empty_space height=\u00a0\u00bb30px\u00a0\u00bb][vc_cta h2=\u00a0\u00bbMenu\u00a0\u00bb txt_align=\u00a0\u00bbcenter\u00a0\u00bb]<div class=\"menu-sobre-default menu-left-default\"><ul id=\"menu-sobre-render-french-1\" class=\"menu\"><li class=\"menu-item menu-item-type-post_type menu-item-object-page menu-item-208496\"><a href=\"https:\/\/render.tips\/fr\/a-propos-de-render-tips\">\u00c0 propos de Render.Tips<\/a><\/li>\n<li class=\"menu-item menu-item-type-post_type menu-item-object-page menu-item-208497\"><a href=\"https:\/\/render.tips\/fr\/a-propos-de-render-tips\/methodologie-d-enseignement\">M\u00e9thodologie d\u2019enseignement<\/a><\/li>\n<li class=\"menu-item menu-item-type-post_type menu-item-object-page menu-item-208500\"><a href=\"https:\/\/render.tips\/fr\/a-propos-de-render-tips\/securite\">La s\u00e9curit\u00e9<\/a><\/li>\n<li class=\"menu-item menu-item-type-post_type menu-item-object-page menu-item-208498\"><a href=\"https:\/\/render.tips\/fr\/a-propos-de-render-tips\/des-produits\">Des produits<\/a><\/li>\n<\/ul><\/div>[\/vc_cta][\/vc_column][\/vc_row]<\/p>\n<\/div>","protected":false},"excerpt":{"rendered":"<p>[vc_row][vc_column][vc_separator][\/vc_column][\/vc_row][vc_row][vc_column width=\u00a0\u00bb1\/4&Prime; offset=\u00a0\u00bbvc_hidden-sm vc_hidden-xs\u00a0\u00bb][vc_column_text][\/vc_column_text][\/vc_column][vc_column offset=\u00a0\u00bbvc_col-lg-9 vc_col-md-9&Prime;][vc_column_text] Fort de plus de 20 ans d&rsquo;exp\u00e9rience dans la cr\u00e9ation de cours en ligne, Render.Tips a incorpor\u00e9 les concepts de Render Cursos Ltda dans<\/p>\n","protected":false},"author":1,"featured_media":0,"parent":208244,"menu_order":0,"comment_status":"closed","ping_status":"closed","template":"","meta":[],"acf":[],"yoast_head":"<!-- This site is optimized with the Yoast SEO plugin v15.9 - https:\/\/yoast.com\/wordpress\/plugins\/seo\/ -->\n<title>M\u00e9thodologie d&#039;enseignement | Online Courses from Basic to Advanced | RenderTips<\/title>\n<meta name=\"robots\" content=\"index, follow, max-snippet:-1, max-image-preview:large, max-video-preview:-1\" \/>\n<link rel=\"canonical\" href=\"https:\/\/render.tips\/fr\/a-propos-de-render-tips\/methodologie-d-enseignement\" \/>\n<meta property=\"og:locale\" content=\"fr_FR\" \/>\n<meta property=\"og:type\" content=\"article\" \/>\n<meta property=\"og:title\" content=\"M\u00e9thodologie d&#039;enseignement | Online Courses from Basic to Advanced | RenderTips\" \/>\n<meta property=\"og:description\" content=\"[vc_row][vc_column][vc_separator][\/vc_column][\/vc_row][vc_row][vc_column width=\u00a0\u00bb1\/4&Prime; offset=\u00a0\u00bbvc_hidden-sm vc_hidden-xs\u00a0\u00bb][vc_column_text][\/vc_column_text][\/vc_column][vc_column offset=\u00a0\u00bbvc_col-lg-9 vc_col-md-9&Prime;][vc_column_text] Fort de plus de 20 ans d&rsquo;exp\u00e9rience dans la cr\u00e9ation de cours en ligne, Render.Tips a incorpor\u00e9 les concepts de Render Cursos Ltda dans\" \/>\n<meta property=\"og:url\" content=\"https:\/\/render.tips\/fr\/a-propos-de-render-tips\/methodologie-d-enseignement\" \/>\n<meta property=\"og:site_name\" content=\"Online Courses from Basic to Advanced | RenderTips\" \/>\n<meta property=\"article:publisher\" content=\"https:\/\/www.facebook.com\/rendertipscourses\/\" \/>\n<meta property=\"article:modified_time\" content=\"2019-08-14T14:33:43+00:00\" \/>\n<meta property=\"og:image\" content=\"https:\/\/static.render.tips\/wp-content\/uploads\/2019\/08\/logo_1024.png\" \/>\n\t<meta property=\"og:image:width\" content=\"1024\" \/>\n\t<meta property=\"og:image:height\" content=\"1024\" \/>\n<meta name=\"twitter:card\" content=\"summary_large_image\" \/>\n<meta name=\"twitter:site\" content=\"@rendertips\" \/>\n<meta name=\"twitter:label1\" content=\"Dur\u00e9e de lecture est.\">\n\t<meta name=\"twitter:data1\" content=\"2 minutes\">\n<script type=\"application\/ld+json\" class=\"yoast-schema-graph\">{\"@context\":\"https:\/\/schema.org\",\"@graph\":[{\"@type\":\"Organization\",\"@id\":\"https:\/\/render.tips\/#organization\",\"name\":\"Render Tips\",\"url\":\"https:\/\/render.tips\/\",\"sameAs\":[\"https:\/\/www.facebook.com\/rendertipscourses\/\",\"https:\/\/www.instagram.com\/rendertips\/\",\"https:\/\/www.youtube.com\/channel\/UCx_9bcvh0_AQFGXxJ0StKSQ\",\"https:\/\/twitter.com\/rendertips\"],\"logo\":{\"@type\":\"ImageObject\",\"@id\":\"https:\/\/render.tips\/#logo\",\"inLanguage\":\"fr-FR\",\"url\":\"https:\/\/static.render.tips\/wp-content\/uploads\/2019\/08\/logo_1024.png\",\"width\":1024,\"height\":1024,\"caption\":\"Render Tips\"},\"image\":{\"@id\":\"https:\/\/render.tips\/#logo\"}},{\"@type\":\"WebSite\",\"@id\":\"https:\/\/render.tips\/#website\",\"url\":\"https:\/\/render.tips\/\",\"name\":\"Online Courses from Basic to Advanced | RenderTips\",\"description\":\"Technology Online Courses - Solidworks, Autocad, Inventor, 3ds Max and More\",\"publisher\":{\"@id\":\"https:\/\/render.tips\/#organization\"},\"potentialAction\":[{\"@type\":\"SearchAction\",\"target\":\"https:\/\/render.tips\/?s={search_term_string}\",\"query-input\":\"required name=search_term_string\"}],\"inLanguage\":\"fr-FR\"},{\"@type\":\"WebPage\",\"@id\":\"https:\/\/render.tips\/fr\/a-propos-de-render-tips\/methodologie-d-enseignement#webpage\",\"url\":\"https:\/\/render.tips\/fr\/a-propos-de-render-tips\/methodologie-d-enseignement\",\"name\":\"M\\u00e9thodologie d'enseignement | Online Courses from Basic to Advanced | RenderTips\",\"isPartOf\":{\"@id\":\"https:\/\/render.tips\/#website\"},\"datePublished\":\"2017-02-02T15:04:08+00:00\",\"dateModified\":\"2019-08-14T14:33:43+00:00\",\"breadcrumb\":{\"@id\":\"https:\/\/render.tips\/fr\/a-propos-de-render-tips\/methodologie-d-enseignement#breadcrumb\"},\"inLanguage\":\"fr-FR\",\"potentialAction\":[{\"@type\":\"ReadAction\",\"target\":[\"https:\/\/render.tips\/fr\/a-propos-de-render-tips\/methodologie-d-enseignement\"]}]},{\"@type\":\"BreadcrumbList\",\"@id\":\"https:\/\/render.tips\/fr\/a-propos-de-render-tips\/methodologie-d-enseignement#breadcrumb\",\"itemListElement\":[{\"@type\":\"ListItem\",\"position\":1,\"item\":{\"@type\":\"WebPage\",\"@id\":\"https:\/\/render.tips\/fr\",\"url\":\"https:\/\/render.tips\/fr\",\"name\":\"Home\"}},{\"@type\":\"ListItem\",\"position\":2,\"item\":{\"@type\":\"WebPage\",\"@id\":\"https:\/\/render.tips\/fr\/a-propos-de-render-tips\",\"url\":\"https:\/\/render.tips\/fr\/a-propos-de-render-tips\",\"name\":\"\\u00c0 propos de Render.Tips\"}},{\"@type\":\"ListItem\",\"position\":3,\"item\":{\"@type\":\"WebPage\",\"@id\":\"https:\/\/render.tips\/fr\/a-propos-de-render-tips\/methodologie-d-enseignement\",\"url\":\"https:\/\/render.tips\/fr\/a-propos-de-render-tips\/methodologie-d-enseignement\",\"name\":\"M\\u00e9thodologie d&rsquo;enseignement\"}}]}]}<\/script>\n<!-- \/ Yoast SEO plugin. -->","_links":{"self":[{"href":"https:\/\/render.tips\/fr\/wp-json\/wp\/v2\/pages\/208248"}],"collection":[{"href":"https:\/\/render.tips\/fr\/wp-json\/wp\/v2\/pages"}],"about":[{"href":"https:\/\/render.tips\/fr\/wp-json\/wp\/v2\/types\/page"}],"author":[{"embeddable":true,"href":"https:\/\/render.tips\/fr\/wp-json\/wp\/v2\/users\/1"}],"replies":[{"embeddable":true,"href":"https:\/\/render.tips\/fr\/wp-json\/wp\/v2\/comments?post=208248"}],"version-history":[{"count":2,"href":"https:\/\/render.tips\/fr\/wp-json\/wp\/v2\/pages\/208248\/revisions"}],"predecessor-version":[{"id":208738,"href":"https:\/\/render.tips\/fr\/wp-json\/wp\/v2\/pages\/208248\/revisions\/208738"}],"up":[{"embeddable":true,"href":"https:\/\/render.tips\/fr\/wp-json\/wp\/v2\/pages\/208244"}],"wp:attachment":[{"href":"https:\/\/render.tips\/fr\/wp-json\/wp\/v2\/media?parent=208248"}],"curies":[{"name":"wp","href":"https:\/\/api.w.org\/{rel}","templated":true}]}}