{"id":208244,"date":"2016-06-30T01:15:08","date_gmt":"2016-06-30T04:15:08","guid":{"rendered":"https:\/\/render.tips\/sobre-a-render"},"modified":"2019-11-15T00:56:32","modified_gmt":"2019-11-15T02:56:32","slug":"a-propos-de-render-tips","status":"publish","type":"page","link":"https:\/\/render.tips\/fr\/a-propos-de-render-tips","title":{"rendered":"\u00c0 propos de Render.Tips"},"content":{"rendered":"<div class=\"wpb-content-wrapper\"><p>[vc_row][vc_column][vc_separator][\/vc_column][\/vc_row][vc_row][vc_column width=\u00a0\u00bb1\/4&Prime; offset=\u00a0\u00bbvc_hidden-sm vc_hidden-xs\u00a0\u00bb][vc_column_text]<div class=\"menu-sobre-default menu-left-default\"><ul id=\"menu-sobre-render-french\" class=\"menu\"><li id=\"menu-item-208496\" class=\"menu-item menu-item-type-post_type menu-item-object-page menu-item-208496\"><a href=\"https:\/\/render.tips\/fr\/a-propos-de-render-tips\">\u00c0 propos de Render.Tips<\/a><\/li>\n<li id=\"menu-item-208497\" class=\"menu-item menu-item-type-post_type menu-item-object-page menu-item-208497\"><a href=\"https:\/\/render.tips\/fr\/a-propos-de-render-tips\/methodologie-d-enseignement\">M\u00e9thodologie d\u2019enseignement<\/a><\/li>\n<li id=\"menu-item-208500\" class=\"menu-item menu-item-type-post_type menu-item-object-page menu-item-208500\"><a href=\"https:\/\/render.tips\/fr\/a-propos-de-render-tips\/securite\">La s\u00e9curit\u00e9<\/a><\/li>\n<li id=\"menu-item-208498\" class=\"menu-item menu-item-type-post_type menu-item-object-page menu-item-208498\"><a href=\"https:\/\/render.tips\/fr\/a-propos-de-render-tips\/des-produits\">Des produits<\/a><\/li>\n<\/ul><\/div>[\/vc_column_text][\/vc_column][vc_column offset=\u00a0\u00bbvc_col-lg-9 vc_col-md-9&Prime;][vc_column_text]<\/p>\n<h3 class=\"quem_title_txt line_100\">Render.Tips:<\/h3>\n<div class=\"quem_title_txt line_100\">Render.Tips partage des informations, des contenus p\u00e9dagogiques et \u00e9largit l\u2019horizon technique et intellectuel des professionnels de tous les niveaux de l\u2019enseignement.<br \/>\nAvec une m\u00e9thodologie d&rsquo;apprentissage \u00e0 distance bas\u00e9e sur des le\u00e7ons vid\u00e9o et sa propre plateforme pour rendre son contenu disponible, Render.Tips c\u00e9l\u00e8bre l&rsquo;approbation de son syst\u00e8me \u00e9ducatif par ses \u00e9tudiants.<br \/>\nRender.Tips est n\u00e9 dans le but de permettre aux gens de diff\u00e9rentes classes sociales d&rsquo;apprendre facilement en utilisant un logiciel \u00e0 un co\u00fbt tr\u00e8s bas. Nous sommes une entreprise du groupe Render Cursos Ltda situ\u00e9e au Br\u00e9sil.<\/div>\n<p>[\/vc_column_text][vc_column_text]<\/p>\n<h3 class=\"quem_title_txt line_100\">Mission:<\/h3>\n<div class=\"quem_title_txt line_100\">Promouvoir des cours \u00e0 distance de qualit\u00e9 technique, de contenu didactique et reconnu, permettant un acc\u00e8s aux connaissances techniques et au d\u00e9veloppement professionnel gr\u00e2ce \u00e0 la disponibilit\u00e9 de leur formation sur une plateforme en ligne.<\/div>\n<p>[\/vc_column_text][vc_column_text]<\/p>\n<h3 class=\"quem_title_txt line_100\">Vision:<\/h3>\n<div class=\"quem_title_txt line_100\">Soyez une r\u00e9f\u00e9rence en mati\u00e8re de formation professionnelle \u00e0 distance, en partageant des connaissances de grande qualit\u00e9.<\/div>\n<p>[\/vc_column_text][vc_column_text]<\/p>\n<h3 class=\"quem_title_txt line_100\">Principes (Valeurs):<\/h3>\n<ul>\n<li>\u00c9thique;<\/li>\n<li>L&rsquo;honn\u00eatet\u00e9;<\/li>\n<li>Confiance;<\/li>\n<li>Engagement;<\/li>\n<li>Le respect<\/li>\n<\/ul>\n<p>[\/vc_column_text][vc_column_text]<\/p>\n<h3 class=\"quem_title_txt line_100\">Responsabilit\u00e9 Sociale:<\/h3>\n<div class=\"quem_title_txt line_100\">Render.Tips adopte une attitude \u00e9thique et responsable \u00e0 l\u2019\u00e9gard de ses employ\u00e9s, de ses fournisseurs, de ses clients et de la soci\u00e9t\u00e9 en g\u00e9n\u00e9ral, y compris dans le respect de l\u2019environnement.<br \/>\nEn offrant un environnement de travail agr\u00e9able et la g\u00e9n\u00e9ration de nouvelles opportunit\u00e9s, Render.Tips contribue \u00e9galement \u00e0 r\u00e9duire les in\u00e9galit\u00e9s sociales en permettant aux personnes de diff\u00e9rentes classes sociales d&rsquo;acc\u00e9der \u00e0 du contenu technique et de s&rsquo;am\u00e9liorer, obtenant ainsi de nouvelles opportunit\u00e9s d&#8217;emploi.<\/div>\n<p>[\/vc_column_text][vc_column_text]<\/p>\n<h3 class=\"quem_title_txt line_100\">Adresse:<\/h3>\n<div class=\"quem_title_txt line_100\">Brazil<br \/>\nsupport@render.tips<\/div>\n<p>[\/vc_column_text][\/vc_column][\/vc_row][vc_row][vc_column offset=\u00a0\u00bbvc_hidden-lg vc_hidden-md\u00a0\u00bb][vc_empty_space height=\u00a0\u00bb30px\u00a0\u00bb][vc_cta h2=\u00a0\u00bbMenu\u00a0\u00bb txt_align=\u00a0\u00bbcenter\u00a0\u00bb]<div class=\"menu-sobre-default menu-left-default\"><ul id=\"menu-sobre-render-french-1\" class=\"menu\"><li class=\"menu-item menu-item-type-post_type menu-item-object-page menu-item-208496\"><a href=\"https:\/\/render.tips\/fr\/a-propos-de-render-tips\">\u00c0 propos de Render.Tips<\/a><\/li>\n<li class=\"menu-item menu-item-type-post_type menu-item-object-page menu-item-208497\"><a href=\"https:\/\/render.tips\/fr\/a-propos-de-render-tips\/methodologie-d-enseignement\">M\u00e9thodologie d\u2019enseignement<\/a><\/li>\n<li class=\"menu-item menu-item-type-post_type menu-item-object-page menu-item-208500\"><a href=\"https:\/\/render.tips\/fr\/a-propos-de-render-tips\/securite\">La s\u00e9curit\u00e9<\/a><\/li>\n<li class=\"menu-item menu-item-type-post_type menu-item-object-page menu-item-208498\"><a href=\"https:\/\/render.tips\/fr\/a-propos-de-render-tips\/des-produits\">Des produits<\/a><\/li>\n<\/ul><\/div>[\/vc_cta][\/vc_column][\/vc_row]<\/p>\n<\/div>","protected":false},"excerpt":{"rendered":"<p>[vc_row][vc_column][vc_separator][\/vc_column][\/vc_row][vc_row][vc_column width=\u00a0\u00bb1\/4&Prime; offset=\u00a0\u00bbvc_hidden-sm vc_hidden-xs\u00a0\u00bb][vc_column_text][\/vc_column_text][\/vc_column][vc_column offset=\u00a0\u00bbvc_col-lg-9 vc_col-md-9&Prime;][vc_column_text] Render.Tips: Render.Tips partage des informations, des contenus p\u00e9dagogiques et \u00e9largit l\u2019horizon technique et intellectuel des professionnels de tous les niveaux de l\u2019enseignement. Avec une<\/p>\n","protected":false},"author":1,"featured_media":0,"parent":0,"menu_order":0,"comment_status":"closed","ping_status":"closed","template":"","meta":[],"acf":[],"yoast_head":"<!-- This site is optimized with the Yoast SEO plugin v15.9 - https:\/\/yoast.com\/wordpress\/plugins\/seo\/ -->\n<title>\u00c0 propos de Render.Tips | Online Courses from Basic to Advanced | RenderTips<\/title>\n<meta name=\"robots\" content=\"index, follow, max-snippet:-1, max-image-preview:large, max-video-preview:-1\" \/>\n<link rel=\"canonical\" href=\"https:\/\/render.tips\/fr\/a-propos-de-render-tips\" \/>\n<meta property=\"og:locale\" content=\"fr_FR\" \/>\n<meta property=\"og:type\" content=\"article\" \/>\n<meta property=\"og:title\" content=\"\u00c0 propos de Render.Tips | Online Courses from Basic to Advanced | RenderTips\" \/>\n<meta property=\"og:description\" content=\"[vc_row][vc_column][vc_separator][\/vc_column][\/vc_row][vc_row][vc_column width=\u00a0\u00bb1\/4&Prime; offset=\u00a0\u00bbvc_hidden-sm vc_hidden-xs\u00a0\u00bb][vc_column_text][\/vc_column_text][\/vc_column][vc_column offset=\u00a0\u00bbvc_col-lg-9 vc_col-md-9&Prime;][vc_column_text] Render.Tips: Render.Tips partage des informations, des contenus p\u00e9dagogiques et \u00e9largit l\u2019horizon technique et intellectuel des professionnels de tous les niveaux de l\u2019enseignement. Avec une\" \/>\n<meta property=\"og:url\" content=\"https:\/\/render.tips\/fr\/a-propos-de-render-tips\" \/>\n<meta property=\"og:site_name\" content=\"Online Courses from Basic to Advanced | RenderTips\" \/>\n<meta property=\"article:publisher\" content=\"https:\/\/www.facebook.com\/rendertipscourses\/\" \/>\n<meta property=\"article:modified_time\" content=\"2019-11-15T02:56:32+00:00\" \/>\n<meta property=\"og:image\" content=\"https:\/\/static.render.tips\/wp-content\/uploads\/2019\/08\/logo_1024.png\" \/>\n\t<meta property=\"og:image:width\" content=\"1024\" \/>\n\t<meta property=\"og:image:height\" content=\"1024\" \/>\n<meta name=\"twitter:card\" content=\"summary_large_image\" \/>\n<meta name=\"twitter:site\" content=\"@rendertips\" \/>\n<meta name=\"twitter:label1\" content=\"Dur\u00e9e de lecture est.\">\n\t<meta name=\"twitter:data1\" content=\"2 minutes\">\n<script type=\"application\/ld+json\" class=\"yoast-schema-graph\">{\"@context\":\"https:\/\/schema.org\",\"@graph\":[{\"@type\":\"Organization\",\"@id\":\"https:\/\/render.tips\/#organization\",\"name\":\"Render Tips\",\"url\":\"https:\/\/render.tips\/\",\"sameAs\":[\"https:\/\/www.facebook.com\/rendertipscourses\/\",\"https:\/\/www.instagram.com\/rendertips\/\",\"https:\/\/www.youtube.com\/channel\/UCx_9bcvh0_AQFGXxJ0StKSQ\",\"https:\/\/twitter.com\/rendertips\"],\"logo\":{\"@type\":\"ImageObject\",\"@id\":\"https:\/\/render.tips\/#logo\",\"inLanguage\":\"fr-FR\",\"url\":\"https:\/\/static.render.tips\/wp-content\/uploads\/2019\/08\/logo_1024.png\",\"width\":1024,\"height\":1024,\"caption\":\"Render Tips\"},\"image\":{\"@id\":\"https:\/\/render.tips\/#logo\"}},{\"@type\":\"WebSite\",\"@id\":\"https:\/\/render.tips\/#website\",\"url\":\"https:\/\/render.tips\/\",\"name\":\"Online Courses from Basic to Advanced | RenderTips\",\"description\":\"Technology Online Courses - Solidworks, Autocad, Inventor, 3ds Max and More\",\"publisher\":{\"@id\":\"https:\/\/render.tips\/#organization\"},\"potentialAction\":[{\"@type\":\"SearchAction\",\"target\":\"https:\/\/render.tips\/?s={search_term_string}\",\"query-input\":\"required name=search_term_string\"}],\"inLanguage\":\"fr-FR\"},{\"@type\":\"WebPage\",\"@id\":\"https:\/\/render.tips\/fr\/a-propos-de-render-tips#webpage\",\"url\":\"https:\/\/render.tips\/fr\/a-propos-de-render-tips\",\"name\":\"\\u00c0 propos de Render.Tips | Online Courses from Basic to Advanced | RenderTips\",\"isPartOf\":{\"@id\":\"https:\/\/render.tips\/#website\"},\"datePublished\":\"2016-06-30T04:15:08+00:00\",\"dateModified\":\"2019-11-15T02:56:32+00:00\",\"breadcrumb\":{\"@id\":\"https:\/\/render.tips\/fr\/a-propos-de-render-tips#breadcrumb\"},\"inLanguage\":\"fr-FR\",\"potentialAction\":[{\"@type\":\"ReadAction\",\"target\":[\"https:\/\/render.tips\/fr\/a-propos-de-render-tips\"]}]},{\"@type\":\"BreadcrumbList\",\"@id\":\"https:\/\/render.tips\/fr\/a-propos-de-render-tips#breadcrumb\",\"itemListElement\":[{\"@type\":\"ListItem\",\"position\":1,\"item\":{\"@type\":\"WebPage\",\"@id\":\"https:\/\/render.tips\/fr\",\"url\":\"https:\/\/render.tips\/fr\",\"name\":\"Home\"}},{\"@type\":\"ListItem\",\"position\":2,\"item\":{\"@type\":\"WebPage\",\"@id\":\"https:\/\/render.tips\/fr\/a-propos-de-render-tips\",\"url\":\"https:\/\/render.tips\/fr\/a-propos-de-render-tips\",\"name\":\"\\u00c0 propos de Render.Tips\"}}]}]}<\/script>\n<!-- \/ Yoast SEO plugin. -->","_links":{"self":[{"href":"https:\/\/render.tips\/fr\/wp-json\/wp\/v2\/pages\/208244"}],"collection":[{"href":"https:\/\/render.tips\/fr\/wp-json\/wp\/v2\/pages"}],"about":[{"href":"https:\/\/render.tips\/fr\/wp-json\/wp\/v2\/types\/page"}],"author":[{"embeddable":true,"href":"https:\/\/render.tips\/fr\/wp-json\/wp\/v2\/users\/1"}],"replies":[{"embeddable":true,"href":"https:\/\/render.tips\/fr\/wp-json\/wp\/v2\/comments?post=208244"}],"version-history":[{"count":3,"href":"https:\/\/render.tips\/fr\/wp-json\/wp\/v2\/pages\/208244\/revisions"}],"predecessor-version":[{"id":211066,"href":"https:\/\/render.tips\/fr\/wp-json\/wp\/v2\/pages\/208244\/revisions\/211066"}],"wp:attachment":[{"href":"https:\/\/render.tips\/fr\/wp-json\/wp\/v2\/media?parent=208244"}],"curies":[{"name":"wp","href":"https:\/\/api.w.org\/{rel}","templated":true}]}}