{"id":233263,"date":"2022-12-07T21:56:37","date_gmt":"2022-12-08T00:56:37","guid":{"rendered":"https:\/\/render.tips\/sin%20categor\u00eda\/catia-v5-esencial"},"modified":"2022-12-07T23:48:08","modified_gmt":"2022-12-08T02:48:08","slug":"catia-v5-esencial","status":"publish","type":"product","link":"https:\/\/render.tips\/es\/cursos\/catia-es\/catia-v5-esencial","title":{"rendered":"Curso Catia V5 Esencial"},"content":{"rendered":"<p>Aprenda los conceptos b\u00e1sicos de Catia, c\u00f3mo crear bocetos con diversas herramientas y c\u00f3mo utilizar los recursos 3D para crear sus propios modelos en el futuro. Obtenga una visi\u00f3n b\u00e1sica de c\u00f3mo crear detalles en 2D, c\u00f3mo utilizar las funciones de Surface y el concepto b\u00e1sico de elementos finitos. \u00a1Aproveche esta oportunidad y comience este curso ahora!<\/p>\n","protected":false},"excerpt":{"rendered":"<p><span style=\"color: #ff6600\">\u00a1Aprende a crear bocetos y a usar los recursos 3D de Catia!<\/span><\/p>\n","protected":false},"featured_media":233249,"comment_status":"open","ping_status":"closed","template":"","meta":[],"product_cat":[504,1051,945],"product_tag":[],"acf":[],"yoast_head":"<!-- This site is optimized with the Yoast SEO plugin v15.9 - https:\/\/yoast.com\/wordpress\/plugins\/seo\/ -->\n<title>Curso Catia V5 Esencial | Online Courses from Basic to Advanced | RenderTips<\/title>\n<meta name=\"description\" content=\"\u00a1Aprende a crear bocetos y a usar los recursos 3D de Catia!\" \/>\n<meta name=\"robots\" content=\"index, follow, max-snippet:-1, max-image-preview:large, max-video-preview:-1\" \/>\n<link rel=\"canonical\" href=\"https:\/\/render.tips\/es\/cursos\/catia-es\/catia-v5-esencial\" \/>\n<meta property=\"og:locale\" content=\"es_ES\" \/>\n<meta property=\"og:type\" content=\"article\" \/>\n<meta property=\"og:title\" content=\"Curso Catia V5 Esencial | Online Courses from Basic to Advanced | RenderTips\" \/>\n<meta property=\"og:description\" content=\"\u00a1Aprende a crear bocetos y a usar los recursos 3D de Catia!\" \/>\n<meta property=\"og:url\" content=\"https:\/\/render.tips\/es\/cursos\/catia-es\/catia-v5-esencial\" \/>\n<meta property=\"og:site_name\" content=\"Online Courses from Basic to Advanced | RenderTips\" \/>\n<meta property=\"article:publisher\" content=\"https:\/\/www.facebook.com\/rendertipscourses\/\" \/>\n<meta property=\"article:modified_time\" content=\"2022-12-08T02:48:08+00:00\" \/>\n<meta property=\"og:image\" content=\"https:\/\/static.render.tips\/wp-content\/uploads\/2022\/12\/CATIA-V5-ESS-ES_facebook.png\" \/>\n<meta name=\"twitter:card\" content=\"summary_large_image\" \/>\n<meta name=\"twitter:image\" content=\"https:\/\/static.render.tips\/wp-content\/uploads\/2022\/12\/CATIA-V5-ESS-ES_facebook.png\" \/>\n<meta name=\"twitter:site\" content=\"@rendertips\" \/>\n<script type=\"application\/ld+json\" class=\"yoast-schema-graph\">{\"@context\":\"https:\/\/schema.org\",\"@graph\":[{\"@type\":\"Organization\",\"@id\":\"https:\/\/render.tips\/#organization\",\"name\":\"Render Tips\",\"url\":\"https:\/\/render.tips\/\",\"sameAs\":[\"https:\/\/www.facebook.com\/rendertipscourses\/\",\"https:\/\/www.instagram.com\/rendertips\/\",\"https:\/\/www.youtube.com\/channel\/UCx_9bcvh0_AQFGXxJ0StKSQ\",\"https:\/\/twitter.com\/rendertips\"],\"logo\":{\"@type\":\"ImageObject\",\"@id\":\"https:\/\/render.tips\/#logo\",\"inLanguage\":\"es\",\"url\":\"https:\/\/static.render.tips\/wp-content\/uploads\/2019\/08\/logo_1024.png\",\"width\":1024,\"height\":1024,\"caption\":\"Render Tips\"},\"image\":{\"@id\":\"https:\/\/render.tips\/#logo\"}},{\"@type\":\"WebSite\",\"@id\":\"https:\/\/render.tips\/#website\",\"url\":\"https:\/\/render.tips\/\",\"name\":\"Online Courses from Basic to Advanced | RenderTips\",\"description\":\"Technology Online Courses - Solidworks, Autocad, Inventor, 3ds Max and More\",\"publisher\":{\"@id\":\"https:\/\/render.tips\/#organization\"},\"potentialAction\":[{\"@type\":\"SearchAction\",\"target\":\"https:\/\/render.tips\/?s={search_term_string}\",\"query-input\":\"required name=search_term_string\"}],\"inLanguage\":\"es\"},{\"@type\":\"ImageObject\",\"@id\":\"https:\/\/render.tips\/es\/cursos\/catia-es\/catia-v5-esencial#primaryimage\",\"inLanguage\":\"es\",\"url\":\"https:\/\/static.render.tips\/wp-content\/uploads\/2022\/12\/Curso-catia-v5-esencial-CATIA-V5-ESS-ES_destaque-20221207215551.jpg\",\"width\":229,\"height\":162},{\"@type\":\"WebPage\",\"@id\":\"https:\/\/render.tips\/es\/cursos\/catia-es\/catia-v5-esencial#webpage\",\"url\":\"https:\/\/render.tips\/es\/cursos\/catia-es\/catia-v5-esencial\",\"name\":\"Curso Catia V5 Esencial | Online Courses from Basic to Advanced | RenderTips\",\"isPartOf\":{\"@id\":\"https:\/\/render.tips\/#website\"},\"primaryImageOfPage\":{\"@id\":\"https:\/\/render.tips\/es\/cursos\/catia-es\/catia-v5-esencial#primaryimage\"},\"datePublished\":\"2022-12-08T00:56:37+00:00\",\"dateModified\":\"2022-12-08T02:48:08+00:00\",\"description\":\"\\u00a1Aprende a crear bocetos y a usar los recursos 3D de Catia!\",\"breadcrumb\":{\"@id\":\"https:\/\/render.tips\/es\/cursos\/catia-es\/catia-v5-esencial#breadcrumb\"},\"inLanguage\":\"es\",\"potentialAction\":[{\"@type\":\"ReadAction\",\"target\":[\"https:\/\/render.tips\/es\/cursos\/catia-es\/catia-v5-esencial\"]}]},{\"@type\":\"BreadcrumbList\",\"@id\":\"https:\/\/render.tips\/es\/cursos\/catia-es\/catia-v5-esencial#breadcrumb\",\"itemListElement\":[{\"@type\":\"ListItem\",\"position\":1,\"item\":{\"@type\":\"WebPage\",\"@id\":\"https:\/\/render.tips\/es\",\"url\":\"https:\/\/render.tips\/es\",\"name\":\"Home\"}},{\"@type\":\"ListItem\",\"position\":2,\"item\":{\"@type\":\"WebPage\",\"@id\":\"https:\/\/render.tips\/es\/shop\",\"url\":\"https:\/\/render.tips\/es\/shop\",\"name\":\"Shop\"}},{\"@type\":\"ListItem\",\"position\":3,\"item\":{\"@type\":\"WebPage\",\"@id\":\"https:\/\/render.tips\/es\/cursos\/catia-es\/catia-v5-esencial\",\"url\":\"https:\/\/render.tips\/es\/cursos\/catia-es\/catia-v5-esencial\",\"name\":\"Curso Catia V5 Esencial\"}}]}]}<\/script>\n<!-- \/ Yoast SEO plugin. -->","_links":{"self":[{"href":"https:\/\/render.tips\/es\/wp-json\/wp\/v2\/product\/233263"}],"collection":[{"href":"https:\/\/render.tips\/es\/wp-json\/wp\/v2\/product"}],"about":[{"href":"https:\/\/render.tips\/es\/wp-json\/wp\/v2\/types\/product"}],"replies":[{"embeddable":true,"href":"https:\/\/render.tips\/es\/wp-json\/wp\/v2\/comments?post=233263"}],"wp:featuredmedia":[{"embeddable":true,"href":"https:\/\/render.tips\/es\/wp-json\/wp\/v2\/media\/233249"}],"wp:attachment":[{"href":"https:\/\/render.tips\/es\/wp-json\/wp\/v2\/media?parent=233263"}],"wp:term":[{"taxonomy":"product_cat","embeddable":true,"href":"https:\/\/render.tips\/es\/wp-json\/wp\/v2\/product_cat?post=233263"},{"taxonomy":"product_tag","embeddable":true,"href":"https:\/\/render.tips\/es\/wp-json\/wp\/v2\/product_tag?post=233263"}],"curies":[{"name":"wp","href":"https:\/\/api.w.org\/{rel}","templated":true}]}}