{"id":232153,"date":"2014-12-01T01:12:17","date_gmt":"2014-12-01T03:12:17","guid":{"rendered":"https:\/\/render.tips\/solidworks-2015-fundamentos"},"modified":"2020-11-04T01:27:25","modified_gmt":"2020-11-04T04:27:25","slug":"solidworks-2015-fundamentos","status":"publish","type":"product","link":"https:\/\/render.tips\/es\/cursos\/solidworks-es\/solidworks-2015-fundamentos","title":{"rendered":"Curso SolidWorks 2015 Fundamentos"},"content":{"rendered":"<p>Combinando la mejor did\u00e1ctica de EAD con la experiencia de profesionales certificados, aprenda f\u00e1cilmente a crear proyectos completos en SolidWorks 2015. Cree bocetos, modele piezas y simule con SimulationXpress, dise\u00f1e conjuntos y genere planos 2D. Aplicar ecuaciones y configuraciones, utilizar la biblioteca del proyecto, importar y exportar archivos, \u00a1y mucho m\u00e1s! Con clases explicativas, ejemplos pr\u00e1cticos y ejercicios para entrenar, aprender r\u00e1pido y destacar en el mercado!<\/p>\n","protected":false},"excerpt":{"rendered":"<p><span style=\"color: #ff6600\">Dise\u00f1e mejor y m\u00e1s r\u00e1pido con las capacidades de SolidWorks 2015<\/span><\/p>\n","protected":false},"featured_media":232141,"comment_status":"open","ping_status":"closed","template":"","meta":[],"product_cat":[504,945,820],"product_tag":[],"acf":[],"yoast_head":"<!-- This site is optimized with the Yoast SEO plugin v15.9 - https:\/\/yoast.com\/wordpress\/plugins\/seo\/ -->\n<title>Curso SolidWorks 2015 Fundamentos | Online Courses from Basic to Advanced | RenderTips<\/title>\n<meta name=\"description\" content=\"Dise\u00f1e mejor y m\u00e1s r\u00e1pido con las capacidades de SolidWorks 2015\" \/>\n<meta name=\"robots\" content=\"index, follow, max-snippet:-1, max-image-preview:large, max-video-preview:-1\" \/>\n<link rel=\"canonical\" href=\"https:\/\/render.tips\/es\/cursos\/solidworks-es\/solidworks-2015-fundamentos\" \/>\n<meta property=\"og:locale\" content=\"es_ES\" \/>\n<meta property=\"og:type\" content=\"article\" \/>\n<meta property=\"og:title\" content=\"Curso SolidWorks 2015 Fundamentos | Online Courses from Basic to Advanced | RenderTips\" \/>\n<meta property=\"og:description\" content=\"Dise\u00f1e mejor y m\u00e1s r\u00e1pido con las capacidades de SolidWorks 2015\" \/>\n<meta property=\"og:url\" content=\"https:\/\/render.tips\/es\/cursos\/solidworks-es\/solidworks-2015-fundamentos\" \/>\n<meta property=\"og:site_name\" content=\"Online Courses from Basic to Advanced | RenderTips\" \/>\n<meta property=\"article:publisher\" content=\"https:\/\/www.facebook.com\/rendertipscourses\/\" \/>\n<meta property=\"article:modified_time\" content=\"2020-11-04T04:27:25+00:00\" \/>\n<meta property=\"og:image\" content=\"https:\/\/static.render.tips\/wp-content\/uploads\/2020\/11\/SW15-F-ES_facebook.png\" \/>\n<meta name=\"twitter:card\" content=\"summary_large_image\" \/>\n<meta name=\"twitter:image\" content=\"https:\/\/static.render.tips\/wp-content\/uploads\/2020\/11\/SW15-F-ES_facebook.png\" \/>\n<meta name=\"twitter:site\" content=\"@rendertips\" \/>\n<script type=\"application\/ld+json\" class=\"yoast-schema-graph\">{\"@context\":\"https:\/\/schema.org\",\"@graph\":[{\"@type\":\"Organization\",\"@id\":\"https:\/\/render.tips\/#organization\",\"name\":\"Render Tips\",\"url\":\"https:\/\/render.tips\/\",\"sameAs\":[\"https:\/\/www.facebook.com\/rendertipscourses\/\",\"https:\/\/www.instagram.com\/rendertips\/\",\"https:\/\/www.youtube.com\/channel\/UCx_9bcvh0_AQFGXxJ0StKSQ\",\"https:\/\/twitter.com\/rendertips\"],\"logo\":{\"@type\":\"ImageObject\",\"@id\":\"https:\/\/render.tips\/#logo\",\"inLanguage\":\"es\",\"url\":\"https:\/\/static.render.tips\/wp-content\/uploads\/2019\/08\/logo_1024.png\",\"width\":1024,\"height\":1024,\"caption\":\"Render Tips\"},\"image\":{\"@id\":\"https:\/\/render.tips\/#logo\"}},{\"@type\":\"WebSite\",\"@id\":\"https:\/\/render.tips\/#website\",\"url\":\"https:\/\/render.tips\/\",\"name\":\"Online Courses from Basic to Advanced | RenderTips\",\"description\":\"Technology Online Courses - Solidworks, Autocad, Inventor, 3ds Max and More\",\"publisher\":{\"@id\":\"https:\/\/render.tips\/#organization\"},\"potentialAction\":[{\"@type\":\"SearchAction\",\"target\":\"https:\/\/render.tips\/?s={search_term_string}\",\"query-input\":\"required name=search_term_string\"}],\"inLanguage\":\"es\"},{\"@type\":\"ImageObject\",\"@id\":\"https:\/\/render.tips\/es\/cursos\/solidworks-es\/solidworks-2015-fundamentos#primaryimage\",\"inLanguage\":\"es\",\"url\":\"https:\/\/static.render.tips\/wp-content\/uploads\/2020\/11\/Curso-solidworks-2015-fundamentos-SW15-F-ES_destaque-20201104021142.jpg\",\"width\":229,\"height\":162},{\"@type\":\"WebPage\",\"@id\":\"https:\/\/render.tips\/es\/cursos\/solidworks-es\/solidworks-2015-fundamentos#webpage\",\"url\":\"https:\/\/render.tips\/es\/cursos\/solidworks-es\/solidworks-2015-fundamentos\",\"name\":\"Curso SolidWorks 2015 Fundamentos | Online Courses from Basic to Advanced | RenderTips\",\"isPartOf\":{\"@id\":\"https:\/\/render.tips\/#website\"},\"primaryImageOfPage\":{\"@id\":\"https:\/\/render.tips\/es\/cursos\/solidworks-es\/solidworks-2015-fundamentos#primaryimage\"},\"datePublished\":\"2014-12-01T03:12:17+00:00\",\"dateModified\":\"2020-11-04T04:27:25+00:00\",\"description\":\"Dise\\u00f1e mejor y m\\u00e1s r\\u00e1pido con las capacidades de SolidWorks 2015\",\"breadcrumb\":{\"@id\":\"https:\/\/render.tips\/es\/cursos\/solidworks-es\/solidworks-2015-fundamentos#breadcrumb\"},\"inLanguage\":\"es\",\"potentialAction\":[{\"@type\":\"ReadAction\",\"target\":[\"https:\/\/render.tips\/es\/cursos\/solidworks-es\/solidworks-2015-fundamentos\"]}]},{\"@type\":\"BreadcrumbList\",\"@id\":\"https:\/\/render.tips\/es\/cursos\/solidworks-es\/solidworks-2015-fundamentos#breadcrumb\",\"itemListElement\":[{\"@type\":\"ListItem\",\"position\":1,\"item\":{\"@type\":\"WebPage\",\"@id\":\"https:\/\/render.tips\/es\",\"url\":\"https:\/\/render.tips\/es\",\"name\":\"Home\"}},{\"@type\":\"ListItem\",\"position\":2,\"item\":{\"@type\":\"WebPage\",\"@id\":\"https:\/\/render.tips\/es\/shop\",\"url\":\"https:\/\/render.tips\/es\/shop\",\"name\":\"Shop\"}},{\"@type\":\"ListItem\",\"position\":3,\"item\":{\"@type\":\"WebPage\",\"@id\":\"https:\/\/render.tips\/es\/cursos\/solidworks-es\/solidworks-2015-fundamentos\",\"url\":\"https:\/\/render.tips\/es\/cursos\/solidworks-es\/solidworks-2015-fundamentos\",\"name\":\"Curso SolidWorks 2015 Fundamentos\"}}]}]}<\/script>\n<!-- \/ Yoast SEO plugin. -->","_links":{"self":[{"href":"https:\/\/render.tips\/es\/wp-json\/wp\/v2\/product\/232153"}],"collection":[{"href":"https:\/\/render.tips\/es\/wp-json\/wp\/v2\/product"}],"about":[{"href":"https:\/\/render.tips\/es\/wp-json\/wp\/v2\/types\/product"}],"replies":[{"embeddable":true,"href":"https:\/\/render.tips\/es\/wp-json\/wp\/v2\/comments?post=232153"}],"wp:featuredmedia":[{"embeddable":true,"href":"https:\/\/render.tips\/es\/wp-json\/wp\/v2\/media\/232141"}],"wp:attachment":[{"href":"https:\/\/render.tips\/es\/wp-json\/wp\/v2\/media?parent=232153"}],"wp:term":[{"taxonomy":"product_cat","embeddable":true,"href":"https:\/\/render.tips\/es\/wp-json\/wp\/v2\/product_cat?post=232153"},{"taxonomy":"product_tag","embeddable":true,"href":"https:\/\/render.tips\/es\/wp-json\/wp\/v2\/product_tag?post=232153"}],"curies":[{"name":"wp","href":"https:\/\/api.w.org\/{rel}","templated":true}]}}