{"id":231916,"date":"2015-10-27T08:36:32","date_gmt":"2015-10-27T10:36:32","guid":{"rendered":"https:\/\/render.tips\/uncategorized\/unreal-4-introduccion-a-las-blueprints"},"modified":"2020-05-13T20:40:20","modified_gmt":"2020-05-13T23:40:20","slug":"unreal-4-introduccion-a-las-blueprints","status":"publish","type":"product","link":"https:\/\/render.tips\/es\/cursos\/unreal-es\/unreal-4-introduccion-a-las-blueprints","title":{"rendered":"Curso Unreal 4 &#8211; Introducci\u00f3n a las Blueprints"},"content":{"rendered":"<p>Con \u00abBlueprints\u00bb, el sistema de programaci\u00f3n visual de Unreal 4, puede crear interacciones para sus juegos y aplicaciones de forma r\u00e1pida, f\u00e1cil y divertida. Usando el sistema de nodos Blueprints, crear\u00e1 scripts sin usar ninguna l\u00e0\u00adnea de c\u00f3digo. A trav\u00e9s de ejemplos, aprender\u00e1 las t\u00e9cnicas m\u00e1s utilizadas para el desarrollo de juegos que se pueden adaptar a sus proyectos con Unreal 4. Inicie el curso y aprenda a programar visualmente usando Blueprints.<\/p>\n","protected":false},"excerpt":{"rendered":"<p><span style=\"color: #ff6600;\">Aprenda a programar visualmente usando Blueprints en Unreal 4<\/span><\/p>\n","protected":false},"featured_media":231905,"comment_status":"open","ping_status":"closed","template":"","meta":[],"product_cat":[1017,1035],"product_tag":[],"acf":[],"yoast_head":"<!-- This site is optimized with the Yoast SEO plugin v15.9 - https:\/\/yoast.com\/wordpress\/plugins\/seo\/ -->\n<title>Curso Unreal 4 - Introducci\u00f3n a las Blueprints | Online Courses from Basic to Advanced | RenderTips<\/title>\n<meta name=\"description\" content=\"Aprenda a programar visualmente usando Blueprints en Unreal 4\" \/>\n<meta name=\"robots\" content=\"index, follow, max-snippet:-1, max-image-preview:large, max-video-preview:-1\" \/>\n<link rel=\"canonical\" href=\"https:\/\/render.tips\/es\/cursos\/unreal-es\/unreal-4-introduccion-a-las-blueprints\" \/>\n<meta property=\"og:locale\" content=\"es_ES\" \/>\n<meta property=\"og:type\" content=\"article\" \/>\n<meta property=\"og:title\" content=\"Curso Unreal 4 - Introducci\u00f3n a las Blueprints | Online Courses from Basic to Advanced | RenderTips\" \/>\n<meta property=\"og:description\" content=\"Aprenda a programar visualmente usando Blueprints en Unreal 4\" \/>\n<meta property=\"og:url\" content=\"https:\/\/render.tips\/es\/cursos\/unreal-es\/unreal-4-introduccion-a-las-blueprints\" \/>\n<meta property=\"og:site_name\" content=\"Online Courses from Basic to Advanced | RenderTips\" \/>\n<meta property=\"article:publisher\" content=\"https:\/\/www.facebook.com\/rendertipscourses\/\" \/>\n<meta property=\"article:modified_time\" content=\"2020-05-13T23:40:20+00:00\" \/>\n<meta property=\"og:image\" content=\"https:\/\/static.render.tips\/wp-content\/uploads\/2020\/05\/UNREAL4-INTB-ES_facebook.png\" \/>\n<meta name=\"twitter:card\" content=\"summary_large_image\" \/>\n<meta name=\"twitter:image\" content=\"https:\/\/static.render.tips\/wp-content\/uploads\/2020\/05\/UNREAL4-INTB-ES_facebook.png\" \/>\n<meta name=\"twitter:site\" content=\"@rendertips\" \/>\n<script type=\"application\/ld+json\" class=\"yoast-schema-graph\">{\"@context\":\"https:\/\/schema.org\",\"@graph\":[{\"@type\":\"Organization\",\"@id\":\"https:\/\/render.tips\/#organization\",\"name\":\"Render Tips\",\"url\":\"https:\/\/render.tips\/\",\"sameAs\":[\"https:\/\/www.facebook.com\/rendertipscourses\/\",\"https:\/\/www.instagram.com\/rendertips\/\",\"https:\/\/www.youtube.com\/channel\/UCx_9bcvh0_AQFGXxJ0StKSQ\",\"https:\/\/twitter.com\/rendertips\"],\"logo\":{\"@type\":\"ImageObject\",\"@id\":\"https:\/\/render.tips\/#logo\",\"inLanguage\":\"es\",\"url\":\"https:\/\/static.render.tips\/wp-content\/uploads\/2019\/08\/logo_1024.png\",\"width\":1024,\"height\":1024,\"caption\":\"Render Tips\"},\"image\":{\"@id\":\"https:\/\/render.tips\/#logo\"}},{\"@type\":\"WebSite\",\"@id\":\"https:\/\/render.tips\/#website\",\"url\":\"https:\/\/render.tips\/\",\"name\":\"Online Courses from Basic to Advanced | RenderTips\",\"description\":\"Technology Online Courses - Solidworks, Autocad, Inventor, 3ds Max and More\",\"publisher\":{\"@id\":\"https:\/\/render.tips\/#organization\"},\"potentialAction\":[{\"@type\":\"SearchAction\",\"target\":\"https:\/\/render.tips\/?s={search_term_string}\",\"query-input\":\"required name=search_term_string\"}],\"inLanguage\":\"es\"},{\"@type\":\"ImageObject\",\"@id\":\"https:\/\/render.tips\/es\/cursos\/unreal-es\/unreal-4-introduccion-a-las-blueprints#primaryimage\",\"inLanguage\":\"es\",\"url\":\"https:\/\/static.render.tips\/wp-content\/uploads\/2020\/05\/Curso-unreal-4-introduccion-a-las-blueprints-UNREAL4-INTB-ES_destaque-20200513203429.jpg\",\"width\":229,\"height\":162},{\"@type\":\"WebPage\",\"@id\":\"https:\/\/render.tips\/es\/cursos\/unreal-es\/unreal-4-introduccion-a-las-blueprints#webpage\",\"url\":\"https:\/\/render.tips\/es\/cursos\/unreal-es\/unreal-4-introduccion-a-las-blueprints\",\"name\":\"Curso Unreal 4 - Introducci\\u00f3n a las Blueprints | Online Courses from Basic to Advanced | RenderTips\",\"isPartOf\":{\"@id\":\"https:\/\/render.tips\/#website\"},\"primaryImageOfPage\":{\"@id\":\"https:\/\/render.tips\/es\/cursos\/unreal-es\/unreal-4-introduccion-a-las-blueprints#primaryimage\"},\"datePublished\":\"2015-10-27T10:36:32+00:00\",\"dateModified\":\"2020-05-13T23:40:20+00:00\",\"description\":\"Aprenda a programar visualmente usando Blueprints en Unreal 4\",\"breadcrumb\":{\"@id\":\"https:\/\/render.tips\/es\/cursos\/unreal-es\/unreal-4-introduccion-a-las-blueprints#breadcrumb\"},\"inLanguage\":\"es\",\"potentialAction\":[{\"@type\":\"ReadAction\",\"target\":[\"https:\/\/render.tips\/es\/cursos\/unreal-es\/unreal-4-introduccion-a-las-blueprints\"]}]},{\"@type\":\"BreadcrumbList\",\"@id\":\"https:\/\/render.tips\/es\/cursos\/unreal-es\/unreal-4-introduccion-a-las-blueprints#breadcrumb\",\"itemListElement\":[{\"@type\":\"ListItem\",\"position\":1,\"item\":{\"@type\":\"WebPage\",\"@id\":\"https:\/\/render.tips\/es\",\"url\":\"https:\/\/render.tips\/es\",\"name\":\"Home\"}},{\"@type\":\"ListItem\",\"position\":2,\"item\":{\"@type\":\"WebPage\",\"@id\":\"https:\/\/render.tips\/es\/shop\",\"url\":\"https:\/\/render.tips\/es\/shop\",\"name\":\"Shop\"}},{\"@type\":\"ListItem\",\"position\":3,\"item\":{\"@type\":\"WebPage\",\"@id\":\"https:\/\/render.tips\/es\/cursos\/unreal-es\/unreal-4-introduccion-a-las-blueprints\",\"url\":\"https:\/\/render.tips\/es\/cursos\/unreal-es\/unreal-4-introduccion-a-las-blueprints\",\"name\":\"Curso Unreal 4 &#8211; Introducci\\u00f3n a las Blueprints\"}}]}]}<\/script>\n<!-- \/ Yoast SEO plugin. -->","_links":{"self":[{"href":"https:\/\/render.tips\/es\/wp-json\/wp\/v2\/product\/231916"}],"collection":[{"href":"https:\/\/render.tips\/es\/wp-json\/wp\/v2\/product"}],"about":[{"href":"https:\/\/render.tips\/es\/wp-json\/wp\/v2\/types\/product"}],"replies":[{"embeddable":true,"href":"https:\/\/render.tips\/es\/wp-json\/wp\/v2\/comments?post=231916"}],"wp:featuredmedia":[{"embeddable":true,"href":"https:\/\/render.tips\/es\/wp-json\/wp\/v2\/media\/231905"}],"wp:attachment":[{"href":"https:\/\/render.tips\/es\/wp-json\/wp\/v2\/media?parent=231916"}],"wp:term":[{"taxonomy":"product_cat","embeddable":true,"href":"https:\/\/render.tips\/es\/wp-json\/wp\/v2\/product_cat?post=231916"},{"taxonomy":"product_tag","embeddable":true,"href":"https:\/\/render.tips\/es\/wp-json\/wp\/v2\/product_tag?post=231916"}],"curies":[{"name":"wp","href":"https:\/\/api.w.org\/{rel}","templated":true}]}}