{"id":231900,"date":"2015-07-20T15:26:32","date_gmt":"2015-07-20T18:26:32","guid":{"rendered":"https:\/\/render.tips\/uncategorized\/unity-4-6-desarrollo-de-juegos-de-estilo-tirador-de-arriba-hacia-abajo"},"modified":"2020-05-13T20:27:30","modified_gmt":"2020-05-13T23:27:30","slug":"unity-4-6-desarrollo-de-juegos-de-estilo-tirador-de-arriba-hacia-abajo","status":"publish","type":"product","link":"https:\/\/render.tips\/es\/cursos\/unity-es\/unity-4-6-desarrollo-de-juegos-de-estilo-tirador-de-arriba-hacia-abajo","title":{"rendered":"Curso Unity 4.6 &#8211; Desarrollo de juegos de estilo tirador de arriba hacia abajo"},"content":{"rendered":"<p>Con las caracter\u00e0\u00adsticas del motor de juego Unity 4.6, aprender\u00e1s a desarrollar un juego de shoter de principio a fin con un tema pre-apocalipsis. Centrado en la din\u00e1mica del juego, utilizar\u00e1 los objetos proporcionados y se centrar\u00e1 s\u00f3lo en el desarrollo de sus habilidades. A trav\u00e9s de lecciones din\u00e1micas en video, ejemplos pr\u00e1cticos y ejercicios, totalmente en portugu\u00e9s, aprender a iniciar el proyecto, ajustar personajes, definir la inteligencia artificial de enemigos y jefes, usar \u00abscripts\u00bb, interacci\u00f3n entre objetos, interfaz de usuario y m\u00e1s. Por \u00faltimo, publica el juego en la plataforma Windows y divi\u00e9rtete jugando con tus amigos!<\/p>\n","protected":false},"excerpt":{"rendered":"<p><span style=\"color: #ff6600;\">Aprende a crear un divertido juego y liberar a la ciudad de las amenazas de los zombies!<\/span><\/p>\n","protected":false},"featured_media":231888,"comment_status":"open","ping_status":"closed","template":"","meta":[],"product_cat":[1017,1032],"product_tag":[],"acf":[],"yoast_head":"<!-- This site is optimized with the Yoast SEO plugin v15.9 - https:\/\/yoast.com\/wordpress\/plugins\/seo\/ -->\n<title>Curso Unity 4.6 - Desarrollo de juegos de estilo tirador de arriba hacia abajo | Online Courses from Basic to Advanced | RenderTips<\/title>\n<meta name=\"description\" content=\"Aprende a crear un divertido juego y liberar a la ciudad de las amenazas de los zombies!\" \/>\n<meta name=\"robots\" content=\"index, follow, max-snippet:-1, max-image-preview:large, max-video-preview:-1\" \/>\n<link rel=\"canonical\" href=\"https:\/\/render.tips\/es\/cursos\/unity-es\/unity-4-6-desarrollo-de-juegos-de-estilo-tirador-de-arriba-hacia-abajo\" \/>\n<meta property=\"og:locale\" content=\"es_ES\" \/>\n<meta property=\"og:type\" content=\"article\" \/>\n<meta property=\"og:title\" content=\"Curso Unity 4.6 - Desarrollo de juegos de estilo tirador de arriba hacia abajo | Online Courses from Basic to Advanced | RenderTips\" \/>\n<meta property=\"og:description\" content=\"Aprende a crear un divertido juego y liberar a la ciudad de las amenazas de los zombies!\" \/>\n<meta property=\"og:url\" content=\"https:\/\/render.tips\/es\/cursos\/unity-es\/unity-4-6-desarrollo-de-juegos-de-estilo-tirador-de-arriba-hacia-abajo\" \/>\n<meta property=\"og:site_name\" content=\"Online Courses from Basic to Advanced | RenderTips\" \/>\n<meta property=\"article:publisher\" content=\"https:\/\/www.facebook.com\/rendertipscourses\/\" \/>\n<meta property=\"article:modified_time\" content=\"2020-05-13T23:27:30+00:00\" \/>\n<meta property=\"og:image\" content=\"https:\/\/static.render.tips\/wp-content\/uploads\/2020\/05\/UNITY4.6-DJ-TDS-ES_facebook.png\" \/>\n<meta name=\"twitter:card\" content=\"summary_large_image\" \/>\n<meta name=\"twitter:image\" content=\"https:\/\/static.render.tips\/wp-content\/uploads\/2020\/05\/UNITY4.6-DJ-TDS-ES_facebook.png\" \/>\n<meta name=\"twitter:site\" content=\"@rendertips\" \/>\n<meta name=\"twitter:label1\" content=\"Tiempo de lectura\">\n\t<meta name=\"twitter:data1\" content=\"1 minuto\">\n<script type=\"application\/ld+json\" class=\"yoast-schema-graph\">{\"@context\":\"https:\/\/schema.org\",\"@graph\":[{\"@type\":\"Organization\",\"@id\":\"https:\/\/render.tips\/#organization\",\"name\":\"Render Tips\",\"url\":\"https:\/\/render.tips\/\",\"sameAs\":[\"https:\/\/www.facebook.com\/rendertipscourses\/\",\"https:\/\/www.instagram.com\/rendertips\/\",\"https:\/\/www.youtube.com\/channel\/UCx_9bcvh0_AQFGXxJ0StKSQ\",\"https:\/\/twitter.com\/rendertips\"],\"logo\":{\"@type\":\"ImageObject\",\"@id\":\"https:\/\/render.tips\/#logo\",\"inLanguage\":\"es\",\"url\":\"https:\/\/static.render.tips\/wp-content\/uploads\/2019\/08\/logo_1024.png\",\"width\":1024,\"height\":1024,\"caption\":\"Render Tips\"},\"image\":{\"@id\":\"https:\/\/render.tips\/#logo\"}},{\"@type\":\"WebSite\",\"@id\":\"https:\/\/render.tips\/#website\",\"url\":\"https:\/\/render.tips\/\",\"name\":\"Online Courses from Basic to Advanced | RenderTips\",\"description\":\"Technology Online Courses - Solidworks, Autocad, Inventor, 3ds Max and More\",\"publisher\":{\"@id\":\"https:\/\/render.tips\/#organization\"},\"potentialAction\":[{\"@type\":\"SearchAction\",\"target\":\"https:\/\/render.tips\/?s={search_term_string}\",\"query-input\":\"required name=search_term_string\"}],\"inLanguage\":\"es\"},{\"@type\":\"ImageObject\",\"@id\":\"https:\/\/render.tips\/es\/cursos\/unity-es\/unity-4-6-desarrollo-de-juegos-de-estilo-tirador-de-arriba-hacia-abajo#primaryimage\",\"inLanguage\":\"es\",\"url\":\"https:\/\/static.render.tips\/wp-content\/uploads\/2020\/05\/Curso-unity-4-6-desarrollo-de-juegos-de-estilo-tirador-de-arriba-hacia-abajo-UNITY4.6-DJ-TDS-ES_destaque-20200513202428.jpg\",\"width\":229,\"height\":162},{\"@type\":\"WebPage\",\"@id\":\"https:\/\/render.tips\/es\/cursos\/unity-es\/unity-4-6-desarrollo-de-juegos-de-estilo-tirador-de-arriba-hacia-abajo#webpage\",\"url\":\"https:\/\/render.tips\/es\/cursos\/unity-es\/unity-4-6-desarrollo-de-juegos-de-estilo-tirador-de-arriba-hacia-abajo\",\"name\":\"Curso Unity 4.6 - Desarrollo de juegos de estilo tirador de arriba hacia abajo | Online Courses from Basic to Advanced | RenderTips\",\"isPartOf\":{\"@id\":\"https:\/\/render.tips\/#website\"},\"primaryImageOfPage\":{\"@id\":\"https:\/\/render.tips\/es\/cursos\/unity-es\/unity-4-6-desarrollo-de-juegos-de-estilo-tirador-de-arriba-hacia-abajo#primaryimage\"},\"datePublished\":\"2015-07-20T18:26:32+00:00\",\"dateModified\":\"2020-05-13T23:27:30+00:00\",\"description\":\"Aprende a crear un divertido juego y liberar a la ciudad de las amenazas de los zombies!\",\"breadcrumb\":{\"@id\":\"https:\/\/render.tips\/es\/cursos\/unity-es\/unity-4-6-desarrollo-de-juegos-de-estilo-tirador-de-arriba-hacia-abajo#breadcrumb\"},\"inLanguage\":\"es\",\"potentialAction\":[{\"@type\":\"ReadAction\",\"target\":[\"https:\/\/render.tips\/es\/cursos\/unity-es\/unity-4-6-desarrollo-de-juegos-de-estilo-tirador-de-arriba-hacia-abajo\"]}]},{\"@type\":\"BreadcrumbList\",\"@id\":\"https:\/\/render.tips\/es\/cursos\/unity-es\/unity-4-6-desarrollo-de-juegos-de-estilo-tirador-de-arriba-hacia-abajo#breadcrumb\",\"itemListElement\":[{\"@type\":\"ListItem\",\"position\":1,\"item\":{\"@type\":\"WebPage\",\"@id\":\"https:\/\/render.tips\/es\",\"url\":\"https:\/\/render.tips\/es\",\"name\":\"Home\"}},{\"@type\":\"ListItem\",\"position\":2,\"item\":{\"@type\":\"WebPage\",\"@id\":\"https:\/\/render.tips\/es\/shop\",\"url\":\"https:\/\/render.tips\/es\/shop\",\"name\":\"Shop\"}},{\"@type\":\"ListItem\",\"position\":3,\"item\":{\"@type\":\"WebPage\",\"@id\":\"https:\/\/render.tips\/es\/cursos\/unity-es\/unity-4-6-desarrollo-de-juegos-de-estilo-tirador-de-arriba-hacia-abajo\",\"url\":\"https:\/\/render.tips\/es\/cursos\/unity-es\/unity-4-6-desarrollo-de-juegos-de-estilo-tirador-de-arriba-hacia-abajo\",\"name\":\"Curso Unity 4.6 &#8211; Desarrollo de juegos de estilo tirador de arriba hacia abajo\"}}]}]}<\/script>\n<!-- \/ Yoast SEO plugin. -->","_links":{"self":[{"href":"https:\/\/render.tips\/es\/wp-json\/wp\/v2\/product\/231900"}],"collection":[{"href":"https:\/\/render.tips\/es\/wp-json\/wp\/v2\/product"}],"about":[{"href":"https:\/\/render.tips\/es\/wp-json\/wp\/v2\/types\/product"}],"replies":[{"embeddable":true,"href":"https:\/\/render.tips\/es\/wp-json\/wp\/v2\/comments?post=231900"}],"wp:featuredmedia":[{"embeddable":true,"href":"https:\/\/render.tips\/es\/wp-json\/wp\/v2\/media\/231888"}],"wp:attachment":[{"href":"https:\/\/render.tips\/es\/wp-json\/wp\/v2\/media?parent=231900"}],"wp:term":[{"taxonomy":"product_cat","embeddable":true,"href":"https:\/\/render.tips\/es\/wp-json\/wp\/v2\/product_cat?post=231900"},{"taxonomy":"product_tag","embeddable":true,"href":"https:\/\/render.tips\/es\/wp-json\/wp\/v2\/product_tag?post=231900"}],"curies":[{"name":"wp","href":"https:\/\/api.w.org\/{rel}","templated":true}]}}