{"id":231880,"date":"2015-01-15T18:14:29","date_gmt":"2015-01-15T20:14:29","guid":{"rendered":"https:\/\/render.tips\/uncategorized\/unity-4-5-fundamentos"},"modified":"2020-05-13T20:16:02","modified_gmt":"2020-05-13T23:16:02","slug":"unity-4-5-fundamentos","status":"publish","type":"product","link":"https:\/\/render.tips\/es\/cursos\/unity-es\/unity-4-5-fundamentos","title":{"rendered":"Curso Unity 4.5 &#8211; Fundamentos"},"content":{"rendered":"<p>Aprende los recursos esenciales para empezar a trabajar en el \u00e1rea de juegos y desarrollo de aplicaciones en tiempo real. A trav\u00e9s de lecciones din\u00e1micas en video, ejemplos pr\u00e1cticos y ejercicios, aprenda a importar objetos y texturas 3D en el proyecto, usar herramientas de iluminaci\u00f3n y mejorar los materiales. Comprenda c\u00f3mo usar y programar \u00abScripts\u00bb y obtenga resultados sorprendentes. El curso fue desarrollado originalmente en Unity 4.5 y ha sido actualizado con contenido para la versi\u00f3n 2018. Comienza este curso ahora y \u00fanete a un \u00e1rea en crecimiento donde te diviertes trabajando!<\/p>\n","protected":false},"excerpt":{"rendered":"<p><span style=\"color: #ff6600;\">Crea objetos, entornos, texturas e iluminaci\u00f3n con la interacci\u00f3n en primera persona en Unity.<\/span><\/p>\n","protected":false},"featured_media":231869,"comment_status":"open","ping_status":"closed","template":"","meta":[],"product_cat":[1017,1032],"product_tag":[],"acf":[],"yoast_head":"<!-- This site is optimized with the Yoast SEO plugin v15.9 - https:\/\/yoast.com\/wordpress\/plugins\/seo\/ -->\n<title>Curso Unity 4.5 - Fundamentos | Online Courses from Basic to Advanced | RenderTips<\/title>\n<meta name=\"description\" content=\"Crea objetos, entornos, texturas e iluminaci\u00f3n con la interacci\u00f3n en primera persona en Unity.\" \/>\n<meta name=\"robots\" content=\"index, follow, max-snippet:-1, max-image-preview:large, max-video-preview:-1\" \/>\n<link rel=\"canonical\" href=\"https:\/\/render.tips\/es\/cursos\/unity-es\/unity-4-5-fundamentos\" \/>\n<meta property=\"og:locale\" content=\"es_ES\" \/>\n<meta property=\"og:type\" content=\"article\" \/>\n<meta property=\"og:title\" content=\"Curso Unity 4.5 - Fundamentos | Online Courses from Basic to Advanced | RenderTips\" \/>\n<meta property=\"og:description\" content=\"Crea objetos, entornos, texturas e iluminaci\u00f3n con la interacci\u00f3n en primera persona en Unity.\" \/>\n<meta property=\"og:url\" content=\"https:\/\/render.tips\/es\/cursos\/unity-es\/unity-4-5-fundamentos\" \/>\n<meta property=\"og:site_name\" content=\"Online Courses from Basic to Advanced | RenderTips\" \/>\n<meta property=\"article:publisher\" content=\"https:\/\/www.facebook.com\/rendertipscourses\/\" \/>\n<meta property=\"article:modified_time\" content=\"2020-05-13T23:16:02+00:00\" \/>\n<meta property=\"og:image\" content=\"https:\/\/static.render.tips\/wp-content\/uploads\/2020\/05\/Curso-unity-4-5-fundamentos-UNITY-F-ES_destaque-20200513201222.jpg\" \/>\n\t<meta property=\"og:image:width\" content=\"229\" \/>\n\t<meta property=\"og:image:height\" content=\"162\" \/>\n<meta name=\"twitter:card\" content=\"summary_large_image\" \/>\n<meta name=\"twitter:site\" content=\"@rendertips\" \/>\n<script type=\"application\/ld+json\" class=\"yoast-schema-graph\">{\"@context\":\"https:\/\/schema.org\",\"@graph\":[{\"@type\":\"Organization\",\"@id\":\"https:\/\/render.tips\/#organization\",\"name\":\"Render Tips\",\"url\":\"https:\/\/render.tips\/\",\"sameAs\":[\"https:\/\/www.facebook.com\/rendertipscourses\/\",\"https:\/\/www.instagram.com\/rendertips\/\",\"https:\/\/www.youtube.com\/channel\/UCx_9bcvh0_AQFGXxJ0StKSQ\",\"https:\/\/twitter.com\/rendertips\"],\"logo\":{\"@type\":\"ImageObject\",\"@id\":\"https:\/\/render.tips\/#logo\",\"inLanguage\":\"es\",\"url\":\"https:\/\/static.render.tips\/wp-content\/uploads\/2019\/08\/logo_1024.png\",\"width\":1024,\"height\":1024,\"caption\":\"Render Tips\"},\"image\":{\"@id\":\"https:\/\/render.tips\/#logo\"}},{\"@type\":\"WebSite\",\"@id\":\"https:\/\/render.tips\/#website\",\"url\":\"https:\/\/render.tips\/\",\"name\":\"Online Courses from Basic to Advanced | RenderTips\",\"description\":\"Technology Online Courses - Solidworks, Autocad, Inventor, 3ds Max and More\",\"publisher\":{\"@id\":\"https:\/\/render.tips\/#organization\"},\"potentialAction\":[{\"@type\":\"SearchAction\",\"target\":\"https:\/\/render.tips\/?s={search_term_string}\",\"query-input\":\"required name=search_term_string\"}],\"inLanguage\":\"es\"},{\"@type\":\"ImageObject\",\"@id\":\"https:\/\/render.tips\/es\/cursos\/unity-es\/unity-4-5-fundamentos#primaryimage\",\"inLanguage\":\"es\",\"url\":\"https:\/\/static.render.tips\/wp-content\/uploads\/2020\/05\/Curso-unity-4-5-fundamentos-UNITY-F-ES_destaque-20200513201222.jpg\",\"width\":229,\"height\":162},{\"@type\":\"WebPage\",\"@id\":\"https:\/\/render.tips\/es\/cursos\/unity-es\/unity-4-5-fundamentos#webpage\",\"url\":\"https:\/\/render.tips\/es\/cursos\/unity-es\/unity-4-5-fundamentos\",\"name\":\"Curso Unity 4.5 - Fundamentos | Online Courses from Basic to Advanced | RenderTips\",\"isPartOf\":{\"@id\":\"https:\/\/render.tips\/#website\"},\"primaryImageOfPage\":{\"@id\":\"https:\/\/render.tips\/es\/cursos\/unity-es\/unity-4-5-fundamentos#primaryimage\"},\"datePublished\":\"2015-01-15T20:14:29+00:00\",\"dateModified\":\"2020-05-13T23:16:02+00:00\",\"description\":\"Crea objetos, entornos, texturas e iluminaci\\u00f3n con la interacci\\u00f3n en primera persona en Unity.\",\"breadcrumb\":{\"@id\":\"https:\/\/render.tips\/es\/cursos\/unity-es\/unity-4-5-fundamentos#breadcrumb\"},\"inLanguage\":\"es\",\"potentialAction\":[{\"@type\":\"ReadAction\",\"target\":[\"https:\/\/render.tips\/es\/cursos\/unity-es\/unity-4-5-fundamentos\"]}]},{\"@type\":\"BreadcrumbList\",\"@id\":\"https:\/\/render.tips\/es\/cursos\/unity-es\/unity-4-5-fundamentos#breadcrumb\",\"itemListElement\":[{\"@type\":\"ListItem\",\"position\":1,\"item\":{\"@type\":\"WebPage\",\"@id\":\"https:\/\/render.tips\/es\",\"url\":\"https:\/\/render.tips\/es\",\"name\":\"Home\"}},{\"@type\":\"ListItem\",\"position\":2,\"item\":{\"@type\":\"WebPage\",\"@id\":\"https:\/\/render.tips\/es\/shop\",\"url\":\"https:\/\/render.tips\/es\/shop\",\"name\":\"Shop\"}},{\"@type\":\"ListItem\",\"position\":3,\"item\":{\"@type\":\"WebPage\",\"@id\":\"https:\/\/render.tips\/es\/cursos\/unity-es\/unity-4-5-fundamentos\",\"url\":\"https:\/\/render.tips\/es\/cursos\/unity-es\/unity-4-5-fundamentos\",\"name\":\"Curso Unity 4.5 &#8211; Fundamentos\"}}]}]}<\/script>\n<!-- \/ Yoast SEO plugin. -->","_links":{"self":[{"href":"https:\/\/render.tips\/es\/wp-json\/wp\/v2\/product\/231880"}],"collection":[{"href":"https:\/\/render.tips\/es\/wp-json\/wp\/v2\/product"}],"about":[{"href":"https:\/\/render.tips\/es\/wp-json\/wp\/v2\/types\/product"}],"replies":[{"embeddable":true,"href":"https:\/\/render.tips\/es\/wp-json\/wp\/v2\/comments?post=231880"}],"wp:featuredmedia":[{"embeddable":true,"href":"https:\/\/render.tips\/es\/wp-json\/wp\/v2\/media\/231869"}],"wp:attachment":[{"href":"https:\/\/render.tips\/es\/wp-json\/wp\/v2\/media?parent=231880"}],"wp:term":[{"taxonomy":"product_cat","embeddable":true,"href":"https:\/\/render.tips\/es\/wp-json\/wp\/v2\/product_cat?post=231880"},{"taxonomy":"product_tag","embeddable":true,"href":"https:\/\/render.tips\/es\/wp-json\/wp\/v2\/product_tag?post=231880"}],"curies":[{"name":"wp","href":"https:\/\/api.w.org\/{rel}","templated":true}]}}