{"id":231865,"date":"2015-03-10T11:11:01","date_gmt":"2015-03-10T14:11:01","guid":{"rendered":"https:\/\/render.tips\/uncategorized\/unity-4-5-desarrollo-de-juegos"},"modified":"2020-05-13T20:16:45","modified_gmt":"2020-05-13T23:16:45","slug":"unity-4-5-desarrollo-de-juegos","status":"publish","type":"product","link":"https:\/\/render.tips\/es\/cursos\/unity-es\/unity-4-5-desarrollo-de-juegos","title":{"rendered":"Curso Unity 4.5 &#8211; Desarrollo de juegos"},"content":{"rendered":"<p>Con las caracter\u00e0\u00adsticas del renombrado motor Unity 4.5, aprende a desarrollar un juego completo estilo Rolling Ball, creando din\u00e1micas de juego, conteo de puntos, interfaz interactiva y mucho m\u00e1s. A trav\u00e9s de lecciones din\u00e1micas en video, ejemplos pr\u00e1cticos y ejercicios, totalmente en portugu\u00e9s, aprender a iniciar el proyecto, crear personajes, puntos de control, scripts, interacci\u00f3n entre objetos, interfaz de usuario y enemigos. Por \u00faltimo, publica el juego en la plataforma Windows y divi\u00e9rtete jugando con tus amigos!<\/p>\n","protected":false},"excerpt":{"rendered":"<p><span style=\"color: #ff6600;\">\u00a1Aprende a crear un juego completo y divi\u00e9rtete con tus amigos!<\/span><\/p>\n","protected":false},"featured_media":231853,"comment_status":"open","ping_status":"closed","template":"","meta":[],"product_cat":[1017,1032],"product_tag":[],"acf":[],"yoast_head":"<!-- This site is optimized with the Yoast SEO plugin v15.9 - https:\/\/yoast.com\/wordpress\/plugins\/seo\/ -->\n<title>Curso Unity 4.5 - Desarrollo de juegos | Online Courses from Basic to Advanced | RenderTips<\/title>\n<meta name=\"description\" content=\"\u00a1Aprende a crear un juego completo y divi\u00e9rtete con tus amigos!\" \/>\n<meta name=\"robots\" content=\"index, follow, max-snippet:-1, max-image-preview:large, max-video-preview:-1\" \/>\n<link rel=\"canonical\" href=\"https:\/\/render.tips\/es\/cursos\/unity-es\/unity-4-5-desarrollo-de-juegos\" \/>\n<meta property=\"og:locale\" content=\"es_ES\" \/>\n<meta property=\"og:type\" content=\"article\" \/>\n<meta property=\"og:title\" content=\"Curso Unity 4.5 - Desarrollo de juegos | Online Courses from Basic to Advanced | RenderTips\" \/>\n<meta property=\"og:description\" content=\"\u00a1Aprende a crear un juego completo y divi\u00e9rtete con tus amigos!\" \/>\n<meta property=\"og:url\" content=\"https:\/\/render.tips\/es\/cursos\/unity-es\/unity-4-5-desarrollo-de-juegos\" \/>\n<meta property=\"og:site_name\" content=\"Online Courses from Basic to Advanced | RenderTips\" \/>\n<meta property=\"article:publisher\" content=\"https:\/\/www.facebook.com\/rendertipscourses\/\" \/>\n<meta property=\"article:modified_time\" content=\"2020-05-13T23:16:45+00:00\" \/>\n<meta property=\"og:image\" content=\"https:\/\/static.render.tips\/wp-content\/uploads\/2020\/05\/UNITY4.5-DJ-ES_facebook.png\" \/>\n<meta name=\"twitter:card\" content=\"summary_large_image\" \/>\n<meta name=\"twitter:image\" content=\"https:\/\/static.render.tips\/wp-content\/uploads\/2020\/05\/UNITY4.5-DJ-ES_facebook.png\" \/>\n<meta name=\"twitter:site\" content=\"@rendertips\" \/>\n<script type=\"application\/ld+json\" class=\"yoast-schema-graph\">{\"@context\":\"https:\/\/schema.org\",\"@graph\":[{\"@type\":\"Organization\",\"@id\":\"https:\/\/render.tips\/#organization\",\"name\":\"Render Tips\",\"url\":\"https:\/\/render.tips\/\",\"sameAs\":[\"https:\/\/www.facebook.com\/rendertipscourses\/\",\"https:\/\/www.instagram.com\/rendertips\/\",\"https:\/\/www.youtube.com\/channel\/UCx_9bcvh0_AQFGXxJ0StKSQ\",\"https:\/\/twitter.com\/rendertips\"],\"logo\":{\"@type\":\"ImageObject\",\"@id\":\"https:\/\/render.tips\/#logo\",\"inLanguage\":\"es\",\"url\":\"https:\/\/static.render.tips\/wp-content\/uploads\/2019\/08\/logo_1024.png\",\"width\":1024,\"height\":1024,\"caption\":\"Render Tips\"},\"image\":{\"@id\":\"https:\/\/render.tips\/#logo\"}},{\"@type\":\"WebSite\",\"@id\":\"https:\/\/render.tips\/#website\",\"url\":\"https:\/\/render.tips\/\",\"name\":\"Online Courses from Basic to Advanced | RenderTips\",\"description\":\"Technology Online Courses - Solidworks, Autocad, Inventor, 3ds Max and More\",\"publisher\":{\"@id\":\"https:\/\/render.tips\/#organization\"},\"potentialAction\":[{\"@type\":\"SearchAction\",\"target\":\"https:\/\/render.tips\/?s={search_term_string}\",\"query-input\":\"required name=search_term_string\"}],\"inLanguage\":\"es\"},{\"@type\":\"ImageObject\",\"@id\":\"https:\/\/render.tips\/es\/cursos\/unity-es\/unity-4-5-desarrollo-de-juegos#primaryimage\",\"inLanguage\":\"es\",\"url\":\"https:\/\/static.render.tips\/wp-content\/uploads\/2020\/05\/Curso-unity-4-5-desarrollo-de-juegos-UNITY4.5-DJ-ES_destaque-20200513200855.jpg\",\"width\":229,\"height\":162},{\"@type\":\"WebPage\",\"@id\":\"https:\/\/render.tips\/es\/cursos\/unity-es\/unity-4-5-desarrollo-de-juegos#webpage\",\"url\":\"https:\/\/render.tips\/es\/cursos\/unity-es\/unity-4-5-desarrollo-de-juegos\",\"name\":\"Curso Unity 4.5 - Desarrollo de juegos | Online Courses from Basic to Advanced | RenderTips\",\"isPartOf\":{\"@id\":\"https:\/\/render.tips\/#website\"},\"primaryImageOfPage\":{\"@id\":\"https:\/\/render.tips\/es\/cursos\/unity-es\/unity-4-5-desarrollo-de-juegos#primaryimage\"},\"datePublished\":\"2015-03-10T14:11:01+00:00\",\"dateModified\":\"2020-05-13T23:16:45+00:00\",\"description\":\"\\u00a1Aprende a crear un juego completo y divi\\u00e9rtete con tus amigos!\",\"breadcrumb\":{\"@id\":\"https:\/\/render.tips\/es\/cursos\/unity-es\/unity-4-5-desarrollo-de-juegos#breadcrumb\"},\"inLanguage\":\"es\",\"potentialAction\":[{\"@type\":\"ReadAction\",\"target\":[\"https:\/\/render.tips\/es\/cursos\/unity-es\/unity-4-5-desarrollo-de-juegos\"]}]},{\"@type\":\"BreadcrumbList\",\"@id\":\"https:\/\/render.tips\/es\/cursos\/unity-es\/unity-4-5-desarrollo-de-juegos#breadcrumb\",\"itemListElement\":[{\"@type\":\"ListItem\",\"position\":1,\"item\":{\"@type\":\"WebPage\",\"@id\":\"https:\/\/render.tips\/es\",\"url\":\"https:\/\/render.tips\/es\",\"name\":\"Home\"}},{\"@type\":\"ListItem\",\"position\":2,\"item\":{\"@type\":\"WebPage\",\"@id\":\"https:\/\/render.tips\/es\/shop\",\"url\":\"https:\/\/render.tips\/es\/shop\",\"name\":\"Shop\"}},{\"@type\":\"ListItem\",\"position\":3,\"item\":{\"@type\":\"WebPage\",\"@id\":\"https:\/\/render.tips\/es\/cursos\/unity-es\/unity-4-5-desarrollo-de-juegos\",\"url\":\"https:\/\/render.tips\/es\/cursos\/unity-es\/unity-4-5-desarrollo-de-juegos\",\"name\":\"Curso Unity 4.5 &#8211; Desarrollo de juegos\"}}]}]}<\/script>\n<!-- \/ Yoast SEO plugin. -->","_links":{"self":[{"href":"https:\/\/render.tips\/es\/wp-json\/wp\/v2\/product\/231865"}],"collection":[{"href":"https:\/\/render.tips\/es\/wp-json\/wp\/v2\/product"}],"about":[{"href":"https:\/\/render.tips\/es\/wp-json\/wp\/v2\/types\/product"}],"replies":[{"embeddable":true,"href":"https:\/\/render.tips\/es\/wp-json\/wp\/v2\/comments?post=231865"}],"wp:featuredmedia":[{"embeddable":true,"href":"https:\/\/render.tips\/es\/wp-json\/wp\/v2\/media\/231853"}],"wp:attachment":[{"href":"https:\/\/render.tips\/es\/wp-json\/wp\/v2\/media?parent=231865"}],"wp:term":[{"taxonomy":"product_cat","embeddable":true,"href":"https:\/\/render.tips\/es\/wp-json\/wp\/v2\/product_cat?post=231865"},{"taxonomy":"product_tag","embeddable":true,"href":"https:\/\/render.tips\/es\/wp-json\/wp\/v2\/product_tag?post=231865"}],"curies":[{"name":"wp","href":"https:\/\/api.w.org\/{rel}","templated":true}]}}