{"id":231811,"date":"2009-09-16T10:14:30","date_gmt":"2009-09-16T13:14:30","guid":{"rendered":"https:\/\/render.tips\/uncategorized\/rhinoceros-4-0-essential"},"modified":"2020-05-13T20:19:18","modified_gmt":"2020-05-13T23:19:18","slug":"rhinoceros-4-0-essential","status":"publish","type":"product","link":"https:\/\/render.tips\/es\/cursos\/rhinoceros-es\/rhinoceros-4-0-essential","title":{"rendered":"Curso Rhinoceros 4.0 &#8211; Essential"},"content":{"rendered":"<p>El Curso Esencial de Rhinoceros 4.0 le ense\u00f1a paso a paso c\u00f3mo comenzar su primer boceto 2D hasta la generaci\u00f3n de la superficie. Aprender\u00e1 de varios ejemplos pr\u00e1cticos c\u00f3mo manipular comandos de teclado para ver, crear y editar modelos de productos 3D. Aprenda a crear piezas de sector con capacidades de modelado booleano, curvas y superficies NURBS. Rhino 3D es ampliamente utilizado para el dise\u00f1o 3D complejo, aplicado en el calzado, joyer\u00e0\u00ada, naval, automotriz y numerosos tipos de productos. Abre tus posibilidades para mostrar tu dise\u00f1o 3D, aprende Rhino!<\/p>\n","protected":false},"excerpt":{"rendered":"<p><span style=\"color: #ff6600;\">Aprende a trabajar con uno de los programas m\u00e1s utilizados para crear dise\u00f1os 3D<\/span><\/p>\n","protected":false},"featured_media":231799,"comment_status":"open","ping_status":"closed","template":"","meta":[],"product_cat":[504,965,945,1027],"product_tag":[],"acf":[],"yoast_head":"<!-- This site is optimized with the Yoast SEO plugin v15.9 - https:\/\/yoast.com\/wordpress\/plugins\/seo\/ -->\n<title>Curso Rhinoceros 4.0 - Essential | Online Courses from Basic to Advanced | RenderTips<\/title>\n<meta name=\"description\" content=\"Aprende a trabajar con uno de los programas m\u00e1s utilizados para crear dise\u00f1os 3D\" \/>\n<meta name=\"robots\" content=\"index, follow, max-snippet:-1, max-image-preview:large, max-video-preview:-1\" \/>\n<link rel=\"canonical\" href=\"https:\/\/render.tips\/es\/cursos\/rhinoceros-es\/rhinoceros-4-0-essential\" \/>\n<meta property=\"og:locale\" content=\"es_ES\" \/>\n<meta property=\"og:type\" content=\"article\" \/>\n<meta property=\"og:title\" content=\"Curso Rhinoceros 4.0 - Essential | Online Courses from Basic to Advanced | RenderTips\" \/>\n<meta property=\"og:description\" content=\"Aprende a trabajar con uno de los programas m\u00e1s utilizados para crear dise\u00f1os 3D\" \/>\n<meta property=\"og:url\" content=\"https:\/\/render.tips\/es\/cursos\/rhinoceros-es\/rhinoceros-4-0-essential\" \/>\n<meta property=\"og:site_name\" content=\"Online Courses from Basic to Advanced | RenderTips\" \/>\n<meta property=\"article:publisher\" content=\"https:\/\/www.facebook.com\/rendertipscourses\/\" \/>\n<meta property=\"article:modified_time\" content=\"2020-05-13T23:19:18+00:00\" \/>\n<meta property=\"og:image\" content=\"https:\/\/static.render.tips\/wp-content\/uploads\/2020\/05\/RHI4.0-ESS-ES_facebook.png\" \/>\n<meta name=\"twitter:card\" content=\"summary_large_image\" \/>\n<meta name=\"twitter:image\" content=\"https:\/\/static.render.tips\/wp-content\/uploads\/2020\/05\/RHI4.0-ESS-ES_facebook.png\" \/>\n<meta name=\"twitter:site\" content=\"@rendertips\" \/>\n<script type=\"application\/ld+json\" class=\"yoast-schema-graph\">{\"@context\":\"https:\/\/schema.org\",\"@graph\":[{\"@type\":\"Organization\",\"@id\":\"https:\/\/render.tips\/#organization\",\"name\":\"Render Tips\",\"url\":\"https:\/\/render.tips\/\",\"sameAs\":[\"https:\/\/www.facebook.com\/rendertipscourses\/\",\"https:\/\/www.instagram.com\/rendertips\/\",\"https:\/\/www.youtube.com\/channel\/UCx_9bcvh0_AQFGXxJ0StKSQ\",\"https:\/\/twitter.com\/rendertips\"],\"logo\":{\"@type\":\"ImageObject\",\"@id\":\"https:\/\/render.tips\/#logo\",\"inLanguage\":\"es\",\"url\":\"https:\/\/static.render.tips\/wp-content\/uploads\/2019\/08\/logo_1024.png\",\"width\":1024,\"height\":1024,\"caption\":\"Render Tips\"},\"image\":{\"@id\":\"https:\/\/render.tips\/#logo\"}},{\"@type\":\"WebSite\",\"@id\":\"https:\/\/render.tips\/#website\",\"url\":\"https:\/\/render.tips\/\",\"name\":\"Online Courses from Basic to Advanced | RenderTips\",\"description\":\"Technology Online Courses - Solidworks, Autocad, Inventor, 3ds Max and More\",\"publisher\":{\"@id\":\"https:\/\/render.tips\/#organization\"},\"potentialAction\":[{\"@type\":\"SearchAction\",\"target\":\"https:\/\/render.tips\/?s={search_term_string}\",\"query-input\":\"required name=search_term_string\"}],\"inLanguage\":\"es\"},{\"@type\":\"ImageObject\",\"@id\":\"https:\/\/render.tips\/es\/cursos\/rhinoceros-es\/rhinoceros-4-0-essential#primaryimage\",\"inLanguage\":\"es\",\"url\":\"https:\/\/static.render.tips\/wp-content\/uploads\/2020\/05\/Curso-rhinoceros-4-0-essential-RHI4.0-ESS-ES_destaque-20200513191223.jpg\",\"width\":229,\"height\":162},{\"@type\":\"WebPage\",\"@id\":\"https:\/\/render.tips\/es\/cursos\/rhinoceros-es\/rhinoceros-4-0-essential#webpage\",\"url\":\"https:\/\/render.tips\/es\/cursos\/rhinoceros-es\/rhinoceros-4-0-essential\",\"name\":\"Curso Rhinoceros 4.0 - Essential | Online Courses from Basic to Advanced | RenderTips\",\"isPartOf\":{\"@id\":\"https:\/\/render.tips\/#website\"},\"primaryImageOfPage\":{\"@id\":\"https:\/\/render.tips\/es\/cursos\/rhinoceros-es\/rhinoceros-4-0-essential#primaryimage\"},\"datePublished\":\"2009-09-16T13:14:30+00:00\",\"dateModified\":\"2020-05-13T23:19:18+00:00\",\"description\":\"Aprende a trabajar con uno de los programas m\\u00e1s utilizados para crear dise\\u00f1os 3D\",\"breadcrumb\":{\"@id\":\"https:\/\/render.tips\/es\/cursos\/rhinoceros-es\/rhinoceros-4-0-essential#breadcrumb\"},\"inLanguage\":\"es\",\"potentialAction\":[{\"@type\":\"ReadAction\",\"target\":[\"https:\/\/render.tips\/es\/cursos\/rhinoceros-es\/rhinoceros-4-0-essential\"]}]},{\"@type\":\"BreadcrumbList\",\"@id\":\"https:\/\/render.tips\/es\/cursos\/rhinoceros-es\/rhinoceros-4-0-essential#breadcrumb\",\"itemListElement\":[{\"@type\":\"ListItem\",\"position\":1,\"item\":{\"@type\":\"WebPage\",\"@id\":\"https:\/\/render.tips\/es\",\"url\":\"https:\/\/render.tips\/es\",\"name\":\"Home\"}},{\"@type\":\"ListItem\",\"position\":2,\"item\":{\"@type\":\"WebPage\",\"@id\":\"https:\/\/render.tips\/es\/shop\",\"url\":\"https:\/\/render.tips\/es\/shop\",\"name\":\"Shop\"}},{\"@type\":\"ListItem\",\"position\":3,\"item\":{\"@type\":\"WebPage\",\"@id\":\"https:\/\/render.tips\/es\/cursos\/rhinoceros-es\/rhinoceros-4-0-essential\",\"url\":\"https:\/\/render.tips\/es\/cursos\/rhinoceros-es\/rhinoceros-4-0-essential\",\"name\":\"Curso Rhinoceros 4.0 &#8211; Essential\"}}]}]}<\/script>\n<!-- \/ Yoast SEO plugin. -->","_links":{"self":[{"href":"https:\/\/render.tips\/es\/wp-json\/wp\/v2\/product\/231811"}],"collection":[{"href":"https:\/\/render.tips\/es\/wp-json\/wp\/v2\/product"}],"about":[{"href":"https:\/\/render.tips\/es\/wp-json\/wp\/v2\/types\/product"}],"replies":[{"embeddable":true,"href":"https:\/\/render.tips\/es\/wp-json\/wp\/v2\/comments?post=231811"}],"wp:featuredmedia":[{"embeddable":true,"href":"https:\/\/render.tips\/es\/wp-json\/wp\/v2\/media\/231799"}],"wp:attachment":[{"href":"https:\/\/render.tips\/es\/wp-json\/wp\/v2\/media?parent=231811"}],"wp:term":[{"taxonomy":"product_cat","embeddable":true,"href":"https:\/\/render.tips\/es\/wp-json\/wp\/v2\/product_cat?post=231811"},{"taxonomy":"product_tag","embeddable":true,"href":"https:\/\/render.tips\/es\/wp-json\/wp\/v2\/product_tag?post=231811"}],"curies":[{"name":"wp","href":"https:\/\/api.w.org\/{rel}","templated":true}]}}