{"id":231781,"date":"2015-05-13T08:28:28","date_gmt":"2015-05-13T11:28:28","guid":{"rendered":"https:\/\/render.tips\/uncategorized\/lightroom-5-fundamentos"},"modified":"2020-05-13T20:20:37","modified_gmt":"2020-05-13T23:20:37","slug":"lightroom-5-fundamentos","status":"publish","type":"product","link":"https:\/\/render.tips\/es\/cursos\/lightroom-es\/lightroom-5-fundamentos","title":{"rendered":"Curso Lightroom 5 &#8211; Fundamentos"},"content":{"rendered":"<p>Con lecciones de v\u00e0\u00addeo pr\u00e1cticas, aprenda a administrar y tratar im\u00e1genes en Lightroom en este curso. Comenzando con el proceso de importaci\u00f3n y selecci\u00f3n de fotos, aprenda paso a paso c\u00f3mo utilizar las principales caracter\u00e0\u00adsticas de manejo y los diferentes medios de salida de im\u00e1genes. Aprenda c\u00f3mo hacer diagramas de libros de fotos, la sensaci\u00f3n del mercado y c\u00f3mo producir galer\u00e0\u00adas web. Comience este curso ahora, maestro Lightroom y sorprenda a sus clientes presentando fotos profesionales y sorprendentes!<\/p>\n","protected":false},"excerpt":{"rendered":"<p><span style=\"color: #ff6600;\">Aprenda a utilizar el mejor software para la gesti\u00f3n y manejo de fotograf\u00e0\u00adas<\/span><\/p>\n","protected":false},"featured_media":231769,"comment_status":"open","ping_status":"closed","template":"","meta":[],"product_cat":[974,966,1025],"product_tag":[],"acf":[],"yoast_head":"<!-- This site is optimized with the Yoast SEO plugin v15.9 - https:\/\/yoast.com\/wordpress\/plugins\/seo\/ -->\n<title>Curso Lightroom 5 - Fundamentos | Online Courses from Basic to Advanced | RenderTips<\/title>\n<meta name=\"description\" content=\"Aprenda a utilizar el mejor software para la gesti\u00f3n y manejo de fotograf\u00e0\u00adas\" \/>\n<meta name=\"robots\" content=\"index, follow, max-snippet:-1, max-image-preview:large, max-video-preview:-1\" \/>\n<link rel=\"canonical\" href=\"https:\/\/render.tips\/es\/cursos\/lightroom-es\/lightroom-5-fundamentos\" \/>\n<meta property=\"og:locale\" content=\"es_ES\" \/>\n<meta property=\"og:type\" content=\"article\" \/>\n<meta property=\"og:title\" content=\"Curso Lightroom 5 - Fundamentos | Online Courses from Basic to Advanced | RenderTips\" \/>\n<meta property=\"og:description\" content=\"Aprenda a utilizar el mejor software para la gesti\u00f3n y manejo de fotograf\u00e0\u00adas\" \/>\n<meta property=\"og:url\" content=\"https:\/\/render.tips\/es\/cursos\/lightroom-es\/lightroom-5-fundamentos\" \/>\n<meta property=\"og:site_name\" content=\"Online Courses from Basic to Advanced | RenderTips\" \/>\n<meta property=\"article:publisher\" content=\"https:\/\/www.facebook.com\/rendertipscourses\/\" \/>\n<meta property=\"article:modified_time\" content=\"2020-05-13T23:20:37+00:00\" \/>\n<meta property=\"og:image\" content=\"https:\/\/static.render.tips\/wp-content\/uploads\/2020\/05\/LIGHTR5-F-ES_facebook.png\" \/>\n<meta name=\"twitter:card\" content=\"summary_large_image\" \/>\n<meta name=\"twitter:image\" content=\"https:\/\/static.render.tips\/wp-content\/uploads\/2020\/05\/LIGHTR5-F-ES_facebook.png\" \/>\n<meta name=\"twitter:site\" content=\"@rendertips\" \/>\n<script type=\"application\/ld+json\" class=\"yoast-schema-graph\">{\"@context\":\"https:\/\/schema.org\",\"@graph\":[{\"@type\":\"Organization\",\"@id\":\"https:\/\/render.tips\/#organization\",\"name\":\"Render Tips\",\"url\":\"https:\/\/render.tips\/\",\"sameAs\":[\"https:\/\/www.facebook.com\/rendertipscourses\/\",\"https:\/\/www.instagram.com\/rendertips\/\",\"https:\/\/www.youtube.com\/channel\/UCx_9bcvh0_AQFGXxJ0StKSQ\",\"https:\/\/twitter.com\/rendertips\"],\"logo\":{\"@type\":\"ImageObject\",\"@id\":\"https:\/\/render.tips\/#logo\",\"inLanguage\":\"es\",\"url\":\"https:\/\/static.render.tips\/wp-content\/uploads\/2019\/08\/logo_1024.png\",\"width\":1024,\"height\":1024,\"caption\":\"Render Tips\"},\"image\":{\"@id\":\"https:\/\/render.tips\/#logo\"}},{\"@type\":\"WebSite\",\"@id\":\"https:\/\/render.tips\/#website\",\"url\":\"https:\/\/render.tips\/\",\"name\":\"Online Courses from Basic to Advanced | RenderTips\",\"description\":\"Technology Online Courses - Solidworks, Autocad, Inventor, 3ds Max and More\",\"publisher\":{\"@id\":\"https:\/\/render.tips\/#organization\"},\"potentialAction\":[{\"@type\":\"SearchAction\",\"target\":\"https:\/\/render.tips\/?s={search_term_string}\",\"query-input\":\"required name=search_term_string\"}],\"inLanguage\":\"es\"},{\"@type\":\"ImageObject\",\"@id\":\"https:\/\/render.tips\/es\/cursos\/lightroom-es\/lightroom-5-fundamentos#primaryimage\",\"inLanguage\":\"es\",\"url\":\"https:\/\/static.render.tips\/wp-content\/uploads\/2020\/05\/Curso-lightroom-5-fundamentos-LIGHTR5-F-ES_destaque-20200513182607.jpg\",\"width\":229,\"height\":162},{\"@type\":\"WebPage\",\"@id\":\"https:\/\/render.tips\/es\/cursos\/lightroom-es\/lightroom-5-fundamentos#webpage\",\"url\":\"https:\/\/render.tips\/es\/cursos\/lightroom-es\/lightroom-5-fundamentos\",\"name\":\"Curso Lightroom 5 - Fundamentos | Online Courses from Basic to Advanced | RenderTips\",\"isPartOf\":{\"@id\":\"https:\/\/render.tips\/#website\"},\"primaryImageOfPage\":{\"@id\":\"https:\/\/render.tips\/es\/cursos\/lightroom-es\/lightroom-5-fundamentos#primaryimage\"},\"datePublished\":\"2015-05-13T11:28:28+00:00\",\"dateModified\":\"2020-05-13T23:20:37+00:00\",\"description\":\"Aprenda a utilizar el mejor software para la gesti\\u00f3n y manejo de fotograf\\u00e0\\u00adas\",\"breadcrumb\":{\"@id\":\"https:\/\/render.tips\/es\/cursos\/lightroom-es\/lightroom-5-fundamentos#breadcrumb\"},\"inLanguage\":\"es\",\"potentialAction\":[{\"@type\":\"ReadAction\",\"target\":[\"https:\/\/render.tips\/es\/cursos\/lightroom-es\/lightroom-5-fundamentos\"]}]},{\"@type\":\"BreadcrumbList\",\"@id\":\"https:\/\/render.tips\/es\/cursos\/lightroom-es\/lightroom-5-fundamentos#breadcrumb\",\"itemListElement\":[{\"@type\":\"ListItem\",\"position\":1,\"item\":{\"@type\":\"WebPage\",\"@id\":\"https:\/\/render.tips\/es\",\"url\":\"https:\/\/render.tips\/es\",\"name\":\"Home\"}},{\"@type\":\"ListItem\",\"position\":2,\"item\":{\"@type\":\"WebPage\",\"@id\":\"https:\/\/render.tips\/es\/shop\",\"url\":\"https:\/\/render.tips\/es\/shop\",\"name\":\"Shop\"}},{\"@type\":\"ListItem\",\"position\":3,\"item\":{\"@type\":\"WebPage\",\"@id\":\"https:\/\/render.tips\/es\/cursos\/lightroom-es\/lightroom-5-fundamentos\",\"url\":\"https:\/\/render.tips\/es\/cursos\/lightroom-es\/lightroom-5-fundamentos\",\"name\":\"Curso Lightroom 5 &#8211; Fundamentos\"}}]}]}<\/script>\n<!-- \/ Yoast SEO plugin. -->","_links":{"self":[{"href":"https:\/\/render.tips\/es\/wp-json\/wp\/v2\/product\/231781"}],"collection":[{"href":"https:\/\/render.tips\/es\/wp-json\/wp\/v2\/product"}],"about":[{"href":"https:\/\/render.tips\/es\/wp-json\/wp\/v2\/types\/product"}],"replies":[{"embeddable":true,"href":"https:\/\/render.tips\/es\/wp-json\/wp\/v2\/comments?post=231781"}],"wp:featuredmedia":[{"embeddable":true,"href":"https:\/\/render.tips\/es\/wp-json\/wp\/v2\/media\/231769"}],"wp:attachment":[{"href":"https:\/\/render.tips\/es\/wp-json\/wp\/v2\/media?parent=231781"}],"wp:term":[{"taxonomy":"product_cat","embeddable":true,"href":"https:\/\/render.tips\/es\/wp-json\/wp\/v2\/product_cat?post=231781"},{"taxonomy":"product_tag","embeddable":true,"href":"https:\/\/render.tips\/es\/wp-json\/wp\/v2\/product_tag?post=231781"}],"curies":[{"name":"wp","href":"https:\/\/api.w.org\/{rel}","templated":true}]}}