{"id":231760,"date":"2015-05-12T09:03:07","date_gmt":"2015-05-12T12:03:07","guid":{"rendered":"https:\/\/render.tips\/uncategorized\/maya-2015-mapeo-uv"},"modified":"2020-05-13T20:21:40","modified_gmt":"2020-05-13T23:21:40","slug":"maya-2015-mapeo-uv","status":"publish","type":"product","link":"https:\/\/render.tips\/es\/cursos\/maya-es\/maya-2015-mapeo-uv","title":{"rendered":"Curso Maya 2015 &#8211; Mapeo UV"},"content":{"rendered":"<p>Un paso fundamental en la producci\u00f3n de modelos en programas 3D es el mapeo UV, que es responsable de almacenar las coordenadas de las caras para la aplicaci\u00f3n de texturas. A trav\u00e9s de lecciones pr\u00e1cticas en v\u00e0\u00addeo, aprenda en este curso t\u00e9cnicas de creaci\u00f3n de mapas UV en Autodesk Maya. Conozca el panel Editor de texturas UV, aprenda a usar herramientas de mapeo y organice mapas en el programa. Termine su modelado con t\u00e9cnicas profesionales utilizadas por grandes estudios.<\/p>\n","protected":false},"excerpt":{"rendered":"<p><span style=\"color: #ff6600;\">Creaci\u00f3n de mapas UV profesionales mediante funciones de Autodesk Maya<\/span><\/p>\n","protected":false},"featured_media":231748,"comment_status":"open","ping_status":"closed","template":"","meta":[],"product_cat":[995,1020],"product_tag":[],"acf":[],"yoast_head":"<!-- This site is optimized with the Yoast SEO plugin v15.9 - https:\/\/yoast.com\/wordpress\/plugins\/seo\/ -->\n<title>Curso Maya 2015 - Mapeo UV | Online Courses from Basic to Advanced | RenderTips<\/title>\n<meta name=\"description\" content=\"Creaci\u00f3n de mapas UV profesionales mediante funciones de Autodesk Maya\" \/>\n<meta name=\"robots\" content=\"index, follow, max-snippet:-1, max-image-preview:large, max-video-preview:-1\" \/>\n<link rel=\"canonical\" href=\"https:\/\/render.tips\/es\/cursos\/maya-es\/maya-2015-mapeo-uv\" \/>\n<meta property=\"og:locale\" content=\"es_ES\" \/>\n<meta property=\"og:type\" content=\"article\" \/>\n<meta property=\"og:title\" content=\"Curso Maya 2015 - Mapeo UV | Online Courses from Basic to Advanced | RenderTips\" \/>\n<meta property=\"og:description\" content=\"Creaci\u00f3n de mapas UV profesionales mediante funciones de Autodesk Maya\" \/>\n<meta property=\"og:url\" content=\"https:\/\/render.tips\/es\/cursos\/maya-es\/maya-2015-mapeo-uv\" \/>\n<meta property=\"og:site_name\" content=\"Online Courses from Basic to Advanced | RenderTips\" \/>\n<meta property=\"article:publisher\" content=\"https:\/\/www.facebook.com\/rendertipscourses\/\" \/>\n<meta property=\"article:modified_time\" content=\"2020-05-13T23:21:40+00:00\" \/>\n<meta property=\"og:image\" content=\"https:\/\/static.render.tips\/wp-content\/uploads\/2020\/05\/MAYA15-MAP-UV-ES_facebook.png\" \/>\n<meta name=\"twitter:card\" content=\"summary_large_image\" \/>\n<meta name=\"twitter:image\" content=\"https:\/\/static.render.tips\/wp-content\/uploads\/2020\/05\/MAYA15-MAP-UV-ES_facebook.png\" \/>\n<meta name=\"twitter:site\" content=\"@rendertips\" \/>\n<script type=\"application\/ld+json\" class=\"yoast-schema-graph\">{\"@context\":\"https:\/\/schema.org\",\"@graph\":[{\"@type\":\"Organization\",\"@id\":\"https:\/\/render.tips\/#organization\",\"name\":\"Render Tips\",\"url\":\"https:\/\/render.tips\/\",\"sameAs\":[\"https:\/\/www.facebook.com\/rendertipscourses\/\",\"https:\/\/www.instagram.com\/rendertips\/\",\"https:\/\/www.youtube.com\/channel\/UCx_9bcvh0_AQFGXxJ0StKSQ\",\"https:\/\/twitter.com\/rendertips\"],\"logo\":{\"@type\":\"ImageObject\",\"@id\":\"https:\/\/render.tips\/#logo\",\"inLanguage\":\"es\",\"url\":\"https:\/\/static.render.tips\/wp-content\/uploads\/2019\/08\/logo_1024.png\",\"width\":1024,\"height\":1024,\"caption\":\"Render Tips\"},\"image\":{\"@id\":\"https:\/\/render.tips\/#logo\"}},{\"@type\":\"WebSite\",\"@id\":\"https:\/\/render.tips\/#website\",\"url\":\"https:\/\/render.tips\/\",\"name\":\"Online Courses from Basic to Advanced | RenderTips\",\"description\":\"Technology Online Courses - Solidworks, Autocad, Inventor, 3ds Max and More\",\"publisher\":{\"@id\":\"https:\/\/render.tips\/#organization\"},\"potentialAction\":[{\"@type\":\"SearchAction\",\"target\":\"https:\/\/render.tips\/?s={search_term_string}\",\"query-input\":\"required name=search_term_string\"}],\"inLanguage\":\"es\"},{\"@type\":\"ImageObject\",\"@id\":\"https:\/\/render.tips\/es\/cursos\/maya-es\/maya-2015-mapeo-uv#primaryimage\",\"inLanguage\":\"es\",\"url\":\"https:\/\/static.render.tips\/wp-content\/uploads\/2020\/05\/Curso-maya-2015-mapeo-uv-MAYA15-MAP-UV-ES_destaque-20200512200101.jpg\",\"width\":229,\"height\":162},{\"@type\":\"WebPage\",\"@id\":\"https:\/\/render.tips\/es\/cursos\/maya-es\/maya-2015-mapeo-uv#webpage\",\"url\":\"https:\/\/render.tips\/es\/cursos\/maya-es\/maya-2015-mapeo-uv\",\"name\":\"Curso Maya 2015 - Mapeo UV | Online Courses from Basic to Advanced | RenderTips\",\"isPartOf\":{\"@id\":\"https:\/\/render.tips\/#website\"},\"primaryImageOfPage\":{\"@id\":\"https:\/\/render.tips\/es\/cursos\/maya-es\/maya-2015-mapeo-uv#primaryimage\"},\"datePublished\":\"2015-05-12T12:03:07+00:00\",\"dateModified\":\"2020-05-13T23:21:40+00:00\",\"description\":\"Creaci\\u00f3n de mapas UV profesionales mediante funciones de Autodesk Maya\",\"breadcrumb\":{\"@id\":\"https:\/\/render.tips\/es\/cursos\/maya-es\/maya-2015-mapeo-uv#breadcrumb\"},\"inLanguage\":\"es\",\"potentialAction\":[{\"@type\":\"ReadAction\",\"target\":[\"https:\/\/render.tips\/es\/cursos\/maya-es\/maya-2015-mapeo-uv\"]}]},{\"@type\":\"BreadcrumbList\",\"@id\":\"https:\/\/render.tips\/es\/cursos\/maya-es\/maya-2015-mapeo-uv#breadcrumb\",\"itemListElement\":[{\"@type\":\"ListItem\",\"position\":1,\"item\":{\"@type\":\"WebPage\",\"@id\":\"https:\/\/render.tips\/es\",\"url\":\"https:\/\/render.tips\/es\",\"name\":\"Home\"}},{\"@type\":\"ListItem\",\"position\":2,\"item\":{\"@type\":\"WebPage\",\"@id\":\"https:\/\/render.tips\/es\/shop\",\"url\":\"https:\/\/render.tips\/es\/shop\",\"name\":\"Shop\"}},{\"@type\":\"ListItem\",\"position\":3,\"item\":{\"@type\":\"WebPage\",\"@id\":\"https:\/\/render.tips\/es\/cursos\/maya-es\/maya-2015-mapeo-uv\",\"url\":\"https:\/\/render.tips\/es\/cursos\/maya-es\/maya-2015-mapeo-uv\",\"name\":\"Curso Maya 2015 &#8211; Mapeo UV\"}}]}]}<\/script>\n<!-- \/ Yoast SEO plugin. -->","_links":{"self":[{"href":"https:\/\/render.tips\/es\/wp-json\/wp\/v2\/product\/231760"}],"collection":[{"href":"https:\/\/render.tips\/es\/wp-json\/wp\/v2\/product"}],"about":[{"href":"https:\/\/render.tips\/es\/wp-json\/wp\/v2\/types\/product"}],"replies":[{"embeddable":true,"href":"https:\/\/render.tips\/es\/wp-json\/wp\/v2\/comments?post=231760"}],"wp:featuredmedia":[{"embeddable":true,"href":"https:\/\/render.tips\/es\/wp-json\/wp\/v2\/media\/231748"}],"wp:attachment":[{"href":"https:\/\/render.tips\/es\/wp-json\/wp\/v2\/media?parent=231760"}],"wp:term":[{"taxonomy":"product_cat","embeddable":true,"href":"https:\/\/render.tips\/es\/wp-json\/wp\/v2\/product_cat?post=231760"},{"taxonomy":"product_tag","embeddable":true,"href":"https:\/\/render.tips\/es\/wp-json\/wp\/v2\/product_tag?post=231760"}],"curies":[{"name":"wp","href":"https:\/\/api.w.org\/{rel}","templated":true}]}}