{"id":231701,"date":"2016-03-24T09:51:50","date_gmt":"2016-03-24T12:51:50","guid":{"rendered":"https:\/\/render.tips\/uncategorized\/personajes-3d-para-juegos-textura-y-renderizado-en-tiempo-real"},"modified":"2020-05-11T21:58:34","modified_gmt":"2020-05-12T00:58:34","slug":"personajes-3d-para-juegos-textura-y-renderizado-en-tiempo-real","status":"publish","type":"product","link":"https:\/\/render.tips\/es\/asuntos\/personajes\/personajes-3d-para-juegos-textura-y-renderizado-en-tiempo-real","title":{"rendered":"Curso Personajes 3D para juegos &#8211; Textura y Renderizado en Tiempo Real"},"content":{"rendered":"<p>Con lecciones de v\u00e0\u00addeo pr\u00e1cticas, aprenda paso a paso a c\u00f3mo desarrollar texturas y renderizar en tiempo real para personajes de \u00faltima generaci\u00f3n. Entender lo importante que es crear texturas de calidad para dar realismo y representarlo para la presentaci\u00f3n final del personaje. Utilizaremos Substance Painter, Photoshop y Marmoset Toolbag en este curso. \u00a1Toma este curso y adquiere m\u00e1s habilidad para jugar en el creciente mercado de juegos!<\/p>\n","protected":false},"excerpt":{"rendered":"<p><span style=\"color: #ff6600;\">Aprenda plantillas de texturizado y renderizado para juegos de pr\u00f3xima generaci\u00f3n<\/span><\/p>\n","protected":false},"featured_media":231689,"comment_status":"open","ping_status":"closed","template":"","meta":[],"product_cat":[995,1017,1009,1012],"product_tag":[],"acf":[],"yoast_head":"<!-- This site is optimized with the Yoast SEO plugin v15.9 - https:\/\/yoast.com\/wordpress\/plugins\/seo\/ -->\n<title>Curso Personajes 3D para juegos - Textura y Renderizado en Tiempo Real | Online Courses from Basic to Advanced | RenderTips<\/title>\n<meta name=\"description\" content=\"Aprenda plantillas de texturizado y renderizado para juegos de pr\u00f3xima generaci\u00f3n\" \/>\n<meta name=\"robots\" content=\"index, follow, max-snippet:-1, max-image-preview:large, max-video-preview:-1\" \/>\n<link rel=\"canonical\" href=\"https:\/\/render.tips\/es\/asuntos\/personajes\/personajes-3d-para-juegos-textura-y-renderizado-en-tiempo-real\" \/>\n<meta property=\"og:locale\" content=\"es_ES\" \/>\n<meta property=\"og:type\" content=\"article\" \/>\n<meta property=\"og:title\" content=\"Curso Personajes 3D para juegos - Textura y Renderizado en Tiempo Real | Online Courses from Basic to Advanced | RenderTips\" \/>\n<meta property=\"og:description\" content=\"Aprenda plantillas de texturizado y renderizado para juegos de pr\u00f3xima generaci\u00f3n\" \/>\n<meta property=\"og:url\" content=\"https:\/\/render.tips\/es\/asuntos\/personajes\/personajes-3d-para-juegos-textura-y-renderizado-en-tiempo-real\" \/>\n<meta property=\"og:site_name\" content=\"Online Courses from Basic to Advanced | RenderTips\" \/>\n<meta property=\"article:publisher\" content=\"https:\/\/www.facebook.com\/rendertipscourses\/\" \/>\n<meta property=\"article:modified_time\" content=\"2020-05-12T00:58:34+00:00\" \/>\n<meta property=\"og:image\" content=\"https:\/\/static.render.tips\/wp-content\/uploads\/2020\/05\/P3D-GAMES-T-R-ES_facebook.png\" \/>\n<meta name=\"twitter:card\" content=\"summary_large_image\" \/>\n<meta name=\"twitter:image\" content=\"https:\/\/static.render.tips\/wp-content\/uploads\/2020\/05\/P3D-GAMES-T-R-ES_facebook.png\" \/>\n<meta name=\"twitter:site\" content=\"@rendertips\" \/>\n<script type=\"application\/ld+json\" class=\"yoast-schema-graph\">{\"@context\":\"https:\/\/schema.org\",\"@graph\":[{\"@type\":\"Organization\",\"@id\":\"https:\/\/render.tips\/#organization\",\"name\":\"Render Tips\",\"url\":\"https:\/\/render.tips\/\",\"sameAs\":[\"https:\/\/www.facebook.com\/rendertipscourses\/\",\"https:\/\/www.instagram.com\/rendertips\/\",\"https:\/\/www.youtube.com\/channel\/UCx_9bcvh0_AQFGXxJ0StKSQ\",\"https:\/\/twitter.com\/rendertips\"],\"logo\":{\"@type\":\"ImageObject\",\"@id\":\"https:\/\/render.tips\/#logo\",\"inLanguage\":\"es\",\"url\":\"https:\/\/static.render.tips\/wp-content\/uploads\/2019\/08\/logo_1024.png\",\"width\":1024,\"height\":1024,\"caption\":\"Render Tips\"},\"image\":{\"@id\":\"https:\/\/render.tips\/#logo\"}},{\"@type\":\"WebSite\",\"@id\":\"https:\/\/render.tips\/#website\",\"url\":\"https:\/\/render.tips\/\",\"name\":\"Online Courses from Basic to Advanced | RenderTips\",\"description\":\"Technology Online Courses - Solidworks, Autocad, Inventor, 3ds Max and More\",\"publisher\":{\"@id\":\"https:\/\/render.tips\/#organization\"},\"potentialAction\":[{\"@type\":\"SearchAction\",\"target\":\"https:\/\/render.tips\/?s={search_term_string}\",\"query-input\":\"required name=search_term_string\"}],\"inLanguage\":\"es\"},{\"@type\":\"ImageObject\",\"@id\":\"https:\/\/render.tips\/es\/asuntos\/personajes\/personajes-3d-para-juegos-textura-y-renderizado-en-tiempo-real#primaryimage\",\"inLanguage\":\"es\",\"url\":\"https:\/\/static.render.tips\/wp-content\/uploads\/2020\/05\/Curso-personajes-3d-para-juegos-textura-y-renderizado-en-tiempo-real-P3D-GAMES-T-R-ES_destaque-20200511214948.jpg\",\"width\":229,\"height\":162},{\"@type\":\"WebPage\",\"@id\":\"https:\/\/render.tips\/es\/asuntos\/personajes\/personajes-3d-para-juegos-textura-y-renderizado-en-tiempo-real#webpage\",\"url\":\"https:\/\/render.tips\/es\/asuntos\/personajes\/personajes-3d-para-juegos-textura-y-renderizado-en-tiempo-real\",\"name\":\"Curso Personajes 3D para juegos - Textura y Renderizado en Tiempo Real | Online Courses from Basic to Advanced | RenderTips\",\"isPartOf\":{\"@id\":\"https:\/\/render.tips\/#website\"},\"primaryImageOfPage\":{\"@id\":\"https:\/\/render.tips\/es\/asuntos\/personajes\/personajes-3d-para-juegos-textura-y-renderizado-en-tiempo-real#primaryimage\"},\"datePublished\":\"2016-03-24T12:51:50+00:00\",\"dateModified\":\"2020-05-12T00:58:34+00:00\",\"description\":\"Aprenda plantillas de texturizado y renderizado para juegos de pr\\u00f3xima generaci\\u00f3n\",\"breadcrumb\":{\"@id\":\"https:\/\/render.tips\/es\/asuntos\/personajes\/personajes-3d-para-juegos-textura-y-renderizado-en-tiempo-real#breadcrumb\"},\"inLanguage\":\"es\",\"potentialAction\":[{\"@type\":\"ReadAction\",\"target\":[\"https:\/\/render.tips\/es\/asuntos\/personajes\/personajes-3d-para-juegos-textura-y-renderizado-en-tiempo-real\"]}]},{\"@type\":\"BreadcrumbList\",\"@id\":\"https:\/\/render.tips\/es\/asuntos\/personajes\/personajes-3d-para-juegos-textura-y-renderizado-en-tiempo-real#breadcrumb\",\"itemListElement\":[{\"@type\":\"ListItem\",\"position\":1,\"item\":{\"@type\":\"WebPage\",\"@id\":\"https:\/\/render.tips\/es\",\"url\":\"https:\/\/render.tips\/es\",\"name\":\"Home\"}},{\"@type\":\"ListItem\",\"position\":2,\"item\":{\"@type\":\"WebPage\",\"@id\":\"https:\/\/render.tips\/es\/shop\",\"url\":\"https:\/\/render.tips\/es\/shop\",\"name\":\"Shop\"}},{\"@type\":\"ListItem\",\"position\":3,\"item\":{\"@type\":\"WebPage\",\"@id\":\"https:\/\/render.tips\/es\/asuntos\/personajes\/personajes-3d-para-juegos-textura-y-renderizado-en-tiempo-real\",\"url\":\"https:\/\/render.tips\/es\/asuntos\/personajes\/personajes-3d-para-juegos-textura-y-renderizado-en-tiempo-real\",\"name\":\"Curso Personajes 3D para juegos &#8211; Textura y Renderizado en Tiempo Real\"}}]}]}<\/script>\n<!-- \/ Yoast SEO plugin. -->","_links":{"self":[{"href":"https:\/\/render.tips\/es\/wp-json\/wp\/v2\/product\/231701"}],"collection":[{"href":"https:\/\/render.tips\/es\/wp-json\/wp\/v2\/product"}],"about":[{"href":"https:\/\/render.tips\/es\/wp-json\/wp\/v2\/types\/product"}],"replies":[{"embeddable":true,"href":"https:\/\/render.tips\/es\/wp-json\/wp\/v2\/comments?post=231701"}],"wp:featuredmedia":[{"embeddable":true,"href":"https:\/\/render.tips\/es\/wp-json\/wp\/v2\/media\/231689"}],"wp:attachment":[{"href":"https:\/\/render.tips\/es\/wp-json\/wp\/v2\/media?parent=231701"}],"wp:term":[{"taxonomy":"product_cat","embeddable":true,"href":"https:\/\/render.tips\/es\/wp-json\/wp\/v2\/product_cat?post=231701"},{"taxonomy":"product_tag","embeddable":true,"href":"https:\/\/render.tips\/es\/wp-json\/wp\/v2\/product_tag?post=231701"}],"curies":[{"name":"wp","href":"https:\/\/api.w.org\/{rel}","templated":true}]}}