{"id":231665,"date":"2015-09-10T13:38:17","date_gmt":"2015-09-10T16:38:17","guid":{"rendered":"https:\/\/render.tips\/uncategorized\/maya-2016-animacion-basica"},"modified":"2020-05-13T20:22:27","modified_gmt":"2020-05-13T23:22:27","slug":"maya-2016-animacion-basica","status":"publish","type":"product","link":"https:\/\/render.tips\/es\/cursos\/maya-es\/maya-2016-animacion-basica","title":{"rendered":"Curso Maya 2016 &#8211; Animacion B\u00e1sica"},"content":{"rendered":"<p>Uno de los profesionales m\u00e1s buscados en el segmento de gr\u00e1ficos por ordenador es el animador, especialmente en el \u00e1rea de la animaci\u00f3n 3D. Este curso le permite comenzar en esta \u00e1rea, aprendiendo paso a paso c\u00f3mo crear, ajustar y exportar animaciones, utilizando el car\u00e1cter Transformers como ejemplo. Esta es tu oportunidad de entrar en este mercado laboral, adquiriendo los conocimientos necesarios para iniciar tus propias animaciones. \u00a1Comienza este curso ahora y dise\u00f1a una carrera exitosa!<\/p>\n","protected":false},"excerpt":{"rendered":"<p><span style=\"color: #ff6600;\">Conozca los conceptos fundamentales para crear animaciones en Autodesk Maya 2016<\/span><\/p>\n","protected":false},"featured_media":231653,"comment_status":"open","ping_status":"closed","template":"","meta":[],"product_cat":[995,1020,1009],"product_tag":[],"acf":[],"yoast_head":"<!-- This site is optimized with the Yoast SEO plugin v15.9 - https:\/\/yoast.com\/wordpress\/plugins\/seo\/ -->\n<title>Curso Maya 2016 - Animacion B\u00e1sica | Online Courses from Basic to Advanced | RenderTips<\/title>\n<meta name=\"description\" content=\"Conozca los conceptos fundamentales para crear animaciones en Autodesk Maya 2016\" \/>\n<meta name=\"robots\" content=\"index, follow, max-snippet:-1, max-image-preview:large, max-video-preview:-1\" \/>\n<link rel=\"canonical\" href=\"https:\/\/render.tips\/es\/cursos\/maya-es\/maya-2016-animacion-basica\" \/>\n<meta property=\"og:locale\" content=\"es_ES\" \/>\n<meta property=\"og:type\" content=\"article\" \/>\n<meta property=\"og:title\" content=\"Curso Maya 2016 - Animacion B\u00e1sica | Online Courses from Basic to Advanced | RenderTips\" \/>\n<meta property=\"og:description\" content=\"Conozca los conceptos fundamentales para crear animaciones en Autodesk Maya 2016\" \/>\n<meta property=\"og:url\" content=\"https:\/\/render.tips\/es\/cursos\/maya-es\/maya-2016-animacion-basica\" \/>\n<meta property=\"og:site_name\" content=\"Online Courses from Basic to Advanced | RenderTips\" \/>\n<meta property=\"article:publisher\" content=\"https:\/\/www.facebook.com\/rendertipscourses\/\" \/>\n<meta property=\"article:modified_time\" content=\"2020-05-13T23:22:27+00:00\" \/>\n<meta property=\"og:image\" content=\"https:\/\/static.render.tips\/wp-content\/uploads\/2020\/04\/MAYA16-ANM-F-ES_facebook.png\" \/>\n<meta name=\"twitter:card\" content=\"summary_large_image\" \/>\n<meta name=\"twitter:image\" content=\"https:\/\/static.render.tips\/wp-content\/uploads\/2020\/04\/MAYA16-ANM-F-ES_facebook.png\" \/>\n<meta name=\"twitter:site\" content=\"@rendertips\" \/>\n<script type=\"application\/ld+json\" class=\"yoast-schema-graph\">{\"@context\":\"https:\/\/schema.org\",\"@graph\":[{\"@type\":\"Organization\",\"@id\":\"https:\/\/render.tips\/#organization\",\"name\":\"Render Tips\",\"url\":\"https:\/\/render.tips\/\",\"sameAs\":[\"https:\/\/www.facebook.com\/rendertipscourses\/\",\"https:\/\/www.instagram.com\/rendertips\/\",\"https:\/\/www.youtube.com\/channel\/UCx_9bcvh0_AQFGXxJ0StKSQ\",\"https:\/\/twitter.com\/rendertips\"],\"logo\":{\"@type\":\"ImageObject\",\"@id\":\"https:\/\/render.tips\/#logo\",\"inLanguage\":\"es\",\"url\":\"https:\/\/static.render.tips\/wp-content\/uploads\/2019\/08\/logo_1024.png\",\"width\":1024,\"height\":1024,\"caption\":\"Render Tips\"},\"image\":{\"@id\":\"https:\/\/render.tips\/#logo\"}},{\"@type\":\"WebSite\",\"@id\":\"https:\/\/render.tips\/#website\",\"url\":\"https:\/\/render.tips\/\",\"name\":\"Online Courses from Basic to Advanced | RenderTips\",\"description\":\"Technology Online Courses - Solidworks, Autocad, Inventor, 3ds Max and More\",\"publisher\":{\"@id\":\"https:\/\/render.tips\/#organization\"},\"potentialAction\":[{\"@type\":\"SearchAction\",\"target\":\"https:\/\/render.tips\/?s={search_term_string}\",\"query-input\":\"required name=search_term_string\"}],\"inLanguage\":\"es\"},{\"@type\":\"ImageObject\",\"@id\":\"https:\/\/render.tips\/es\/cursos\/maya-es\/maya-2016-animacion-basica#primaryimage\",\"inLanguage\":\"es\",\"url\":\"https:\/\/static.render.tips\/wp-content\/uploads\/2020\/04\/Curso-maya-2016-animacion-basica-MAYA16-ANM-F-ES_destaque-20200429113621.jpg\",\"width\":229,\"height\":162},{\"@type\":\"WebPage\",\"@id\":\"https:\/\/render.tips\/es\/cursos\/maya-es\/maya-2016-animacion-basica#webpage\",\"url\":\"https:\/\/render.tips\/es\/cursos\/maya-es\/maya-2016-animacion-basica\",\"name\":\"Curso Maya 2016 - Animacion B\\u00e1sica | Online Courses from Basic to Advanced | RenderTips\",\"isPartOf\":{\"@id\":\"https:\/\/render.tips\/#website\"},\"primaryImageOfPage\":{\"@id\":\"https:\/\/render.tips\/es\/cursos\/maya-es\/maya-2016-animacion-basica#primaryimage\"},\"datePublished\":\"2015-09-10T16:38:17+00:00\",\"dateModified\":\"2020-05-13T23:22:27+00:00\",\"description\":\"Conozca los conceptos fundamentales para crear animaciones en Autodesk Maya 2016\",\"breadcrumb\":{\"@id\":\"https:\/\/render.tips\/es\/cursos\/maya-es\/maya-2016-animacion-basica#breadcrumb\"},\"inLanguage\":\"es\",\"potentialAction\":[{\"@type\":\"ReadAction\",\"target\":[\"https:\/\/render.tips\/es\/cursos\/maya-es\/maya-2016-animacion-basica\"]}]},{\"@type\":\"BreadcrumbList\",\"@id\":\"https:\/\/render.tips\/es\/cursos\/maya-es\/maya-2016-animacion-basica#breadcrumb\",\"itemListElement\":[{\"@type\":\"ListItem\",\"position\":1,\"item\":{\"@type\":\"WebPage\",\"@id\":\"https:\/\/render.tips\/es\",\"url\":\"https:\/\/render.tips\/es\",\"name\":\"Home\"}},{\"@type\":\"ListItem\",\"position\":2,\"item\":{\"@type\":\"WebPage\",\"@id\":\"https:\/\/render.tips\/es\/shop\",\"url\":\"https:\/\/render.tips\/es\/shop\",\"name\":\"Shop\"}},{\"@type\":\"ListItem\",\"position\":3,\"item\":{\"@type\":\"WebPage\",\"@id\":\"https:\/\/render.tips\/es\/cursos\/maya-es\/maya-2016-animacion-basica\",\"url\":\"https:\/\/render.tips\/es\/cursos\/maya-es\/maya-2016-animacion-basica\",\"name\":\"Curso Maya 2016 &#8211; Animacion B\\u00e1sica\"}}]}]}<\/script>\n<!-- \/ Yoast SEO plugin. -->","_links":{"self":[{"href":"https:\/\/render.tips\/es\/wp-json\/wp\/v2\/product\/231665"}],"collection":[{"href":"https:\/\/render.tips\/es\/wp-json\/wp\/v2\/product"}],"about":[{"href":"https:\/\/render.tips\/es\/wp-json\/wp\/v2\/types\/product"}],"replies":[{"embeddable":true,"href":"https:\/\/render.tips\/es\/wp-json\/wp\/v2\/comments?post=231665"}],"wp:featuredmedia":[{"embeddable":true,"href":"https:\/\/render.tips\/es\/wp-json\/wp\/v2\/media\/231653"}],"wp:attachment":[{"href":"https:\/\/render.tips\/es\/wp-json\/wp\/v2\/media?parent=231665"}],"wp:term":[{"taxonomy":"product_cat","embeddable":true,"href":"https:\/\/render.tips\/es\/wp-json\/wp\/v2\/product_cat?post=231665"},{"taxonomy":"product_tag","embeddable":true,"href":"https:\/\/render.tips\/es\/wp-json\/wp\/v2\/product_tag?post=231665"}],"curies":[{"name":"wp","href":"https:\/\/api.w.org\/{rel}","templated":true}]}}