{"id":231637,"date":"2015-06-08T11:19:47","date_gmt":"2015-06-08T14:19:47","guid":{"rendered":"https:\/\/render.tips\/uncategorized\/maya-2015-rigging-essential"},"modified":"2020-04-29T11:30:30","modified_gmt":"2020-04-29T14:30:30","slug":"maya-2015-rigging-essential","status":"publish","type":"product","link":"https:\/\/render.tips\/es\/cursos\/maya-es\/maya-2015-rigging-essential","title":{"rendered":"Curso Maya 2015 &#8211; Rigging Essential"},"content":{"rendered":"<p>Una de las etapas de producci\u00f3n en 3D es la creaci\u00f3n y personalizaci\u00f3n de aparejos, lo que permite un mayor control de los modelos de escena y facilita el paso de animaci\u00f3n. Aprenda en este curso c\u00f3mo trabajar con jerarqu\u00e0\u00adas; crear articulaciones, IKs y atributos; y c\u00f3mo usar las opciones de Skin e influir en la pintura. Vea c\u00f3mo configurar un aparejo simple para un personaje aplicando las herramientas estudiadas a un flujo de producci\u00f3n real en Maya. Tome este curso ahora y destaque a\u00fan m\u00e1s en sus producciones.<\/p>\n","protected":false},"excerpt":{"rendered":"<p><span style=\"color: #ff6600;\">Aprende a crear esqueletos y articulaciones de personajes en Maya<\/span><\/p>\n","protected":false},"featured_media":231641,"comment_status":"open","ping_status":"closed","template":"","meta":[],"product_cat":[995,1020],"product_tag":[],"acf":[],"yoast_head":"<!-- This site is optimized with the Yoast SEO plugin v15.9 - https:\/\/yoast.com\/wordpress\/plugins\/seo\/ -->\n<title>Curso Maya 2015 - Rigging Essential | Online Courses from Basic to Advanced | RenderTips<\/title>\n<meta name=\"description\" content=\"Aprende a crear esqueletos y articulaciones de personajes en Maya\" \/>\n<meta name=\"robots\" content=\"index, follow, max-snippet:-1, max-image-preview:large, max-video-preview:-1\" \/>\n<link rel=\"canonical\" href=\"https:\/\/render.tips\/es\/cursos\/maya-es\/maya-2015-rigging-essential\" \/>\n<meta property=\"og:locale\" content=\"es_ES\" \/>\n<meta property=\"og:type\" content=\"article\" \/>\n<meta property=\"og:title\" content=\"Curso Maya 2015 - Rigging Essential | Online Courses from Basic to Advanced | RenderTips\" \/>\n<meta property=\"og:description\" content=\"Aprende a crear esqueletos y articulaciones de personajes en Maya\" \/>\n<meta property=\"og:url\" content=\"https:\/\/render.tips\/es\/cursos\/maya-es\/maya-2015-rigging-essential\" \/>\n<meta property=\"og:site_name\" content=\"Online Courses from Basic to Advanced | RenderTips\" \/>\n<meta property=\"article:publisher\" content=\"https:\/\/www.facebook.com\/rendertipscourses\/\" \/>\n<meta property=\"article:modified_time\" content=\"2020-04-29T14:30:30+00:00\" \/>\n<meta property=\"og:image\" content=\"https:\/\/static.render.tips\/wp-content\/uploads\/2020\/04\/MAYA15-RIG-ESS-ES_facebook-1.png\" \/>\n<meta name=\"twitter:card\" content=\"summary_large_image\" \/>\n<meta name=\"twitter:image\" content=\"https:\/\/static.render.tips\/wp-content\/uploads\/2020\/04\/MAYA15-RIG-ESS-ES_facebook-1.png\" \/>\n<meta name=\"twitter:site\" content=\"@rendertips\" \/>\n<meta name=\"twitter:label1\" content=\"Tiempo de lectura\">\n\t<meta name=\"twitter:data1\" content=\"1 minuto\">\n<script type=\"application\/ld+json\" class=\"yoast-schema-graph\">{\"@context\":\"https:\/\/schema.org\",\"@graph\":[{\"@type\":\"Organization\",\"@id\":\"https:\/\/render.tips\/#organization\",\"name\":\"Render Tips\",\"url\":\"https:\/\/render.tips\/\",\"sameAs\":[\"https:\/\/www.facebook.com\/rendertipscourses\/\",\"https:\/\/www.instagram.com\/rendertips\/\",\"https:\/\/www.youtube.com\/channel\/UCx_9bcvh0_AQFGXxJ0StKSQ\",\"https:\/\/twitter.com\/rendertips\"],\"logo\":{\"@type\":\"ImageObject\",\"@id\":\"https:\/\/render.tips\/#logo\",\"inLanguage\":\"es\",\"url\":\"https:\/\/static.render.tips\/wp-content\/uploads\/2019\/08\/logo_1024.png\",\"width\":1024,\"height\":1024,\"caption\":\"Render Tips\"},\"image\":{\"@id\":\"https:\/\/render.tips\/#logo\"}},{\"@type\":\"WebSite\",\"@id\":\"https:\/\/render.tips\/#website\",\"url\":\"https:\/\/render.tips\/\",\"name\":\"Online Courses from Basic to Advanced | RenderTips\",\"description\":\"Technology Online Courses - Solidworks, Autocad, Inventor, 3ds Max and More\",\"publisher\":{\"@id\":\"https:\/\/render.tips\/#organization\"},\"potentialAction\":[{\"@type\":\"SearchAction\",\"target\":\"https:\/\/render.tips\/?s={search_term_string}\",\"query-input\":\"required name=search_term_string\"}],\"inLanguage\":\"es\"},{\"@type\":\"ImageObject\",\"@id\":\"https:\/\/render.tips\/es\/cursos\/maya-es\/maya-2015-rigging-essential#primaryimage\",\"inLanguage\":\"es\",\"url\":\"https:\/\/static.render.tips\/wp-content\/uploads\/2020\/04\/Curso-maya-2015-rigging-essential-MAYA15-RIG-ESS-ES_destaque-20200429112055.jpg\",\"width\":229,\"height\":162},{\"@type\":\"WebPage\",\"@id\":\"https:\/\/render.tips\/es\/cursos\/maya-es\/maya-2015-rigging-essential#webpage\",\"url\":\"https:\/\/render.tips\/es\/cursos\/maya-es\/maya-2015-rigging-essential\",\"name\":\"Curso Maya 2015 - Rigging Essential | Online Courses from Basic to Advanced | RenderTips\",\"isPartOf\":{\"@id\":\"https:\/\/render.tips\/#website\"},\"primaryImageOfPage\":{\"@id\":\"https:\/\/render.tips\/es\/cursos\/maya-es\/maya-2015-rigging-essential#primaryimage\"},\"datePublished\":\"2015-06-08T14:19:47+00:00\",\"dateModified\":\"2020-04-29T14:30:30+00:00\",\"description\":\"Aprende a crear esqueletos y articulaciones de personajes en Maya\",\"breadcrumb\":{\"@id\":\"https:\/\/render.tips\/es\/cursos\/maya-es\/maya-2015-rigging-essential#breadcrumb\"},\"inLanguage\":\"es\",\"potentialAction\":[{\"@type\":\"ReadAction\",\"target\":[\"https:\/\/render.tips\/es\/cursos\/maya-es\/maya-2015-rigging-essential\"]}]},{\"@type\":\"BreadcrumbList\",\"@id\":\"https:\/\/render.tips\/es\/cursos\/maya-es\/maya-2015-rigging-essential#breadcrumb\",\"itemListElement\":[{\"@type\":\"ListItem\",\"position\":1,\"item\":{\"@type\":\"WebPage\",\"@id\":\"https:\/\/render.tips\/es\",\"url\":\"https:\/\/render.tips\/es\",\"name\":\"Home\"}},{\"@type\":\"ListItem\",\"position\":2,\"item\":{\"@type\":\"WebPage\",\"@id\":\"https:\/\/render.tips\/es\/shop\",\"url\":\"https:\/\/render.tips\/es\/shop\",\"name\":\"Shop\"}},{\"@type\":\"ListItem\",\"position\":3,\"item\":{\"@type\":\"WebPage\",\"@id\":\"https:\/\/render.tips\/es\/cursos\/maya-es\/maya-2015-rigging-essential\",\"url\":\"https:\/\/render.tips\/es\/cursos\/maya-es\/maya-2015-rigging-essential\",\"name\":\"Curso Maya 2015 &#8211; Rigging Essential\"}}]}]}<\/script>\n<!-- \/ Yoast SEO plugin. -->","_links":{"self":[{"href":"https:\/\/render.tips\/es\/wp-json\/wp\/v2\/product\/231637"}],"collection":[{"href":"https:\/\/render.tips\/es\/wp-json\/wp\/v2\/product"}],"about":[{"href":"https:\/\/render.tips\/es\/wp-json\/wp\/v2\/types\/product"}],"replies":[{"embeddable":true,"href":"https:\/\/render.tips\/es\/wp-json\/wp\/v2\/comments?post=231637"}],"wp:featuredmedia":[{"embeddable":true,"href":"https:\/\/render.tips\/es\/wp-json\/wp\/v2\/media\/231641"}],"wp:attachment":[{"href":"https:\/\/render.tips\/es\/wp-json\/wp\/v2\/media?parent=231637"}],"wp:term":[{"taxonomy":"product_cat","embeddable":true,"href":"https:\/\/render.tips\/es\/wp-json\/wp\/v2\/product_cat?post=231637"},{"taxonomy":"product_tag","embeddable":true,"href":"https:\/\/render.tips\/es\/wp-json\/wp\/v2\/product_tag?post=231637"}],"curies":[{"name":"wp","href":"https:\/\/api.w.org\/{rel}","templated":true}]}}