{"id":231620,"date":"2015-01-16T11:01:48","date_gmt":"2015-01-16T13:01:48","guid":{"rendered":"https:\/\/render.tips\/uncategorized\/maya-2015-editor-de-hypershade-y-node"},"modified":"2020-04-29T11:29:57","modified_gmt":"2020-04-29T14:29:57","slug":"maya-2015-editor-de-hypershade-y-node","status":"publish","type":"product","link":"https:\/\/render.tips\/es\/cursos\/maya-es\/maya-2015-editor-de-hypershade-y-node","title":{"rendered":"Curso Maya 2015 &#8211; Editor de Hypershade y Node"},"content":{"rendered":"<p>Una buena producci\u00f3n depende de diversos procesos como la planificaci\u00f3n, el modelado, la iluminaci\u00f3n y el renderizado. Pero todo el realismo del trabajo se puede perder debido a la mala configuraci\u00f3n de los materiales. Aprenda en este curso c\u00f3mo utilizar t\u00e9cnicas realistas de creaci\u00f3n de materiales en Autodesk Maya. Obtenga informaci\u00f3n sobre el panel Hipersombra, utilice las funciones del Editor de nodos y utilice materiales y ajustes preestablecidos del renderizador Mental Ray. A\u00f1ade profesionalismo a tu trabajo y asegura la satisfacci\u00f3n de tus clientes.<\/p>\n","protected":false},"excerpt":{"rendered":"<p><span style=\"color: #ff6600;\">Cree materiales realistas para su trabajo con Autodesk Maya<\/span><\/p>\n","protected":false},"featured_media":231609,"comment_status":"open","ping_status":"closed","template":"","meta":[],"product_cat":[995,1020],"product_tag":[],"acf":[],"yoast_head":"<!-- This site is optimized with the Yoast SEO plugin v15.9 - https:\/\/yoast.com\/wordpress\/plugins\/seo\/ -->\n<title>Curso Maya 2015 - Editor de Hypershade y Node | Online Courses from Basic to Advanced | RenderTips<\/title>\n<meta name=\"description\" content=\"Cree materiales realistas para su trabajo con Autodesk Maya\" \/>\n<meta name=\"robots\" content=\"index, follow, max-snippet:-1, max-image-preview:large, max-video-preview:-1\" \/>\n<link rel=\"canonical\" href=\"https:\/\/render.tips\/es\/cursos\/maya-es\/maya-2015-editor-de-hypershade-y-node\" \/>\n<meta property=\"og:locale\" content=\"es_ES\" \/>\n<meta property=\"og:type\" content=\"article\" \/>\n<meta property=\"og:title\" content=\"Curso Maya 2015 - Editor de Hypershade y Node | Online Courses from Basic to Advanced | RenderTips\" \/>\n<meta property=\"og:description\" content=\"Cree materiales realistas para su trabajo con Autodesk Maya\" \/>\n<meta property=\"og:url\" content=\"https:\/\/render.tips\/es\/cursos\/maya-es\/maya-2015-editor-de-hypershade-y-node\" \/>\n<meta property=\"og:site_name\" content=\"Online Courses from Basic to Advanced | RenderTips\" \/>\n<meta property=\"article:publisher\" content=\"https:\/\/www.facebook.com\/rendertipscourses\/\" \/>\n<meta property=\"article:modified_time\" content=\"2020-04-29T14:29:57+00:00\" \/>\n<meta property=\"og:image\" content=\"https:\/\/static.render.tips\/wp-content\/uploads\/2020\/04\/Curso-maya-2015-editor-de-hypershade-y-node-MAYA15-H-NE-ES_destaque-20200429105939.jpg\" \/>\n\t<meta property=\"og:image:width\" content=\"229\" \/>\n\t<meta property=\"og:image:height\" content=\"162\" \/>\n<meta name=\"twitter:card\" content=\"summary_large_image\" \/>\n<meta name=\"twitter:site\" content=\"@rendertips\" \/>\n<script type=\"application\/ld+json\" class=\"yoast-schema-graph\">{\"@context\":\"https:\/\/schema.org\",\"@graph\":[{\"@type\":\"Organization\",\"@id\":\"https:\/\/render.tips\/#organization\",\"name\":\"Render Tips\",\"url\":\"https:\/\/render.tips\/\",\"sameAs\":[\"https:\/\/www.facebook.com\/rendertipscourses\/\",\"https:\/\/www.instagram.com\/rendertips\/\",\"https:\/\/www.youtube.com\/channel\/UCx_9bcvh0_AQFGXxJ0StKSQ\",\"https:\/\/twitter.com\/rendertips\"],\"logo\":{\"@type\":\"ImageObject\",\"@id\":\"https:\/\/render.tips\/#logo\",\"inLanguage\":\"es\",\"url\":\"https:\/\/static.render.tips\/wp-content\/uploads\/2019\/08\/logo_1024.png\",\"width\":1024,\"height\":1024,\"caption\":\"Render Tips\"},\"image\":{\"@id\":\"https:\/\/render.tips\/#logo\"}},{\"@type\":\"WebSite\",\"@id\":\"https:\/\/render.tips\/#website\",\"url\":\"https:\/\/render.tips\/\",\"name\":\"Online Courses from Basic to Advanced | RenderTips\",\"description\":\"Technology Online Courses - Solidworks, Autocad, Inventor, 3ds Max and More\",\"publisher\":{\"@id\":\"https:\/\/render.tips\/#organization\"},\"potentialAction\":[{\"@type\":\"SearchAction\",\"target\":\"https:\/\/render.tips\/?s={search_term_string}\",\"query-input\":\"required name=search_term_string\"}],\"inLanguage\":\"es\"},{\"@type\":\"ImageObject\",\"@id\":\"https:\/\/render.tips\/es\/cursos\/maya-es\/maya-2015-editor-de-hypershade-y-node#primaryimage\",\"inLanguage\":\"es\",\"url\":\"https:\/\/static.render.tips\/wp-content\/uploads\/2020\/04\/Curso-maya-2015-editor-de-hypershade-y-node-MAYA15-H-NE-ES_destaque-20200429105939.jpg\",\"width\":229,\"height\":162},{\"@type\":\"WebPage\",\"@id\":\"https:\/\/render.tips\/es\/cursos\/maya-es\/maya-2015-editor-de-hypershade-y-node#webpage\",\"url\":\"https:\/\/render.tips\/es\/cursos\/maya-es\/maya-2015-editor-de-hypershade-y-node\",\"name\":\"Curso Maya 2015 - Editor de Hypershade y Node | Online Courses from Basic to Advanced | RenderTips\",\"isPartOf\":{\"@id\":\"https:\/\/render.tips\/#website\"},\"primaryImageOfPage\":{\"@id\":\"https:\/\/render.tips\/es\/cursos\/maya-es\/maya-2015-editor-de-hypershade-y-node#primaryimage\"},\"datePublished\":\"2015-01-16T13:01:48+00:00\",\"dateModified\":\"2020-04-29T14:29:57+00:00\",\"description\":\"Cree materiales realistas para su trabajo con Autodesk Maya\",\"breadcrumb\":{\"@id\":\"https:\/\/render.tips\/es\/cursos\/maya-es\/maya-2015-editor-de-hypershade-y-node#breadcrumb\"},\"inLanguage\":\"es\",\"potentialAction\":[{\"@type\":\"ReadAction\",\"target\":[\"https:\/\/render.tips\/es\/cursos\/maya-es\/maya-2015-editor-de-hypershade-y-node\"]}]},{\"@type\":\"BreadcrumbList\",\"@id\":\"https:\/\/render.tips\/es\/cursos\/maya-es\/maya-2015-editor-de-hypershade-y-node#breadcrumb\",\"itemListElement\":[{\"@type\":\"ListItem\",\"position\":1,\"item\":{\"@type\":\"WebPage\",\"@id\":\"https:\/\/render.tips\/es\",\"url\":\"https:\/\/render.tips\/es\",\"name\":\"Home\"}},{\"@type\":\"ListItem\",\"position\":2,\"item\":{\"@type\":\"WebPage\",\"@id\":\"https:\/\/render.tips\/es\/shop\",\"url\":\"https:\/\/render.tips\/es\/shop\",\"name\":\"Shop\"}},{\"@type\":\"ListItem\",\"position\":3,\"item\":{\"@type\":\"WebPage\",\"@id\":\"https:\/\/render.tips\/es\/cursos\/maya-es\/maya-2015-editor-de-hypershade-y-node\",\"url\":\"https:\/\/render.tips\/es\/cursos\/maya-es\/maya-2015-editor-de-hypershade-y-node\",\"name\":\"Curso Maya 2015 &#8211; Editor de Hypershade y Node\"}}]}]}<\/script>\n<!-- \/ Yoast SEO plugin. -->","_links":{"self":[{"href":"https:\/\/render.tips\/es\/wp-json\/wp\/v2\/product\/231620"}],"collection":[{"href":"https:\/\/render.tips\/es\/wp-json\/wp\/v2\/product"}],"about":[{"href":"https:\/\/render.tips\/es\/wp-json\/wp\/v2\/types\/product"}],"replies":[{"embeddable":true,"href":"https:\/\/render.tips\/es\/wp-json\/wp\/v2\/comments?post=231620"}],"wp:featuredmedia":[{"embeddable":true,"href":"https:\/\/render.tips\/es\/wp-json\/wp\/v2\/media\/231609"}],"wp:attachment":[{"href":"https:\/\/render.tips\/es\/wp-json\/wp\/v2\/media?parent=231620"}],"wp:term":[{"taxonomy":"product_cat","embeddable":true,"href":"https:\/\/render.tips\/es\/wp-json\/wp\/v2\/product_cat?post=231620"},{"taxonomy":"product_tag","embeddable":true,"href":"https:\/\/render.tips\/es\/wp-json\/wp\/v2\/product_tag?post=231620"}],"curies":[{"name":"wp","href":"https:\/\/api.w.org\/{rel}","templated":true}]}}