{"id":231522,"date":"2014-04-04T09:05:58","date_gmt":"2014-04-04T12:05:58","guid":{"rendered":"https:\/\/render.tips\/uncategorized\/revit-structure-2014-modelado-de-proyectos"},"modified":"2020-04-29T11:29:17","modified_gmt":"2020-04-29T14:29:17","slug":"revit-structure-2014-modelado-de-proyectos","status":"publish","type":"product","link":"https:\/\/render.tips\/es\/cursos\/revit-es\/revit-structure-2014-modelado-de-proyectos","title":{"rendered":"Curso Revit Structure 2014 &#8211; Modelado de Proyectos"},"content":{"rendered":"<p>Con una metodolog\u00e0\u00ada did\u00e1ctica f\u00e1cil y objetiva, aprenda en este curso c\u00f3mo modelar sus proyectos estructurales en Revit Structure 2014. Dise\u00f1e sus propios proyectos estructurales utilizando las principales herramientas del programa de mayor crecimiento en el mercado de Ingenier\u00e0\u00ada Civil. Con un dise\u00f1o estructural de cinco plantas, ver\u00e1 c\u00f3mo crear niveles y ejes, insertar pilares estructurales y cimentaci\u00f3n, a\u00f1adir refuerzo estructural, insertar vigas y suelos, crear escaleras y mucho m\u00e1s. No pierda el tiempo, aprenda ahora las mejores t\u00e9cnicas para crear su proyecto en Revit y sea un profesional en demanda.<\/p>\n","protected":false},"excerpt":{"rendered":"<p><span style=\"color: #ff6600;\">\u00a1Aprenda las mejores t\u00e9cnicas para crear su proyecto estructural en Revit Structure 2014 en portugu\u00e9s!<\/span><\/p>\n","protected":false},"featured_media":231543,"comment_status":"open","ping_status":"closed","template":"","meta":[],"product_cat":[515,504,981],"product_tag":[],"acf":[],"yoast_head":"<!-- This site is optimized with the Yoast SEO plugin v15.9 - https:\/\/yoast.com\/wordpress\/plugins\/seo\/ -->\n<title>Curso Revit Structure 2014 - Modelado de Proyectos | Online Courses from Basic to Advanced | RenderTips<\/title>\n<meta name=\"description\" content=\"\u00a1Aprenda las mejores t\u00e9cnicas para crear su proyecto estructural en Revit Structure 2014 en portugu\u00e9s!\" \/>\n<meta name=\"robots\" content=\"index, follow, max-snippet:-1, max-image-preview:large, max-video-preview:-1\" \/>\n<link rel=\"canonical\" href=\"https:\/\/render.tips\/es\/cursos\/revit-es\/revit-structure-2014-modelado-de-proyectos\" \/>\n<meta property=\"og:locale\" content=\"es_ES\" \/>\n<meta property=\"og:type\" content=\"article\" \/>\n<meta property=\"og:title\" content=\"Curso Revit Structure 2014 - Modelado de Proyectos | Online Courses from Basic to Advanced | RenderTips\" \/>\n<meta property=\"og:description\" content=\"\u00a1Aprenda las mejores t\u00e9cnicas para crear su proyecto estructural en Revit Structure 2014 en portugu\u00e9s!\" \/>\n<meta property=\"og:url\" content=\"https:\/\/render.tips\/es\/cursos\/revit-es\/revit-structure-2014-modelado-de-proyectos\" \/>\n<meta property=\"og:site_name\" content=\"Online Courses from Basic to Advanced | RenderTips\" \/>\n<meta property=\"article:publisher\" content=\"https:\/\/www.facebook.com\/rendertipscourses\/\" \/>\n<meta property=\"article:modified_time\" content=\"2020-04-29T14:29:17+00:00\" \/>\n<meta property=\"og:image\" content=\"https:\/\/static.render.tips\/wp-content\/uploads\/2020\/04\/REVSTR-14-M-ES_facebook.png\" \/>\n<meta name=\"twitter:card\" content=\"summary_large_image\" \/>\n<meta name=\"twitter:image\" content=\"https:\/\/static.render.tips\/wp-content\/uploads\/2020\/04\/REVSTR-14-M-ES_facebook.png\" \/>\n<meta name=\"twitter:site\" content=\"@rendertips\" \/>\n<meta name=\"twitter:label1\" content=\"Tiempo de lectura\">\n\t<meta name=\"twitter:data1\" content=\"1 minuto\">\n<script type=\"application\/ld+json\" class=\"yoast-schema-graph\">{\"@context\":\"https:\/\/schema.org\",\"@graph\":[{\"@type\":\"Organization\",\"@id\":\"https:\/\/render.tips\/#organization\",\"name\":\"Render Tips\",\"url\":\"https:\/\/render.tips\/\",\"sameAs\":[\"https:\/\/www.facebook.com\/rendertipscourses\/\",\"https:\/\/www.instagram.com\/rendertips\/\",\"https:\/\/www.youtube.com\/channel\/UCx_9bcvh0_AQFGXxJ0StKSQ\",\"https:\/\/twitter.com\/rendertips\"],\"logo\":{\"@type\":\"ImageObject\",\"@id\":\"https:\/\/render.tips\/#logo\",\"inLanguage\":\"es\",\"url\":\"https:\/\/static.render.tips\/wp-content\/uploads\/2019\/08\/logo_1024.png\",\"width\":1024,\"height\":1024,\"caption\":\"Render Tips\"},\"image\":{\"@id\":\"https:\/\/render.tips\/#logo\"}},{\"@type\":\"WebSite\",\"@id\":\"https:\/\/render.tips\/#website\",\"url\":\"https:\/\/render.tips\/\",\"name\":\"Online Courses from Basic to Advanced | RenderTips\",\"description\":\"Technology Online Courses - Solidworks, Autocad, Inventor, 3ds Max and More\",\"publisher\":{\"@id\":\"https:\/\/render.tips\/#organization\"},\"potentialAction\":[{\"@type\":\"SearchAction\",\"target\":\"https:\/\/render.tips\/?s={search_term_string}\",\"query-input\":\"required name=search_term_string\"}],\"inLanguage\":\"es\"},{\"@type\":\"ImageObject\",\"@id\":\"https:\/\/render.tips\/es\/cursos\/revit-es\/revit-structure-2014-modelado-de-proyectos#primaryimage\",\"inLanguage\":\"es\",\"url\":\"https:\/\/static.render.tips\/wp-content\/uploads\/2020\/04\/Curso-revit-structure-2014-modelado-de-proyectos-REVSTR-14-M-ES_destaque-20200429102148.jpg\",\"width\":229,\"height\":162},{\"@type\":\"WebPage\",\"@id\":\"https:\/\/render.tips\/es\/cursos\/revit-es\/revit-structure-2014-modelado-de-proyectos#webpage\",\"url\":\"https:\/\/render.tips\/es\/cursos\/revit-es\/revit-structure-2014-modelado-de-proyectos\",\"name\":\"Curso Revit Structure 2014 - Modelado de Proyectos | Online Courses from Basic to Advanced | RenderTips\",\"isPartOf\":{\"@id\":\"https:\/\/render.tips\/#website\"},\"primaryImageOfPage\":{\"@id\":\"https:\/\/render.tips\/es\/cursos\/revit-es\/revit-structure-2014-modelado-de-proyectos#primaryimage\"},\"datePublished\":\"2014-04-04T12:05:58+00:00\",\"dateModified\":\"2020-04-29T14:29:17+00:00\",\"description\":\"\\u00a1Aprenda las mejores t\\u00e9cnicas para crear su proyecto estructural en Revit Structure 2014 en portugu\\u00e9s!\",\"breadcrumb\":{\"@id\":\"https:\/\/render.tips\/es\/cursos\/revit-es\/revit-structure-2014-modelado-de-proyectos#breadcrumb\"},\"inLanguage\":\"es\",\"potentialAction\":[{\"@type\":\"ReadAction\",\"target\":[\"https:\/\/render.tips\/es\/cursos\/revit-es\/revit-structure-2014-modelado-de-proyectos\"]}]},{\"@type\":\"BreadcrumbList\",\"@id\":\"https:\/\/render.tips\/es\/cursos\/revit-es\/revit-structure-2014-modelado-de-proyectos#breadcrumb\",\"itemListElement\":[{\"@type\":\"ListItem\",\"position\":1,\"item\":{\"@type\":\"WebPage\",\"@id\":\"https:\/\/render.tips\/es\",\"url\":\"https:\/\/render.tips\/es\",\"name\":\"Home\"}},{\"@type\":\"ListItem\",\"position\":2,\"item\":{\"@type\":\"WebPage\",\"@id\":\"https:\/\/render.tips\/es\/shop\",\"url\":\"https:\/\/render.tips\/es\/shop\",\"name\":\"Shop\"}},{\"@type\":\"ListItem\",\"position\":3,\"item\":{\"@type\":\"WebPage\",\"@id\":\"https:\/\/render.tips\/es\/cursos\/revit-es\/revit-structure-2014-modelado-de-proyectos\",\"url\":\"https:\/\/render.tips\/es\/cursos\/revit-es\/revit-structure-2014-modelado-de-proyectos\",\"name\":\"Curso Revit Structure 2014 &#8211; Modelado de Proyectos\"}}]}]}<\/script>\n<!-- \/ Yoast SEO plugin. -->","_links":{"self":[{"href":"https:\/\/render.tips\/es\/wp-json\/wp\/v2\/product\/231522"}],"collection":[{"href":"https:\/\/render.tips\/es\/wp-json\/wp\/v2\/product"}],"about":[{"href":"https:\/\/render.tips\/es\/wp-json\/wp\/v2\/types\/product"}],"replies":[{"embeddable":true,"href":"https:\/\/render.tips\/es\/wp-json\/wp\/v2\/comments?post=231522"}],"wp:featuredmedia":[{"embeddable":true,"href":"https:\/\/render.tips\/es\/wp-json\/wp\/v2\/media\/231543"}],"wp:attachment":[{"href":"https:\/\/render.tips\/es\/wp-json\/wp\/v2\/media?parent=231522"}],"wp:term":[{"taxonomy":"product_cat","embeddable":true,"href":"https:\/\/render.tips\/es\/wp-json\/wp\/v2\/product_cat?post=231522"},{"taxonomy":"product_tag","embeddable":true,"href":"https:\/\/render.tips\/es\/wp-json\/wp\/v2\/product_tag?post=231522"}],"curies":[{"name":"wp","href":"https:\/\/api.w.org\/{rel}","templated":true}]}}