{"id":231518,"date":"2014-07-09T00:33:42","date_gmt":"2014-07-09T03:33:42","guid":{"rendered":"https:\/\/render.tips\/uncategorized\/revit-mep-2014-mecanica-electrica-e-hidraulica"},"modified":"2020-04-29T11:29:04","modified_gmt":"2020-04-29T14:29:04","slug":"revit-mep-2014-mecanica-electrica-e-hidraulica","status":"publish","type":"product","link":"https:\/\/render.tips\/es\/cursos\/revit-es\/revit-mep-2014-mecanica-electrica-e-hidraulica","title":{"rendered":"Curso Revit MEP 2014 &#8211; Mec\u00e1nica, El\u00e9ctrica e Hidr\u00e1ulica"},"content":{"rendered":"<p>Con una metodolog\u00e0\u00ada simplificada y una did\u00e1ctica objetiva, aprenda los recursos b\u00e1sicos para desarrollar sus proyectos mec\u00e1nicos, el\u00e9ctricos, hidr\u00e1ulicos y de protecci\u00f3n contra incendios en la versi\u00f3n MEP de Revit 2014. Con dos dise\u00f1os arquitect\u00f3nicos distintos, aprender\u00e1s a insertar los elementos constitutivos de cada disciplina (mec\u00e1nica, el\u00e9ctrica e hidr\u00e1ulica) y a elaborar un proyecto final para su presentaci\u00f3n, an\u00e1lisis y ejecuci\u00f3n. Aproveche su tiempo, aprenda ahora de manera eficiente a dise\u00f1ar sus proyectos en Revit MEP y sea un profesional requerido.<\/p>\n","protected":false},"excerpt":{"rendered":"<p><span style=\"color: #ff6600;\">Conozca los conceptos b\u00e1sicos de REVIT MEP y a\u00f1ada informaci\u00f3n sobre el dise\u00f1o de conductos el\u00e9ctricos, hidr\u00e1ulicos y de ventilaci\u00f3n<\/span><\/p>\n","protected":false},"featured_media":231565,"comment_status":"open","ping_status":"closed","template":"","meta":[],"product_cat":[515,504,981],"product_tag":[],"acf":[],"yoast_head":"<!-- This site is optimized with the Yoast SEO plugin v15.9 - https:\/\/yoast.com\/wordpress\/plugins\/seo\/ -->\n<title>Curso Revit MEP 2014 - Mec\u00e1nica, El\u00e9ctrica e Hidr\u00e1ulica | Online Courses from Basic to Advanced | RenderTips<\/title>\n<meta name=\"description\" content=\"Conozca los conceptos b\u00e1sicos de REVIT MEP y a\u00f1ada informaci\u00f3n sobre el dise\u00f1o de conductos el\u00e9ctricos, hidr\u00e1ulicos y de ventilaci\u00f3n\" \/>\n<meta name=\"robots\" content=\"index, follow, max-snippet:-1, max-image-preview:large, max-video-preview:-1\" \/>\n<link rel=\"canonical\" href=\"https:\/\/render.tips\/es\/cursos\/revit-es\/revit-mep-2014-mecanica-electrica-e-hidraulica\" \/>\n<meta property=\"og:locale\" content=\"es_ES\" \/>\n<meta property=\"og:type\" content=\"article\" \/>\n<meta property=\"og:title\" content=\"Curso Revit MEP 2014 - Mec\u00e1nica, El\u00e9ctrica e Hidr\u00e1ulica | Online Courses from Basic to Advanced | RenderTips\" \/>\n<meta property=\"og:description\" content=\"Conozca los conceptos b\u00e1sicos de REVIT MEP y a\u00f1ada informaci\u00f3n sobre el dise\u00f1o de conductos el\u00e9ctricos, hidr\u00e1ulicos y de ventilaci\u00f3n\" \/>\n<meta property=\"og:url\" content=\"https:\/\/render.tips\/es\/cursos\/revit-es\/revit-mep-2014-mecanica-electrica-e-hidraulica\" \/>\n<meta property=\"og:site_name\" content=\"Online Courses from Basic to Advanced | RenderTips\" \/>\n<meta property=\"article:publisher\" content=\"https:\/\/www.facebook.com\/rendertipscourses\/\" \/>\n<meta property=\"article:modified_time\" content=\"2020-04-29T14:29:04+00:00\" \/>\n<meta property=\"og:image\" content=\"https:\/\/static.render.tips\/wp-content\/uploads\/2020\/04\/REVMEP-14-ES_facebook.png\" \/>\n<meta name=\"twitter:card\" content=\"summary_large_image\" \/>\n<meta name=\"twitter:image\" content=\"https:\/\/static.render.tips\/wp-content\/uploads\/2020\/04\/REVMEP-14-ES_facebook.png\" \/>\n<meta name=\"twitter:site\" content=\"@rendertips\" \/>\n<script type=\"application\/ld+json\" class=\"yoast-schema-graph\">{\"@context\":\"https:\/\/schema.org\",\"@graph\":[{\"@type\":\"Organization\",\"@id\":\"https:\/\/render.tips\/#organization\",\"name\":\"Render Tips\",\"url\":\"https:\/\/render.tips\/\",\"sameAs\":[\"https:\/\/www.facebook.com\/rendertipscourses\/\",\"https:\/\/www.instagram.com\/rendertips\/\",\"https:\/\/www.youtube.com\/channel\/UCx_9bcvh0_AQFGXxJ0StKSQ\",\"https:\/\/twitter.com\/rendertips\"],\"logo\":{\"@type\":\"ImageObject\",\"@id\":\"https:\/\/render.tips\/#logo\",\"inLanguage\":\"es\",\"url\":\"https:\/\/static.render.tips\/wp-content\/uploads\/2019\/08\/logo_1024.png\",\"width\":1024,\"height\":1024,\"caption\":\"Render Tips\"},\"image\":{\"@id\":\"https:\/\/render.tips\/#logo\"}},{\"@type\":\"WebSite\",\"@id\":\"https:\/\/render.tips\/#website\",\"url\":\"https:\/\/render.tips\/\",\"name\":\"Online Courses from Basic to Advanced | RenderTips\",\"description\":\"Technology Online Courses - Solidworks, Autocad, Inventor, 3ds Max and More\",\"publisher\":{\"@id\":\"https:\/\/render.tips\/#organization\"},\"potentialAction\":[{\"@type\":\"SearchAction\",\"target\":\"https:\/\/render.tips\/?s={search_term_string}\",\"query-input\":\"required name=search_term_string\"}],\"inLanguage\":\"es\"},{\"@type\":\"ImageObject\",\"@id\":\"https:\/\/render.tips\/es\/cursos\/revit-es\/revit-mep-2014-mecanica-electrica-e-hidraulica#primaryimage\",\"inLanguage\":\"es\",\"url\":\"https:\/\/static.render.tips\/wp-content\/uploads\/2020\/04\/Curso-revit-mep-2014-mecanica-electrica-e-hidraulica-REVMEP-14-ES_destaque-20200429103148.jpg\",\"width\":229,\"height\":162},{\"@type\":\"WebPage\",\"@id\":\"https:\/\/render.tips\/es\/cursos\/revit-es\/revit-mep-2014-mecanica-electrica-e-hidraulica#webpage\",\"url\":\"https:\/\/render.tips\/es\/cursos\/revit-es\/revit-mep-2014-mecanica-electrica-e-hidraulica\",\"name\":\"Curso Revit MEP 2014 - Mec\\u00e1nica, El\\u00e9ctrica e Hidr\\u00e1ulica | Online Courses from Basic to Advanced | RenderTips\",\"isPartOf\":{\"@id\":\"https:\/\/render.tips\/#website\"},\"primaryImageOfPage\":{\"@id\":\"https:\/\/render.tips\/es\/cursos\/revit-es\/revit-mep-2014-mecanica-electrica-e-hidraulica#primaryimage\"},\"datePublished\":\"2014-07-09T03:33:42+00:00\",\"dateModified\":\"2020-04-29T14:29:04+00:00\",\"description\":\"Conozca los conceptos b\\u00e1sicos de REVIT MEP y a\\u00f1ada informaci\\u00f3n sobre el dise\\u00f1o de conductos el\\u00e9ctricos, hidr\\u00e1ulicos y de ventilaci\\u00f3n\",\"breadcrumb\":{\"@id\":\"https:\/\/render.tips\/es\/cursos\/revit-es\/revit-mep-2014-mecanica-electrica-e-hidraulica#breadcrumb\"},\"inLanguage\":\"es\",\"potentialAction\":[{\"@type\":\"ReadAction\",\"target\":[\"https:\/\/render.tips\/es\/cursos\/revit-es\/revit-mep-2014-mecanica-electrica-e-hidraulica\"]}]},{\"@type\":\"BreadcrumbList\",\"@id\":\"https:\/\/render.tips\/es\/cursos\/revit-es\/revit-mep-2014-mecanica-electrica-e-hidraulica#breadcrumb\",\"itemListElement\":[{\"@type\":\"ListItem\",\"position\":1,\"item\":{\"@type\":\"WebPage\",\"@id\":\"https:\/\/render.tips\/es\",\"url\":\"https:\/\/render.tips\/es\",\"name\":\"Home\"}},{\"@type\":\"ListItem\",\"position\":2,\"item\":{\"@type\":\"WebPage\",\"@id\":\"https:\/\/render.tips\/es\/shop\",\"url\":\"https:\/\/render.tips\/es\/shop\",\"name\":\"Shop\"}},{\"@type\":\"ListItem\",\"position\":3,\"item\":{\"@type\":\"WebPage\",\"@id\":\"https:\/\/render.tips\/es\/cursos\/revit-es\/revit-mep-2014-mecanica-electrica-e-hidraulica\",\"url\":\"https:\/\/render.tips\/es\/cursos\/revit-es\/revit-mep-2014-mecanica-electrica-e-hidraulica\",\"name\":\"Curso Revit MEP 2014 &#8211; Mec\\u00e1nica, El\\u00e9ctrica e Hidr\\u00e1ulica\"}}]}]}<\/script>\n<!-- \/ Yoast SEO plugin. -->","_links":{"self":[{"href":"https:\/\/render.tips\/es\/wp-json\/wp\/v2\/product\/231518"}],"collection":[{"href":"https:\/\/render.tips\/es\/wp-json\/wp\/v2\/product"}],"about":[{"href":"https:\/\/render.tips\/es\/wp-json\/wp\/v2\/types\/product"}],"replies":[{"embeddable":true,"href":"https:\/\/render.tips\/es\/wp-json\/wp\/v2\/comments?post=231518"}],"wp:featuredmedia":[{"embeddable":true,"href":"https:\/\/render.tips\/es\/wp-json\/wp\/v2\/media\/231565"}],"wp:attachment":[{"href":"https:\/\/render.tips\/es\/wp-json\/wp\/v2\/media?parent=231518"}],"wp:term":[{"taxonomy":"product_cat","embeddable":true,"href":"https:\/\/render.tips\/es\/wp-json\/wp\/v2\/product_cat?post=231518"},{"taxonomy":"product_tag","embeddable":true,"href":"https:\/\/render.tips\/es\/wp-json\/wp\/v2\/product_tag?post=231518"}],"curies":[{"name":"wp","href":"https:\/\/api.w.org\/{rel}","templated":true}]}}