{"id":231514,"date":"2014-11-12T00:00:49","date_gmt":"2014-11-12T02:00:49","guid":{"rendered":"https:\/\/render.tips\/uncategorized\/revit-architecture-2015-familias"},"modified":"2020-04-29T11:28:28","modified_gmt":"2020-04-29T14:28:28","slug":"revit-architecture-2015-familias","status":"publish","type":"product","link":"https:\/\/render.tips\/es\/cursos\/revit-es\/revit-architecture-2015-familias","title":{"rendered":"Curso Revit Architecture 2015 &#8211; Familias"},"content":{"rendered":"<p>Con una did\u00e1ctica sencilla y lecciones din\u00e1micas en v\u00e0\u00addeo, aprenda en este curso c\u00f3mo desarrollar sus propias familias en Revit Architecture 2015, creando proyectos optimizados y de alta calidad. Aprenda a utilizar las principales herramientas del programa, editar y modelar componentes param\u00e9tricos, creando una biblioteca personalizada. Aplique familias a sus dise\u00f1os arquitect\u00f3nicos, reduciendo el tiempo de redacci\u00f3n y obteniendo dise\u00f1os \u00fanicos. \u00a1Forme parte de esta zona de crecimiento m\u00e1s r\u00e1pido de Brasil!<\/p>\n","protected":false},"excerpt":{"rendered":"<p><span style=\"color: #ff6600;\">Crear proyectos optimizados en Revit mediante familias param\u00e9tricas<\/span><\/p>\n","protected":false},"featured_media":231587,"comment_status":"open","ping_status":"closed","template":"","meta":[],"product_cat":[515,504,981],"product_tag":[],"acf":[],"yoast_head":"<!-- This site is optimized with the Yoast SEO plugin v15.9 - https:\/\/yoast.com\/wordpress\/plugins\/seo\/ -->\n<title>Curso Revit Architecture 2015 - Familias | Online Courses from Basic to Advanced | RenderTips<\/title>\n<meta name=\"description\" content=\"Crear proyectos optimizados en Revit mediante familias param\u00e9tricas\" \/>\n<meta name=\"robots\" content=\"index, follow, max-snippet:-1, max-image-preview:large, max-video-preview:-1\" \/>\n<link rel=\"canonical\" href=\"https:\/\/render.tips\/es\/cursos\/revit-es\/revit-architecture-2015-familias\" \/>\n<meta property=\"og:locale\" content=\"es_ES\" \/>\n<meta property=\"og:type\" content=\"article\" \/>\n<meta property=\"og:title\" content=\"Curso Revit Architecture 2015 - Familias | Online Courses from Basic to Advanced | RenderTips\" \/>\n<meta property=\"og:description\" content=\"Crear proyectos optimizados en Revit mediante familias param\u00e9tricas\" \/>\n<meta property=\"og:url\" content=\"https:\/\/render.tips\/es\/cursos\/revit-es\/revit-architecture-2015-familias\" \/>\n<meta property=\"og:site_name\" content=\"Online Courses from Basic to Advanced | RenderTips\" \/>\n<meta property=\"article:publisher\" content=\"https:\/\/www.facebook.com\/rendertipscourses\/\" \/>\n<meta property=\"article:modified_time\" content=\"2020-04-29T14:28:28+00:00\" \/>\n<meta property=\"og:image\" content=\"https:\/\/static.render.tips\/wp-content\/uploads\/2020\/04\/REVARC15-FAM-ES_facebook.png\" \/>\n<meta name=\"twitter:card\" content=\"summary_large_image\" \/>\n<meta name=\"twitter:image\" content=\"https:\/\/static.render.tips\/wp-content\/uploads\/2020\/04\/REVARC15-FAM-ES_facebook.png\" \/>\n<meta name=\"twitter:site\" content=\"@rendertips\" \/>\n<script type=\"application\/ld+json\" class=\"yoast-schema-graph\">{\"@context\":\"https:\/\/schema.org\",\"@graph\":[{\"@type\":\"Organization\",\"@id\":\"https:\/\/render.tips\/#organization\",\"name\":\"Render Tips\",\"url\":\"https:\/\/render.tips\/\",\"sameAs\":[\"https:\/\/www.facebook.com\/rendertipscourses\/\",\"https:\/\/www.instagram.com\/rendertips\/\",\"https:\/\/www.youtube.com\/channel\/UCx_9bcvh0_AQFGXxJ0StKSQ\",\"https:\/\/twitter.com\/rendertips\"],\"logo\":{\"@type\":\"ImageObject\",\"@id\":\"https:\/\/render.tips\/#logo\",\"inLanguage\":\"es\",\"url\":\"https:\/\/static.render.tips\/wp-content\/uploads\/2019\/08\/logo_1024.png\",\"width\":1024,\"height\":1024,\"caption\":\"Render Tips\"},\"image\":{\"@id\":\"https:\/\/render.tips\/#logo\"}},{\"@type\":\"WebSite\",\"@id\":\"https:\/\/render.tips\/#website\",\"url\":\"https:\/\/render.tips\/\",\"name\":\"Online Courses from Basic to Advanced | RenderTips\",\"description\":\"Technology Online Courses - Solidworks, Autocad, Inventor, 3ds Max and More\",\"publisher\":{\"@id\":\"https:\/\/render.tips\/#organization\"},\"potentialAction\":[{\"@type\":\"SearchAction\",\"target\":\"https:\/\/render.tips\/?s={search_term_string}\",\"query-input\":\"required name=search_term_string\"}],\"inLanguage\":\"es\"},{\"@type\":\"ImageObject\",\"@id\":\"https:\/\/render.tips\/es\/cursos\/revit-es\/revit-architecture-2015-familias#primaryimage\",\"inLanguage\":\"es\",\"url\":\"https:\/\/static.render.tips\/wp-content\/uploads\/2020\/04\/Curso-revit-architecture-2015-familias-REVARC15-FAM-ES_destaque-20200429103357.jpg\",\"width\":229,\"height\":162},{\"@type\":\"WebPage\",\"@id\":\"https:\/\/render.tips\/es\/cursos\/revit-es\/revit-architecture-2015-familias#webpage\",\"url\":\"https:\/\/render.tips\/es\/cursos\/revit-es\/revit-architecture-2015-familias\",\"name\":\"Curso Revit Architecture 2015 - Familias | Online Courses from Basic to Advanced | RenderTips\",\"isPartOf\":{\"@id\":\"https:\/\/render.tips\/#website\"},\"primaryImageOfPage\":{\"@id\":\"https:\/\/render.tips\/es\/cursos\/revit-es\/revit-architecture-2015-familias#primaryimage\"},\"datePublished\":\"2014-11-12T02:00:49+00:00\",\"dateModified\":\"2020-04-29T14:28:28+00:00\",\"description\":\"Crear proyectos optimizados en Revit mediante familias param\\u00e9tricas\",\"breadcrumb\":{\"@id\":\"https:\/\/render.tips\/es\/cursos\/revit-es\/revit-architecture-2015-familias#breadcrumb\"},\"inLanguage\":\"es\",\"potentialAction\":[{\"@type\":\"ReadAction\",\"target\":[\"https:\/\/render.tips\/es\/cursos\/revit-es\/revit-architecture-2015-familias\"]}]},{\"@type\":\"BreadcrumbList\",\"@id\":\"https:\/\/render.tips\/es\/cursos\/revit-es\/revit-architecture-2015-familias#breadcrumb\",\"itemListElement\":[{\"@type\":\"ListItem\",\"position\":1,\"item\":{\"@type\":\"WebPage\",\"@id\":\"https:\/\/render.tips\/es\",\"url\":\"https:\/\/render.tips\/es\",\"name\":\"Home\"}},{\"@type\":\"ListItem\",\"position\":2,\"item\":{\"@type\":\"WebPage\",\"@id\":\"https:\/\/render.tips\/es\/shop\",\"url\":\"https:\/\/render.tips\/es\/shop\",\"name\":\"Shop\"}},{\"@type\":\"ListItem\",\"position\":3,\"item\":{\"@type\":\"WebPage\",\"@id\":\"https:\/\/render.tips\/es\/cursos\/revit-es\/revit-architecture-2015-familias\",\"url\":\"https:\/\/render.tips\/es\/cursos\/revit-es\/revit-architecture-2015-familias\",\"name\":\"Curso Revit Architecture 2015 &#8211; Familias\"}}]}]}<\/script>\n<!-- \/ Yoast SEO plugin. -->","_links":{"self":[{"href":"https:\/\/render.tips\/es\/wp-json\/wp\/v2\/product\/231514"}],"collection":[{"href":"https:\/\/render.tips\/es\/wp-json\/wp\/v2\/product"}],"about":[{"href":"https:\/\/render.tips\/es\/wp-json\/wp\/v2\/types\/product"}],"replies":[{"embeddable":true,"href":"https:\/\/render.tips\/es\/wp-json\/wp\/v2\/comments?post=231514"}],"wp:featuredmedia":[{"embeddable":true,"href":"https:\/\/render.tips\/es\/wp-json\/wp\/v2\/media\/231587"}],"wp:attachment":[{"href":"https:\/\/render.tips\/es\/wp-json\/wp\/v2\/media?parent=231514"}],"wp:term":[{"taxonomy":"product_cat","embeddable":true,"href":"https:\/\/render.tips\/es\/wp-json\/wp\/v2\/product_cat?post=231514"},{"taxonomy":"product_tag","embeddable":true,"href":"https:\/\/render.tips\/es\/wp-json\/wp\/v2\/product_tag?post=231514"}],"curies":[{"name":"wp","href":"https:\/\/api.w.org\/{rel}","templated":true}]}}