{"id":231439,"date":"2016-07-21T21:04:41","date_gmt":"2016-07-22T00:04:41","guid":{"rendered":"https:\/\/render.tips\/uncategorized\/autocad-mechanical-2017-essentials"},"modified":"2020-05-13T20:23:25","modified_gmt":"2020-05-13T23:23:25","slug":"autocad-mechanical-2017-essentials","status":"publish","type":"product","link":"https:\/\/render.tips\/es\/cursos\/autocad-es\/autocad-mechanical-2017-essentials","title":{"rendered":"Curso AutoCAD Mechanical 2017 Essentials"},"content":{"rendered":"<p>Con el curso de AutoCAD Mechanical 2017 Essential aprender\u00e1 a ganar tiempo en el desarrollo de sus proyectos mec\u00e1nicos. A trav\u00e9s de asistentes, biblioteca de componentes y herramientas \u00fanicas, la creaci\u00f3n de elementos mec\u00e1nicos y dispositivos se realizar\u00e1 de forma segura, \u00e1gil y flexible. Ahorre tiempo en la finalizaci\u00f3n de los proyectos definiendo r\u00e1pidamente las vistas de pieza e insertando tablas con informaci\u00f3n adicional. \u00a1Haga que el desarrollo de sus proyectos mec\u00e1nicos sea m\u00e1s \u00e1gil y pr\u00e1ctico con AutoCAD Mechanical 2017!<\/p>\n","protected":false},"excerpt":{"rendered":"<p><span style=\"color: #ff6600;\">Dise\u00f1e dise\u00f1os mec\u00e1nicos 2D de forma r\u00e1pida y sencilla con AutoCAD Mechanical<\/span><\/p>\n","protected":false},"featured_media":231427,"comment_status":"open","ping_status":"closed","template":"","meta":[],"product_cat":[472,504,945],"product_tag":[],"acf":[],"yoast_head":"<!-- This site is optimized with the Yoast SEO plugin v15.9 - https:\/\/yoast.com\/wordpress\/plugins\/seo\/ -->\n<title>Curso AutoCAD Mechanical 2017 Essentials | Online Courses from Basic to Advanced | RenderTips<\/title>\n<meta name=\"description\" content=\"Dise\u00f1e dise\u00f1os mec\u00e1nicos 2D de forma r\u00e1pida y sencilla con AutoCAD Mechanical\" \/>\n<meta name=\"robots\" content=\"index, follow, max-snippet:-1, max-image-preview:large, max-video-preview:-1\" \/>\n<link rel=\"canonical\" href=\"https:\/\/render.tips\/es\/cursos\/autocad-es\/autocad-mechanical-2017-essentials\" \/>\n<meta property=\"og:locale\" content=\"es_ES\" \/>\n<meta property=\"og:type\" content=\"article\" \/>\n<meta property=\"og:title\" content=\"Curso AutoCAD Mechanical 2017 Essentials | Online Courses from Basic to Advanced | RenderTips\" \/>\n<meta property=\"og:description\" content=\"Dise\u00f1e dise\u00f1os mec\u00e1nicos 2D de forma r\u00e1pida y sencilla con AutoCAD Mechanical\" \/>\n<meta property=\"og:url\" content=\"https:\/\/render.tips\/es\/cursos\/autocad-es\/autocad-mechanical-2017-essentials\" \/>\n<meta property=\"og:site_name\" content=\"Online Courses from Basic to Advanced | RenderTips\" \/>\n<meta property=\"article:publisher\" content=\"https:\/\/www.facebook.com\/rendertipscourses\/\" \/>\n<meta property=\"article:modified_time\" content=\"2020-05-13T23:23:25+00:00\" \/>\n<meta property=\"og:image\" content=\"https:\/\/static.render.tips\/wp-content\/uploads\/2020\/04\/ACAD17-M-ESS-ES_facebook.png\" \/>\n\t<meta property=\"og:image:width\" content=\"1200\" \/>\n\t<meta property=\"og:image:height\" content=\"630\" \/>\n<meta name=\"twitter:card\" content=\"summary_large_image\" \/>\n<meta name=\"twitter:image\" content=\"https:\/\/static.render.tips\/wp-content\/uploads\/2020\/04\/ACAD17-M-ESS-ES_facebook.png\" \/>\n<meta name=\"twitter:site\" content=\"@rendertips\" \/>\n<script type=\"application\/ld+json\" class=\"yoast-schema-graph\">{\"@context\":\"https:\/\/schema.org\",\"@graph\":[{\"@type\":\"Organization\",\"@id\":\"https:\/\/render.tips\/#organization\",\"name\":\"Render Tips\",\"url\":\"https:\/\/render.tips\/\",\"sameAs\":[\"https:\/\/www.facebook.com\/rendertipscourses\/\",\"https:\/\/www.instagram.com\/rendertips\/\",\"https:\/\/www.youtube.com\/channel\/UCx_9bcvh0_AQFGXxJ0StKSQ\",\"https:\/\/twitter.com\/rendertips\"],\"logo\":{\"@type\":\"ImageObject\",\"@id\":\"https:\/\/render.tips\/#logo\",\"inLanguage\":\"es\",\"url\":\"https:\/\/static.render.tips\/wp-content\/uploads\/2019\/08\/logo_1024.png\",\"width\":1024,\"height\":1024,\"caption\":\"Render Tips\"},\"image\":{\"@id\":\"https:\/\/render.tips\/#logo\"}},{\"@type\":\"WebSite\",\"@id\":\"https:\/\/render.tips\/#website\",\"url\":\"https:\/\/render.tips\/\",\"name\":\"Online Courses from Basic to Advanced | RenderTips\",\"description\":\"Technology Online Courses - Solidworks, Autocad, Inventor, 3ds Max and More\",\"publisher\":{\"@id\":\"https:\/\/render.tips\/#organization\"},\"potentialAction\":[{\"@type\":\"SearchAction\",\"target\":\"https:\/\/render.tips\/?s={search_term_string}\",\"query-input\":\"required name=search_term_string\"}],\"inLanguage\":\"es\"},{\"@type\":\"ImageObject\",\"@id\":\"https:\/\/render.tips\/es\/cursos\/autocad-es\/autocad-mechanical-2017-essentials#primaryimage\",\"inLanguage\":\"es\",\"url\":\"https:\/\/static.render.tips\/wp-content\/uploads\/2020\/04\/Curso-autocad-mechanical-2017-essentials-ACAD17-M-ESS-ES_destaque-20200421170313.jpg\",\"width\":229,\"height\":162},{\"@type\":\"WebPage\",\"@id\":\"https:\/\/render.tips\/es\/cursos\/autocad-es\/autocad-mechanical-2017-essentials#webpage\",\"url\":\"https:\/\/render.tips\/es\/cursos\/autocad-es\/autocad-mechanical-2017-essentials\",\"name\":\"Curso AutoCAD Mechanical 2017 Essentials | Online Courses from Basic to Advanced | RenderTips\",\"isPartOf\":{\"@id\":\"https:\/\/render.tips\/#website\"},\"primaryImageOfPage\":{\"@id\":\"https:\/\/render.tips\/es\/cursos\/autocad-es\/autocad-mechanical-2017-essentials#primaryimage\"},\"datePublished\":\"2016-07-22T00:04:41+00:00\",\"dateModified\":\"2020-05-13T23:23:25+00:00\",\"description\":\"Dise\\u00f1e dise\\u00f1os mec\\u00e1nicos 2D de forma r\\u00e1pida y sencilla con AutoCAD Mechanical\",\"breadcrumb\":{\"@id\":\"https:\/\/render.tips\/es\/cursos\/autocad-es\/autocad-mechanical-2017-essentials#breadcrumb\"},\"inLanguage\":\"es\",\"potentialAction\":[{\"@type\":\"ReadAction\",\"target\":[\"https:\/\/render.tips\/es\/cursos\/autocad-es\/autocad-mechanical-2017-essentials\"]}]},{\"@type\":\"BreadcrumbList\",\"@id\":\"https:\/\/render.tips\/es\/cursos\/autocad-es\/autocad-mechanical-2017-essentials#breadcrumb\",\"itemListElement\":[{\"@type\":\"ListItem\",\"position\":1,\"item\":{\"@type\":\"WebPage\",\"@id\":\"https:\/\/render.tips\/es\",\"url\":\"https:\/\/render.tips\/es\",\"name\":\"Home\"}},{\"@type\":\"ListItem\",\"position\":2,\"item\":{\"@type\":\"WebPage\",\"@id\":\"https:\/\/render.tips\/es\/shop\",\"url\":\"https:\/\/render.tips\/es\/shop\",\"name\":\"Shop\"}},{\"@type\":\"ListItem\",\"position\":3,\"item\":{\"@type\":\"WebPage\",\"@id\":\"https:\/\/render.tips\/es\/cursos\/autocad-es\/autocad-mechanical-2017-essentials\",\"url\":\"https:\/\/render.tips\/es\/cursos\/autocad-es\/autocad-mechanical-2017-essentials\",\"name\":\"Curso AutoCAD Mechanical 2017 Essentials\"}}]}]}<\/script>\n<!-- \/ Yoast SEO plugin. -->","_links":{"self":[{"href":"https:\/\/render.tips\/es\/wp-json\/wp\/v2\/product\/231439"}],"collection":[{"href":"https:\/\/render.tips\/es\/wp-json\/wp\/v2\/product"}],"about":[{"href":"https:\/\/render.tips\/es\/wp-json\/wp\/v2\/types\/product"}],"replies":[{"embeddable":true,"href":"https:\/\/render.tips\/es\/wp-json\/wp\/v2\/comments?post=231439"}],"wp:featuredmedia":[{"embeddable":true,"href":"https:\/\/render.tips\/es\/wp-json\/wp\/v2\/media\/231427"}],"wp:attachment":[{"href":"https:\/\/render.tips\/es\/wp-json\/wp\/v2\/media?parent=231439"}],"wp:term":[{"taxonomy":"product_cat","embeddable":true,"href":"https:\/\/render.tips\/es\/wp-json\/wp\/v2\/product_cat?post=231439"},{"taxonomy":"product_tag","embeddable":true,"href":"https:\/\/render.tips\/es\/wp-json\/wp\/v2\/product_tag?post=231439"}],"curies":[{"name":"wp","href":"https:\/\/api.w.org\/{rel}","templated":true}]}}